{"id":9,"date":"2015-12-15T07:37:33","date_gmt":"2015-12-15T07:37:33","guid":{"rendered":"http:\/\/consulting.stylemixthemes.com\/demo\/?page_id=9"},"modified":"2021-01-18T12:03:12","modified_gmt":"2021-01-18T09:03:12","slug":"hakkimizda","status":"publish","type":"page","link":"https:\/\/www.karpatov.com\/tr\/hakkimizda\/","title":{"rendered":"Hakk\u0131m\u0131zda"},"content":{"rendered":"<p>[vc_row css=&#8221;.vc_custom_1451991003825{margin-bottom: 100px !important;}&#8221;][vc_column offset=&#8221;vc_col-lg-9 vc_col-md-9&#8243;][vc_column_text css=&#8221;.vc_custom_1594991589070{margin-top: 40px !important;}&#8221;]<\/p>\n<h3>Yat\u0131r\u0131mc\u0131lar \u0130\u00e7in Ba\u015far\u0131l\u0131 \u00c7\u00f6z\u00fcmler<\/h3>\n<p>KARPATOV TECHNOLOGY; ba\u015far\u0131lar\u0131n\u0131 uluslararas\u0131 alanda kan\u0131tlam\u0131\u015f \u00c7\u00d6Z\u00dcM ORTAKLARI ile birlikte, uluslararas\u0131 arenada \u00f6ncelikle m\u00fc\u015fteri memnuniyetini hedef alan, ba\u015far\u0131 odakl\u0131 bir birle\u015fim \u00f6rne\u011fidir.<\/p>\n<p>KARPATOV TECHNOLOGY; projelerinizi, yat\u0131r\u0131mlar\u0131n\u0131z\u0131 en ger\u00e7ek\u00e7i, en kolay ve en ekonomik bi\u00e7imde sizlerle birlikte ger\u00e7ekle\u015ftirmeyi g\u00f6rev edinmi\u015f profesyonel bir ekiptir.<\/p>\n<p>KARPATOV TECHNOLOGY; ihtiyac\u0131n\u0131z olan b\u00fct\u00fcn bilgiyi \u00c7\u00d6Z\u00dcM ORTA\u011eI olan firmalar ile birlikte size en do\u011fru \u015fekilde iletir. Uzman Proje Dan\u0131\u015fmanlar\u0131 vas\u0131tas\u0131yla bilgi birikimlerini ve deneyimlerini size aktar\u0131r, en do\u011fru projeyi en ekonomik bi\u00e7imde ger\u00e7ekle\u015ftirmenizi sa\u011flar.[\/vc_column_text][vc_column_text css=&#8221;.vc_custom_1600090538931{margin-bottom: 34px !important;}&#8221;]<\/p>\n<blockquote><p>DANI\u015e,\u00c7\u00d6Z,KAZAN..<\/p><\/blockquote>\n<p>[\/vc_column_text][vc_row_inner][vc_column_inner width=&#8221;1\/2&#8243;][vc_custom_heading text=&#8221;Yat\u0131r\u0131mc\u0131 \u0130\u00e7in&#8221; font_container=&#8221;tag:h4|text_align:left|color:%23222222&#8243; use_theme_fonts=&#8221;yes&#8221; css=&#8221;.vc_custom_1594991752006{margin-bottom: 15px !important;}&#8221; el_class=&#8221;no_stripe&#8221;][vc_column_text]<\/p>\n<ul>\n<li>Do\u011fru Bilgi<\/li>\n<li>Do\u011fru Adres<\/li>\n<li>Tutarl\u0131 Yakla\u015f\u0131m<\/li>\n<li>Ak\u0131ll\u0131 \u00c7\u00f6z\u00fcm<\/li>\n<li>\u0130yi Kazan\u00e7<\/li>\n<\/ul>\n<p>[\/vc_column_text][\/vc_column_inner][vc_column_inner width=&#8221;1\/2&#8243;][vc_single_image image=&#8221;7513&#8243; img_size=&#8221;full&#8221; alignment=&#8221;center&#8221; style=&#8221;vc_box_rounded&#8221; css_animation=&#8221;fadeInRight&#8221;][\/vc_column_inner][\/vc_row_inner][vc_column_text css=&#8221;.vc_custom_1594991950360{margin-top: 40px !important;}&#8221;]<\/p>\n<h3>Anahtar Teslim Proje Yap\u0131m\u0131<\/h3>\n<p>M\u00fc\u015fterilerimizin, ihtiya\u00e7 ve beklentilerini en y\u00fcksek seviyede kar\u015f\u0131lamak amac\u0131yla, <strong>Fizibilite Ekibimizin<\/strong> \u00f6nceden yapt\u0131\u011f\u0131 analizler projeyi haz\u0131rlayacak olan Uzmanlar\u0131m\u0131za sunulur. T\u00fcm projeler, m\u00fc\u015fterilerimizin sahip oldu\u011fu alana ve ihtiya\u00e7lar\u0131na g\u00f6re tasarlan\u0131r.<\/p>\n<p>B\u00fcnyemizde \u00e7al\u0131\u015fan uzman kurulum ekipleri taraf\u0131nda projeler ger\u00e7ekle\u015ftirilir.Kurulum tamamland\u0131ktan sonra, i\u015fleyi\u015f sisteminin t\u00fcm detaylar\u0131 hakk\u0131nda e\u011fitim verilir.<\/p>\n<p>Kalite y\u00f6netimi, t\u00fcm i\u015f s\u00fcre\u00e7lerinde kalite bilincinin yarat\u0131lmas\u0131 temeline dayan\u0131r. Kalite y\u00f6netim sistemimiz, m\u00fc\u015fterilerimizin, ihtiya\u00e7 ve beklentilerinin en etkin ve do\u011fru \u015fekilde kar\u015f\u0131lanmas\u0131n\u0131 sa\u011flamak \u00fczere yap\u0131land\u0131r\u0131lm\u0131\u015ft\u0131r.<\/p>\n<p>Projelendirme ve taahh\u00fct hizmetlerimizde m\u00fc\u015fterilerimizle koordineli bir \u00e7al\u0131\u015fma anlay\u0131\u015f\u0131 benimsiyoruz. Deneyimli proje ekibimiz projenizin yap\u0131laca\u011f\u0131 alana fiziksel uygunlu\u011fu, yap\u0131labilirlik analizi, proje tasla\u011f\u0131 maliyeti ve i\u015fletme maliyeti gibi \u00f6nemli konularda sizleri bilgilendirmektedir.<\/p>\n<p>Projelerinizin tasar\u0131s\u0131, projelerinize benzer referanslar\u0131n sizlere aktar\u0131lmas\u0131 ve size \u00f6zg\u00fc yeni \u00e7al\u0131\u015fmalar\u0131n yap\u0131lmas\u0131 proje ekibimizin ba\u015fl\u0131ca konular\u0131ndand\u0131r.<\/p>\n<p>Hepimizin bildi\u011fi gibi end\u00fcstriyel projeler geri d\u00f6n\u00fc\u015f\u00fc olmayan yat\u0131r\u0131mlard\u0131r. Talebiniz do\u011frultusunda; s\u0131f\u0131r hatal\u0131, g\u00fcvenle kullanabilece\u011finiz projelerinizde, alan\u0131nda deneyimli ve uzman ekibimizle yan\u0131n\u0131zday\u0131z.[\/vc_column_text][\/vc_column][vc_column width=&#8221;1\/4&#8243; offset=&#8221;vc_hidden-sm vc_hidden-xs&#8221;][stm_sidebar sidebar=&#8221;311&#8243;][\/vc_column][\/vc_row][vc_row full_width=&#8221;stretch_row&#8221; el_class=&#8221;third_bg_color&#8221; css=&#8221;.vc_custom_1451889219674{margin-bottom: -60px !important;}&#8221;][vc_column][vc_cta h2=&#8221;Size en yak\u0131n temsilcimize ula\u015fmak ister misiniz?&#8221; h2_font_container=&#8221;font_size:20px|color:%23000000|line_height:24px&#8221; h2_use_theme_fonts=&#8221;yes&#8221; shape=&#8221;square&#8221; style=&#8221;flat&#8221; add_button=&#8221;right&#8221; btn_title=&#8221;\u0130leti\u015fim&#8221; btn_style=&#8221;flat&#8221; btn_color=&#8221;theme_style_2&#8243; btn_align=&#8221;right&#8221; btn_i_align=&#8221;right&#8221; btn_i_icon_fontawesome=&#8221;stm-online-address&#8221; use_custom_fonts_h2=&#8221;true&#8221; btn_button_block=&#8221;true&#8221; btn_add_icon=&#8221;true&#8221; el_class=&#8221;third_bg_color&#8221; css=&#8221;.vc_custom_1610960590069{margin-bottom: 0px !important;}&#8221; btn_link=&#8221;url:%2Ftr%2Filetisim|||&#8221;][\/vc_cta][\/vc_column][\/vc_row]<\/p>\n","protected":false},"excerpt":{"rendered":"<p>[vc_row css=&#8221;.vc_custom_1451991003825{margin-bottom: 100px !important;}&#8221;][vc_column offset=&#8221;vc_col-lg-9 vc_col-md-9&#8243;][vc_column_text css=&#8221;.vc_custom_1594991589070{margin-top: 40px !important;}&#8221;] Yat\u0131r\u0131mc\u0131lar \u0130\u00e7in Ba\u015far\u0131l\u0131 \u00c7\u00f6z\u00fcmler KARPATOV TECHNOLOGY; ba\u015far\u0131lar\u0131n\u0131 uluslararas\u0131 alanda kan\u0131tlam\u0131\u015f \u00c7\u00d6Z\u00dcM ORTAKLARI ile birlikte, uluslararas\u0131 arenada \u00f6ncelikle m\u00fc\u015fteri memnuniyetini hedef alan, ba\u015far\u0131 odakl\u0131 bir birle\u015fim \u00f6rne\u011fidir. KARPATOV TECHNOLOGY; projelerinizi, yat\u0131r\u0131mlar\u0131n\u0131z\u0131 en ger\u00e7ek\u00e7i, en kolay ve en ekonomik bi\u00e7imde sizlerle birlikte ger\u00e7ekle\u015ftirmeyi g\u00f6rev edinmi\u015f profesyonel bir ekiptir.<\/p>\n","protected":false},"author":1,"featured_media":0,"parent":0,"menu_order":0,"comment_status":"closed","ping_status":"closed","template":"","meta":{"footnotes":""},"class_list":["post-9","page","type-page","status-publish","hentry"],"yoast_head":"<!-- This site is optimized with the Yoast SEO Premium plugin v14.9 - https:\/\/yoast.com\/wordpress\/plugins\/seo\/ -->\n<title>Hakk\u0131m\u0131zda - Karpatov Technology<\/title>\n<meta name=\"robots\" content=\"index, follow, max-snippet:-1, max-image-preview:large, max-video-preview:-1\" \/>\n<link rel=\"canonical\" href=\"https:\/\/www.karpatov.com\/tr\/hakkimizda\/\" \/>\n<meta property=\"og:locale\" content=\"tr_TR\" \/>\n<meta property=\"og:type\" content=\"article\" \/>\n<meta property=\"og:title\" content=\"Hakk\u0131m\u0131zda - Karpatov Technology\" \/>\n<meta property=\"og:description\" content=\"[vc_row css=&#8221;.vc_custom_1451991003825{margin-bottom: 100px !important;}&#8221;][vc_column offset=&#8221;vc_col-lg-9 vc_col-md-9&#8243;][vc_column_text css=&#8221;.vc_custom_1594991589070{margin-top: 40px !important;}&#8221;] Yat\u0131r\u0131mc\u0131lar \u0130\u00e7in Ba\u015far\u0131l\u0131 \u00c7\u00f6z\u00fcmler KARPATOV TECHNOLOGY; ba\u015far\u0131lar\u0131n\u0131 uluslararas\u0131 alanda kan\u0131tlam\u0131\u015f \u00c7\u00d6Z\u00dcM ORTAKLARI ile birlikte, uluslararas\u0131 arenada \u00f6ncelikle m\u00fc\u015fteri memnuniyetini hedef alan, ba\u015far\u0131 odakl\u0131 bir birle\u015fim \u00f6rne\u011fidir. KARPATOV TECHNOLOGY; projelerinizi, yat\u0131r\u0131mlar\u0131n\u0131z\u0131 en ger\u00e7ek\u00e7i, en kolay ve en ekonomik bi\u00e7imde sizlerle birlikte ger\u00e7ekle\u015ftirmeyi g\u00f6rev edinmi\u015f profesyonel bir ekiptir.\" \/>\n<meta property=\"og:url\" content=\"https:\/\/www.karpatov.com\/tr\/hakkimizda\/\" \/>\n<meta property=\"og:site_name\" content=\"Karpatov Technology\" \/>\n<meta property=\"article:modified_time\" content=\"2021-01-18T09:03:12+00:00\" \/>\n<meta name=\"twitter:card\" content=\"summary_large_image\" \/>\n<script type=\"application\/ld+json\" class=\"yoast-schema-graph\">{\"@context\":\"https:\/\/schema.org\",\"@graph\":[{\"@type\":\"WebSite\",\"@id\":\"https:\/\/www.karpatov.com\/tr\/#website\",\"url\":\"https:\/\/www.karpatov.com\/tr\/\",\"name\":\"Karpatov Technology\",\"description\":\"Karpatov Teknoloji\",\"potentialAction\":[{\"@type\":\"SearchAction\",\"target\":\"https:\/\/www.karpatov.com\/tr\/?s={search_term_string}\",\"query-input\":\"required name=search_term_string\"}],\"inLanguage\":\"tr\"},{\"@type\":\"WebPage\",\"@id\":\"https:\/\/www.karpatov.com\/tr\/hakkimizda\/#webpage\",\"url\":\"https:\/\/www.karpatov.com\/tr\/hakkimizda\/\",\"name\":\"Hakk\\u0131m\\u0131zda - Karpatov Technology\",\"isPartOf\":{\"@id\":\"https:\/\/www.karpatov.com\/tr\/#website\"},\"datePublished\":\"2015-12-15T07:37:33+00:00\",\"dateModified\":\"2021-01-18T09:03:12+00:00\",\"inLanguage\":\"tr\",\"potentialAction\":[{\"@type\":\"ReadAction\",\"target\":[\"https:\/\/www.karpatov.com\/tr\/hakkimizda\/\"]}]}]}<\/script>\n<!-- \/ Yoast SEO Premium plugin. -->","_links":{"self":[{"href":"https:\/\/www.karpatov.com\/tr\/wp-json\/wp\/v2\/pages\/9","targetHints":{"allow":["GET"]}}],"collection":[{"href":"https:\/\/www.karpatov.com\/tr\/wp-json\/wp\/v2\/pages"}],"about":[{"href":"https:\/\/www.karpatov.com\/tr\/wp-json\/wp\/v2\/types\/page"}],"author":[{"embeddable":true,"href":"https:\/\/www.karpatov.com\/tr\/wp-json\/wp\/v2\/users\/1"}],"replies":[{"embeddable":true,"href":"https:\/\/www.karpatov.com\/tr\/wp-json\/wp\/v2\/comments?post=9"}],"version-history":[{"count":9,"href":"https:\/\/www.karpatov.com\/tr\/wp-json\/wp\/v2\/pages\/9\/revisions"}],"predecessor-version":[{"id":8633,"href":"https:\/\/www.karpatov.com\/tr\/wp-json\/wp\/v2\/pages\/9\/revisions\/8633"}],"wp:attachment":[{"href":"https:\/\/www.karpatov.com\/tr\/wp-json\/wp\/v2\/media?parent=9"}],"curies":[{"name":"wp","href":"https:\/\/api.w.org\/{rel}","templated":true}]}}