{"id":7437,"date":"2020-09-14T15:53:16","date_gmt":"2020-09-14T12:53:16","guid":{"rendered":"http:\/\/karpatov.com\/?page_id=7437"},"modified":"2020-09-14T15:56:43","modified_gmt":"2020-09-14T12:56:43","slug":"kanatli-kesimhane-tesisleri","status":"publish","type":"page","link":"https:\/\/www.karpatov.com\/tr\/kanatli-kesimhane-tesisleri\/","title":{"rendered":"Kanatl\u0131 Kesimhane Tesisleri"},"content":{"rendered":"<p>[vc_row css=&#8221;.vc_custom_1452687555475{margin-bottom: 100px !important;}&#8221;][vc_column offset=&#8221;vc_col-lg-9 vc_col-md-9&#8243;][vc_custom_heading source=&#8221;post_title&#8221; use_theme_fonts=&#8221;yes&#8221; css=&#8221;.vc_custom_1600087994500{margin-bottom: 30px !important;}&#8221;][vc_row_inner css=&#8221;.vc_custom_1453271494452{margin-bottom: 50px !important;}&#8221;][vc_column_inner][vc_single_image source=&#8221;featured_image&#8221; img_size=&#8221;full&#8221;][\/vc_column_inner][\/vc_row_inner][vc_separator color=&#8221;custom&#8221; accent_color=&#8221;#dddddd&#8221; css=&#8221;.vc_custom_1453271595991{margin-bottom: 21px !important;}&#8221;][vc_row_inner][vc_column_inner width=&#8221;1\/4&#8243; css=&#8221;.vc_custom_1453270747989{padding-right: 45px !important;}&#8221;][vc_custom_heading text=&#8221;KANATLI KES\u0130MHANE TES\u0130SLER\u0130&#8221; font_container=&#8221;tag:h3|font_size:24px|text_align:right|color:%23222222|line_height:30px&#8221; use_theme_fonts=&#8221;yes&#8221;][\/vc_column_inner][vc_column_inner width=&#8221;3\/4&#8243; css=&#8221;.vc_custom_1453271259318{padding-top: 18px !important;}&#8221;][vc_column_text]<\/p>\n<ul>\n<li><strong>KONVEY\u00d6R HATTI<\/strong><\/li>\n<li><strong>BAYILTMA &#8211; ELEKTRO \u015eOK<\/strong><\/li>\n<li><strong>KAN KANALI<\/strong><\/li>\n<li><strong>ISLATMA VE T\u00dcY YUMU\u015eATMA\u00a0 <\/strong><\/li>\n<li><strong>T\u00dcY YOLMA<\/strong><\/li>\n<li><strong>KAFA VE KURSAK ALMA<\/strong><\/li>\n<li><strong>AYAK KESME<\/strong><\/li>\n<li><strong>AYAK D\u00dc\u015e\u00dcRME<\/strong><\/li>\n<li><strong>HAT YIKAMA<\/strong><\/li>\n<li><strong>VAKUM AKC\u0130\u011eER ALMA TABANCASI<\/strong><\/li>\n<li><strong>MAKAT A\u00c7MA TABANCASI<\/strong><\/li>\n<li><strong>TA\u015eLIK ZARI A\u00c7MA MAK\u0130NASI<\/strong><\/li>\n<li><strong>YIKAMA VE SO\u011eUTMA (CH\u0130LLER)<\/strong><\/li>\n<li><strong>YAPRAK BUZ MAK\u0130NES\u0130<\/strong><\/li>\n<li><strong>DAMLATMA TAMBURU<\/strong><\/li>\n<li><strong>MANUEL PAR\u00c7ALAMA MAK\u0130NASI<\/strong><\/li>\n<li><strong>PO\u015eETLEME MAK\u0130NASI<\/strong><\/li>\n<li><strong>PO\u015eET KL\u0130PSLEME MAK\u0130NASI<\/strong><\/li>\n<li><strong>SU SO\u011eUTMA JENERAT\u00d6R\u00dc <\/strong><\/li>\n<li><strong>ELEKTR\u0130K PANOSU<\/strong><\/li>\n<li><strong>BUHAR KAZANI<\/strong><\/li>\n<li><strong>KOMPRES\u00d6R <\/strong><\/li>\n<li><strong>VAKUM POMPASI<\/strong><\/li>\n<li><strong>AIR CHILLING HATTI<\/strong><\/li>\n<li><strong>TAM OTOMAT\u0130K PAR\u00c7ALAMA HATTI<\/strong> (<strong>CUT-UP)<\/strong><\/li>\n<\/ul>\n<p>[\/vc_column_text][vc_empty_space][\/vc_column_inner][\/vc_row_inner][\/vc_column][vc_column width=&#8221;1\/4&#8243; offset=&#8221;vc_hidden-sm vc_hidden-xs&#8221;][stm_sidebar sidebar=&#8221;311&#8243;][\/vc_column][\/vc_row]<\/p>\n","protected":false},"excerpt":{"rendered":"<p>[vc_row css=&#8221;.vc_custom_1452687555475{margin-bottom: 100px !important;}&#8221;][vc_column offset=&#8221;vc_col-lg-9 vc_col-md-9&#8243;][vc_custom_heading source=&#8221;post_title&#8221; use_theme_fonts=&#8221;yes&#8221; css=&#8221;.vc_custom_1600087994500{margin-bottom: 30px !important;}&#8221;][vc_row_inner css=&#8221;.vc_custom_1453271494452{margin-bottom: 50px !important;}&#8221;][vc_column_inner][vc_single_image source=&#8221;featured_image&#8221; img_size=&#8221;full&#8221;][\/vc_column_inner][\/vc_row_inner][vc_separator color=&#8221;custom&#8221; accent_color=&#8221;#dddddd&#8221; css=&#8221;.vc_custom_1453271595991{margin-bottom: 21px !important;}&#8221;][vc_row_inner][vc_column_inner width=&#8221;1\/4&#8243; css=&#8221;.vc_custom_1453270747989{padding-right: 45px !important;}&#8221;][vc_custom_heading text=&#8221;KANATLI KES\u0130MHANE TES\u0130SLER\u0130&#8221; font_container=&#8221;tag:h3|font_size:24px|text_align:right|color:%23222222|line_height:30px&#8221; use_theme_fonts=&#8221;yes&#8221;][\/vc_column_inner][vc_column_inner width=&#8221;3\/4&#8243; css=&#8221;.vc_custom_1453271259318{padding-top: 18px !important;}&#8221;][vc_column_text] KONVEY\u00d6R HATTI BAYILTMA &#8211; ELEKTRO \u015eOK KAN KANALI ISLATMA VE T\u00dcY YUMU\u015eATMA\u00a0 T\u00dcY YOLMA KAFA VE KURSAK ALMA AYAK KESME AYAK<\/p>\n","protected":false},"author":1,"featured_media":7438,"parent":0,"menu_order":0,"comment_status":"closed","ping_status":"closed","template":"","meta":{"footnotes":""},"class_list":["post-7437","page","type-page","status-publish","has-post-thumbnail","hentry"],"yoast_head":"<!-- This site is optimized with the Yoast SEO Premium plugin v14.9 - https:\/\/yoast.com\/wordpress\/plugins\/seo\/ -->\n<title>Kanatl\u0131 Kesimhane Tesisleri - Karpatov Technology<\/title>\n<meta name=\"robots\" content=\"index, follow, max-snippet:-1, max-image-preview:large, max-video-preview:-1\" \/>\n<link rel=\"canonical\" href=\"https:\/\/www.karpatov.com\/tr\/kanatli-kesimhane-tesisleri\/\" \/>\n<meta property=\"og:locale\" content=\"tr_TR\" \/>\n<meta property=\"og:type\" content=\"article\" \/>\n<meta property=\"og:title\" content=\"Kanatl\u0131 Kesimhane Tesisleri - Karpatov Technology\" \/>\n<meta property=\"og:description\" content=\"[vc_row css=&#8221;.vc_custom_1452687555475{margin-bottom: 100px !important;}&#8221;][vc_column offset=&#8221;vc_col-lg-9 vc_col-md-9&#8243;][vc_custom_heading source=&#8221;post_title&#8221; use_theme_fonts=&#8221;yes&#8221; css=&#8221;.vc_custom_1600087994500{margin-bottom: 30px !important;}&#8221;][vc_row_inner css=&#8221;.vc_custom_1453271494452{margin-bottom: 50px !important;}&#8221;][vc_column_inner][vc_single_image source=&#8221;featured_image&#8221; img_size=&#8221;full&#8221;][\/vc_column_inner][\/vc_row_inner][vc_separator color=&#8221;custom&#8221; accent_color=&#8221;#dddddd&#8221; css=&#8221;.vc_custom_1453271595991{margin-bottom: 21px !important;}&#8221;][vc_row_inner][vc_column_inner width=&#8221;1\/4&#8243; css=&#8221;.vc_custom_1453270747989{padding-right: 45px !important;}&#8221;][vc_custom_heading text=&#8221;KANATLI KES\u0130MHANE TES\u0130SLER\u0130&#8221; font_container=&#8221;tag:h3|font_size:24px|text_align:right|color:%23222222|line_height:30px&#8221; use_theme_fonts=&#8221;yes&#8221;][\/vc_column_inner][vc_column_inner width=&#8221;3\/4&#8243; css=&#8221;.vc_custom_1453271259318{padding-top: 18px !important;}&#8221;][vc_column_text] KONVEY\u00d6R HATTI BAYILTMA &#8211; ELEKTRO \u015eOK KAN KANALI ISLATMA VE T\u00dcY YUMU\u015eATMA\u00a0 T\u00dcY YOLMA KAFA VE KURSAK ALMA AYAK KESME AYAK\" \/>\n<meta property=\"og:url\" content=\"https:\/\/www.karpatov.com\/tr\/kanatli-kesimhane-tesisleri\/\" \/>\n<meta property=\"og:site_name\" content=\"Karpatov Technology\" \/>\n<meta property=\"article:modified_time\" content=\"2020-09-14T12:56:43+00:00\" \/>\n<meta property=\"og:image\" content=\"https:\/\/www.karpatov.com\/wp-content\/uploads\/2020\/09\/KANATLI-KESI\u0307MHANE-TESI\u0307SLERI\u0307.jpg\" \/>\n\t<meta property=\"og:image:width\" content=\"1401\" \/>\n\t<meta property=\"og:image:height\" content=\"796\" \/>\n<meta name=\"twitter:card\" content=\"summary_large_image\" \/>\n<script type=\"application\/ld+json\" class=\"yoast-schema-graph\">{\"@context\":\"https:\/\/schema.org\",\"@graph\":[{\"@type\":\"WebSite\",\"@id\":\"https:\/\/www.karpatov.com\/tr\/#website\",\"url\":\"https:\/\/www.karpatov.com\/tr\/\",\"name\":\"Karpatov Technology\",\"description\":\"Karpatov Teknoloji\",\"potentialAction\":[{\"@type\":\"SearchAction\",\"target\":\"https:\/\/www.karpatov.com\/tr\/?s={search_term_string}\",\"query-input\":\"required name=search_term_string\"}],\"inLanguage\":\"tr\"},{\"@type\":\"ImageObject\",\"@id\":\"https:\/\/www.karpatov.com\/tr\/kanatli-kesimhane-tesisleri\/#primaryimage\",\"inLanguage\":\"tr\",\"url\":\"https:\/\/www.karpatov.com\/wp-content\/uploads\/2020\/09\/KANATLI-KESI\\u0307MHANE-TESI\\u0307SLERI\\u0307.jpg\",\"width\":1401,\"height\":796},{\"@type\":\"WebPage\",\"@id\":\"https:\/\/www.karpatov.com\/tr\/kanatli-kesimhane-tesisleri\/#webpage\",\"url\":\"https:\/\/www.karpatov.com\/tr\/kanatli-kesimhane-tesisleri\/\",\"name\":\"Kanatl\\u0131 Kesimhane Tesisleri - Karpatov Technology\",\"isPartOf\":{\"@id\":\"https:\/\/www.karpatov.com\/tr\/#website\"},\"primaryImageOfPage\":{\"@id\":\"https:\/\/www.karpatov.com\/tr\/kanatli-kesimhane-tesisleri\/#primaryimage\"},\"datePublished\":\"2020-09-14T12:53:16+00:00\",\"dateModified\":\"2020-09-14T12:56:43+00:00\",\"inLanguage\":\"tr\",\"potentialAction\":[{\"@type\":\"ReadAction\",\"target\":[\"https:\/\/www.karpatov.com\/tr\/kanatli-kesimhane-tesisleri\/\"]}]}]}<\/script>\n<!-- \/ Yoast SEO Premium plugin. -->","_links":{"self":[{"href":"https:\/\/www.karpatov.com\/tr\/wp-json\/wp\/v2\/pages\/7437","targetHints":{"allow":["GET"]}}],"collection":[{"href":"https:\/\/www.karpatov.com\/tr\/wp-json\/wp\/v2\/pages"}],"about":[{"href":"https:\/\/www.karpatov.com\/tr\/wp-json\/wp\/v2\/types\/page"}],"author":[{"embeddable":true,"href":"https:\/\/www.karpatov.com\/tr\/wp-json\/wp\/v2\/users\/1"}],"replies":[{"embeddable":true,"href":"https:\/\/www.karpatov.com\/tr\/wp-json\/wp\/v2\/comments?post=7437"}],"version-history":[{"count":3,"href":"https:\/\/www.karpatov.com\/tr\/wp-json\/wp\/v2\/pages\/7437\/revisions"}],"predecessor-version":[{"id":7446,"href":"https:\/\/www.karpatov.com\/tr\/wp-json\/wp\/v2\/pages\/7437\/revisions\/7446"}],"wp:featuredmedia":[{"embeddable":true,"href":"https:\/\/www.karpatov.com\/tr\/wp-json\/wp\/v2\/media\/7438"}],"wp:attachment":[{"href":"https:\/\/www.karpatov.com\/tr\/wp-json\/wp\/v2\/media?parent=7437"}],"curies":[{"name":"wp","href":"https:\/\/api.w.org\/{rel}","templated":true}]}}