{"id":7139,"date":"2020-08-26T09:45:49","date_gmt":"2020-08-26T06:45:49","guid":{"rendered":"http:\/\/karpatov.com\/?page_id=7139"},"modified":"2020-08-26T09:49:24","modified_gmt":"2020-08-26T06:49:24","slug":"sulama-icin-genel-cozumler-katalog","status":"publish","type":"page","link":"https:\/\/www.karpatov.com\/tr\/sulama-icin-genel-cozumler-katalog\/","title":{"rendered":"Sulama \u0130\u00e7in Genel \u00c7\u00f6z\u00fcmler &#8211; Katalog"},"content":{"rendered":"<p>[vc_row][vc_column][vc_raw_html]JTVCZGZsaXAlMjBpZCUzRCUyMjcxNDElMjIlNUQlNUIlMkZkZmxpcCU1RCUwQQ==[\/vc_raw_html][\/vc_column][\/vc_row]<\/p>\n","protected":false},"excerpt":{"rendered":"<p>[vc_row][vc_column][vc_raw_html]JTVCZGZsaXAlMjBpZCUzRCUyMjcxNDElMjIlNUQlNUIlMkZkZmxpcCU1RCUwQQ==[\/vc_raw_html][\/vc_column][\/vc_row]<\/p>\n","protected":false},"author":1,"featured_media":0,"parent":0,"menu_order":0,"comment_status":"closed","ping_status":"closed","template":"","meta":{"footnotes":""},"class_list":["post-7139","page","type-page","status-publish","hentry"],"yoast_head":"<!-- This site is optimized with the Yoast SEO Premium plugin v14.9 - https:\/\/yoast.com\/wordpress\/plugins\/seo\/ -->\n<title>Sulama \u0130\u00e7in Genel \u00c7\u00f6z\u00fcmler - Katalog - Karpatov Technology<\/title>\n<meta name=\"robots\" content=\"index, follow, max-snippet:-1, max-image-preview:large, max-video-preview:-1\" \/>\n<link rel=\"canonical\" href=\"https:\/\/www.karpatov.com\/tr\/sulama-icin-genel-cozumler-katalog\/\" \/>\n<meta property=\"og:locale\" content=\"tr_TR\" \/>\n<meta property=\"og:type\" content=\"article\" \/>\n<meta property=\"og:title\" content=\"Sulama \u0130\u00e7in Genel \u00c7\u00f6z\u00fcmler - Katalog - Karpatov Technology\" \/>\n<meta property=\"og:description\" content=\"[vc_row][vc_column][vc_raw_html]JTVCZGZsaXAlMjBpZCUzRCUyMjcxNDElMjIlNUQlNUIlMkZkZmxpcCU1RCUwQQ==[\/vc_raw_html][\/vc_column][\/vc_row]\" \/>\n<meta property=\"og:url\" content=\"https:\/\/www.karpatov.com\/tr\/sulama-icin-genel-cozumler-katalog\/\" \/>\n<meta property=\"og:site_name\" content=\"Karpatov Technology\" \/>\n<meta property=\"article:modified_time\" content=\"2020-08-26T06:49:24+00:00\" \/>\n<meta name=\"twitter:card\" content=\"summary_large_image\" \/>\n<script type=\"application\/ld+json\" class=\"yoast-schema-graph\">{\"@context\":\"https:\/\/schema.org\",\"@graph\":[{\"@type\":\"WebSite\",\"@id\":\"https:\/\/www.karpatov.com\/tr\/#website\",\"url\":\"https:\/\/www.karpatov.com\/tr\/\",\"name\":\"Karpatov Technology\",\"description\":\"Karpatov Teknoloji\",\"potentialAction\":[{\"@type\":\"SearchAction\",\"target\":\"https:\/\/www.karpatov.com\/tr\/?s={search_term_string}\",\"query-input\":\"required name=search_term_string\"}],\"inLanguage\":\"tr\"},{\"@type\":\"WebPage\",\"@id\":\"https:\/\/www.karpatov.com\/tr\/sulama-icin-genel-cozumler-katalog\/#webpage\",\"url\":\"https:\/\/www.karpatov.com\/tr\/sulama-icin-genel-cozumler-katalog\/\",\"name\":\"Sulama \\u0130\\u00e7in Genel \\u00c7\\u00f6z\\u00fcmler - Katalog - Karpatov Technology\",\"isPartOf\":{\"@id\":\"https:\/\/www.karpatov.com\/tr\/#website\"},\"datePublished\":\"2020-08-26T06:45:49+00:00\",\"dateModified\":\"2020-08-26T06:49:24+00:00\",\"inLanguage\":\"tr\",\"potentialAction\":[{\"@type\":\"ReadAction\",\"target\":[\"https:\/\/www.karpatov.com\/tr\/sulama-icin-genel-cozumler-katalog\/\"]}]}]}<\/script>\n<!-- \/ Yoast SEO Premium plugin. -->","_links":{"self":[{"href":"https:\/\/www.karpatov.com\/tr\/wp-json\/wp\/v2\/pages\/7139","targetHints":{"allow":["GET"]}}],"collection":[{"href":"https:\/\/www.karpatov.com\/tr\/wp-json\/wp\/v2\/pages"}],"about":[{"href":"https:\/\/www.karpatov.com\/tr\/wp-json\/wp\/v2\/types\/page"}],"author":[{"embeddable":true,"href":"https:\/\/www.karpatov.com\/tr\/wp-json\/wp\/v2\/users\/1"}],"replies":[{"embeddable":true,"href":"https:\/\/www.karpatov.com\/tr\/wp-json\/wp\/v2\/comments?post=7139"}],"version-history":[{"count":3,"href":"https:\/\/www.karpatov.com\/tr\/wp-json\/wp\/v2\/pages\/7139\/revisions"}],"predecessor-version":[{"id":7146,"href":"https:\/\/www.karpatov.com\/tr\/wp-json\/wp\/v2\/pages\/7139\/revisions\/7146"}],"wp:attachment":[{"href":"https:\/\/www.karpatov.com\/tr\/wp-json\/wp\/v2\/media?parent=7139"}],"curies":[{"name":"wp","href":"https:\/\/api.w.org\/{rel}","templated":true}]}}