{"id":6702,"date":"2020-08-04T10:42:39","date_gmt":"2020-08-04T07:42:39","guid":{"rendered":"http:\/\/karpatov.com\/?page_id=6702"},"modified":"2020-09-07T11:40:48","modified_gmt":"2020-09-07T08:40:48","slug":"broiler-damizlik-broiler","status":"publish","type":"page","link":"https:\/\/www.karpatov.com\/tr\/broiler-damizlik-broiler\/","title":{"rendered":"Broiler &#8211; Dam\u0131zl\u0131k Broiler"},"content":{"rendered":"<p>[vc_row css=&#8221;.vc_custom_1452687555475{margin-bottom: 100px !important;}&#8221;][vc_column offset=&#8221;vc_col-lg-9 vc_col-md-9&#8243;][vc_custom_heading source=&#8221;post_title&#8221; use_theme_fonts=&#8221;yes&#8221; css=&#8221;.vc_custom_1596526757127{margin-bottom: 30px !important;}&#8221;][vc_row_inner css=&#8221;.vc_custom_1453271494452{margin-bottom: 50px !important;}&#8221;][vc_column_inner][vc_single_image source=&#8221;featured_image&#8221; img_size=&#8221;full&#8221;][\/vc_column_inner][\/vc_row_inner][vc_row_inner css=&#8221;.vc_custom_1453271494452{margin-bottom: 50px !important;}&#8221;][vc_column_inner][\/vc_column_inner][\/vc_row_inner][vc_separator color=&#8221;custom&#8221; accent_color=&#8221;#dddddd&#8221; css=&#8221;.vc_custom_1453271595991{margin-bottom: 21px !important;}&#8221;][vc_row_inner css=&#8221;.vc_custom_1453271763899{margin-bottom: 33px !important;}&#8221;][vc_column_inner width=&#8221;1\/4&#8243; css=&#8221;.vc_custom_1453272656287{padding-right: 45px !important;}&#8221;][vc_custom_heading text=&#8221;PROJELEND\u0130RME VE PROJE DANI\u015eMANLI\u011eI&#8221; font_container=&#8221;tag:h3|font_size:24px|text_align:right|color:%23222222|line_height:30px&#8221; use_theme_fonts=&#8221;yes&#8221; css_animation=&#8221;fadeInUp&#8221;][\/vc_column_inner][vc_column_inner width=&#8221;3\/4&#8243; css=&#8221;.vc_custom_1453271259318{padding-top: 18px !important;}&#8221;][vc_column_text css_animation=&#8221;none&#8221;]Broiler tavuk\u00e7ulukta \u00fcretim s\u00fcresinin \u00e7ok k\u0131sa olmas\u0131, birim alanda yo\u011fun \u00fcretim yap\u0131labilmesi yemin ete d\u00f6n\u00fc\u015fme oran\u0131n\u0131n y\u00fcksek olmas\u0131, i\u015f g\u00fcc\u00fcn\u00fcn di\u011fer tar\u0131msal i\u015fletmelere nazaran daha d\u00fc\u015f\u00fck olmas\u0131, k\u0131rm\u0131z\u0131 etle k\u0131yasland\u0131\u011f\u0131nda tavuk etinin ucuz, kolesterol ve ya\u011f oran\u0131n\u0131n d\u00fc\u015f\u00fck , sindirimi kolay, besin de\u011feri a\u00e7\u0131s\u0131ndan iyi bir protein kayna\u011f\u0131 olmas\u0131 nedeniyle etlik pili\u00e7 eti \u00fcretimi hayvanc\u0131l\u0131k sekt\u00f6r\u00fcnde \u00f6zel bir \u00f6nem arzetmektedir.<\/p>\n<p>Broiler \u00fcretimi i\u00e7in gerekli olan t\u00fcm altyap\u0131 ihtiya\u00e7lar\u0131 ve \u00e7evre fakt\u00f6rlerini yerinde tespit etme amac\u0131yla olu\u015fturulan, teknolojik fizibilite ekibimiz de\u011ferli m\u00fc\u015fterimizin tesisini yerinde inceler ve fizibilite raporunu haz\u0131rlar.<\/p>\n<p>Yat\u0131r\u0131m\u0131n\u0131z\u0131n tam kar\u015f\u0131l\u0131\u011f\u0131n\u0131, size \u00fcr\u00fcn ve hizmet olarak vermek i\u00e7in, analiz, planlama ve projelendirme s\u00fcre\u00e7lerini eksiksiz olarak tamamlar ve y\u00f6netiminize sunar.[\/vc_column_text][\/vc_column_inner][\/vc_row_inner][vc_separator color=&#8221;custom&#8221; accent_color=&#8221;#dddddd&#8221; css=&#8221;.vc_custom_1453271595991{margin-bottom: 21px !important;}&#8221;][vc_row_inner css=&#8221;.vc_custom_1453272927441{margin-bottom: 33px !important;}&#8221;][vc_column_inner width=&#8221;1\/4&#8243; css=&#8221;.vc_custom_1453270747989{padding-right: 45px !important;}&#8221;][vc_custom_heading text=&#8221;ANAHTAR TESL\u0130M PROJE YAPIMI&#8221; font_container=&#8221;tag:h3|font_size:24px|text_align:right|color:%23222222|line_height:30px&#8221; use_theme_fonts=&#8221;yes&#8221; css_animation=&#8221;fadeInUp&#8221;][\/vc_column_inner][vc_column_inner width=&#8221;3\/4&#8243; css=&#8221;.vc_custom_1453271259318{padding-top: 18px !important;}&#8221;][vc_column_text]M\u00fc\u015fterilerimizin, ihtiya\u00e7 ve beklentilerini en y\u00fcksek seviyede kar\u015f\u0131lamak amac\u0131yla, Fizibilite Ekibimizin \u00f6nceden yapt\u0131\u011f\u0131 analizler tasar\u0131mc\u0131lar\u0131m\u0131za sunulur. T\u00fcm broiler k\u00fcmeslerimiz, m\u00fc\u015fterimizin sahip oldu\u011fu alana ve ihtiya\u00e7lar\u0131na g\u00f6re tasarlan\u0131r.<\/p>\n<p>B\u00fcnyemizde \u00e7al\u0131\u015fan uzman kurulum ekipleri taraf\u0131nda k\u00fcmes kurulumlar\u0131 ger\u00e7ekle\u015ftirilir. K\u00fcmes kurulumu tamamland\u0131ktan sonra, i\u015fleyi\u015f sisteminin t\u00fcm detaylar\u0131 hakk\u0131nda k\u00fcmes \u00e7al\u0131\u015fanlar\u0131na e\u011fitim verilir.<\/p>\n<p>Fabrikam\u0131zda <strong>broiler, broiler dam\u0131zl\u0131k ve hindi k\u00fcmesleri ekipmanlar\u0131<\/strong> \u00fcretilmektedir. Sat\u0131\u015f\u0131n\u0131 yapt\u0131\u011f\u0131m\u0131z t\u00fcm k\u00fcmeslerin ve ekipmanlar\u0131n montaj\u0131, servisi ve sat\u0131\u015f sonras\u0131 bak\u0131mlar\u0131, profesyonel Teknik Departman\u0131m\u0131z taraf\u0131ndan yap\u0131lmaktad\u0131r<\/p>\n<p>Kalite y\u00f6netimi, t\u00fcm i\u015f s\u00fcre\u00e7lerinde kalite bilincinin yarat\u0131lmas\u0131 temeline dayan\u0131r. Kalite y\u00f6netim sistemimiz, m\u00fc\u015fterilerimizin, ihtiya\u00e7 ve beklentilerinin en etkin ve do\u011fru \u015fekilde kar\u015f\u0131lanmas\u0131n\u0131 sa\u011flamak \u00fczere yap\u0131land\u0131r\u0131lm\u0131\u015ft\u0131r.[\/vc_column_text][\/vc_column_inner][\/vc_row_inner][vc_separator color=&#8221;custom&#8221; accent_color=&#8221;#dddddd&#8221; css=&#8221;.vc_custom_1453271595991{margin-bottom: 21px !important;}&#8221;][vc_row_inner][vc_column_inner width=&#8221;1\/4&#8243; css=&#8221;.vc_custom_1453270747989{padding-right: 45px !important;}&#8221;][vc_custom_heading text=&#8221;MODERN BROILER K\u00dcMES S\u0130STEMLER\u0130&#8221; font_container=&#8221;tag:h3|font_size:24px|text_align:right|color:%23222222|line_height:30px&#8221; use_theme_fonts=&#8221;yes&#8221;][\/vc_column_inner][vc_column_inner width=&#8221;3\/4&#8243; css=&#8221;.vc_custom_1453271259318{padding-top: 18px !important;}&#8221;][vc_single_image image=&#8221;7391&#8243; img_size=&#8221;full&#8221; alignment=&#8221;center&#8221; style=&#8221;vc_box_rounded&#8221;][vc_column_text]BA\u015eLICA \u015eU B\u0130LE\u015eENLERDEN MEYDANA GELMEKTED\u0130R:<\/p>\n<ul>\n<li><strong>Yemleme Hatt\u0131<\/strong><\/li>\n<li><strong>Su \u0130\u00e7me Hatt\u0131<\/strong><\/li>\n<li><strong>Silo ve Yem Nakil Sistemi<\/strong><\/li>\n<li><strong>Havaland\u0131rma Sistemi<\/strong><\/li>\n<li><strong>So\u011futma Sistemi<\/strong><\/li>\n<li><strong>Is\u0131tma Sistemi<\/strong><\/li>\n<li><strong>K\u00fcmes Kontrol Sistemi<\/strong><\/li>\n<li><strong>Ayd\u0131nlatma Sistemi<\/strong><\/li>\n<li><strong>Civciv Ekipmanlar\u0131<\/strong><\/li>\n<\/ul>\n<p>[\/vc_column_text][vc_empty_space][\/vc_column_inner][\/vc_row_inner][vc_separator color=&#8221;custom&#8221; accent_color=&#8221;#dddddd&#8221; css=&#8221;.vc_custom_1453271595991{margin-bottom: 21px !important;}&#8221;][vc_row_inner][vc_column_inner width=&#8221;1\/4&#8243; css=&#8221;.vc_custom_1453270747989{padding-right: 45px !important;}&#8221;][vc_custom_heading text=&#8221;MODERN DAMIZLIK BROILER K\u00dcMES S\u0130STEMLER\u0130&#8221; font_container=&#8221;tag:h3|font_size:24px|text_align:right|color:%23222222|line_height:30px&#8221; use_theme_fonts=&#8221;yes&#8221;][\/vc_column_inner][vc_column_inner width=&#8221;3\/4&#8243; css=&#8221;.vc_custom_1453271259318{padding-top: 18px !important;}&#8221;][vc_single_image image=&#8221;7395&#8243; img_size=&#8221;full&#8221; alignment=&#8221;center&#8221; style=&#8221;vc_box_rounded&#8221;][vc_column_text]<\/p>\n<ul>\n<li><strong>Di\u015fi Yemleme Hatt\u0131<\/strong><\/li>\n<li><strong>Erkek Yemleme Hatt\u0131<\/strong><\/li>\n<li><strong>Sulama Hatt\u0131<\/strong><\/li>\n<li><strong>Silo ve Yem Nakil Sistemi<\/strong><\/li>\n<li><strong>Havaland\u0131rma Sistemi<\/strong><\/li>\n<li><strong>So\u011futma Sistemi<\/strong><\/li>\n<li><strong>Is\u0131tma Sistemi<\/strong><\/li>\n<li><strong>K\u00fcmes Kontrol Sistemi<\/strong><\/li>\n<li><strong>Ayd\u0131nlatma Sistemi<\/strong><\/li>\n<li><strong>I\u015f\u0131k K\u0131r\u0131c\u0131 Sistemi<\/strong><\/li>\n<li><strong>Folluk Sistemi<\/strong><\/li>\n<li><strong>Civciv Ekipmanlar\u0131<\/strong><\/li>\n<\/ul>\n<p>[\/vc_column_text][vc_empty_space][\/vc_column_inner][\/vc_row_inner][vc_separator color=&#8221;custom&#8221; accent_color=&#8221;#dddddd&#8221; css=&#8221;.vc_custom_1453271595991{margin-bottom: 21px !important;}&#8221;][vc_row_inner][vc_column_inner width=&#8221;1\/4&#8243; css=&#8221;.vc_custom_1453270747989{padding-right: 45px !important;}&#8221;][vc_custom_heading text=&#8221;VETER\u0130NERL\u0130K H\u0130ZMETLER\u0130&#8221; font_container=&#8221;tag:h3|font_size:24px|text_align:right|color:%23222222|line_height:30px&#8221; use_theme_fonts=&#8221;yes&#8221;][\/vc_column_inner][vc_column_inner width=&#8221;3\/4&#8243; css=&#8221;.vc_custom_1453271259318{padding-top: 18px !important;}&#8221;][vc_single_image image=&#8221;7399&#8243; img_size=&#8221;full&#8221; alignment=&#8221;center&#8221; style=&#8221;vc_box_rounded&#8221;][vc_column_text]\u0130\u015fletmeniz i\u00e7in her t\u00fcrl\u00fc dan\u0131\u015fmanl\u0131k, zooteknist ve veteriner temini.[\/vc_column_text][vc_empty_space][\/vc_column_inner][\/vc_row_inner][\/vc_column][vc_column width=&#8221;1\/4&#8243; offset=&#8221;vc_hidden-sm vc_hidden-xs&#8221;][stm_sidebar sidebar=&#8221;311&#8243;][\/vc_column][\/vc_row]<\/p>\n","protected":false},"excerpt":{"rendered":"<p>[vc_row css=&#8221;.vc_custom_1452687555475{margin-bottom: 100px !important;}&#8221;][vc_column offset=&#8221;vc_col-lg-9 vc_col-md-9&#8243;][vc_custom_heading source=&#8221;post_title&#8221; use_theme_fonts=&#8221;yes&#8221; css=&#8221;.vc_custom_1596526757127{margin-bottom: 30px !important;}&#8221;][vc_row_inner css=&#8221;.vc_custom_1453271494452{margin-bottom: 50px !important;}&#8221;][vc_column_inner][vc_single_image source=&#8221;featured_image&#8221; img_size=&#8221;full&#8221;][\/vc_column_inner][\/vc_row_inner][vc_row_inner css=&#8221;.vc_custom_1453271494452{margin-bottom: 50px !important;}&#8221;][vc_column_inner][\/vc_column_inner][\/vc_row_inner][vc_separator color=&#8221;custom&#8221; accent_color=&#8221;#dddddd&#8221; css=&#8221;.vc_custom_1453271595991{margin-bottom: 21px !important;}&#8221;][vc_row_inner css=&#8221;.vc_custom_1453271763899{margin-bottom: 33px !important;}&#8221;][vc_column_inner width=&#8221;1\/4&#8243; css=&#8221;.vc_custom_1453272656287{padding-right: 45px !important;}&#8221;][vc_custom_heading text=&#8221;PROJELEND\u0130RME VE PROJE DANI\u015eMANLI\u011eI&#8221; font_container=&#8221;tag:h3|font_size:24px|text_align:right|color:%23222222|line_height:30px&#8221; use_theme_fonts=&#8221;yes&#8221; css_animation=&#8221;fadeInUp&#8221;][\/vc_column_inner][vc_column_inner width=&#8221;3\/4&#8243; css=&#8221;.vc_custom_1453271259318{padding-top: 18px !important;}&#8221;][vc_column_text css_animation=&#8221;none&#8221;]Broiler tavuk\u00e7ulukta \u00fcretim s\u00fcresinin \u00e7ok k\u0131sa olmas\u0131, birim alanda yo\u011fun \u00fcretim yap\u0131labilmesi yemin<\/p>\n","protected":false},"author":1,"featured_media":7387,"parent":0,"menu_order":0,"comment_status":"closed","ping_status":"closed","template":"","meta":{"footnotes":""},"class_list":["post-6702","page","type-page","status-publish","has-post-thumbnail","hentry"],"yoast_head":"<!-- This site is optimized with the Yoast SEO Premium plugin v14.9 - https:\/\/yoast.com\/wordpress\/plugins\/seo\/ -->\n<title>Broiler - Dam\u0131zl\u0131k Broiler - Karpatov Technology<\/title>\n<meta name=\"robots\" content=\"index, follow, max-snippet:-1, max-image-preview:large, max-video-preview:-1\" \/>\n<link rel=\"canonical\" href=\"https:\/\/www.karpatov.com\/tr\/broiler-damizlik-broiler\/\" \/>\n<meta property=\"og:locale\" content=\"tr_TR\" \/>\n<meta property=\"og:type\" content=\"article\" \/>\n<meta property=\"og:title\" content=\"Broiler - Dam\u0131zl\u0131k Broiler - Karpatov Technology\" \/>\n<meta property=\"og:description\" content=\"[vc_row css=&#8221;.vc_custom_1452687555475{margin-bottom: 100px !important;}&#8221;][vc_column offset=&#8221;vc_col-lg-9 vc_col-md-9&#8243;][vc_custom_heading source=&#8221;post_title&#8221; use_theme_fonts=&#8221;yes&#8221; css=&#8221;.vc_custom_1596526757127{margin-bottom: 30px !important;}&#8221;][vc_row_inner css=&#8221;.vc_custom_1453271494452{margin-bottom: 50px !important;}&#8221;][vc_column_inner][vc_single_image source=&#8221;featured_image&#8221; img_size=&#8221;full&#8221;][\/vc_column_inner][\/vc_row_inner][vc_row_inner css=&#8221;.vc_custom_1453271494452{margin-bottom: 50px !important;}&#8221;][vc_column_inner][\/vc_column_inner][\/vc_row_inner][vc_separator color=&#8221;custom&#8221; accent_color=&#8221;#dddddd&#8221; css=&#8221;.vc_custom_1453271595991{margin-bottom: 21px !important;}&#8221;][vc_row_inner css=&#8221;.vc_custom_1453271763899{margin-bottom: 33px !important;}&#8221;][vc_column_inner width=&#8221;1\/4&#8243; css=&#8221;.vc_custom_1453272656287{padding-right: 45px !important;}&#8221;][vc_custom_heading text=&#8221;PROJELEND\u0130RME VE PROJE DANI\u015eMANLI\u011eI&#8221; font_container=&#8221;tag:h3|font_size:24px|text_align:right|color:%23222222|line_height:30px&#8221; use_theme_fonts=&#8221;yes&#8221; css_animation=&#8221;fadeInUp&#8221;][\/vc_column_inner][vc_column_inner width=&#8221;3\/4&#8243; css=&#8221;.vc_custom_1453271259318{padding-top: 18px !important;}&#8221;][vc_column_text css_animation=&#8221;none&#8221;]Broiler tavuk\u00e7ulukta \u00fcretim s\u00fcresinin \u00e7ok k\u0131sa olmas\u0131, birim alanda yo\u011fun \u00fcretim yap\u0131labilmesi yemin\" \/>\n<meta property=\"og:url\" content=\"https:\/\/www.karpatov.com\/tr\/broiler-damizlik-broiler\/\" \/>\n<meta property=\"og:site_name\" content=\"Karpatov Technology\" \/>\n<meta property=\"article:modified_time\" content=\"2020-09-07T08:40:48+00:00\" \/>\n<meta property=\"og:image\" content=\"https:\/\/www.karpatov.com\/wp-content\/uploads\/2020\/09\/Broiler-\u2013-Dam\u0131zl\u0131k-Broiler-scaled.jpg\" \/>\n\t<meta property=\"og:image:width\" content=\"2560\" \/>\n\t<meta property=\"og:image:height\" content=\"2035\" \/>\n<meta name=\"twitter:card\" content=\"summary_large_image\" \/>\n<script type=\"application\/ld+json\" class=\"yoast-schema-graph\">{\"@context\":\"https:\/\/schema.org\",\"@graph\":[{\"@type\":\"WebSite\",\"@id\":\"https:\/\/www.karpatov.com\/tr\/#website\",\"url\":\"https:\/\/www.karpatov.com\/tr\/\",\"name\":\"Karpatov Technology\",\"description\":\"Karpatov Teknoloji\",\"potentialAction\":[{\"@type\":\"SearchAction\",\"target\":\"https:\/\/www.karpatov.com\/tr\/?s={search_term_string}\",\"query-input\":\"required name=search_term_string\"}],\"inLanguage\":\"tr\"},{\"@type\":\"ImageObject\",\"@id\":\"https:\/\/www.karpatov.com\/tr\/broiler-damizlik-broiler\/#primaryimage\",\"inLanguage\":\"tr\",\"url\":\"https:\/\/www.karpatov.com\/wp-content\/uploads\/2020\/09\/Broiler-\\u2013-Dam\\u0131zl\\u0131k-Broiler-scaled.jpg\",\"width\":2560,\"height\":2035},{\"@type\":\"WebPage\",\"@id\":\"https:\/\/www.karpatov.com\/tr\/broiler-damizlik-broiler\/#webpage\",\"url\":\"https:\/\/www.karpatov.com\/tr\/broiler-damizlik-broiler\/\",\"name\":\"Broiler - Dam\\u0131zl\\u0131k Broiler - Karpatov Technology\",\"isPartOf\":{\"@id\":\"https:\/\/www.karpatov.com\/tr\/#website\"},\"primaryImageOfPage\":{\"@id\":\"https:\/\/www.karpatov.com\/tr\/broiler-damizlik-broiler\/#primaryimage\"},\"datePublished\":\"2020-08-04T07:42:39+00:00\",\"dateModified\":\"2020-09-07T08:40:48+00:00\",\"inLanguage\":\"tr\",\"potentialAction\":[{\"@type\":\"ReadAction\",\"target\":[\"https:\/\/www.karpatov.com\/tr\/broiler-damizlik-broiler\/\"]}]}]}<\/script>\n<!-- \/ Yoast SEO Premium plugin. -->","_links":{"self":[{"href":"https:\/\/www.karpatov.com\/tr\/wp-json\/wp\/v2\/pages\/6702","targetHints":{"allow":["GET"]}}],"collection":[{"href":"https:\/\/www.karpatov.com\/tr\/wp-json\/wp\/v2\/pages"}],"about":[{"href":"https:\/\/www.karpatov.com\/tr\/wp-json\/wp\/v2\/types\/page"}],"author":[{"embeddable":true,"href":"https:\/\/www.karpatov.com\/tr\/wp-json\/wp\/v2\/users\/1"}],"replies":[{"embeddable":true,"href":"https:\/\/www.karpatov.com\/tr\/wp-json\/wp\/v2\/comments?post=6702"}],"version-history":[{"count":5,"href":"https:\/\/www.karpatov.com\/tr\/wp-json\/wp\/v2\/pages\/6702\/revisions"}],"predecessor-version":[{"id":7403,"href":"https:\/\/www.karpatov.com\/tr\/wp-json\/wp\/v2\/pages\/6702\/revisions\/7403"}],"wp:featuredmedia":[{"embeddable":true,"href":"https:\/\/www.karpatov.com\/tr\/wp-json\/wp\/v2\/media\/7387"}],"wp:attachment":[{"href":"https:\/\/www.karpatov.com\/tr\/wp-json\/wp\/v2\/media?parent=6702"}],"curies":[{"name":"wp","href":"https:\/\/api.w.org\/{rel}","templated":true}]}}