{"id":6569,"date":"2020-07-17T15:40:22","date_gmt":"2020-07-17T12:40:22","guid":{"rendered":"http:\/\/karpatov.com\/?page_id=6569"},"modified":"2021-01-18T12:09:19","modified_gmt":"2021-01-18T09:09:19","slug":"sogutma-teknigi-ve-soguk-hava-depolari","status":"publish","type":"page","link":"https:\/\/www.karpatov.com\/tr\/sogutma-teknigi-ve-soguk-hava-depolari\/","title":{"rendered":"So\u011futma Tekni\u011fi ve So\u011fuk Hava Depolar\u0131"},"content":{"rendered":"<p>[vc_row css=&#8221;.vc_custom_1452687555475{margin-bottom: 100px !important;}&#8221;][vc_column offset=&#8221;vc_col-lg-9 vc_col-md-9&#8243;][vc_custom_heading source=&#8221;post_title&#8221; use_theme_fonts=&#8221;yes&#8221; css=&#8221;.vc_custom_1596533265656{margin-bottom: 30px !important;}&#8221;][vc_row_inner css=&#8221;.vc_custom_1453271494452{margin-bottom: 50px !important;}&#8221;][vc_column_inner][vc_single_image source=&#8221;featured_image&#8221; img_size=&#8221;full&#8221;][\/vc_column_inner][\/vc_row_inner][vc_separator color=&#8221;custom&#8221; accent_color=&#8221;#dddddd&#8221; css=&#8221;.vc_custom_1453271595991{margin-bottom: 21px !important;}&#8221;][vc_row_inner css=&#8221;.vc_custom_1453271763899{margin-bottom: 33px !important;}&#8221;][vc_column_inner width=&#8221;1\/4&#8243; css=&#8221;.vc_custom_1453272656287{padding-right: 45px !important;}&#8221;][vc_custom_heading text=&#8221;PROJELEND\u0130RME VE PROJE DANI\u015eMANLI\u011eI&#8221; font_container=&#8221;tag:h3|font_size:24px|text_align:right|color:%23222222|line_height:30px&#8221; use_theme_fonts=&#8221;yes&#8221; css_animation=&#8221;fadeInUp&#8221;][\/vc_column_inner][vc_column_inner width=&#8221;3\/4&#8243; css=&#8221;.vc_custom_1453271259318{padding-top: 18px !important;}&#8221;][vc_column_text css_animation=&#8221;none&#8221;]Bug\u00fcn yery\u00fcz\u00fcnde ya\u015fayan insanl\u0131\u011f\u0131n en az \u00fc\u00e7te biri a\u00e7l\u0131\u011fa maruz olup, yeteri derecede beslenememektedir. Ancak ne yaz\u0131kt\u0131r ki, yine bug\u00fcn insanl\u0131\u011f\u0131n besin ihtiyac\u0131 i\u00e7in \u00fcretilen g\u0131da maddelerinin yine en az \u00fc\u00e7te biri insanl\u0131\u011f\u0131n ihtiyac\u0131na arz edilmeden bozulmakta ve \u00e7\u00fcr\u00fcmektedir. Bug\u00fcn insanl\u0131\u011f\u0131n besin ihtiyac\u0131 i\u00e7in \u00fcretilen t\u00fcm g\u0131da maddeleri bozulmadan ve \u00e7\u00fcr\u00fcmeden insanl\u0131\u011f\u0131n ihtiyac\u0131na arz edilmi\u015f olsa idi, insanl\u0131k belki de a\u00e7l\u0131\u011fa maruz kalmayacak ve yeterli derecede beslenebilecekti.<\/p>\n<p>Ya\u015f sebze ve meyveler, hayvansal \u00fcr\u00fcnler ve su \u00fcr\u00fcnleri gibi \u00e7abuk bozulabilir tar\u0131msal \u00fcr\u00fcnlerin \u00fcretiminden ba\u015flanarak t\u00fcketimlerine kadar so\u011fuk ortamlarda muhafaza edilmeleri gerekir.<\/p>\n<p>SO\u011eUKTA MUHAFAZA Y\u00d6NTEMLER\u0130:<\/p>\n<p><strong>&#8211; \u00d6n so\u011futma:<\/strong> \u00dcr\u00fcnlerin uzun s\u00fcreli muhafazaya sevkinden \u00f6nce s\u0131cakl\u0131klar\u0131n k\u0131sa s\u00fcrede d\u00fc\u015f\u00fcr\u00fclmesidir.<\/p>\n<p><strong>&#8211; So\u011fuk muhafaza:<\/strong> \u00dcr\u00fcnlerin donma derecelerinin \u00fcst\u00fcnde uygulanan so\u011futma \u015feklidir.<\/p>\n<p><strong>&#8211; Derin dondurma:<\/strong> Sa\u011fl\u0131kl\u0131 muhafazaya g\u00f6re daha uzun s\u00fcre muhafaza ortam\u0131 olu\u015fturma \u015feklidir.<\/p>\n<p><strong>&#8211; Dondurarak kurutma:<\/strong> \u00dcr\u00fcnler \u00f6nce dondurulur sonra havas\u0131 bo\u015falt\u0131lm\u0131\u015f bir odaya al\u0131n\u0131rlar. Bu odada \u00fcr\u00fcnlerden ortama ge\u00e7en su buhar\u0131n\u0131n cihazlarla emilerek nemin al\u0131nmas\u0131yla \u00fcr\u00fcnlerin tamamen veya ilgili miktarlarda kurutulmas\u0131 y\u00f6ntemidir.[\/vc_column_text][\/vc_column_inner][\/vc_row_inner][vc_separator color=&#8221;custom&#8221; accent_color=&#8221;#dddddd&#8221; css=&#8221;.vc_custom_1453271595991{margin-bottom: 21px !important;}&#8221;][vc_row_inner css=&#8221;.vc_custom_1453272927441{margin-bottom: 33px !important;}&#8221;][vc_column_inner width=&#8221;1\/4&#8243; css=&#8221;.vc_custom_1453270747989{padding-right: 45px !important;}&#8221;][vc_custom_heading text=&#8221;ANAHTAR TESL\u0130M PROJE YAPIMI&#8221; font_container=&#8221;tag:h3|font_size:24px|text_align:right|color:%23222222|line_height:30px&#8221; use_theme_fonts=&#8221;yes&#8221; css_animation=&#8221;fadeInUp&#8221;][\/vc_column_inner][vc_column_inner width=&#8221;3\/4&#8243; css=&#8221;.vc_custom_1453271259318{padding-top: 18px !important;}&#8221;][vc_single_image image=&#8221;7503&#8243; img_size=&#8221;full&#8221; alignment=&#8221;center&#8221; style=&#8221;vc_box_rounded&#8221;][vc_column_text]M\u00fc\u015fterilerimizin, ihtiya\u00e7 ve beklentilerini en y\u00fcksek seviyede kar\u015f\u0131lamak amac\u0131yla, <strong>Fizibilite Ekibimizin<\/strong> \u00f6nceden yapt\u0131\u011f\u0131 analizler yat\u0131r\u0131mc\u0131lar\u0131m\u0131za sunulur. T\u00fcm so\u011fuk depo tesisleri, m\u00fc\u015fterimizin sahip oldu\u011fu alana ve ihtiya\u00e7lar\u0131na g\u00f6re tasarlan\u0131r.<\/p>\n<p>Partner firmam\u0131z\u0131n b\u00fcnyesinde \u00e7al\u0131\u015fan uzman kurulum ekipleri taraf\u0131nda tesis kurulumlar\u0131 ger\u00e7ekle\u015ftirilir. Sat\u0131\u015f\u0131n\u0131 yapt\u0131\u011f\u0131m\u0131z tesislerin montaj\u0131, servisi ve sat\u0131\u015f sonras\u0131 bak\u0131mlar\u0131,profesyonel Teknik Departman\u0131m\u0131z taraf\u0131ndan yap\u0131l\u0131r.<\/p>\n<p><strong>SO\u011eUK HAVA DEPOSU PROJES\u0130;<\/strong><\/p>\n<p><strong>Kapasitesi:<\/strong> Uygulanan so\u011fuk hava deposu projeleri hammadde arz\u0131, ekonomik g\u00fc\u00e7, teknik uygunluk ve pazar b\u00fcy\u00fckl\u00fc\u011f\u00fc g\u00f6z \u00f6n\u00fcnde tutularak ihtiya\u00e7 ve proseslere en uygun \u015fekilde, ilgili kapasitelerde haz\u0131rlanmal\u0131d\u0131r.<\/p>\n<p><strong>Tekni\u011fi:<\/strong> Projede so\u011futma maddeleri; kompres\u00f6r ve yap\u0131s\u0131, kondanser, muhafaza edilecek \u00fcr\u00fcn, muhafaza \u015fartlar\u0131 ve tesis kapasitesi ve lokasyon \u015fartlar\u0131na g\u00f6re en uygun \u015fekilde se\u00e7ilmelidir.[\/vc_column_text][\/vc_column_inner][\/vc_row_inner][vc_separator color=&#8221;custom&#8221; accent_color=&#8221;#dddddd&#8221; css=&#8221;.vc_custom_1453271595991{margin-bottom: 21px !important;}&#8221;][vc_row_inner css=&#8221;.vc_custom_1453272927441{margin-bottom: 33px !important;}&#8221;][vc_column_inner width=&#8221;1\/4&#8243; css=&#8221;.vc_custom_1453270747989{padding-right: 45px !important;}&#8221;][vc_custom_heading text=&#8221;ATMOSFER KONTROLLU SO\u011eUK HAVA TES\u0130SLER\u0130&#8221; font_container=&#8221;tag:h3|font_size:24px|text_align:right|color:%23222222|line_height:30px&#8221; use_theme_fonts=&#8221;yes&#8221; css_animation=&#8221;fadeInUp&#8221;][\/vc_column_inner][vc_column_inner width=&#8221;3\/4&#8243; css=&#8221;.vc_custom_1453271259318{padding-top: 18px !important;}&#8221;][vc_column_text]Sebze ve meyveler topland\u0131ktan sonra da geli\u015fimlerini s\u00fcrd\u00fcr\u00fcrler. Havadan oksijen (O2) al\u0131r, ortama karbondioksit (CO2) verirler. Meyvenin bozulmas\u0131, \u00e7\u00fcr\u00fcmesi bu s\u00fcrecin sonucudur. AK\/ADO depoda meyve ve sebzenin geli\u015fimlerini s\u00fcrd\u00fcremeyecekleri bir atmosfer ortam\u0131 yarat\u0131l\u0131r. Bu ortam, oksijenin (O2) neredeyse yok edildi\u011fi, azotlu (N) bir ortam\u0131n olu\u015fturuldu\u011fu, saklanan sebze ve meyveden \u00fcreyen zarar verici karbondioksit (CO2) ve etilenin (C2H4) emildi\u011fi, ideal \u0131s\u0131 derecesinin sa\u011fland\u0131\u011f\u0131 bir ortamd\u0131r.<\/p>\n<p>Atmosfer Kontroll\u00fc So\u011fuk Muhazafa depolar\u0131nda ya\u015fam durmakta, s\u00fcrekli tazelik sa\u011flanmaktad\u0131r. \u00c7evreye duyarl\u0131, kimyasal ya da benzeri herhangi bir y\u00f6ntem i\u00e7ermeyen Atmosfer Kontroll\u00fc Depo, taze uzun \u00f6mr\u00fcn s\u0131rr\u0131d\u0131r.[\/vc_column_text][\/vc_column_inner][\/vc_row_inner][vc_separator color=&#8221;custom&#8221; accent_color=&#8221;#dddddd&#8221; css=&#8221;.vc_custom_1453271595991{margin-bottom: 21px !important;}&#8221;][vc_row_inner css=&#8221;.vc_custom_1453272927441{margin-bottom: 33px !important;}&#8221;][vc_column_inner width=&#8221;1\/4&#8243; css=&#8221;.vc_custom_1453270747989{padding-right: 45px !important;}&#8221;][vc_custom_heading text=&#8221;MEYVE \u00d6N SO\u011eUTMA S\u0130STEMLER\u0130&#8221; font_container=&#8221;tag:h3|font_size:24px|text_align:right|color:%23222222|line_height:30px&#8221; use_theme_fonts=&#8221;yes&#8221; css_animation=&#8221;fadeInUp&#8221;][\/vc_column_inner][vc_column_inner width=&#8221;3\/4&#8243; css=&#8221;.vc_custom_1453271259318{padding-top: 18px !important;}&#8221;][vc_column_text]Baz\u0131 meyvelerin dal\u0131ndan kopar\u0131ld\u0131ktan ve hasat edildikten sonra \u00e7ok h\u0131zl\u0131 bir \u015fekilde so\u011futulmas\u0131 gerekmektedir.Bu i\u015flem meyvenin sat\u0131\u015f s\u00fcrecinde raf \u00f6mr\u00fcn\u00fcn uzamas\u0131n\u0131 sa\u011flamaktad\u0131r.Bu so\u011futma sistemi suyun so\u011futulmas\u0131 ve so\u011futma i\u015fleminin meyvelerin hasat edildikten hemen sonra so\u011futulmu\u015f sudan h\u0131zl\u0131ca ge\u00e7irilmeleri suretiyle yap\u0131l\u0131r.[\/vc_column_text][\/vc_column_inner][\/vc_row_inner][vc_separator color=&#8221;custom&#8221; accent_color=&#8221;#dddddd&#8221; css=&#8221;.vc_custom_1453271595991{margin-bottom: 21px !important;}&#8221;][vc_row_inner css=&#8221;.vc_custom_1453272927441{margin-bottom: 33px !important;}&#8221;][vc_column_inner width=&#8221;1\/4&#8243; css=&#8221;.vc_custom_1453270747989{padding-right: 45px !important;}&#8221;][vc_custom_heading text=&#8221;IQF S\u0130STEMLER\u0130&#8221; font_container=&#8221;tag:h3|font_size:24px|text_align:right|color:%23222222|line_height:30px&#8221; use_theme_fonts=&#8221;yes&#8221; css_animation=&#8221;fadeInUp&#8221;][\/vc_column_inner][vc_column_inner width=&#8221;3\/4&#8243; css=&#8221;.vc_custom_1453271259318{padding-top: 18px !important;}&#8221;][vc_column_text]<strong>IQF(Individual Quick Frozen \u2013 Bireysel H\u0131zl\u0131 Dondurma),<\/strong> dondurulmu\u015f g\u0131da teknolojisinde ileri bir sistem ve uygulamad\u0131r. Bu y\u00f6ntemle g\u0131da \u00fcr\u00fcnleri \u00e7ok k\u0131sa s\u00fcrede -40 \u00baC so\u011fukta tek tek dondurulur. Bu i\u015flem, \u00fcr\u00fcnlerin i\u00e7indeki suyun donmas\u0131yla ger\u00e7ekle\u015fir ve bu yolla g\u0131da \u00fcr\u00fcnlerinin katk\u0131 maddesiz uzun \u00f6m\u00fcrl\u00fc olmas\u0131 sa\u011flan\u0131r. Uygulama s\u0131ras\u0131nda besin kayb\u0131n\u0131 \u00f6nlemek i\u00e7in besinlerin h\u00fccre zar\u0131 \u00e7atlat\u0131lmadan ger\u00e7ekle\u015fmesi gerekmektedir. Bu da besinlerin -5 \u00b0C \u0131s\u0131ya \u00e7ok h\u0131zl\u0131 bir \u015fekilde ge\u00e7melerini gerektirir.<\/p>\n<p>Dondurma \u00e7ok do\u011fal bir saklama \u015feklidir, bu y\u00f6ntemin ev tipi dondurucudan tek fark\u0131 \u00fcr\u00fcn \u0131s\u0131s\u0131n\u0131 \u015foklayarak -42 \u00b0C\u2019ye kadar indirebilmesi \u00f6zelli\u011fidir. Ev tipi dondurucularda dondurma i\u015flemi yava\u015f ger\u00e7ekle\u015fti\u011fi i\u00e7in besinlerin h\u00fccre zar\u0131n\u0131 \u00e7atlatarak \u00fcr\u00fcnlerde besin de\u011feri kay\u0131plar\u0131na neden olur. Derin dondurma hi\u00e7bir katk\u0131 maddesi i\u00e7ermeyen bir y\u00f6ntemdir.<\/p>\n<p>IQF y\u00f6ntemi ile -40 \u00baC\u2019 de \u015foklanarak dondurulduklar\u0131 ve -18 \u00baC derecede sakland\u0131klar\u0131 i\u00e7in dondurulmu\u015f g\u0131dalarda \u00e7\u00fcr\u00fcme sebebi olan mikroorganizmalar\u0131n \u00fcremesi ve bunun sonucunda \u00fcr\u00fcnlerin bozulmas\u0131, besin de\u011ferlerinin kaybolmas\u0131 m\u00fcmk\u00fcn de\u011fildir.[\/vc_column_text][\/vc_column_inner][\/vc_row_inner][\/vc_column][vc_column width=&#8221;1\/4&#8243; offset=&#8221;vc_hidden-sm vc_hidden-xs&#8221;][stm_sidebar sidebar=&#8221;311&#8243;][\/vc_column][\/vc_row][vc_row full_width=&#8221;stretch_row&#8221; el_class=&#8221;third_bg_color&#8221; css=&#8221;.vc_custom_1451889219674{margin-bottom: -60px !important;}&#8221;][vc_column][vc_cta h2=&#8221;Anahtar teslim proje yap\u0131m\u0131 ve sera kurulumu&#8221; h2_font_container=&#8221;font_size:20px|color:%23000000|line_height:24px&#8221; h2_use_theme_fonts=&#8221;yes&#8221; shape=&#8221;square&#8221; style=&#8221;flat&#8221; add_button=&#8221;right&#8221; btn_title=&#8221;\u0130LET\u0130\u015e\u0130M&#8221; btn_style=&#8221;flat&#8221; btn_color=&#8221;theme_style_2&#8243; btn_align=&#8221;right&#8221; btn_i_align=&#8221;right&#8221; btn_i_icon_fontawesome=&#8221;stm-phone_13_2&#8243; use_custom_fonts_h2=&#8221;true&#8221; btn_button_block=&#8221;true&#8221; btn_add_icon=&#8221;true&#8221; el_class=&#8221;third_bg_color&#8221; css=&#8221;.vc_custom_1610960956194{margin-bottom: 0px !important;}&#8221; btn_link=&#8221;url:%2Ftr%2Filetisim|||&#8221;]Siz karar verin.Biz sizin i\u00e7in en ba\u015far\u0131l\u0131 y\u00f6ntemi size \u00f6nerip kurulumu anahtar teslim olarak ger\u00e7ekle\u015ftirece\u011fiz.[\/vc_cta][\/vc_column][\/vc_row]<\/p>\n","protected":false},"excerpt":{"rendered":"<p>[vc_row css=&#8221;.vc_custom_1452687555475{margin-bottom: 100px !important;}&#8221;][vc_column offset=&#8221;vc_col-lg-9 vc_col-md-9&#8243;][vc_custom_heading source=&#8221;post_title&#8221; use_theme_fonts=&#8221;yes&#8221; css=&#8221;.vc_custom_1596533265656{margin-bottom: 30px !important;}&#8221;][vc_row_inner css=&#8221;.vc_custom_1453271494452{margin-bottom: 50px !important;}&#8221;][vc_column_inner][vc_single_image source=&#8221;featured_image&#8221; img_size=&#8221;full&#8221;][\/vc_column_inner][\/vc_row_inner][vc_separator color=&#8221;custom&#8221; accent_color=&#8221;#dddddd&#8221; css=&#8221;.vc_custom_1453271595991{margin-bottom: 21px !important;}&#8221;][vc_row_inner css=&#8221;.vc_custom_1453271763899{margin-bottom: 33px !important;}&#8221;][vc_column_inner width=&#8221;1\/4&#8243; css=&#8221;.vc_custom_1453272656287{padding-right: 45px !important;}&#8221;][vc_custom_heading text=&#8221;PROJELEND\u0130RME VE PROJE DANI\u015eMANLI\u011eI&#8221; font_container=&#8221;tag:h3|font_size:24px|text_align:right|color:%23222222|line_height:30px&#8221; use_theme_fonts=&#8221;yes&#8221; css_animation=&#8221;fadeInUp&#8221;][\/vc_column_inner][vc_column_inner width=&#8221;3\/4&#8243; css=&#8221;.vc_custom_1453271259318{padding-top: 18px !important;}&#8221;][vc_column_text css_animation=&#8221;none&#8221;]Bug\u00fcn yery\u00fcz\u00fcnde ya\u015fayan insanl\u0131\u011f\u0131n en az \u00fc\u00e7te biri a\u00e7l\u0131\u011fa maruz olup, yeteri derecede beslenememektedir. Ancak ne<\/p>\n","protected":false},"author":1,"featured_media":7499,"parent":0,"menu_order":0,"comment_status":"closed","ping_status":"closed","template":"","meta":{"footnotes":""},"class_list":["post-6569","page","type-page","status-publish","has-post-thumbnail","hentry"],"yoast_head":"<!-- This site is optimized with the Yoast SEO Premium plugin v14.9 - https:\/\/yoast.com\/wordpress\/plugins\/seo\/ -->\n<title>So\u011futma Tekni\u011fi ve So\u011fuk Hava Depolar\u0131 - Karpatov Technology<\/title>\n<meta name=\"robots\" content=\"index, follow, max-snippet:-1, max-image-preview:large, max-video-preview:-1\" \/>\n<link rel=\"canonical\" href=\"https:\/\/www.karpatov.com\/tr\/sogutma-teknigi-ve-soguk-hava-depolari\/\" \/>\n<meta property=\"og:locale\" content=\"tr_TR\" \/>\n<meta property=\"og:type\" content=\"article\" \/>\n<meta property=\"og:title\" content=\"So\u011futma Tekni\u011fi ve So\u011fuk Hava Depolar\u0131 - Karpatov Technology\" \/>\n<meta property=\"og:description\" content=\"[vc_row css=&#8221;.vc_custom_1452687555475{margin-bottom: 100px !important;}&#8221;][vc_column offset=&#8221;vc_col-lg-9 vc_col-md-9&#8243;][vc_custom_heading source=&#8221;post_title&#8221; use_theme_fonts=&#8221;yes&#8221; css=&#8221;.vc_custom_1596533265656{margin-bottom: 30px !important;}&#8221;][vc_row_inner css=&#8221;.vc_custom_1453271494452{margin-bottom: 50px !important;}&#8221;][vc_column_inner][vc_single_image source=&#8221;featured_image&#8221; img_size=&#8221;full&#8221;][\/vc_column_inner][\/vc_row_inner][vc_separator color=&#8221;custom&#8221; accent_color=&#8221;#dddddd&#8221; css=&#8221;.vc_custom_1453271595991{margin-bottom: 21px !important;}&#8221;][vc_row_inner css=&#8221;.vc_custom_1453271763899{margin-bottom: 33px !important;}&#8221;][vc_column_inner width=&#8221;1\/4&#8243; css=&#8221;.vc_custom_1453272656287{padding-right: 45px !important;}&#8221;][vc_custom_heading text=&#8221;PROJELEND\u0130RME VE PROJE DANI\u015eMANLI\u011eI&#8221; font_container=&#8221;tag:h3|font_size:24px|text_align:right|color:%23222222|line_height:30px&#8221; use_theme_fonts=&#8221;yes&#8221; css_animation=&#8221;fadeInUp&#8221;][\/vc_column_inner][vc_column_inner width=&#8221;3\/4&#8243; css=&#8221;.vc_custom_1453271259318{padding-top: 18px !important;}&#8221;][vc_column_text css_animation=&#8221;none&#8221;]Bug\u00fcn yery\u00fcz\u00fcnde ya\u015fayan insanl\u0131\u011f\u0131n en az \u00fc\u00e7te biri a\u00e7l\u0131\u011fa maruz olup, yeteri derecede beslenememektedir. Ancak ne\" \/>\n<meta property=\"og:url\" content=\"https:\/\/www.karpatov.com\/tr\/sogutma-teknigi-ve-soguk-hava-depolari\/\" \/>\n<meta property=\"og:site_name\" content=\"Karpatov Technology\" \/>\n<meta property=\"article:modified_time\" content=\"2021-01-18T09:09:19+00:00\" \/>\n<meta property=\"og:image\" content=\"https:\/\/www.karpatov.com\/wp-content\/uploads\/2020\/09\/42.jpg\" \/>\n\t<meta property=\"og:image:width\" content=\"1400\" \/>\n\t<meta property=\"og:image:height\" content=\"930\" \/>\n<meta name=\"twitter:card\" content=\"summary_large_image\" \/>\n<script type=\"application\/ld+json\" class=\"yoast-schema-graph\">{\"@context\":\"https:\/\/schema.org\",\"@graph\":[{\"@type\":\"WebSite\",\"@id\":\"https:\/\/www.karpatov.com\/tr\/#website\",\"url\":\"https:\/\/www.karpatov.com\/tr\/\",\"name\":\"Karpatov Technology\",\"description\":\"Karpatov Teknoloji\",\"potentialAction\":[{\"@type\":\"SearchAction\",\"target\":\"https:\/\/www.karpatov.com\/tr\/?s={search_term_string}\",\"query-input\":\"required name=search_term_string\"}],\"inLanguage\":\"tr\"},{\"@type\":\"ImageObject\",\"@id\":\"https:\/\/www.karpatov.com\/tr\/sogutma-teknigi-ve-soguk-hava-depolari\/#primaryimage\",\"inLanguage\":\"tr\",\"url\":\"https:\/\/www.karpatov.com\/wp-content\/uploads\/2020\/09\/42.jpg\",\"width\":1400,\"height\":930},{\"@type\":\"WebPage\",\"@id\":\"https:\/\/www.karpatov.com\/tr\/sogutma-teknigi-ve-soguk-hava-depolari\/#webpage\",\"url\":\"https:\/\/www.karpatov.com\/tr\/sogutma-teknigi-ve-soguk-hava-depolari\/\",\"name\":\"So\\u011futma Tekni\\u011fi ve So\\u011fuk Hava Depolar\\u0131 - Karpatov Technology\",\"isPartOf\":{\"@id\":\"https:\/\/www.karpatov.com\/tr\/#website\"},\"primaryImageOfPage\":{\"@id\":\"https:\/\/www.karpatov.com\/tr\/sogutma-teknigi-ve-soguk-hava-depolari\/#primaryimage\"},\"datePublished\":\"2020-07-17T12:40:22+00:00\",\"dateModified\":\"2021-01-18T09:09:19+00:00\",\"inLanguage\":\"tr\",\"potentialAction\":[{\"@type\":\"ReadAction\",\"target\":[\"https:\/\/www.karpatov.com\/tr\/sogutma-teknigi-ve-soguk-hava-depolari\/\"]}]}]}<\/script>\n<!-- \/ Yoast SEO Premium plugin. -->","_links":{"self":[{"href":"https:\/\/www.karpatov.com\/tr\/wp-json\/wp\/v2\/pages\/6569","targetHints":{"allow":["GET"]}}],"collection":[{"href":"https:\/\/www.karpatov.com\/tr\/wp-json\/wp\/v2\/pages"}],"about":[{"href":"https:\/\/www.karpatov.com\/tr\/wp-json\/wp\/v2\/types\/page"}],"author":[{"embeddable":true,"href":"https:\/\/www.karpatov.com\/tr\/wp-json\/wp\/v2\/users\/1"}],"replies":[{"embeddable":true,"href":"https:\/\/www.karpatov.com\/tr\/wp-json\/wp\/v2\/comments?post=6569"}],"version-history":[{"count":5,"href":"https:\/\/www.karpatov.com\/tr\/wp-json\/wp\/v2\/pages\/6569\/revisions"}],"predecessor-version":[{"id":8636,"href":"https:\/\/www.karpatov.com\/tr\/wp-json\/wp\/v2\/pages\/6569\/revisions\/8636"}],"wp:featuredmedia":[{"embeddable":true,"href":"https:\/\/www.karpatov.com\/tr\/wp-json\/wp\/v2\/media\/7499"}],"wp:attachment":[{"href":"https:\/\/www.karpatov.com\/tr\/wp-json\/wp\/v2\/media?parent=6569"}],"curies":[{"name":"wp","href":"https:\/\/api.w.org\/{rel}","templated":true}]}}