{"id":6566,"date":"2020-07-17T15:39:37","date_gmt":"2020-07-17T12:39:37","guid":{"rendered":"http:\/\/karpatov.com\/?page_id=6566"},"modified":"2020-08-04T15:20:06","modified_gmt":"2020-08-04T12:20:06","slug":"meyve-ve-sebze-kurutma-teknolojisi","status":"publish","type":"page","link":"https:\/\/www.karpatov.com\/tr\/meyve-ve-sebze-kurutma-teknolojisi\/","title":{"rendered":"Meyve ve Sebze Kurutma Teknolojisi"},"content":{"rendered":"<p>[vc_row css=&#8221;.vc_custom_1452687555475{margin-bottom: 100px !important;}&#8221;][vc_column offset=&#8221;vc_col-lg-9 vc_col-md-9&#8243;][vc_custom_heading source=&#8221;post_title&#8221; use_theme_fonts=&#8221;yes&#8221; css=&#8221;.vc_custom_1596533265656{margin-bottom: 30px !important;}&#8221;][vc_row_inner css=&#8221;.vc_custom_1453271494452{margin-bottom: 50px !important;}&#8221;][vc_column_inner][vc_single_image source=&#8221;featured_image&#8221; img_size=&#8221;full&#8221;][\/vc_column_inner][\/vc_row_inner][vc_separator color=&#8221;custom&#8221; accent_color=&#8221;#dddddd&#8221; css=&#8221;.vc_custom_1453271595991{margin-bottom: 21px !important;}&#8221;][vc_row_inner css=&#8221;.vc_custom_1453271763899{margin-bottom: 33px !important;}&#8221;][vc_column_inner width=&#8221;1\/4&#8243; css=&#8221;.vc_custom_1453272656287{padding-right: 45px !important;}&#8221;][vc_custom_heading text=&#8221;PROJELEND\u0130RME VE PROJE DANI\u015eMANLI\u011eI&#8221; font_container=&#8221;tag:h3|font_size:24px|text_align:right|color:%23222222|line_height:30px&#8221; use_theme_fonts=&#8221;yes&#8221; css_animation=&#8221;fadeInUp&#8221;][\/vc_column_inner][vc_column_inner width=&#8221;3\/4&#8243; css=&#8221;.vc_custom_1453271259318{padding-top: 18px !important;}&#8221;][vc_column_text css_animation=&#8221;none&#8221;]Sebzeler kurutulduklar\u0131nda uzun dayan\u0131m s\u00fcresine ve daha y\u00fcksek aromaya sahip olurlar, yakla\u015f\u0131k 1 kg kuru \u00fcr\u00fcn elde etmek i\u00e7in 18 kg ya\u015f domates, 10 kg ya\u015f patl\u0131can,16 kg balkaba\u011f\u0131, 12 kg brokoli, 5 kg zeytin,12 kg ye\u015fil biber, 12 kg ya\u015f mantar, 10 kg k\u0131rm\u0131z\u0131 biber kullan\u0131lmaktad\u0131r. Bu oranlar suyun \u00fcr\u00fcn i\u00e7erisinden u\u00e7up geriye \u00fcr\u00fcn\u00fcn \u00f6z\u00fc kalmas\u0131 sebebiyledir. Bu y\u00fczden aroma ve tat \u00e7ok y\u00fcksek oranda artmaktad\u0131r.<\/p>\n<p>Kurutma sistemi sat\u0131n alacak m\u00fc\u015fterilerimize, sat\u0131n alacaklar\u0131 sistem kapasitesine uygun olan meyve-sebze y\u0131kama, kabuk soyma, muhtelif \u015fekillerde dilimleme yapan makinalarla ilgili fiyatlar verilecektir.<\/p>\n<p>M\u00fc\u015fteri ilk \u00f6nce hangi meyve veya sebzeyi kurutaca\u011f\u0131n\u0131,hangi formda kurutaca\u011f\u0131n\u0131 ve kurutma i\u00e7in hangi enerjiden (gaz,elektrik)faydalanaca\u011f\u0131n\u0131 s\u00f6ylemelidir.Makine kurulumu ger\u00e7ekle\u015ftirildikten sonra makineler \u00e7al\u0131\u015ft\u0131r\u0131lacak ve m\u00fc\u015fteriye KURUTMA TEKN\u0130\u011e\u0130 hakk\u0131nda bilgi ve deneyimler aktar\u0131lacak,kurulumu yap\u0131lan makineler ile m\u00fc\u015fterimizin en iyi verimi ve sonucu almas\u0131 sa\u011flanacakt\u0131r.[\/vc_column_text][\/vc_column_inner][\/vc_row_inner][vc_separator color=&#8221;custom&#8221; accent_color=&#8221;#dddddd&#8221; css=&#8221;.vc_custom_1453271595991{margin-bottom: 21px !important;}&#8221;][vc_row_inner css=&#8221;.vc_custom_1453272927441{margin-bottom: 33px !important;}&#8221;][vc_column_inner width=&#8221;1\/4&#8243; css=&#8221;.vc_custom_1453270747989{padding-right: 45px !important;}&#8221;][vc_custom_heading text=&#8221;ANAHTAR TESL\u0130M PROJE YAPIMI&#8221; font_container=&#8221;tag:h3|font_size:24px|text_align:right|color:%23222222|line_height:30px&#8221; use_theme_fonts=&#8221;yes&#8221; css_animation=&#8221;fadeInUp&#8221;][\/vc_column_inner][vc_column_inner width=&#8221;3\/4&#8243; css=&#8221;.vc_custom_1453271259318{padding-top: 18px !important;}&#8221;][vc_single_image image=&#8221;6899&#8243; img_size=&#8221;full&#8221; alignment=&#8221;center&#8221; style=&#8221;vc_box_rounded&#8221;][vc_column_text]<\/p>\n<ul>\n<li>Aflatoksin ve bakteri varl\u0131\u011f\u0131n\u0131 engelleyen hijyenik ve temiz imalat teknolojisi<\/li>\n<li>D\u00fc\u015f\u00fck enerji t\u00fcketimi ile y\u00fcksek verimlilik<\/li>\n<li>\u0130\u015f\u00e7ili\u011fin maliyetinin d\u00fc\u015f\u00fcr\u00fclmesi<\/li>\n<li>Farkl\u0131 enerji kaynaklar\u0131 ile \u00e7al\u0131\u015fmay\u0131 sa\u011flayan esnek tasar\u0131m<\/li>\n<\/ul>\n<p>[\/vc_column_text][\/vc_column_inner][\/vc_row_inner][\/vc_column][vc_column width=&#8221;1\/4&#8243; offset=&#8221;vc_hidden-sm vc_hidden-xs&#8221;][stm_sidebar sidebar=&#8221;311&#8243;][\/vc_column][\/vc_row]<\/p>\n","protected":false},"excerpt":{"rendered":"<p>[vc_row css=&#8221;.vc_custom_1452687555475{margin-bottom: 100px !important;}&#8221;][vc_column offset=&#8221;vc_col-lg-9 vc_col-md-9&#8243;][vc_custom_heading source=&#8221;post_title&#8221; use_theme_fonts=&#8221;yes&#8221; css=&#8221;.vc_custom_1596533265656{margin-bottom: 30px !important;}&#8221;][vc_row_inner css=&#8221;.vc_custom_1453271494452{margin-bottom: 50px !important;}&#8221;][vc_column_inner][vc_single_image source=&#8221;featured_image&#8221; img_size=&#8221;full&#8221;][\/vc_column_inner][\/vc_row_inner][vc_separator color=&#8221;custom&#8221; accent_color=&#8221;#dddddd&#8221; css=&#8221;.vc_custom_1453271595991{margin-bottom: 21px !important;}&#8221;][vc_row_inner css=&#8221;.vc_custom_1453271763899{margin-bottom: 33px !important;}&#8221;][vc_column_inner width=&#8221;1\/4&#8243; css=&#8221;.vc_custom_1453272656287{padding-right: 45px !important;}&#8221;][vc_custom_heading text=&#8221;PROJELEND\u0130RME VE PROJE DANI\u015eMANLI\u011eI&#8221; font_container=&#8221;tag:h3|font_size:24px|text_align:right|color:%23222222|line_height:30px&#8221; use_theme_fonts=&#8221;yes&#8221; css_animation=&#8221;fadeInUp&#8221;][\/vc_column_inner][vc_column_inner width=&#8221;3\/4&#8243; css=&#8221;.vc_custom_1453271259318{padding-top: 18px !important;}&#8221;][vc_column_text css_animation=&#8221;none&#8221;]Sebzeler kurutulduklar\u0131nda uzun dayan\u0131m s\u00fcresine ve daha y\u00fcksek aromaya sahip olurlar, yakla\u015f\u0131k 1 kg kuru \u00fcr\u00fcn<\/p>\n","protected":false},"author":1,"featured_media":6896,"parent":0,"menu_order":0,"comment_status":"closed","ping_status":"closed","template":"","meta":{"footnotes":""},"class_list":["post-6566","page","type-page","status-publish","has-post-thumbnail","hentry"],"yoast_head":"<!-- This site is optimized with the Yoast SEO Premium plugin v14.9 - https:\/\/yoast.com\/wordpress\/plugins\/seo\/ -->\n<title>Meyve ve Sebze Kurutma Teknolojisi - Karpatov Technology<\/title>\n<meta name=\"robots\" content=\"index, follow, max-snippet:-1, max-image-preview:large, max-video-preview:-1\" \/>\n<link rel=\"canonical\" href=\"https:\/\/www.karpatov.com\/tr\/meyve-ve-sebze-kurutma-teknolojisi\/\" \/>\n<meta property=\"og:locale\" content=\"tr_TR\" \/>\n<meta property=\"og:type\" content=\"article\" \/>\n<meta property=\"og:title\" content=\"Meyve ve Sebze Kurutma Teknolojisi - Karpatov Technology\" \/>\n<meta property=\"og:description\" content=\"[vc_row css=&#8221;.vc_custom_1452687555475{margin-bottom: 100px !important;}&#8221;][vc_column offset=&#8221;vc_col-lg-9 vc_col-md-9&#8243;][vc_custom_heading source=&#8221;post_title&#8221; use_theme_fonts=&#8221;yes&#8221; css=&#8221;.vc_custom_1596533265656{margin-bottom: 30px !important;}&#8221;][vc_row_inner css=&#8221;.vc_custom_1453271494452{margin-bottom: 50px !important;}&#8221;][vc_column_inner][vc_single_image source=&#8221;featured_image&#8221; img_size=&#8221;full&#8221;][\/vc_column_inner][\/vc_row_inner][vc_separator color=&#8221;custom&#8221; accent_color=&#8221;#dddddd&#8221; css=&#8221;.vc_custom_1453271595991{margin-bottom: 21px !important;}&#8221;][vc_row_inner css=&#8221;.vc_custom_1453271763899{margin-bottom: 33px !important;}&#8221;][vc_column_inner width=&#8221;1\/4&#8243; css=&#8221;.vc_custom_1453272656287{padding-right: 45px !important;}&#8221;][vc_custom_heading text=&#8221;PROJELEND\u0130RME VE PROJE DANI\u015eMANLI\u011eI&#8221; font_container=&#8221;tag:h3|font_size:24px|text_align:right|color:%23222222|line_height:30px&#8221; use_theme_fonts=&#8221;yes&#8221; css_animation=&#8221;fadeInUp&#8221;][\/vc_column_inner][vc_column_inner width=&#8221;3\/4&#8243; css=&#8221;.vc_custom_1453271259318{padding-top: 18px !important;}&#8221;][vc_column_text css_animation=&#8221;none&#8221;]Sebzeler kurutulduklar\u0131nda uzun dayan\u0131m s\u00fcresine ve daha y\u00fcksek aromaya sahip olurlar, yakla\u015f\u0131k 1 kg kuru \u00fcr\u00fcn\" \/>\n<meta property=\"og:url\" content=\"https:\/\/www.karpatov.com\/tr\/meyve-ve-sebze-kurutma-teknolojisi\/\" \/>\n<meta property=\"og:site_name\" content=\"Karpatov Technology\" \/>\n<meta property=\"article:modified_time\" content=\"2020-08-04T12:20:06+00:00\" \/>\n<meta property=\"og:image\" content=\"https:\/\/www.karpatov.com\/wp-content\/uploads\/2020\/08\/sebze-kurutma-1.jpg\" \/>\n\t<meta property=\"og:image:width\" content=\"1298\" \/>\n\t<meta property=\"og:image:height\" content=\"808\" \/>\n<meta name=\"twitter:card\" content=\"summary_large_image\" \/>\n<script type=\"application\/ld+json\" class=\"yoast-schema-graph\">{\"@context\":\"https:\/\/schema.org\",\"@graph\":[{\"@type\":\"WebSite\",\"@id\":\"https:\/\/www.karpatov.com\/tr\/#website\",\"url\":\"https:\/\/www.karpatov.com\/tr\/\",\"name\":\"Karpatov Technology\",\"description\":\"Karpatov Teknoloji\",\"potentialAction\":[{\"@type\":\"SearchAction\",\"target\":\"https:\/\/www.karpatov.com\/tr\/?s={search_term_string}\",\"query-input\":\"required name=search_term_string\"}],\"inLanguage\":\"tr\"},{\"@type\":\"ImageObject\",\"@id\":\"https:\/\/www.karpatov.com\/tr\/meyve-ve-sebze-kurutma-teknolojisi\/#primaryimage\",\"inLanguage\":\"tr\",\"url\":\"https:\/\/www.karpatov.com\/wp-content\/uploads\/2020\/08\/sebze-kurutma-1.jpg\",\"width\":1298,\"height\":808,\"caption\":\"sun dried tomatoes\"},{\"@type\":\"WebPage\",\"@id\":\"https:\/\/www.karpatov.com\/tr\/meyve-ve-sebze-kurutma-teknolojisi\/#webpage\",\"url\":\"https:\/\/www.karpatov.com\/tr\/meyve-ve-sebze-kurutma-teknolojisi\/\",\"name\":\"Meyve ve Sebze Kurutma Teknolojisi - Karpatov Technology\",\"isPartOf\":{\"@id\":\"https:\/\/www.karpatov.com\/tr\/#website\"},\"primaryImageOfPage\":{\"@id\":\"https:\/\/www.karpatov.com\/tr\/meyve-ve-sebze-kurutma-teknolojisi\/#primaryimage\"},\"datePublished\":\"2020-07-17T12:39:37+00:00\",\"dateModified\":\"2020-08-04T12:20:06+00:00\",\"inLanguage\":\"tr\",\"potentialAction\":[{\"@type\":\"ReadAction\",\"target\":[\"https:\/\/www.karpatov.com\/tr\/meyve-ve-sebze-kurutma-teknolojisi\/\"]}]}]}<\/script>\n<!-- \/ Yoast SEO Premium plugin. -->","_links":{"self":[{"href":"https:\/\/www.karpatov.com\/tr\/wp-json\/wp\/v2\/pages\/6566","targetHints":{"allow":["GET"]}}],"collection":[{"href":"https:\/\/www.karpatov.com\/tr\/wp-json\/wp\/v2\/pages"}],"about":[{"href":"https:\/\/www.karpatov.com\/tr\/wp-json\/wp\/v2\/types\/page"}],"author":[{"embeddable":true,"href":"https:\/\/www.karpatov.com\/tr\/wp-json\/wp\/v2\/users\/1"}],"replies":[{"embeddable":true,"href":"https:\/\/www.karpatov.com\/tr\/wp-json\/wp\/v2\/comments?post=6566"}],"version-history":[{"count":5,"href":"https:\/\/www.karpatov.com\/tr\/wp-json\/wp\/v2\/pages\/6566\/revisions"}],"predecessor-version":[{"id":7028,"href":"https:\/\/www.karpatov.com\/tr\/wp-json\/wp\/v2\/pages\/6566\/revisions\/7028"}],"wp:featuredmedia":[{"embeddable":true,"href":"https:\/\/www.karpatov.com\/tr\/wp-json\/wp\/v2\/media\/6896"}],"wp:attachment":[{"href":"https:\/\/www.karpatov.com\/tr\/wp-json\/wp\/v2\/media?parent=6566"}],"curies":[{"name":"wp","href":"https:\/\/api.w.org\/{rel}","templated":true}]}}