{"id":6564,"date":"2020-07-17T15:39:13","date_gmt":"2020-07-17T12:39:13","guid":{"rendered":"http:\/\/karpatov.com\/?page_id=6564"},"modified":"2020-09-29T12:01:08","modified_gmt":"2020-09-29T09:01:08","slug":"meyve-isleme-ve-recel-marmelat-salca-tesisleri","status":"publish","type":"page","link":"https:\/\/www.karpatov.com\/tr\/meyve-isleme-ve-recel-marmelat-salca-tesisleri\/","title":{"rendered":"Meyve \u0130\u015fleme ve Recel, Marmelat, Sal\u00e7a Tesisleri"},"content":{"rendered":"<p>[vc_row css=&#8221;.vc_custom_1452687555475{margin-bottom: 100px !important;}&#8221;][vc_column offset=&#8221;vc_col-lg-9 vc_col-md-9&#8243;][vc_custom_heading source=&#8221;post_title&#8221; use_theme_fonts=&#8221;yes&#8221; css=&#8221;.vc_custom_1596533265656{margin-bottom: 30px !important;}&#8221;][vc_row_inner css=&#8221;.vc_custom_1453271494452{margin-bottom: 50px !important;}&#8221;][vc_column_inner][vc_single_image source=&#8221;featured_image&#8221; img_size=&#8221;full&#8221;][\/vc_column_inner][\/vc_row_inner][vc_separator color=&#8221;custom&#8221; accent_color=&#8221;#dddddd&#8221; css=&#8221;.vc_custom_1453271595991{margin-bottom: 21px !important;}&#8221;][vc_row_inner css=&#8221;.vc_custom_1453271763899{margin-bottom: 33px !important;}&#8221;][vc_column_inner width=&#8221;1\/4&#8243; css=&#8221;.vc_custom_1453272656287{padding-right: 45px !important;}&#8221;][vc_custom_heading text=&#8221;PROJELEND\u0130RME VE PROJE DANI\u015eMANLI\u011eI&#8221; font_container=&#8221;tag:h3|font_size:24px|text_align:right|color:%23222222|line_height:30px&#8221; use_theme_fonts=&#8221;yes&#8221; css_animation=&#8221;fadeInUp&#8221;][\/vc_column_inner][vc_column_inner width=&#8221;3\/4&#8243; css=&#8221;.vc_custom_1453271259318{padding-top: 18px !important;}&#8221;][vc_single_image image=&#8221;7994&#8243; img_size=&#8221;full&#8221; alignment=&#8221;center&#8221; style=&#8221;vc_box_rounded&#8221;][vc_column_text]Domates ve biber,\u00a0 ve b\u00fct\u00fcn meyveler,uzun d\u00f6nemde muhafaza edilmesi m\u00fcmk\u00fcn olmayan \u00fcr\u00fcnlerdir.<\/p>\n<p>End\u00fcstriyel i\u015fleme sayesinde, bu \u00fcr\u00fcnlerin kullan\u0131m olanaklar\u0131 ve s\u00fcresi artt\u0131r\u0131lmaktad\u0131r.<\/p>\n<p>B\u00f6ylece arz esnekli\u011fi bir \u00f6l\u00e7\u00fcde art\u0131r\u0131larak, fiyatlar\u0131n tar\u0131m kesimi \u00fcreticisi lehine de\u011fi\u015fmesine katk\u0131da bulunulmakta,ayn\u0131 zamanda normal \u00fcretim d\u00f6neminde t\u00fcketilemeyen \u00fcr\u00fcn\u00fcn ziyan olmas\u0131n\u0131 \u00f6nleme konusunda \u00f6nemli bir \u00e7\u00f6z\u00fcm getirmektedir.<\/p>\n<p>Tar\u0131m \u00fcr\u00fcnlerinin i\u015flenmesi sayesinde, geli\u015fen ve de\u011fi\u015fen t\u00fcketici tercihlerine cevap verilmesinin yan\u0131 s\u0131ra,h\u0131zl\u0131 ve zorla\u015fan ya\u015fam ko\u015fullar\u0131 i\u00e7erisinde kolayla\u015ft\u0131r\u0131c\u0131 alternatifler ortaya \u00e7\u0131kmakta,bu durum \u00f6zellikle \u00e7al\u0131\u015fan kad\u0131nlar a\u00e7\u0131s\u0131ndan \u00f6nemli avantajlar sa\u011flamaktad\u0131r.[\/vc_column_text][\/vc_column_inner][\/vc_row_inner][vc_separator color=&#8221;custom&#8221; accent_color=&#8221;#dddddd&#8221; css=&#8221;.vc_custom_1453271595991{margin-bottom: 21px !important;}&#8221;][vc_row_inner css=&#8221;.vc_custom_1453272927441{margin-bottom: 33px !important;}&#8221;][vc_column_inner width=&#8221;1\/4&#8243; css=&#8221;.vc_custom_1453270747989{padding-right: 45px !important;}&#8221;][vc_custom_heading text=&#8221;ANAHTAR TESL\u0130M PROJE YAPIMI&#8221; font_container=&#8221;tag:h3|font_size:24px|text_align:right|color:%23222222|line_height:30px&#8221; use_theme_fonts=&#8221;yes&#8221; css_animation=&#8221;fadeInUp&#8221;][\/vc_column_inner][vc_column_inner width=&#8221;3\/4&#8243; css=&#8221;.vc_custom_1453271259318{padding-top: 18px !important;}&#8221;][vc_single_image image=&#8221;6880&#8243; img_size=&#8221;full&#8221; alignment=&#8221;center&#8221; style=&#8221;vc_box_rounded&#8221;][vc_column_text]Y\u00fcksek kalitede \u00fcr\u00fcn\u00fc besin de\u011feri, renk ve meyve lezzetini koruyarak elde eden komple<strong> RE\u00c7EL VE MARMELAT \u00dcRET\u0130M HATTI KURULUMU.<\/strong><\/p>\n<p>Taze domatesten ba\u015flayarak kavanoz veya teneke kutulara otomatik dolum a\u015famas\u0131na kadar uluslararas\u0131 kriterlere g\u00f6re en y\u00fcksek standartlarda <strong>SAL\u00c7A \u00dcRET\u0130M HATTI KURULUMU.<\/strong>[\/vc_column_text][\/vc_column_inner][\/vc_row_inner][\/vc_column][vc_column width=&#8221;1\/4&#8243; offset=&#8221;vc_hidden-sm vc_hidden-xs&#8221;][stm_sidebar sidebar=&#8221;311&#8243;][\/vc_column][\/vc_row]<\/p>\n","protected":false},"excerpt":{"rendered":"<p>[vc_row css=&#8221;.vc_custom_1452687555475{margin-bottom: 100px !important;}&#8221;][vc_column offset=&#8221;vc_col-lg-9 vc_col-md-9&#8243;][vc_custom_heading source=&#8221;post_title&#8221; use_theme_fonts=&#8221;yes&#8221; css=&#8221;.vc_custom_1596533265656{margin-bottom: 30px !important;}&#8221;][vc_row_inner css=&#8221;.vc_custom_1453271494452{margin-bottom: 50px !important;}&#8221;][vc_column_inner][vc_single_image source=&#8221;featured_image&#8221; img_size=&#8221;full&#8221;][\/vc_column_inner][\/vc_row_inner][vc_separator color=&#8221;custom&#8221; accent_color=&#8221;#dddddd&#8221; css=&#8221;.vc_custom_1453271595991{margin-bottom: 21px !important;}&#8221;][vc_row_inner css=&#8221;.vc_custom_1453271763899{margin-bottom: 33px !important;}&#8221;][vc_column_inner width=&#8221;1\/4&#8243; css=&#8221;.vc_custom_1453272656287{padding-right: 45px !important;}&#8221;][vc_custom_heading text=&#8221;PROJELEND\u0130RME VE PROJE DANI\u015eMANLI\u011eI&#8221; font_container=&#8221;tag:h3|font_size:24px|text_align:right|color:%23222222|line_height:30px&#8221; use_theme_fonts=&#8221;yes&#8221; css_animation=&#8221;fadeInUp&#8221;][\/vc_column_inner][vc_column_inner width=&#8221;3\/4&#8243; css=&#8221;.vc_custom_1453271259318{padding-top: 18px !important;}&#8221;][vc_single_image image=&#8221;7994&#8243; img_size=&#8221;full&#8221; alignment=&#8221;center&#8221; style=&#8221;vc_box_rounded&#8221;][vc_column_text]Domates ve biber,\u00a0 ve b\u00fct\u00fcn meyveler,uzun d\u00f6nemde muhafaza edilmesi m\u00fcmk\u00fcn olmayan \u00fcr\u00fcnlerdir. End\u00fcstriyel<\/p>\n","protected":false},"author":1,"featured_media":6877,"parent":0,"menu_order":0,"comment_status":"closed","ping_status":"closed","template":"","meta":{"footnotes":""},"class_list":["post-6564","page","type-page","status-publish","has-post-thumbnail","hentry"],"yoast_head":"<!-- This site is optimized with the Yoast SEO Premium plugin v14.9 - https:\/\/yoast.com\/wordpress\/plugins\/seo\/ -->\n<title>Meyve \u0130\u015fleme ve Recel, Marmelat, Sal\u00e7a Tesisleri - Karpatov Technology<\/title>\n<meta name=\"robots\" content=\"index, follow, max-snippet:-1, max-image-preview:large, max-video-preview:-1\" \/>\n<link rel=\"canonical\" href=\"https:\/\/www.karpatov.com\/tr\/meyve-isleme-ve-recel-marmelat-salca-tesisleri\/\" \/>\n<meta property=\"og:locale\" content=\"tr_TR\" \/>\n<meta property=\"og:type\" content=\"article\" \/>\n<meta property=\"og:title\" content=\"Meyve \u0130\u015fleme ve Recel, Marmelat, Sal\u00e7a Tesisleri - Karpatov Technology\" \/>\n<meta property=\"og:description\" content=\"[vc_row css=&#8221;.vc_custom_1452687555475{margin-bottom: 100px !important;}&#8221;][vc_column offset=&#8221;vc_col-lg-9 vc_col-md-9&#8243;][vc_custom_heading source=&#8221;post_title&#8221; use_theme_fonts=&#8221;yes&#8221; css=&#8221;.vc_custom_1596533265656{margin-bottom: 30px !important;}&#8221;][vc_row_inner css=&#8221;.vc_custom_1453271494452{margin-bottom: 50px !important;}&#8221;][vc_column_inner][vc_single_image source=&#8221;featured_image&#8221; img_size=&#8221;full&#8221;][\/vc_column_inner][\/vc_row_inner][vc_separator color=&#8221;custom&#8221; accent_color=&#8221;#dddddd&#8221; css=&#8221;.vc_custom_1453271595991{margin-bottom: 21px !important;}&#8221;][vc_row_inner css=&#8221;.vc_custom_1453271763899{margin-bottom: 33px !important;}&#8221;][vc_column_inner width=&#8221;1\/4&#8243; css=&#8221;.vc_custom_1453272656287{padding-right: 45px !important;}&#8221;][vc_custom_heading text=&#8221;PROJELEND\u0130RME VE PROJE DANI\u015eMANLI\u011eI&#8221; font_container=&#8221;tag:h3|font_size:24px|text_align:right|color:%23222222|line_height:30px&#8221; use_theme_fonts=&#8221;yes&#8221; css_animation=&#8221;fadeInUp&#8221;][\/vc_column_inner][vc_column_inner width=&#8221;3\/4&#8243; css=&#8221;.vc_custom_1453271259318{padding-top: 18px !important;}&#8221;][vc_single_image image=&#8221;7994&#8243; img_size=&#8221;full&#8221; alignment=&#8221;center&#8221; style=&#8221;vc_box_rounded&#8221;][vc_column_text]Domates ve biber,\u00a0 ve b\u00fct\u00fcn meyveler,uzun d\u00f6nemde muhafaza edilmesi m\u00fcmk\u00fcn olmayan \u00fcr\u00fcnlerdir. End\u00fcstriyel\" \/>\n<meta property=\"og:url\" content=\"https:\/\/www.karpatov.com\/tr\/meyve-isleme-ve-recel-marmelat-salca-tesisleri\/\" \/>\n<meta property=\"og:site_name\" content=\"Karpatov Technology\" \/>\n<meta property=\"article:modified_time\" content=\"2020-09-29T09:01:08+00:00\" \/>\n<meta property=\"og:image\" content=\"https:\/\/www.karpatov.com\/wp-content\/uploads\/2020\/08\/jam-production.jpg\" \/>\n\t<meta property=\"og:image:width\" content=\"1222\" \/>\n\t<meta property=\"og:image:height\" content=\"815\" \/>\n<meta name=\"twitter:card\" content=\"summary_large_image\" \/>\n<script type=\"application\/ld+json\" class=\"yoast-schema-graph\">{\"@context\":\"https:\/\/schema.org\",\"@graph\":[{\"@type\":\"WebSite\",\"@id\":\"https:\/\/www.karpatov.com\/tr\/#website\",\"url\":\"https:\/\/www.karpatov.com\/tr\/\",\"name\":\"Karpatov Technology\",\"description\":\"Karpatov Teknoloji\",\"potentialAction\":[{\"@type\":\"SearchAction\",\"target\":\"https:\/\/www.karpatov.com\/tr\/?s={search_term_string}\",\"query-input\":\"required name=search_term_string\"}],\"inLanguage\":\"tr\"},{\"@type\":\"ImageObject\",\"@id\":\"https:\/\/www.karpatov.com\/tr\/meyve-isleme-ve-recel-marmelat-salca-tesisleri\/#primaryimage\",\"inLanguage\":\"tr\",\"url\":\"https:\/\/www.karpatov.com\/wp-content\/uploads\/2020\/08\/jam-production.jpg\",\"width\":1222,\"height\":815},{\"@type\":\"WebPage\",\"@id\":\"https:\/\/www.karpatov.com\/tr\/meyve-isleme-ve-recel-marmelat-salca-tesisleri\/#webpage\",\"url\":\"https:\/\/www.karpatov.com\/tr\/meyve-isleme-ve-recel-marmelat-salca-tesisleri\/\",\"name\":\"Meyve \\u0130\\u015fleme ve Recel, Marmelat, Sal\\u00e7a Tesisleri - Karpatov Technology\",\"isPartOf\":{\"@id\":\"https:\/\/www.karpatov.com\/tr\/#website\"},\"primaryImageOfPage\":{\"@id\":\"https:\/\/www.karpatov.com\/tr\/meyve-isleme-ve-recel-marmelat-salca-tesisleri\/#primaryimage\"},\"datePublished\":\"2020-07-17T12:39:13+00:00\",\"dateModified\":\"2020-09-29T09:01:08+00:00\",\"inLanguage\":\"tr\",\"potentialAction\":[{\"@type\":\"ReadAction\",\"target\":[\"https:\/\/www.karpatov.com\/tr\/meyve-isleme-ve-recel-marmelat-salca-tesisleri\/\"]}]}]}<\/script>\n<!-- \/ Yoast SEO Premium plugin. -->","_links":{"self":[{"href":"https:\/\/www.karpatov.com\/tr\/wp-json\/wp\/v2\/pages\/6564","targetHints":{"allow":["GET"]}}],"collection":[{"href":"https:\/\/www.karpatov.com\/tr\/wp-json\/wp\/v2\/pages"}],"about":[{"href":"https:\/\/www.karpatov.com\/tr\/wp-json\/wp\/v2\/types\/page"}],"author":[{"embeddable":true,"href":"https:\/\/www.karpatov.com\/tr\/wp-json\/wp\/v2\/users\/1"}],"replies":[{"embeddable":true,"href":"https:\/\/www.karpatov.com\/tr\/wp-json\/wp\/v2\/comments?post=6564"}],"version-history":[{"count":5,"href":"https:\/\/www.karpatov.com\/tr\/wp-json\/wp\/v2\/pages\/6564\/revisions"}],"predecessor-version":[{"id":7998,"href":"https:\/\/www.karpatov.com\/tr\/wp-json\/wp\/v2\/pages\/6564\/revisions\/7998"}],"wp:featuredmedia":[{"embeddable":true,"href":"https:\/\/www.karpatov.com\/tr\/wp-json\/wp\/v2\/media\/6877"}],"wp:attachment":[{"href":"https:\/\/www.karpatov.com\/tr\/wp-json\/wp\/v2\/media?parent=6564"}],"curies":[{"name":"wp","href":"https:\/\/api.w.org\/{rel}","templated":true}]}}