{"id":6562,"date":"2020-07-17T15:38:39","date_gmt":"2020-07-17T12:38:39","guid":{"rendered":"http:\/\/karpatov.com\/?page_id=6562"},"modified":"2020-09-07T11:46:20","modified_gmt":"2020-09-07T08:46:20","slug":"salam-sosis-uretim-tesisleri","status":"publish","type":"page","link":"https:\/\/www.karpatov.com\/tr\/salam-sosis-uretim-tesisleri\/","title":{"rendered":"Salam &#8211; Sosis \u00dcretim Tesisleri"},"content":{"rendered":"<p>[vc_row css=&#8221;.vc_custom_1452687555475{margin-bottom: 100px !important;}&#8221;][vc_column offset=&#8221;vc_col-lg-9 vc_col-md-9&#8243;][vc_custom_heading source=&#8221;post_title&#8221; use_theme_fonts=&#8221;yes&#8221; css=&#8221;.vc_custom_1596533265656{margin-bottom: 30px !important;}&#8221;][vc_row_inner css=&#8221;.vc_custom_1453271494452{margin-bottom: 50px !important;}&#8221;][vc_column_inner][vc_single_image source=&#8221;featured_image&#8221; img_size=&#8221;full&#8221;][\/vc_column_inner][\/vc_row_inner][vc_separator color=&#8221;custom&#8221; accent_color=&#8221;#dddddd&#8221; css=&#8221;.vc_custom_1453271595991{margin-bottom: 21px !important;}&#8221;][vc_row_inner css=&#8221;.vc_custom_1453271763899{margin-bottom: 33px !important;}&#8221;][vc_column_inner width=&#8221;1\/4&#8243; css=&#8221;.vc_custom_1453272656287{padding-right: 45px !important;}&#8221;][vc_custom_heading text=&#8221;PROJELEND\u0130RME VE PROJE DANI\u015eMANLI\u011eI&#8221; font_container=&#8221;tag:h3|font_size:24px|text_align:right|color:%23222222|line_height:30px&#8221; use_theme_fonts=&#8221;yes&#8221; css_animation=&#8221;fadeInUp&#8221;][\/vc_column_inner][vc_column_inner width=&#8221;3\/4&#8243; css=&#8221;.vc_custom_1453271259318{padding-top: 18px !important;}&#8221;][vc_column_text css_animation=&#8221;none&#8221;]Herhangi bir teknolojik i\u015flemden ge\u00e7irilerek yeni tat, koku, yap\u0131 ve d\u0131\u015f g\u00f6r\u00fcn\u00fc\u015f kazand\u0131r\u0131lm\u0131\u015f, dayan\u0131kl\u0131l\u0131\u011f\u0131 artt\u0131r\u0131lm\u0131\u015f \u00fcr\u00fcne et \u00fcr\u00fcn\u00fc denilmektedir.<\/p>\n<p><strong>Sosis ve Salam;<\/strong> b\u00fcy\u00fck ve k\u00fc\u00e7\u00fckba\u015f kasapl\u0131k hayvan veya hindi, tavuk gibi kanatl\u0131 hayvan etlerinin gerekli katk\u0131 maddeleri ile kar\u0131\u015ft\u0131r\u0131larak haz\u0131rlanan hamurun k\u0131l\u0131flara doldurulmas\u0131 ve muhtelif \u015fekillere sokulmas\u0131, y\u00f6ntemine g\u00f6re dumanlanmas\u0131 ve ha\u015flanmas\u0131 ile elde edilen et \u00fcr\u00fcn\u00fcd\u00fcr.<\/p>\n<p>Bunlar\u0131n yan\u0131nda farkl\u0131 y\u00f6ntemlerle \u00fcretilen kaplamal\u0131 et \u00fcr\u00fcnleri de mevcuttur.<\/p>\n<p>Kurmay\u0131 d\u00fc\u015f\u00fcnd\u00fc\u011f\u00fcn\u00fcz tesis ekibimizde yer alan uzmanlarca projelendirilir ve tesisiniz bilimsel esaslara g\u00f6re yap\u0131larak size \u00fcretime haz\u0131r halde teslim edilir.[\/vc_column_text][\/vc_column_inner][\/vc_row_inner][vc_separator color=&#8221;custom&#8221; accent_color=&#8221;#dddddd&#8221; css=&#8221;.vc_custom_1453271595991{margin-bottom: 21px !important;}&#8221;][vc_row_inner css=&#8221;.vc_custom_1453272927441{margin-bottom: 33px !important;}&#8221;][vc_column_inner width=&#8221;1\/4&#8243; css=&#8221;.vc_custom_1453270747989{padding-right: 45px !important;}&#8221;][vc_custom_heading text=&#8221;ANAHTAR TESL\u0130M PROJE YAPIMI&#8221; font_container=&#8221;tag:h3|font_size:24px|text_align:right|color:%23222222|line_height:30px&#8221; use_theme_fonts=&#8221;yes&#8221; css_animation=&#8221;fadeInUp&#8221;][\/vc_column_inner][vc_column_inner width=&#8221;3\/4&#8243; css=&#8221;.vc_custom_1453271259318{padding-top: 18px !important;}&#8221;][vc_single_image image=&#8221;6867&#8243; img_size=&#8221;full&#8221; alignment=&#8221;center&#8221; style=&#8221;vc_box_rounded&#8221;][vc_column_text]M\u00fc\u015fterilerimizin, ihtiya\u00e7 ve beklentilerini en y\u00fcksek seviyede kar\u015f\u0131lamak amac\u0131yla, Fizibilite Ekibimizin \u00f6nceden yapt\u0131\u011f\u0131 analizler yat\u0131r\u0131mc\u0131lar\u0131m\u0131za sunulur. T\u00fcm tesisler, m\u00fc\u015fterimizin sahip oldu\u011fu alana ve ihtiya\u00e7lar\u0131na g\u00f6re tasarlan\u0131r.[\/vc_column_text][\/vc_column_inner][\/vc_row_inner][\/vc_column][vc_column width=&#8221;1\/4&#8243; offset=&#8221;vc_hidden-sm vc_hidden-xs&#8221;][stm_sidebar sidebar=&#8221;311&#8243;][\/vc_column][\/vc_row]<\/p>\n","protected":false},"excerpt":{"rendered":"<p>[vc_row css=&#8221;.vc_custom_1452687555475{margin-bottom: 100px !important;}&#8221;][vc_column offset=&#8221;vc_col-lg-9 vc_col-md-9&#8243;][vc_custom_heading source=&#8221;post_title&#8221; use_theme_fonts=&#8221;yes&#8221; css=&#8221;.vc_custom_1596533265656{margin-bottom: 30px !important;}&#8221;][vc_row_inner css=&#8221;.vc_custom_1453271494452{margin-bottom: 50px !important;}&#8221;][vc_column_inner][vc_single_image source=&#8221;featured_image&#8221; img_size=&#8221;full&#8221;][\/vc_column_inner][\/vc_row_inner][vc_separator color=&#8221;custom&#8221; accent_color=&#8221;#dddddd&#8221; css=&#8221;.vc_custom_1453271595991{margin-bottom: 21px !important;}&#8221;][vc_row_inner css=&#8221;.vc_custom_1453271763899{margin-bottom: 33px !important;}&#8221;][vc_column_inner width=&#8221;1\/4&#8243; css=&#8221;.vc_custom_1453272656287{padding-right: 45px !important;}&#8221;][vc_custom_heading text=&#8221;PROJELEND\u0130RME VE PROJE DANI\u015eMANLI\u011eI&#8221; font_container=&#8221;tag:h3|font_size:24px|text_align:right|color:%23222222|line_height:30px&#8221; use_theme_fonts=&#8221;yes&#8221; css_animation=&#8221;fadeInUp&#8221;][\/vc_column_inner][vc_column_inner width=&#8221;3\/4&#8243; css=&#8221;.vc_custom_1453271259318{padding-top: 18px !important;}&#8221;][vc_column_text css_animation=&#8221;none&#8221;]Herhangi bir teknolojik i\u015flemden ge\u00e7irilerek yeni tat, koku, yap\u0131 ve d\u0131\u015f g\u00f6r\u00fcn\u00fc\u015f kazand\u0131r\u0131lm\u0131\u015f, dayan\u0131kl\u0131l\u0131\u011f\u0131 artt\u0131r\u0131lm\u0131\u015f \u00fcr\u00fcne<\/p>\n","protected":false},"author":1,"featured_media":7418,"parent":0,"menu_order":0,"comment_status":"closed","ping_status":"closed","template":"","meta":{"footnotes":""},"class_list":["post-6562","page","type-page","status-publish","has-post-thumbnail","hentry"],"yoast_head":"<!-- This site is optimized with the Yoast SEO Premium plugin v14.9 - https:\/\/yoast.com\/wordpress\/plugins\/seo\/ -->\n<title>Salam - Sosis \u00dcretim Tesisleri - Karpatov Technology<\/title>\n<meta name=\"robots\" content=\"index, follow, max-snippet:-1, max-image-preview:large, max-video-preview:-1\" \/>\n<link rel=\"canonical\" href=\"https:\/\/www.karpatov.com\/tr\/salam-sosis-uretim-tesisleri\/\" \/>\n<meta property=\"og:locale\" content=\"tr_TR\" \/>\n<meta property=\"og:type\" content=\"article\" \/>\n<meta property=\"og:title\" content=\"Salam - Sosis \u00dcretim Tesisleri - Karpatov Technology\" \/>\n<meta property=\"og:description\" content=\"[vc_row css=&#8221;.vc_custom_1452687555475{margin-bottom: 100px !important;}&#8221;][vc_column offset=&#8221;vc_col-lg-9 vc_col-md-9&#8243;][vc_custom_heading source=&#8221;post_title&#8221; use_theme_fonts=&#8221;yes&#8221; css=&#8221;.vc_custom_1596533265656{margin-bottom: 30px !important;}&#8221;][vc_row_inner css=&#8221;.vc_custom_1453271494452{margin-bottom: 50px !important;}&#8221;][vc_column_inner][vc_single_image source=&#8221;featured_image&#8221; img_size=&#8221;full&#8221;][\/vc_column_inner][\/vc_row_inner][vc_separator color=&#8221;custom&#8221; accent_color=&#8221;#dddddd&#8221; css=&#8221;.vc_custom_1453271595991{margin-bottom: 21px !important;}&#8221;][vc_row_inner css=&#8221;.vc_custom_1453271763899{margin-bottom: 33px !important;}&#8221;][vc_column_inner width=&#8221;1\/4&#8243; css=&#8221;.vc_custom_1453272656287{padding-right: 45px !important;}&#8221;][vc_custom_heading text=&#8221;PROJELEND\u0130RME VE PROJE DANI\u015eMANLI\u011eI&#8221; font_container=&#8221;tag:h3|font_size:24px|text_align:right|color:%23222222|line_height:30px&#8221; use_theme_fonts=&#8221;yes&#8221; css_animation=&#8221;fadeInUp&#8221;][\/vc_column_inner][vc_column_inner width=&#8221;3\/4&#8243; css=&#8221;.vc_custom_1453271259318{padding-top: 18px !important;}&#8221;][vc_column_text css_animation=&#8221;none&#8221;]Herhangi bir teknolojik i\u015flemden ge\u00e7irilerek yeni tat, koku, yap\u0131 ve d\u0131\u015f g\u00f6r\u00fcn\u00fc\u015f kazand\u0131r\u0131lm\u0131\u015f, dayan\u0131kl\u0131l\u0131\u011f\u0131 artt\u0131r\u0131lm\u0131\u015f \u00fcr\u00fcne\" \/>\n<meta property=\"og:url\" content=\"https:\/\/www.karpatov.com\/tr\/salam-sosis-uretim-tesisleri\/\" \/>\n<meta property=\"og:site_name\" content=\"Karpatov Technology\" \/>\n<meta property=\"article:modified_time\" content=\"2020-09-07T08:46:20+00:00\" \/>\n<meta property=\"og:image\" content=\"https:\/\/www.karpatov.com\/wp-content\/uploads\/2020\/09\/SALAM-SOSI\u0307S-TESI\u0307SLERI\u0307.jpeg\" \/>\n\t<meta property=\"og:image:width\" content=\"1575\" \/>\n\t<meta property=\"og:image:height\" content=\"1260\" \/>\n<meta name=\"twitter:card\" content=\"summary_large_image\" \/>\n<script type=\"application\/ld+json\" class=\"yoast-schema-graph\">{\"@context\":\"https:\/\/schema.org\",\"@graph\":[{\"@type\":\"WebSite\",\"@id\":\"https:\/\/www.karpatov.com\/tr\/#website\",\"url\":\"https:\/\/www.karpatov.com\/tr\/\",\"name\":\"Karpatov Technology\",\"description\":\"Karpatov Teknoloji\",\"potentialAction\":[{\"@type\":\"SearchAction\",\"target\":\"https:\/\/www.karpatov.com\/tr\/?s={search_term_string}\",\"query-input\":\"required name=search_term_string\"}],\"inLanguage\":\"tr\"},{\"@type\":\"ImageObject\",\"@id\":\"https:\/\/www.karpatov.com\/tr\/salam-sosis-uretim-tesisleri\/#primaryimage\",\"inLanguage\":\"tr\",\"url\":\"https:\/\/www.karpatov.com\/wp-content\/uploads\/2020\/09\/SALAM-SOSI\\u0307S-TESI\\u0307SLERI\\u0307.jpeg\",\"width\":1575,\"height\":1260},{\"@type\":\"WebPage\",\"@id\":\"https:\/\/www.karpatov.com\/tr\/salam-sosis-uretim-tesisleri\/#webpage\",\"url\":\"https:\/\/www.karpatov.com\/tr\/salam-sosis-uretim-tesisleri\/\",\"name\":\"Salam - Sosis \\u00dcretim Tesisleri - Karpatov Technology\",\"isPartOf\":{\"@id\":\"https:\/\/www.karpatov.com\/tr\/#website\"},\"primaryImageOfPage\":{\"@id\":\"https:\/\/www.karpatov.com\/tr\/salam-sosis-uretim-tesisleri\/#primaryimage\"},\"datePublished\":\"2020-07-17T12:38:39+00:00\",\"dateModified\":\"2020-09-07T08:46:20+00:00\",\"inLanguage\":\"tr\",\"potentialAction\":[{\"@type\":\"ReadAction\",\"target\":[\"https:\/\/www.karpatov.com\/tr\/salam-sosis-uretim-tesisleri\/\"]}]}]}<\/script>\n<!-- \/ Yoast SEO Premium plugin. -->","_links":{"self":[{"href":"https:\/\/www.karpatov.com\/tr\/wp-json\/wp\/v2\/pages\/6562","targetHints":{"allow":["GET"]}}],"collection":[{"href":"https:\/\/www.karpatov.com\/tr\/wp-json\/wp\/v2\/pages"}],"about":[{"href":"https:\/\/www.karpatov.com\/tr\/wp-json\/wp\/v2\/types\/page"}],"author":[{"embeddable":true,"href":"https:\/\/www.karpatov.com\/tr\/wp-json\/wp\/v2\/users\/1"}],"replies":[{"embeddable":true,"href":"https:\/\/www.karpatov.com\/tr\/wp-json\/wp\/v2\/comments?post=6562"}],"version-history":[{"count":7,"href":"https:\/\/www.karpatov.com\/tr\/wp-json\/wp\/v2\/pages\/6562\/revisions"}],"predecessor-version":[{"id":7025,"href":"https:\/\/www.karpatov.com\/tr\/wp-json\/wp\/v2\/pages\/6562\/revisions\/7025"}],"wp:featuredmedia":[{"embeddable":true,"href":"https:\/\/www.karpatov.com\/tr\/wp-json\/wp\/v2\/media\/7418"}],"wp:attachment":[{"href":"https:\/\/www.karpatov.com\/tr\/wp-json\/wp\/v2\/media?parent=6562"}],"curies":[{"name":"wp","href":"https:\/\/api.w.org\/{rel}","templated":true}]}}