{"id":6560,"date":"2020-07-17T15:38:18","date_gmt":"2020-07-17T12:38:18","guid":{"rendered":"http:\/\/karpatov.com\/?page_id=6560"},"modified":"2020-08-04T15:19:01","modified_gmt":"2020-08-04T12:19:01","slug":"sut-isleme-tesisleri","status":"publish","type":"page","link":"https:\/\/www.karpatov.com\/tr\/sut-isleme-tesisleri\/","title":{"rendered":"S\u00fct \u0130\u015fleme Tesisleri"},"content":{"rendered":"<p>[vc_row css=&#8221;.vc_custom_1452687555475{margin-bottom: 100px !important;}&#8221;][vc_column offset=&#8221;vc_col-lg-9 vc_col-md-9&#8243;][vc_custom_heading source=&#8221;post_title&#8221; use_theme_fonts=&#8221;yes&#8221; css=&#8221;.vc_custom_1596533265656{margin-bottom: 30px !important;}&#8221;][vc_row_inner css=&#8221;.vc_custom_1453271494452{margin-bottom: 50px !important;}&#8221;][vc_column_inner][vc_single_image source=&#8221;featured_image&#8221; img_size=&#8221;full&#8221;][\/vc_column_inner][\/vc_row_inner][vc_separator color=&#8221;custom&#8221; accent_color=&#8221;#dddddd&#8221; css=&#8221;.vc_custom_1453271595991{margin-bottom: 21px !important;}&#8221;][vc_row_inner css=&#8221;.vc_custom_1453271763899{margin-bottom: 33px !important;}&#8221;][vc_column_inner width=&#8221;1\/4&#8243; css=&#8221;.vc_custom_1453272656287{padding-right: 45px !important;}&#8221;][vc_custom_heading text=&#8221;PROJELEND\u0130RME VE PROJE DANI\u015eMANLI\u011eI&#8221; font_container=&#8221;tag:h3|font_size:24px|text_align:right|color:%23222222|line_height:30px&#8221; use_theme_fonts=&#8221;yes&#8221; css_animation=&#8221;fadeInUp&#8221;][\/vc_column_inner][vc_column_inner width=&#8221;3\/4&#8243; css=&#8221;.vc_custom_1453271259318{padding-top: 18px !important;}&#8221;][vc_column_text css_animation=&#8221;none&#8221;]S\u00fct, canl\u0131n\u0131n geli\u015fmesi, ya\u015fayabilmesi ve verimli olabilmesi i\u00e7in gerekli olan t\u00fcm maddeleri hemen hemen tam ve dengeli olarak bile\u015fiminde bulunduran bir besindir. \u0130nek s\u00fct\u00fcn\u00fcn %86,9\u2019unu su, %3,54\u2019\u00fcn\u00fc protein, %3,92\u2019sini ya\u011f, %4,93\u2019\u00fcn\u00fc karbonhidrat (Laktoz), %0,71\u2019ini madensel maddeler ve geriye kalan k\u0131sm\u0131n\u0131 di\u011fer maddeler olu\u015fturur. Di\u011fer maddeler gazlar (Oksijen, azot, karbondioksit), vitaminler ve enzimlerdir. Madensel maddeler ise fosfor (%19), potasyum (%18), kalsiyum (%17), klor (%14), sodyum (%10), magnezyum (%2) ve demir (binde 2) olarak say\u0131labilir.<\/p>\n<p>Bunlar v\u00fccutta kemik, di\u015f, kan ve baz\u0131 hormonlar\u0131n olu\u015fumunda, sinir sisteminde ve sindirim faaliyetlerinde \u00f6nemli rol oynamaktad\u0131r.<\/p>\n<p>S\u00fct; bile\u015fimi ve \u00f6zelli\u011fi bozulmadan i\u015flenebilmekle birlikte bile\u015fimi de\u011fi\u015ftirilerek, yo\u011funla\u015ft\u0131r\u0131larak veya fermantasyon yap\u0131larak past\u00f6rize g\u00fcnl\u00fck ve sterilize dayan\u0131kl\u0131 s\u00fct, peynir, yo\u011furt, tereya\u011f\u0131 elde edilmesinde de kullan\u0131labilen bir g\u0131da maddesidir. S\u00fct ve s\u00fct \u00fcr\u00fcnleri \u00fcretimi Kalk\u0131nma Bakanl\u0131\u011f\u0131 sekt\u00f6r s\u0131n\u0131fland\u0131rmas\u0131na g\u00f6re imalat sanayi, g\u0131da sekt\u00f6r\u00fc i\u00e7erisinde s\u00fct ve s\u00fct \u00fcr\u00fcnleri alt ay\u0131r\u0131m\u0131nda yer almaktad\u0131r.[\/vc_column_text][\/vc_column_inner][\/vc_row_inner][vc_separator color=&#8221;custom&#8221; accent_color=&#8221;#dddddd&#8221; css=&#8221;.vc_custom_1453271595991{margin-bottom: 21px !important;}&#8221;][vc_row_inner css=&#8221;.vc_custom_1453272927441{margin-bottom: 33px !important;}&#8221;][vc_column_inner width=&#8221;1\/4&#8243; css=&#8221;.vc_custom_1453270747989{padding-right: 45px !important;}&#8221;][vc_custom_heading text=&#8221;ANAHTAR TESL\u0130M PROJE YAPIMI&#8221; font_container=&#8221;tag:h3|font_size:24px|text_align:right|color:%23222222|line_height:30px&#8221; use_theme_fonts=&#8221;yes&#8221; css_animation=&#8221;fadeInUp&#8221;][\/vc_column_inner][vc_column_inner width=&#8221;3\/4&#8243; css=&#8221;.vc_custom_1453271259318{padding-top: 18px !important;}&#8221;][vc_single_image image=&#8221;6955&#8243; img_size=&#8221;full&#8221; alignment=&#8221;center&#8221; style=&#8221;vc_box_rounded&#8221;][vc_column_text]S\u00fct\u00fcn i\u015flenmesinin her safhas\u0131nda size eksiksiz bir m\u00fchendislik ve destek hizmeti sa\u011fl\u0131yoruz.\u0130\u015fletmenizin planlanmas\u0131ndan makine ekipman se\u00e7imine , uygulamadan,sarf malzeme deste\u011fine kadar benzersiz bir m\u00fc\u015fteri deneyimi sunuyoruz.<\/p>\n<ul>\n<li>S\u00fct Toplama ve So\u011futma Merkezleri<\/li>\n<li>Past\u00f6rize Paket S\u00fct Tesisleri<\/li>\n<li>Beyaz Peynir \u00dcretimi<\/li>\n<li>Ka\u015far, Mozarella, Gaoda t\u00fcrevleri peynir \u00fcretimi<\/li>\n<li>Tereya\u011f Sa\u011fdeya\u011f \u00dcretimi<\/li>\n<li>Yo\u011furt \u00dcretimi<\/li>\n<li>Ayran Ve Kefir \u00dcretimi<\/li>\n<li>Tulum Peyniri ve Y\u00f6resel Peynir ( dil, \u00f6rg\u00fc, tel vs peynirler )<\/li>\n<li>Eritme Peynir \u00c7e\u015fitleri \u00dcretimi<\/li>\n<li>Mini \u00d6l\u00e7ekte Mand\u0131ra Kurulumu<\/li>\n<\/ul>\n<p>[\/vc_column_text][\/vc_column_inner][\/vc_row_inner][\/vc_column][vc_column width=&#8221;1\/4&#8243; offset=&#8221;vc_hidden-sm vc_hidden-xs&#8221;][stm_sidebar sidebar=&#8221;311&#8243;][\/vc_column][\/vc_row]<\/p>\n","protected":false},"excerpt":{"rendered":"<p>[vc_row css=&#8221;.vc_custom_1452687555475{margin-bottom: 100px !important;}&#8221;][vc_column offset=&#8221;vc_col-lg-9 vc_col-md-9&#8243;][vc_custom_heading source=&#8221;post_title&#8221; use_theme_fonts=&#8221;yes&#8221; css=&#8221;.vc_custom_1596533265656{margin-bottom: 30px !important;}&#8221;][vc_row_inner css=&#8221;.vc_custom_1453271494452{margin-bottom: 50px !important;}&#8221;][vc_column_inner][vc_single_image source=&#8221;featured_image&#8221; img_size=&#8221;full&#8221;][\/vc_column_inner][\/vc_row_inner][vc_separator color=&#8221;custom&#8221; accent_color=&#8221;#dddddd&#8221; css=&#8221;.vc_custom_1453271595991{margin-bottom: 21px !important;}&#8221;][vc_row_inner css=&#8221;.vc_custom_1453271763899{margin-bottom: 33px !important;}&#8221;][vc_column_inner width=&#8221;1\/4&#8243; css=&#8221;.vc_custom_1453272656287{padding-right: 45px !important;}&#8221;][vc_custom_heading text=&#8221;PROJELEND\u0130RME VE PROJE DANI\u015eMANLI\u011eI&#8221; font_container=&#8221;tag:h3|font_size:24px|text_align:right|color:%23222222|line_height:30px&#8221; use_theme_fonts=&#8221;yes&#8221; css_animation=&#8221;fadeInUp&#8221;][\/vc_column_inner][vc_column_inner width=&#8221;3\/4&#8243; css=&#8221;.vc_custom_1453271259318{padding-top: 18px !important;}&#8221;][vc_column_text css_animation=&#8221;none&#8221;]S\u00fct, canl\u0131n\u0131n geli\u015fmesi, ya\u015fayabilmesi ve verimli olabilmesi i\u00e7in gerekli olan t\u00fcm maddeleri hemen hemen tam ve<\/p>\n","protected":false},"author":1,"featured_media":6952,"parent":0,"menu_order":0,"comment_status":"closed","ping_status":"closed","template":"","meta":{"footnotes":""},"class_list":["post-6560","page","type-page","status-publish","has-post-thumbnail","hentry"],"yoast_head":"<!-- This site is optimized with the Yoast SEO Premium plugin v14.9 - https:\/\/yoast.com\/wordpress\/plugins\/seo\/ -->\n<title>S\u00fct \u0130\u015fleme Tesisleri - Karpatov Technology<\/title>\n<meta name=\"robots\" content=\"index, follow, max-snippet:-1, max-image-preview:large, max-video-preview:-1\" \/>\n<link rel=\"canonical\" href=\"https:\/\/www.karpatov.com\/tr\/sut-isleme-tesisleri\/\" \/>\n<meta property=\"og:locale\" content=\"tr_TR\" \/>\n<meta property=\"og:type\" content=\"article\" \/>\n<meta property=\"og:title\" content=\"S\u00fct \u0130\u015fleme Tesisleri - Karpatov Technology\" \/>\n<meta property=\"og:description\" content=\"[vc_row css=&#8221;.vc_custom_1452687555475{margin-bottom: 100px !important;}&#8221;][vc_column offset=&#8221;vc_col-lg-9 vc_col-md-9&#8243;][vc_custom_heading source=&#8221;post_title&#8221; use_theme_fonts=&#8221;yes&#8221; css=&#8221;.vc_custom_1596533265656{margin-bottom: 30px !important;}&#8221;][vc_row_inner css=&#8221;.vc_custom_1453271494452{margin-bottom: 50px !important;}&#8221;][vc_column_inner][vc_single_image source=&#8221;featured_image&#8221; img_size=&#8221;full&#8221;][\/vc_column_inner][\/vc_row_inner][vc_separator color=&#8221;custom&#8221; accent_color=&#8221;#dddddd&#8221; css=&#8221;.vc_custom_1453271595991{margin-bottom: 21px !important;}&#8221;][vc_row_inner css=&#8221;.vc_custom_1453271763899{margin-bottom: 33px !important;}&#8221;][vc_column_inner width=&#8221;1\/4&#8243; css=&#8221;.vc_custom_1453272656287{padding-right: 45px !important;}&#8221;][vc_custom_heading text=&#8221;PROJELEND\u0130RME VE PROJE DANI\u015eMANLI\u011eI&#8221; font_container=&#8221;tag:h3|font_size:24px|text_align:right|color:%23222222|line_height:30px&#8221; use_theme_fonts=&#8221;yes&#8221; css_animation=&#8221;fadeInUp&#8221;][\/vc_column_inner][vc_column_inner width=&#8221;3\/4&#8243; css=&#8221;.vc_custom_1453271259318{padding-top: 18px !important;}&#8221;][vc_column_text css_animation=&#8221;none&#8221;]S\u00fct, canl\u0131n\u0131n geli\u015fmesi, ya\u015fayabilmesi ve verimli olabilmesi i\u00e7in gerekli olan t\u00fcm maddeleri hemen hemen tam ve\" \/>\n<meta property=\"og:url\" content=\"https:\/\/www.karpatov.com\/tr\/sut-isleme-tesisleri\/\" \/>\n<meta property=\"og:site_name\" content=\"Karpatov Technology\" \/>\n<meta property=\"article:modified_time\" content=\"2020-08-04T12:19:01+00:00\" \/>\n<meta property=\"og:image\" content=\"https:\/\/www.karpatov.com\/wp-content\/uploads\/2020\/08\/milk-production.jpg\" \/>\n\t<meta property=\"og:image:width\" content=\"700\" \/>\n\t<meta property=\"og:image:height\" content=\"526\" \/>\n<meta name=\"twitter:card\" content=\"summary_large_image\" \/>\n<script type=\"application\/ld+json\" class=\"yoast-schema-graph\">{\"@context\":\"https:\/\/schema.org\",\"@graph\":[{\"@type\":\"WebSite\",\"@id\":\"https:\/\/www.karpatov.com\/tr\/#website\",\"url\":\"https:\/\/www.karpatov.com\/tr\/\",\"name\":\"Karpatov Technology\",\"description\":\"Karpatov Teknoloji\",\"potentialAction\":[{\"@type\":\"SearchAction\",\"target\":\"https:\/\/www.karpatov.com\/tr\/?s={search_term_string}\",\"query-input\":\"required name=search_term_string\"}],\"inLanguage\":\"tr\"},{\"@type\":\"ImageObject\",\"@id\":\"https:\/\/www.karpatov.com\/tr\/sut-isleme-tesisleri\/#primaryimage\",\"inLanguage\":\"tr\",\"url\":\"https:\/\/www.karpatov.com\/wp-content\/uploads\/2020\/08\/milk-production.jpg\",\"width\":700,\"height\":526},{\"@type\":\"WebPage\",\"@id\":\"https:\/\/www.karpatov.com\/tr\/sut-isleme-tesisleri\/#webpage\",\"url\":\"https:\/\/www.karpatov.com\/tr\/sut-isleme-tesisleri\/\",\"name\":\"S\\u00fct \\u0130\\u015fleme Tesisleri - Karpatov Technology\",\"isPartOf\":{\"@id\":\"https:\/\/www.karpatov.com\/tr\/#website\"},\"primaryImageOfPage\":{\"@id\":\"https:\/\/www.karpatov.com\/tr\/sut-isleme-tesisleri\/#primaryimage\"},\"datePublished\":\"2020-07-17T12:38:18+00:00\",\"dateModified\":\"2020-08-04T12:19:01+00:00\",\"inLanguage\":\"tr\",\"potentialAction\":[{\"@type\":\"ReadAction\",\"target\":[\"https:\/\/www.karpatov.com\/tr\/sut-isleme-tesisleri\/\"]}]}]}<\/script>\n<!-- \/ Yoast SEO Premium plugin. -->","_links":{"self":[{"href":"https:\/\/www.karpatov.com\/tr\/wp-json\/wp\/v2\/pages\/6560","targetHints":{"allow":["GET"]}}],"collection":[{"href":"https:\/\/www.karpatov.com\/tr\/wp-json\/wp\/v2\/pages"}],"about":[{"href":"https:\/\/www.karpatov.com\/tr\/wp-json\/wp\/v2\/types\/page"}],"author":[{"embeddable":true,"href":"https:\/\/www.karpatov.com\/tr\/wp-json\/wp\/v2\/users\/1"}],"replies":[{"embeddable":true,"href":"https:\/\/www.karpatov.com\/tr\/wp-json\/wp\/v2\/comments?post=6560"}],"version-history":[{"count":4,"href":"https:\/\/www.karpatov.com\/tr\/wp-json\/wp\/v2\/pages\/6560\/revisions"}],"predecessor-version":[{"id":7024,"href":"https:\/\/www.karpatov.com\/tr\/wp-json\/wp\/v2\/pages\/6560\/revisions\/7024"}],"wp:featuredmedia":[{"embeddable":true,"href":"https:\/\/www.karpatov.com\/tr\/wp-json\/wp\/v2\/media\/6952"}],"wp:attachment":[{"href":"https:\/\/www.karpatov.com\/tr\/wp-json\/wp\/v2\/media?parent=6560"}],"curies":[{"name":"wp","href":"https:\/\/api.w.org\/{rel}","templated":true}]}}