{"id":6556,"date":"2020-07-17T15:23:11","date_gmt":"2020-07-17T12:23:11","guid":{"rendered":"http:\/\/karpatov.com\/?page_id=6556"},"modified":"2020-09-14T16:09:13","modified_gmt":"2020-09-14T13:09:13","slug":"buyukbas-sut-ve-besi-hayvanciligi","status":"publish","type":"page","link":"https:\/\/www.karpatov.com\/tr\/buyukbas-sut-ve-besi-hayvanciligi\/","title":{"rendered":"B\u00fcy\u00fckba\u015f S\u00fct ve Besi Hayvanc\u0131l\u0131\u011f\u0131"},"content":{"rendered":"<p>[vc_row css=&#8221;.vc_custom_1452687555475{margin-bottom: 100px !important;}&#8221;][vc_column offset=&#8221;vc_col-lg-9 vc_col-md-9&#8243;][vc_custom_heading source=&#8221;post_title&#8221; use_theme_fonts=&#8221;yes&#8221; css=&#8221;.vc_custom_1596530071111{margin-bottom: 30px !important;}&#8221;][vc_row_inner css=&#8221;.vc_custom_1453271494452{margin-bottom: 50px !important;}&#8221;][vc_column_inner][vc_single_image source=&#8221;featured_image&#8221; img_size=&#8221;full&#8221;][\/vc_column_inner][\/vc_row_inner][vc_row_inner css=&#8221;.vc_custom_1453271494452{margin-bottom: 50px !important;}&#8221;][vc_column_inner][\/vc_column_inner][\/vc_row_inner][vc_separator color=&#8221;custom&#8221; accent_color=&#8221;#dddddd&#8221; css=&#8221;.vc_custom_1453271595991{margin-bottom: 21px !important;}&#8221;][vc_row_inner css=&#8221;.vc_custom_1453271763899{margin-bottom: 33px !important;}&#8221;][vc_column_inner width=&#8221;1\/4&#8243; css=&#8221;.vc_custom_1453272656287{padding-right: 45px !important;}&#8221;][vc_custom_heading text=&#8221;PROJELEND\u0130RME VE PROJE DANI\u015eMANLI\u011eI&#8221; font_container=&#8221;tag:h3|font_size:24px|text_align:right|color:%23222222|line_height:30px&#8221; use_theme_fonts=&#8221;yes&#8221; css_animation=&#8221;fadeInUp&#8221;][\/vc_column_inner][vc_column_inner width=&#8221;3\/4&#8243; css=&#8221;.vc_custom_1453271259318{padding-top: 18px !important;}&#8221;][vc_column_text css_animation=&#8221;none&#8221;]B\u00fcy\u00fckba\u015f s\u0131\u011f\u0131r \u00e7iftli\u011fi kurulumu i\u00e7in \u00e7ok kapsaml\u0131 ve \u00e7ok y\u00f6nl\u00fc ara\u015ft\u0131rma yapmak, i\u015fin kurulumundan itibaren profesyonel bir kadro ile i\u015fe ba\u015flang\u0131\u00e7 yapmak gerekir.<\/p>\n<p>B\u00fcy\u00fckba\u015f s\u00fct veya besi hayvanc\u0131l\u0131\u011f\u0131; yem,hayvanlar i\u00e7in sa\u011fl\u0131kl\u0131 bak\u0131m ve ya\u015fam ko\u015fullar\u0131, veterinerlik hizmetleri ba\u015fta olmak \u00fczere her safhada ciddi ve profesyonel yakla\u015f\u0131m\u0131 gerektiren bir konudur.<\/p>\n<p>Projelendirme bir b\u00fct\u00fcnd\u00fcr. \u0130\u015fletme yeri se\u00e7imi, ba\u015flang\u0131\u00e7 ve nihai kapasitenin belirlenmesi avlu planlamas\u0131 ve teknoloji se\u00e7imi ile kaba yem ve kesif yem \u00fcretiminin planlanmas\u0131 konular\u0131n\u0131n birlikte ve do\u011fru olarak kararla\u015ft\u0131r\u0131lmas\u0131n\u0131 gerektiren bir s\u00fcre\u00e7tir. Bilgi toplamak ve baz\u0131 i\u015fletmeleri g\u00f6rmek, izlemek yat\u0131r\u0131mc\u0131 i\u00e7in \u00e7ok yararl\u0131d\u0131r. Ancak b\u00f6yle bir \u00e7al\u0131\u015fma, profesyonel katk\u0131 al\u0131nmadan yap\u0131lmamal\u0131d\u0131r.<\/p>\n<p>Hemen her g\u00fcn yeni teknolojik ve biyolojik bilgiler ortaya \u00e7\u0131kmakta ve yeni yat\u0131r\u0131mlar\u0131n profesyonel olarak projelendirilmesini gerekli k\u0131lmaktad\u0131r.<\/p>\n<p>S\u0131\u011f\u0131rc\u0131l\u0131k i\u015fletmelerinin projelendirmesi uluslararas\u0131 d\u00fczeyde bilgilere dayal\u0131 olarak ve ba\u015far\u0131 ile yapmakta oldu\u011fumuz bir \u00e7al\u0131\u015fmad\u0131r. Deneyimlerimiz i\u015fletmenizi kurarken \u00e7ok b\u00fcy\u00fck yararlar sa\u011flayacakt\u0131r. Di\u011fer taraftan ayn\u0131 bilgi birikimi ile \u00f6nceden yapm\u0131\u015f oldu\u011funuz yat\u0131r\u0131mlar\u0131n\u0131z varsa bunlar\u0131 da iyile\u015ftirmek ve b\u00fcy\u00fctmek i\u00e7in de size yard\u0131mc\u0131 olmaya haz\u0131r\u0131z. S\u00fcr\u00fcn\u00fcz\u00fcn daha iyi y\u00f6netilmesi i\u00e7in de bizden yararlanabilirsiniz.[\/vc_column_text][\/vc_column_inner][\/vc_row_inner][vc_separator color=&#8221;custom&#8221; accent_color=&#8221;#dddddd&#8221; css=&#8221;.vc_custom_1453271595991{margin-bottom: 21px !important;}&#8221;][vc_row_inner css=&#8221;.vc_custom_1453272927441{margin-bottom: 33px !important;}&#8221;][vc_column_inner width=&#8221;1\/4&#8243; css=&#8221;.vc_custom_1453270747989{padding-right: 45px !important;}&#8221;][vc_custom_heading text=&#8221;ANAHTAR TESL\u0130M PROJE YAPIMI&#8221; font_container=&#8221;tag:h3|font_size:24px|text_align:right|color:%23222222|line_height:30px&#8221; use_theme_fonts=&#8221;yes&#8221; css_animation=&#8221;fadeInUp&#8221;][\/vc_column_inner][vc_column_inner width=&#8221;3\/4&#8243; css=&#8221;.vc_custom_1453271259318{padding-top: 18px !important;}&#8221;][vc_column_text]<strong>\u0130ster s\u00fct s\u0131\u011f\u0131rc\u0131l\u0131\u011f\u0131 ve isterseniz besi s\u0131\u011f\u0131rc\u0131l\u0131\u011f\u0131 ile ilgili olarak ;\u00a0\u00a0\u00a0\u00a0\u00a0\u00a0 <\/strong><\/p>\n<p>Siz karar verin..Biz sizin i\u00e7in en ba\u015far\u0131l\u0131 y\u00f6ntemi size \u00f6nerip kurulumu anahtar teslim olarak ger\u00e7ekle\u015ftirece\u011fiz.<\/p>\n<ul>\n<li>Firmam\u0131z nitelikli projelendirme yapabilen, uluslararas\u0131 d\u00fczeyde profesyonel katk\u0131 sa\u011flayabilecek bir firmad\u0131r.<\/li>\n<li>\u015eirketimiz bunu yaparken \u00e7ok say\u0131da benzer yabanc\u0131 firma ile \u00e7al\u0131\u015fmakta ve d\u00fcnyadaki g\u00fcncel geli\u015fmeleri s\u00fcrekli izleyerek kendini yenilemektedir.<\/li>\n<li>Yap\u0131m\u0131z ve ge\u00e7mi\u015fimiz gere\u011fi i\u015fletmelerin projelendirmesini, eleman e\u011fitimini yapan ve d\u00fcnyada s\u0131\u011f\u0131rc\u0131l\u0131k ile ilgili geli\u015fmeleri s\u00fcrekli izleyen bir kurulu\u015ftur.<\/li>\n<\/ul>\n<p>[\/vc_column_text][\/vc_column_inner][\/vc_row_inner][vc_separator color=&#8221;custom&#8221; accent_color=&#8221;#dddddd&#8221; css=&#8221;.vc_custom_1453271595991{margin-bottom: 21px !important;}&#8221;][vc_row_inner][vc_column_inner width=&#8221;1\/4&#8243; css=&#8221;.vc_custom_1453270747989{padding-right: 45px !important;}&#8221;][vc_custom_heading text=&#8221;ARAZ\u0130 EK\u0130M\u0130 VE \u0130\u015eLENMES\u0130 VE YEMLEME Y\u00d6NET\u0130M\u0130&#8221; font_container=&#8221;tag:h3|font_size:24px|text_align:right|color:%23222222|line_height:30px&#8221; use_theme_fonts=&#8221;yes&#8221;][\/vc_column_inner][vc_column_inner width=&#8221;3\/4&#8243; css=&#8221;.vc_custom_1453271259318{padding-top: 18px !important;}&#8221;][vc_column_text]Haz\u0131rlanacak projelerde en \u00f6nemli konulardan biri budur.Hayvan yeti\u015ftiricili\u011finde en \u00f6nemli husus hayvan\u0131n yedi\u011fi yemin en ekonomik bi\u00e7imde ete veya s\u00fcte d\u00f6n\u00fc\u015febilmesini sa\u011flamakt\u0131r.<\/p>\n<p>S\u00fct veya besi s\u0131\u011f\u0131rc\u0131l\u0131\u011f\u0131 i\u00e7in gerekli olan yem bitkisinin \u00fcretilmesi ile ilgili olarak,<strong>yonca,m\u0131s\u0131r<\/strong> gibi bitkilerin dikimi, sulama sistemlerinin kurulumu ve bu bitkilerden karma yem yap\u0131larak hayvanlar\u0131n beslenmesinde kullan\u0131lmas\u0131 ve yemleme programlar\u0131n\u0131n haz\u0131rlanmas\u0131 bir b\u00fct\u00fcn olarak de\u011ferlendirilmelidir.[\/vc_column_text][vc_empty_space][\/vc_column_inner][\/vc_row_inner][vc_separator color=&#8221;custom&#8221; accent_color=&#8221;#dddddd&#8221; css=&#8221;.vc_custom_1453271595991{margin-bottom: 21px !important;}&#8221;][vc_row_inner][vc_column_inner width=&#8221;1\/4&#8243; css=&#8221;.vc_custom_1453270747989{padding-right: 45px !important;}&#8221;][vc_custom_heading text=&#8221;AHIR KURULUMU VE EK\u0130PMANLAR&#8221; font_container=&#8221;tag:h3|font_size:24px|text_align:right|color:%23222222|line_height:30px&#8221; use_theme_fonts=&#8221;yes&#8221;][\/vc_column_inner][vc_column_inner width=&#8221;3\/4&#8243; css=&#8221;.vc_custom_1453271259318{padding-top: 18px !important;}&#8221;][vc_single_image image=&#8221;7452&#8243; img_size=&#8221;full&#8221; alignment=&#8221;center&#8221; style=&#8221;vc_box_rounded&#8221;][vc_column_text]Ah\u0131ra girecek hayvan say\u0131s\u0131na g\u00f6re en ekonomik ve en uygun b\u00fcy\u00fckba\u015f ah\u0131r\u0131n kurulumu ger\u00e7ekle\u015ftirilir.[\/vc_column_text][vc_empty_space][\/vc_column_inner][\/vc_row_inner][vc_separator color=&#8221;custom&#8221; accent_color=&#8221;#dddddd&#8221; css=&#8221;.vc_custom_1453271595991{margin-bottom: 21px !important;}&#8221;][vc_row_inner][vc_column_inner width=&#8221;1\/4&#8243; css=&#8221;.vc_custom_1453270747989{padding-right: 45px !important;}&#8221;][vc_custom_heading text=&#8221;G\u00dcBRE Y\u00d6NET\u0130M\u0130&#8221; font_container=&#8221;tag:h3|font_size:24px|text_align:right|color:%23222222|line_height:30px&#8221; use_theme_fonts=&#8221;yes&#8221;][\/vc_column_inner][vc_column_inner width=&#8221;3\/4&#8243; css=&#8221;.vc_custom_1453271259318{padding-top: 18px !important;}&#8221;][vc_column_text]Ah\u0131rda birikecek hayvan g\u00fcbresisin hayvanlar\u0131n sa\u011fl\u0131\u011f\u0131 ve verimlili\u011fi a\u00e7\u0131s\u0131ndan b\u00fcy\u00fck \u00f6nemi vard\u0131r.Ah\u0131r\u0131n i\u00e7i s\u0131kl\u0131kla g\u00fcbreden ar\u0131nd\u0131rmal\u0131d\u0131r.Ah\u0131r i\u00e7ine d\u00fczg\u00fcn \u00e7al\u0131\u015fan ve ar\u0131za yapmayan sistemler kurulmal\u0131,ah\u0131r d\u0131\u015f\u0131nda g\u00fcbre \u00e7ukuru ve bunun i\u00e7in gerekli ekipmanlar sa\u011flanmal\u0131d\u0131r.Ayr\u0131ca ah\u0131rdan d\u0131\u015far\u0131 al\u0131nan g\u00fcbrenin de de\u011ferlendirilmesi amac\u0131yla (organik g\u00fcbre yap\u0131m\u0131) projeler sunmaktay\u0131z.Bunun i\u00e7in gerekli sistemlerin kurulumunu ger\u00e7ekle\u015ftirmekteyiz.[\/vc_column_text][vc_empty_space][\/vc_column_inner][\/vc_row_inner][vc_separator color=&#8221;custom&#8221; accent_color=&#8221;#dddddd&#8221; css=&#8221;.vc_custom_1453271595991{margin-bottom: 21px !important;}&#8221;][vc_row_inner][vc_column_inner width=&#8221;1\/4&#8243; css=&#8221;.vc_custom_1453270747989{padding-right: 45px !important;}&#8221;][vc_custom_heading text=&#8221;S\u00dcT SA\u011eIM S\u0130STEMLER\u0130&#8221; font_container=&#8221;tag:h3|font_size:24px|text_align:right|color:%23222222|line_height:30px&#8221; use_theme_fonts=&#8221;yes&#8221;][\/vc_column_inner][vc_column_inner width=&#8221;3\/4&#8243; css=&#8221;.vc_custom_1453271259318{padding-top: 18px !important;}&#8221;][vc_single_image image=&#8221;7456&#8243; img_size=&#8221;full&#8221; alignment=&#8221;center&#8221; style=&#8221;vc_box_rounded&#8221;][vc_column_text]<strong>Bal\u0131kk\u0131l\u00e7\u0131\u011f\u0131 Klasik S\u00fct Sa\u011f\u0131m Sistemi<\/strong><\/p>\n<p>Bal\u0131kk\u0131l\u00e7\u0131\u011f\u0131 s\u00fct sa\u011f\u0131m sisteminde durak demirleri, sa\u011f\u0131lacak hayvanlar\u0131n sa\u011f\u0131m yerinde 30\u00b0 a\u00e7\u0131yla durmalar\u0131n\u0131 sa\u011flar. Her yanda \u00e7ift s\u0131ra zig-zag demirleri, her sa\u011f\u0131m noktas\u0131nda montaj dikmesi ve pislik tutma sac\u0131 bulunur.\u00a0 \u00c7\u0131k\u0131\u015flarda d\u00fcz, giri\u015flerde \u00e7olak\u00a0 kap\u0131 olmak \u00fczere sa\u011f\u0131ma uygun yap\u0131dad\u0131r. Ayr\u0131ca s\u00fcrg\u00fcl\u00fc giri\u015f kap\u0131 kilidi ve makas mekanizmal\u0131 \u00e7\u0131k\u0131\u015f kilidi bulunmaktad\u0131r. Bu sayede sa\u011f\u0131m g\u00fcvenilir ve sistemli bir \u015fekilde ilerler.<\/p>\n<p><strong>Paralel H\u0131zl\u0131 \u00c7\u0131k\u0131\u015f S\u00fct Sa\u011f\u0131m Sistemi<\/strong><\/p>\n<p>Paralel durak demirleri s\u0131cak dald\u0131rma kapl\u0131 ve demontedir. Bu sayede sa\u011f\u0131mc\u0131n\u0131n \u00e7ukura rahat ini\u015f ve \u00e7\u0131k\u0131\u015f ger\u00e7ekle\u015febilir. Kayar giri\u015f kap\u0131lar\u0131, 4 veya 5 hayvanl\u0131k h\u0131zl\u0131 \u00e7\u0131k\u0131\u015f kap\u0131lar ve yays\u0131z kapal\u0131 pozisyona d\u00f6nebilen kelebek kap\u0131lar mevcuttur. Karkas, ba\u011flant\u0131 par\u00e7alar\u0131 ve fittingleri tamamen s\u0131cak dald\u0131rma galvaniz \u00e7eliktir. Hayvan duraklar\u0131 aras\u0131nda d\u00f6ner ay\u0131r\u0131c\u0131lar bulunmaktad\u0131r. Hayvanlar\u0131n arkas\u0131nda paslanmaz \u00e7elik pislik tutma sac\u0131 vard\u0131r. Drenaj kanal\u0131na ba\u011fl\u0131 su valfi her kap\u0131 a\u00e7\u0131l\u0131\u015fta kanal\u0131 temizlemektedir.<\/p>\n<p><strong>Rotary Sa\u011f\u0131m Sistemi<\/strong><\/p>\n<p>\u0130\u015f verimlili\u011fi odakl\u0131 bu sa\u011f\u0131mhanelerde sa\u011f\u0131c\u0131 ba\u015fl\u0131klar\u0131 tek noktada durarak takar, inekler d\u00f6ner platform \u00fczerinde s\u00fcrekli ve sabit h\u0131zla ilerleyerek sa\u011f\u0131c\u0131 \u00f6n\u00fcne gelirler. Sa\u011f\u0131c\u0131 daha g\u00fcvenli bir \u015fekilde sadece sa\u011f\u0131ma odaklanabilir. Ba\u015fl\u0131klar aras\u0131 y\u00fcr\u00fcyerek vakit harcamaz, platform h\u0131z\u0131, sa\u011f\u0131c\u0131n\u0131n h\u0131z\u0131na ve ineklerin sa\u011f\u0131m s\u00fcreleri ve verimlerine g\u00f6re ayarlanabilir. Tek tip i\u015f rutini daha sakin ortam yarat\u0131r. Sa\u011f\u0131m prosed\u00fcrlerini uygulamak daha tutarl\u0131 ve ekin olabilmektedir.<\/p>\n<p>Sa\u011f\u0131mhane, 100 durak yerine kadar \u00e7\u0131kabilir ve sa\u011f\u0131m h\u0131z\u0131 600 inek\/saat olabilir. Dayan\u0131kl\u0131l\u0131\u011f\u0131 y\u00fcksek platformda hayvan ve sa\u011f\u0131c\u0131 rahat\u0131 g\u00f6zetilir.<\/p>\n<p><strong>Arabal\u0131 S\u00fct Sa\u011f\u0131m Makinesi<\/strong><\/p>\n<p>Ayn\u0131 anda bir veya iki ine\u011fin sa\u011f\u0131labildi\u011fi koval\u0131 sa\u011f\u0131m makinesi, 10-15 sa\u011fmall\u0131k i\u015fletmeler i\u00e7in uygundur.<\/p>\n<p>Sabit sistem koval\u0131 sa\u011f\u0131m makinas\u0131 vakum hatt\u0131na vakum musluklar\u0131 eklenerek ah\u0131r boyunca sa\u011f\u0131m yapmaya uygun hale getirilir.[\/vc_column_text][vc_empty_space][\/vc_column_inner][\/vc_row_inner][vc_separator color=&#8221;custom&#8221; accent_color=&#8221;#dddddd&#8221; css=&#8221;.vc_custom_1453271595991{margin-bottom: 21px !important;}&#8221;][vc_row_inner][vc_column_inner width=&#8221;1\/4&#8243; css=&#8221;.vc_custom_1453270747989{padding-right: 45px !important;}&#8221;][vc_custom_heading text=&#8221;S\u00dcR\u00dc Y\u00d6NET\u0130M S\u0130STEM\u0130 VE OTOMASYON&#8221; font_container=&#8221;tag:h3|font_size:24px|text_align:right|color:%23222222|line_height:30px&#8221; use_theme_fonts=&#8221;yes&#8221;][\/vc_column_inner][vc_column_inner width=&#8221;3\/4&#8243; css=&#8221;.vc_custom_1453271259318{padding-top: 18px !important;}&#8221;][vc_column_text]<\/p>\n<ul>\n<li><strong>AfiMilk MPC S\u00fct \u00d6l\u00e7er (ICAR Onayl\u0131)<\/strong><\/li>\n<\/ul>\n<p>%2\u2019nin alt\u0131nda sapma ile bireysel s\u00fct verimini \u00f6l\u00e7mektedir. Bu \u00fcnite hayvan\u0131n sa\u011f\u0131m\u0131 s\u0131ras\u0131nda kontroller ger\u00e7ekle\u015ftirerek s\u00fct verimini, sa\u011f\u0131mla ilgili s\u00fct ak\u0131\u015f debilerini, sa\u011f\u0131m s\u00fcresini, s\u00fct\u00fcn elektrik-iletkenlik de\u011ferlerini \u00f6l\u00e7er ve bildirim yapar. \u00d6l\u00e7\u00fclen de\u011ferler online data hatt\u0131yla bilgisayar sistemine iletilir. T\u00fcm bu bilgilerin yan\u0131 s\u0131ra hayvan\u0131n sa\u011fmal d\u00f6nemin ka\u00e7\u0131nc\u0131 g\u00fcn\u00fcnde oldu\u011fu, ka\u00e7\u0131nc\u0131 sa\u011fmal d\u00f6neminde oldu\u011fu, s\u00fcr\u00fc numaras\u0131, grup numaras\u0131, beklenen ve \u00f6l\u00e7\u00fclen s\u00fct verimleri, kondaktivite de\u011ferleri gibi say\u0131sal veriler de kullan\u0131c\u0131n\u0131n ekran\u0131nda g\u00f6r\u00fcnt\u00fclenebilir.<\/p>\n<ul>\n<li><strong>Tan\u0131mlama Sistemi<\/strong><\/li>\n<\/ul>\n<p>Tan\u0131mla sistemi, bilgileri kontrol edebilece\u011finiz AfiFarm yaz\u0131l\u0131m\u0131 ile birlikte, anten, ideal kontrol panosu, anten ba\u011flant\u0131 panosu, pedometre, pedometre kay\u0131\u015f\u0131, pedometre tokas\u0131 ve elektronik bilgisayar kart\u0131ndan olu\u015fmaktad\u0131r.<\/p>\n<ul>\n<li><strong>AfiLab Bireysel Online S\u00fct Analiz Cihaz\u0131<\/strong><\/li>\n<\/ul>\n<p>Her sa\u011f\u0131m noktas\u0131na ba\u011fl\u0131, sa\u011f\u0131m boyunca her bir\u00a0 hayvan\u0131n s\u00fct\u00fcn\u00fc numune almaks\u0131z\u0131n analiz ederek i\u00e7eri\u011findeki ya\u011f, protein, laktoz, \u00fcre, kan ve somatik h\u00fccre say\u0131s\u0131n\u0131 \u00f6l\u00e7er.<\/p>\n<ul>\n<li><strong>AfiMilk Pedometre<\/strong><\/li>\n<\/ul>\n<p>Her bir ana\u00e7 hayvana tak\u0131lmas\u0131 gereken pedometre (elektronik etiket) hem hayvan\u0131n sistem taraf\u0131ndan tan\u0131mlanmas\u0131nda, hem de hayvan\u0131n g\u00fcn i\u00e7erisindeki yatma say\u0131s\u0131 ve s\u00fcresini \u00f6l\u00e7erek hareketlili\u011finin belirlenmesinde kullan\u0131l\u0131r.Bu bilgilere eri\u015febildi\u011finiz AfFarm yaz\u0131l\u0131m\u0131 size hayvan refah ile ilgili bilgilere eri\u015fim olana\u011f\u0131 verir.<\/p>\n<ul>\n<li><strong>Ay\u0131r\u0131c\u0131 Kap\u0131 ve Tart\u0131m Sistemi<\/strong><\/li>\n<\/ul>\n<p><strong>AfiWeight A\u011f\u0131rl\u0131k \u00d6l\u00e7\u00fcm\u00fc<\/strong><\/p>\n<p>AfiWeight tart\u0131m cihaz\u0131 hayvanlar\u0131n canl\u0131 a\u011f\u0131rl\u0131klar\u0131n\u0131 otomatik olarak \u00f6l\u00e7\u00fcp s\u00fcr\u00fc yaz\u0131l\u0131m\u0131na kaydeder. \u00d6zellikle do\u011fum sonras\u0131 d\u00f6nemdeki v\u00fccut a\u011f\u0131rl\u0131\u011f\u0131 de\u011fi\u015fimleri \u00e7ok kritik olan bu periyotta hayvanda ketoz olup olmad\u0131\u011f\u0131 yorumuna olanak tan\u0131r.<\/p>\n<p><strong>AfiSort Ay\u0131r\u0131c\u0131 Kap\u0131<\/strong><\/p>\n<p>Afimilk s\u00fcr\u00fc y\u00f6netim program\u0131na entegre AfiSort mod\u00fcl\u00fc ile belirlenen kriterlere uyan hayvanlar\u0131 istenen y\u00f6ne veya odaya ay\u0131rmak m\u00fcmk\u00fcnd\u00fcr. Bu sayede hastal\u0131kl\u0131 hayvanlar\u0131n\u0131z\u0131 ay\u0131rma \u015fans\u0131n\u0131z olur.[\/vc_column_text][vc_empty_space][\/vc_column_inner][\/vc_row_inner][vc_separator color=&#8221;custom&#8221; accent_color=&#8221;#dddddd&#8221; css=&#8221;.vc_custom_1453271595991{margin-bottom: 21px !important;}&#8221;][vc_row_inner][vc_column_inner width=&#8221;1\/4&#8243; css=&#8221;.vc_custom_1453270747989{padding-right: 45px !important;}&#8221;][vc_custom_heading text=&#8221;GEBE \u0130NEK TEM\u0130N\u0130 VE IRK SE\u00c7\u0130M\u0130&#8221; font_container=&#8221;tag:h3|font_size:24px|text_align:right|color:%23222222|line_height:30px&#8221; use_theme_fonts=&#8221;yes&#8221;][\/vc_column_inner][vc_column_inner width=&#8221;3\/4&#8243; css=&#8221;.vc_custom_1453271259318{padding-top: 18px !important;}&#8221;][vc_column_text]Siyah ve k\u0131rm\u0131z\u0131 \u0131rklar\u0131n yeti\u015ftirilmesi i\u00e7in TETA garantisi ile 103 ya\u015f\u0131ndaki DEKKER \u00e7iftli\u011fi ile m\u00fc\u015fterek \u00e7al\u0131\u015f\u0131yoruz ve Avrupa&#8217;n\u0131n en prestijli s\u0131\u011f\u0131r ihracat\u00e7\u0131lar\u0131ndan se\u00e7ilen kaliteli hamile d\u00fcveler sunuyoruz.[\/vc_column_text][vc_empty_space][\/vc_column_inner][\/vc_row_inner][vc_separator color=&#8221;custom&#8221; accent_color=&#8221;#dddddd&#8221; css=&#8221;.vc_custom_1453271595991{margin-bottom: 21px !important;}&#8221;][vc_row_inner][vc_column_inner width=&#8221;1\/4&#8243; css=&#8221;.vc_custom_1453270747989{padding-right: 45px !important;}&#8221;][vc_custom_heading text=&#8221;VETER\u0130NERL\u0130K H\u0130ZMETLER\u0130&#8221; font_container=&#8221;tag:h3|font_size:24px|text_align:right|color:%23222222|line_height:30px&#8221; use_theme_fonts=&#8221;yes&#8221;][\/vc_column_inner][vc_column_inner width=&#8221;3\/4&#8243; css=&#8221;.vc_custom_1453271259318{padding-top: 18px !important;}&#8221;][vc_single_image image=&#8221;7460&#8243; img_size=&#8221;full&#8221; alignment=&#8221;center&#8221; style=&#8221;vc_box_rounded&#8221;][vc_column_text]\u0130\u015fletmeniz i\u00e7in her t\u00fcrl\u00fc dan\u0131\u015fmanl\u0131k,zooteknist ve veteriner temini[\/vc_column_text][vc_empty_space][\/vc_column_inner][\/vc_row_inner][\/vc_column][vc_column width=&#8221;1\/4&#8243; offset=&#8221;vc_hidden-sm vc_hidden-xs&#8221;][stm_sidebar sidebar=&#8221;311&#8243;][\/vc_column][\/vc_row]<\/p>\n","protected":false},"excerpt":{"rendered":"<p>[vc_row css=&#8221;.vc_custom_1452687555475{margin-bottom: 100px !important;}&#8221;][vc_column offset=&#8221;vc_col-lg-9 vc_col-md-9&#8243;][vc_custom_heading source=&#8221;post_title&#8221; use_theme_fonts=&#8221;yes&#8221; css=&#8221;.vc_custom_1596530071111{margin-bottom: 30px !important;}&#8221;][vc_row_inner css=&#8221;.vc_custom_1453271494452{margin-bottom: 50px !important;}&#8221;][vc_column_inner][vc_single_image source=&#8221;featured_image&#8221; img_size=&#8221;full&#8221;][\/vc_column_inner][\/vc_row_inner][vc_row_inner css=&#8221;.vc_custom_1453271494452{margin-bottom: 50px !important;}&#8221;][vc_column_inner][\/vc_column_inner][\/vc_row_inner][vc_separator color=&#8221;custom&#8221; accent_color=&#8221;#dddddd&#8221; css=&#8221;.vc_custom_1453271595991{margin-bottom: 21px !important;}&#8221;][vc_row_inner css=&#8221;.vc_custom_1453271763899{margin-bottom: 33px !important;}&#8221;][vc_column_inner width=&#8221;1\/4&#8243; css=&#8221;.vc_custom_1453272656287{padding-right: 45px !important;}&#8221;][vc_custom_heading text=&#8221;PROJELEND\u0130RME VE PROJE DANI\u015eMANLI\u011eI&#8221; font_container=&#8221;tag:h3|font_size:24px|text_align:right|color:%23222222|line_height:30px&#8221; use_theme_fonts=&#8221;yes&#8221; css_animation=&#8221;fadeInUp&#8221;][\/vc_column_inner][vc_column_inner width=&#8221;3\/4&#8243; css=&#8221;.vc_custom_1453271259318{padding-top: 18px !important;}&#8221;][vc_column_text css_animation=&#8221;none&#8221;]B\u00fcy\u00fckba\u015f s\u0131\u011f\u0131r \u00e7iftli\u011fi kurulumu i\u00e7in \u00e7ok kapsaml\u0131 ve \u00e7ok y\u00f6nl\u00fc ara\u015ft\u0131rma yapmak, i\u015fin<\/p>\n","protected":false},"author":1,"featured_media":6977,"parent":0,"menu_order":0,"comment_status":"closed","ping_status":"closed","template":"","meta":{"footnotes":""},"class_list":["post-6556","page","type-page","status-publish","has-post-thumbnail","hentry"],"yoast_head":"<!-- This site is optimized with the Yoast SEO Premium plugin v14.9 - https:\/\/yoast.com\/wordpress\/plugins\/seo\/ -->\n<title>B\u00fcy\u00fckba\u015f S\u00fct ve Besi Hayvanc\u0131l\u0131\u011f\u0131 - Karpatov Technology<\/title>\n<meta name=\"robots\" content=\"index, follow, max-snippet:-1, max-image-preview:large, max-video-preview:-1\" \/>\n<link rel=\"canonical\" href=\"https:\/\/www.karpatov.com\/tr\/buyukbas-sut-ve-besi-hayvanciligi\/\" \/>\n<meta property=\"og:locale\" content=\"tr_TR\" \/>\n<meta property=\"og:type\" content=\"article\" \/>\n<meta property=\"og:title\" content=\"B\u00fcy\u00fckba\u015f S\u00fct ve Besi Hayvanc\u0131l\u0131\u011f\u0131 - Karpatov Technology\" \/>\n<meta property=\"og:description\" content=\"[vc_row css=&#8221;.vc_custom_1452687555475{margin-bottom: 100px !important;}&#8221;][vc_column offset=&#8221;vc_col-lg-9 vc_col-md-9&#8243;][vc_custom_heading source=&#8221;post_title&#8221; use_theme_fonts=&#8221;yes&#8221; css=&#8221;.vc_custom_1596530071111{margin-bottom: 30px !important;}&#8221;][vc_row_inner css=&#8221;.vc_custom_1453271494452{margin-bottom: 50px !important;}&#8221;][vc_column_inner][vc_single_image source=&#8221;featured_image&#8221; img_size=&#8221;full&#8221;][\/vc_column_inner][\/vc_row_inner][vc_row_inner css=&#8221;.vc_custom_1453271494452{margin-bottom: 50px !important;}&#8221;][vc_column_inner][\/vc_column_inner][\/vc_row_inner][vc_separator color=&#8221;custom&#8221; accent_color=&#8221;#dddddd&#8221; css=&#8221;.vc_custom_1453271595991{margin-bottom: 21px !important;}&#8221;][vc_row_inner css=&#8221;.vc_custom_1453271763899{margin-bottom: 33px !important;}&#8221;][vc_column_inner width=&#8221;1\/4&#8243; css=&#8221;.vc_custom_1453272656287{padding-right: 45px !important;}&#8221;][vc_custom_heading text=&#8221;PROJELEND\u0130RME VE PROJE DANI\u015eMANLI\u011eI&#8221; font_container=&#8221;tag:h3|font_size:24px|text_align:right|color:%23222222|line_height:30px&#8221; use_theme_fonts=&#8221;yes&#8221; css_animation=&#8221;fadeInUp&#8221;][\/vc_column_inner][vc_column_inner width=&#8221;3\/4&#8243; css=&#8221;.vc_custom_1453271259318{padding-top: 18px !important;}&#8221;][vc_column_text css_animation=&#8221;none&#8221;]B\u00fcy\u00fckba\u015f s\u0131\u011f\u0131r \u00e7iftli\u011fi kurulumu i\u00e7in \u00e7ok kapsaml\u0131 ve \u00e7ok y\u00f6nl\u00fc ara\u015ft\u0131rma yapmak, i\u015fin\" \/>\n<meta property=\"og:url\" content=\"https:\/\/www.karpatov.com\/tr\/buyukbas-sut-ve-besi-hayvanciligi\/\" \/>\n<meta property=\"og:site_name\" content=\"Karpatov Technology\" \/>\n<meta property=\"article:modified_time\" content=\"2020-09-14T13:09:13+00:00\" \/>\n<meta property=\"og:image\" content=\"https:\/\/www.karpatov.com\/wp-content\/uploads\/2020\/08\/bu\u0308yu\u0308kbas\u0327-besi.jpg\" \/>\n\t<meta property=\"og:image:width\" content=\"1222\" \/>\n\t<meta property=\"og:image:height\" content=\"833\" \/>\n<meta name=\"twitter:card\" content=\"summary_large_image\" \/>\n<script type=\"application\/ld+json\" class=\"yoast-schema-graph\">{\"@context\":\"https:\/\/schema.org\",\"@graph\":[{\"@type\":\"WebSite\",\"@id\":\"https:\/\/www.karpatov.com\/tr\/#website\",\"url\":\"https:\/\/www.karpatov.com\/tr\/\",\"name\":\"Karpatov Technology\",\"description\":\"Karpatov Teknoloji\",\"potentialAction\":[{\"@type\":\"SearchAction\",\"target\":\"https:\/\/www.karpatov.com\/tr\/?s={search_term_string}\",\"query-input\":\"required name=search_term_string\"}],\"inLanguage\":\"tr\"},{\"@type\":\"ImageObject\",\"@id\":\"https:\/\/www.karpatov.com\/tr\/buyukbas-sut-ve-besi-hayvanciligi\/#primaryimage\",\"inLanguage\":\"tr\",\"url\":\"https:\/\/www.karpatov.com\/wp-content\/uploads\/2020\/08\/bu\\u0308yu\\u0308kbas\\u0327-besi.jpg\",\"width\":1222,\"height\":833},{\"@type\":\"WebPage\",\"@id\":\"https:\/\/www.karpatov.com\/tr\/buyukbas-sut-ve-besi-hayvanciligi\/#webpage\",\"url\":\"https:\/\/www.karpatov.com\/tr\/buyukbas-sut-ve-besi-hayvanciligi\/\",\"name\":\"B\\u00fcy\\u00fckba\\u015f S\\u00fct ve Besi Hayvanc\\u0131l\\u0131\\u011f\\u0131 - Karpatov Technology\",\"isPartOf\":{\"@id\":\"https:\/\/www.karpatov.com\/tr\/#website\"},\"primaryImageOfPage\":{\"@id\":\"https:\/\/www.karpatov.com\/tr\/buyukbas-sut-ve-besi-hayvanciligi\/#primaryimage\"},\"datePublished\":\"2020-07-17T12:23:11+00:00\",\"dateModified\":\"2020-09-14T13:09:13+00:00\",\"inLanguage\":\"tr\",\"potentialAction\":[{\"@type\":\"ReadAction\",\"target\":[\"https:\/\/www.karpatov.com\/tr\/buyukbas-sut-ve-besi-hayvanciligi\/\"]}]}]}<\/script>\n<!-- \/ Yoast SEO Premium plugin. -->","_links":{"self":[{"href":"https:\/\/www.karpatov.com\/tr\/wp-json\/wp\/v2\/pages\/6556","targetHints":{"allow":["GET"]}}],"collection":[{"href":"https:\/\/www.karpatov.com\/tr\/wp-json\/wp\/v2\/pages"}],"about":[{"href":"https:\/\/www.karpatov.com\/tr\/wp-json\/wp\/v2\/types\/page"}],"author":[{"embeddable":true,"href":"https:\/\/www.karpatov.com\/tr\/wp-json\/wp\/v2\/users\/1"}],"replies":[{"embeddable":true,"href":"https:\/\/www.karpatov.com\/tr\/wp-json\/wp\/v2\/comments?post=6556"}],"version-history":[{"count":7,"href":"https:\/\/www.karpatov.com\/tr\/wp-json\/wp\/v2\/pages\/6556\/revisions"}],"predecessor-version":[{"id":7464,"href":"https:\/\/www.karpatov.com\/tr\/wp-json\/wp\/v2\/pages\/6556\/revisions\/7464"}],"wp:featuredmedia":[{"embeddable":true,"href":"https:\/\/www.karpatov.com\/tr\/wp-json\/wp\/v2\/media\/6977"}],"wp:attachment":[{"href":"https:\/\/www.karpatov.com\/tr\/wp-json\/wp\/v2\/media?parent=6556"}],"curies":[{"name":"wp","href":"https:\/\/api.w.org\/{rel}","templated":true}]}}