{"id":6554,"date":"2020-07-17T15:22:46","date_gmt":"2020-07-17T12:22:46","guid":{"rendered":"http:\/\/karpatov.com\/?page_id=6554"},"modified":"2020-09-07T11:42:05","modified_gmt":"2020-09-07T08:42:05","slug":"yumurta-tavukculugu","status":"publish","type":"page","link":"https:\/\/www.karpatov.com\/tr\/yumurta-tavukculugu\/","title":{"rendered":"Yumurta Tavuk\u00e7ulu\u011fu"},"content":{"rendered":"<p>[vc_row css=&#8221;.vc_custom_1452687555475{margin-bottom: 100px !important;}&#8221;][vc_column offset=&#8221;vc_col-lg-9 vc_col-md-9&#8243;][vc_custom_heading source=&#8221;post_title&#8221; use_theme_fonts=&#8221;yes&#8221; css=&#8221;.vc_custom_1596526677937{margin-bottom: 30px !important;}&#8221;][vc_row_inner css=&#8221;.vc_custom_1453271494452{margin-bottom: 50px !important;}&#8221;][vc_column_inner][vc_single_image source=&#8221;featured_image&#8221; img_size=&#8221;full&#8221;][\/vc_column_inner][\/vc_row_inner][vc_separator color=&#8221;custom&#8221; accent_color=&#8221;#dddddd&#8221; css=&#8221;.vc_custom_1453271595991{margin-bottom: 21px !important;}&#8221;][vc_row_inner css=&#8221;.vc_custom_1453271763899{margin-bottom: 33px !important;}&#8221;][vc_column_inner width=&#8221;1\/4&#8243; css=&#8221;.vc_custom_1453272656287{padding-right: 45px !important;}&#8221;][vc_custom_heading text=&#8221;PROJELEND\u0130RME VE PROJE DANI\u015eMANLI\u011eI&#8221; font_container=&#8221;tag:h3|font_size:24px|text_align:right|color:%23222222|line_height:30px&#8221; use_theme_fonts=&#8221;yes&#8221; css_animation=&#8221;fadeInUp&#8221;][\/vc_column_inner][vc_column_inner width=&#8221;3\/4&#8243; css=&#8221;.vc_custom_1453271259318{padding-top: 18px !important;}&#8221;][vc_column_text css_animation=&#8221;none&#8221;]Yumurta tavuk\u00e7ulu\u011fu, insan beslenmesinde m\u00fckemmel bir g\u0131da olan yumurtan\u0131n \u00fcretimi a\u00e7\u0131s\u0131ndan \u00e7ok \u00f6nemli bir yeti\u015ftiricilik faaliyetidir. \u00c7\u00fcnk\u00fc yumurta, anne s\u00fct\u00fcnden sonra insan\u0131n ihtiyac\u0131 olan t\u00fcm besin \u00f6gelerini bulunduran tek besin kayna\u011f\u0131d\u0131r. Yumurta t\u00fcm besinler i\u00e7erisinde en de\u011ferli proteini i\u00e7ermektedir. Yumurta ba\u015fl\u0131ca, A, D, E ve B grubu vitaminler olmak \u00fczere di\u011fer vitaminleri de \u00f6nemli oranda i\u00e7ermektedir.<\/p>\n<p>Yumurta \u00fcretimi i\u00e7in gerekli olan t\u00fcm altyap\u0131 ihtiya\u00e7lar\u0131 ve \u00e7evre fakt\u00f6rlerini yerinde tespit etme amac\u0131yla olu\u015fturulan, Tavuk\u00e7uluk Teknolojisi Fizibilite Ekibi, de\u011ferli m\u00fc\u015fterimizin tesisini yerinde inceler ve fizibilite raporunu haz\u0131rlar.[\/vc_column_text][\/vc_column_inner][\/vc_row_inner][vc_separator color=&#8221;custom&#8221; accent_color=&#8221;#dddddd&#8221; css=&#8221;.vc_custom_1453271595991{margin-bottom: 21px !important;}&#8221;][vc_row_inner css=&#8221;.vc_custom_1453272927441{margin-bottom: 33px !important;}&#8221;][vc_column_inner width=&#8221;1\/4&#8243; css=&#8221;.vc_custom_1453270747989{padding-right: 45px !important;}&#8221;][vc_custom_heading text=&#8221;ANAHTAR TESL\u0130M PROJE YAPIMI&#8221; font_container=&#8221;tag:h3|font_size:24px|text_align:right|color:%23222222|line_height:30px&#8221; use_theme_fonts=&#8221;yes&#8221; css_animation=&#8221;fadeInUp&#8221;][\/vc_column_inner][vc_column_inner width=&#8221;3\/4&#8243; css=&#8221;.vc_custom_1453271259318{padding-top: 18px !important;}&#8221;][vc_column_text]M\u00fc\u015fterilerimizin, ihtiya\u00e7 ve beklentilerini en y\u00fcksek seviyede kar\u015f\u0131lamak amac\u0131yla, Fizibilite Ekibimizin \u00f6nceden yapt\u0131\u011f\u0131 analizler tasar\u0131mc\u0131lar\u0131m\u0131za sunulur. T\u00fcm tavuk kafeslerimiz ve civciv kafeslerimiz, m\u00fc\u015fterimizin sahip oldu\u011fu alana ve ihtiya\u00e7lar\u0131na g\u00f6re tasarlan\u0131r.<\/p>\n<p>Partner firmam\u0131z\u0131n b\u00fcnyesinde \u00e7al\u0131\u015fan uzman kurulum ekipleri taraf\u0131nda kafes kurulumlar\u0131 ger\u00e7ekle\u015ftirilir. Kafes kurulumu tamamland\u0131ktan sonra, i\u015fleyi\u015f sisteminin t\u00fcm detaylar\u0131 hakk\u0131nda k\u00fcmes \u00e7al\u0131\u015fanlar\u0131na e\u011fitim verilir.<\/p>\n<p>Sat\u0131\u015f\u0131n\u0131 yapt\u0131\u011f\u0131m\u0131z kafeslerimizin montaj\u0131, servisi ve sat\u0131\u015f sonras\u0131 bak\u0131mlar\u0131, profesyonel Teknik Departman\u0131m\u0131z taraf\u0131ndan yap\u0131l\u0131r.[\/vc_column_text][\/vc_column_inner][\/vc_row_inner][vc_separator color=&#8221;custom&#8221; accent_color=&#8221;#dddddd&#8221; css=&#8221;.vc_custom_1453271595991{margin-bottom: 21px !important;}&#8221;][vc_row_inner][vc_column_inner width=&#8221;1\/4&#8243; css=&#8221;.vc_custom_1453270747989{padding-right: 45px !important;}&#8221;][vc_custom_heading text=&#8221;MODERN KAFES S\u0130STEMLER\u0130&#8221; font_container=&#8221;tag:h3|font_size:24px|text_align:right|color:%23222222|line_height:30px&#8221; use_theme_fonts=&#8221;yes&#8221;][\/vc_column_inner][vc_column_inner width=&#8221;3\/4&#8243; css=&#8221;.vc_custom_1453271259318{padding-top: 18px !important;}&#8221;][vc_single_image image=&#8221;6696&#8243; img_size=&#8221;full&#8221; alignment=&#8221;center&#8221; style=&#8221;vc_box_rounded&#8221;][vc_column_text]<\/p>\n<ul>\n<li>YUMURTACI TAVUK KAFESLER\u0130<\/li>\n<li>C\u0130VC\u0130V B\u00dcY\u00dcTME KAFESLER\u0130<\/li>\n<li>BROILER KAFESLER\u0130<\/li>\n<\/ul>\n<p>Kafes sistemlerinin ana bile\u015fenleri, galvanizli sac ve galvanizli tel malzemeden olu\u015fmaktad\u0131r. Kafeslerimizin konstr\u00fcksiyonu ve kafes b\u00f6lmelerinde kullan\u0131lan bu galvanizli saclar ve teller ISO 9001 belgeli olup; kullan\u0131lan sac ve tellerin y\u00fczey kaplamalar\u0131, y\u00fcksek standartlardad\u0131r.<\/p>\n<p>Kafes sisteminin tasar\u0131m\u0131 yer hareketlerinden etkilenmeyecek \u015fekilde tasarlanm\u0131\u015ft\u0131r. Kafes sisteminin ana konstr\u00fcksiyonunda, her 60 cm de bir kafes aya\u011f\u0131 ve bu ayaklar\u0131n alt\u0131na konan geni\u015f tabanl\u0131 pabu\u00e7lar bulunmaktad\u0131r. Bu sayede maksimum diren\u00e7 kazanan sistem, platformsuz olarak 8 kata, platformlu olarak ise 12 kata kadar sorunsuz olarak monte edilebilir.<\/p>\n<p><strong>KAFES S\u0130STEMLER\u0130 BA\u015eLICA \u015eU B\u0130LE\u015eENLERDEN MEYDANA GELMEKTED\u0130R:<\/strong><\/p>\n<ul>\n<li>Kafes G\u00f6zleri<\/li>\n<li>Yemleme Sistemi<\/li>\n<li>Su \u0130\u00e7me Sistemi<\/li>\n<li>G\u00fcbre Sevk Sistemi<\/li>\n<li>Otomatik Yumurta Toplama Sistemi<\/li>\n<li>Yem Stok ve Da\u011f\u0131t\u0131m Sistemi<\/li>\n<li>Tam Otomatik \u0130klimlendirme<\/li>\n<li>Is\u0131tma Sistemi (Broiler ve Civciv i\u00e7in)<\/li>\n<li>Ayd\u0131nlatma Sistemi<\/li>\n<\/ul>\n<p>[\/vc_column_text][vc_empty_space][\/vc_column_inner][\/vc_row_inner][vc_separator color=&#8221;custom&#8221; accent_color=&#8221;#dddddd&#8221; css=&#8221;.vc_custom_1453271595991{margin-bottom: 21px !important;}&#8221;][vc_row_inner][vc_column_inner width=&#8221;1\/4&#8243; css=&#8221;.vc_custom_1453270747989{padding-right: 45px !important;}&#8221;][vc_custom_heading text=&#8221;VETER\u0130NERL\u0130K H\u0130ZMETLER\u0130&#8221; font_container=&#8221;tag:h3|font_size:24px|text_align:right|color:%23222222|line_height:30px&#8221; use_theme_fonts=&#8221;yes&#8221;][\/vc_column_inner][vc_column_inner width=&#8221;3\/4&#8243; css=&#8221;.vc_custom_1453271259318{padding-top: 18px !important;}&#8221;][vc_single_image image=&#8221;7404&#8243; img_size=&#8221;full&#8221; alignment=&#8221;center&#8221; style=&#8221;vc_box_rounded&#8221;][vc_column_text]\u0130\u015fletmeniz i\u00e7in her t\u00fcrl\u00fc dan\u0131\u015fmanl\u0131k, zooteknist ve veteriner temini.[\/vc_column_text][vc_empty_space][\/vc_column_inner][\/vc_row_inner][\/vc_column][vc_column width=&#8221;1\/4&#8243; offset=&#8221;vc_hidden-sm vc_hidden-xs&#8221;][stm_sidebar sidebar=&#8221;311&#8243;][\/vc_column][\/vc_row]<\/p>\n","protected":false},"excerpt":{"rendered":"<p>[vc_row css=&#8221;.vc_custom_1452687555475{margin-bottom: 100px !important;}&#8221;][vc_column offset=&#8221;vc_col-lg-9 vc_col-md-9&#8243;][vc_custom_heading source=&#8221;post_title&#8221; use_theme_fonts=&#8221;yes&#8221; css=&#8221;.vc_custom_1596526677937{margin-bottom: 30px !important;}&#8221;][vc_row_inner css=&#8221;.vc_custom_1453271494452{margin-bottom: 50px !important;}&#8221;][vc_column_inner][vc_single_image source=&#8221;featured_image&#8221; img_size=&#8221;full&#8221;][\/vc_column_inner][\/vc_row_inner][vc_separator color=&#8221;custom&#8221; accent_color=&#8221;#dddddd&#8221; css=&#8221;.vc_custom_1453271595991{margin-bottom: 21px !important;}&#8221;][vc_row_inner css=&#8221;.vc_custom_1453271763899{margin-bottom: 33px !important;}&#8221;][vc_column_inner width=&#8221;1\/4&#8243; css=&#8221;.vc_custom_1453272656287{padding-right: 45px !important;}&#8221;][vc_custom_heading text=&#8221;PROJELEND\u0130RME VE PROJE DANI\u015eMANLI\u011eI&#8221; font_container=&#8221;tag:h3|font_size:24px|text_align:right|color:%23222222|line_height:30px&#8221; use_theme_fonts=&#8221;yes&#8221; css_animation=&#8221;fadeInUp&#8221;][\/vc_column_inner][vc_column_inner width=&#8221;3\/4&#8243; css=&#8221;.vc_custom_1453271259318{padding-top: 18px !important;}&#8221;][vc_column_text css_animation=&#8221;none&#8221;]Yumurta tavuk\u00e7ulu\u011fu, insan beslenmesinde m\u00fckemmel bir g\u0131da olan yumurtan\u0131n \u00fcretimi a\u00e7\u0131s\u0131ndan \u00e7ok \u00f6nemli bir yeti\u015ftiricilik faaliyetidir.<\/p>\n","protected":false},"author":1,"featured_media":7383,"parent":0,"menu_order":0,"comment_status":"closed","ping_status":"closed","template":"","meta":{"footnotes":""},"class_list":["post-6554","page","type-page","status-publish","has-post-thumbnail","hentry"],"yoast_head":"<!-- This site is optimized with the Yoast SEO Premium plugin v14.9 - https:\/\/yoast.com\/wordpress\/plugins\/seo\/ -->\n<title>Yumurta Tavuk\u00e7ulu\u011fu - Karpatov Technology<\/title>\n<meta name=\"robots\" content=\"index, follow, max-snippet:-1, max-image-preview:large, max-video-preview:-1\" \/>\n<link rel=\"canonical\" href=\"https:\/\/www.karpatov.com\/tr\/yumurta-tavukculugu\/\" \/>\n<meta property=\"og:locale\" content=\"tr_TR\" \/>\n<meta property=\"og:type\" content=\"article\" \/>\n<meta property=\"og:title\" content=\"Yumurta Tavuk\u00e7ulu\u011fu - Karpatov Technology\" \/>\n<meta property=\"og:description\" content=\"[vc_row css=&#8221;.vc_custom_1452687555475{margin-bottom: 100px !important;}&#8221;][vc_column offset=&#8221;vc_col-lg-9 vc_col-md-9&#8243;][vc_custom_heading source=&#8221;post_title&#8221; use_theme_fonts=&#8221;yes&#8221; css=&#8221;.vc_custom_1596526677937{margin-bottom: 30px !important;}&#8221;][vc_row_inner css=&#8221;.vc_custom_1453271494452{margin-bottom: 50px !important;}&#8221;][vc_column_inner][vc_single_image source=&#8221;featured_image&#8221; img_size=&#8221;full&#8221;][\/vc_column_inner][\/vc_row_inner][vc_separator color=&#8221;custom&#8221; accent_color=&#8221;#dddddd&#8221; css=&#8221;.vc_custom_1453271595991{margin-bottom: 21px !important;}&#8221;][vc_row_inner css=&#8221;.vc_custom_1453271763899{margin-bottom: 33px !important;}&#8221;][vc_column_inner width=&#8221;1\/4&#8243; css=&#8221;.vc_custom_1453272656287{padding-right: 45px !important;}&#8221;][vc_custom_heading text=&#8221;PROJELEND\u0130RME VE PROJE DANI\u015eMANLI\u011eI&#8221; font_container=&#8221;tag:h3|font_size:24px|text_align:right|color:%23222222|line_height:30px&#8221; use_theme_fonts=&#8221;yes&#8221; css_animation=&#8221;fadeInUp&#8221;][\/vc_column_inner][vc_column_inner width=&#8221;3\/4&#8243; css=&#8221;.vc_custom_1453271259318{padding-top: 18px !important;}&#8221;][vc_column_text css_animation=&#8221;none&#8221;]Yumurta tavuk\u00e7ulu\u011fu, insan beslenmesinde m\u00fckemmel bir g\u0131da olan yumurtan\u0131n \u00fcretimi a\u00e7\u0131s\u0131ndan \u00e7ok \u00f6nemli bir yeti\u015ftiricilik faaliyetidir.\" \/>\n<meta property=\"og:url\" content=\"https:\/\/www.karpatov.com\/tr\/yumurta-tavukculugu\/\" \/>\n<meta property=\"og:site_name\" content=\"Karpatov Technology\" \/>\n<meta property=\"article:modified_time\" content=\"2020-09-07T08:42:05+00:00\" \/>\n<meta property=\"og:image\" content=\"https:\/\/www.karpatov.com\/wp-content\/uploads\/2020\/09\/yumurta-tavukc\u0327ulug\u0306u.jpg\" \/>\n\t<meta property=\"og:image:width\" content=\"1650\" \/>\n\t<meta property=\"og:image:height\" content=\"930\" \/>\n<meta name=\"twitter:card\" content=\"summary_large_image\" \/>\n<script type=\"application\/ld+json\" class=\"yoast-schema-graph\">{\"@context\":\"https:\/\/schema.org\",\"@graph\":[{\"@type\":\"WebSite\",\"@id\":\"https:\/\/www.karpatov.com\/tr\/#website\",\"url\":\"https:\/\/www.karpatov.com\/tr\/\",\"name\":\"Karpatov Technology\",\"description\":\"Karpatov Teknoloji\",\"potentialAction\":[{\"@type\":\"SearchAction\",\"target\":\"https:\/\/www.karpatov.com\/tr\/?s={search_term_string}\",\"query-input\":\"required name=search_term_string\"}],\"inLanguage\":\"tr\"},{\"@type\":\"ImageObject\",\"@id\":\"https:\/\/www.karpatov.com\/tr\/yumurta-tavukculugu\/#primaryimage\",\"inLanguage\":\"tr\",\"url\":\"https:\/\/www.karpatov.com\/wp-content\/uploads\/2020\/09\/yumurta-tavukc\\u0327ulug\\u0306u.jpg\",\"width\":1650,\"height\":930},{\"@type\":\"WebPage\",\"@id\":\"https:\/\/www.karpatov.com\/tr\/yumurta-tavukculugu\/#webpage\",\"url\":\"https:\/\/www.karpatov.com\/tr\/yumurta-tavukculugu\/\",\"name\":\"Yumurta Tavuk\\u00e7ulu\\u011fu - Karpatov Technology\",\"isPartOf\":{\"@id\":\"https:\/\/www.karpatov.com\/tr\/#website\"},\"primaryImageOfPage\":{\"@id\":\"https:\/\/www.karpatov.com\/tr\/yumurta-tavukculugu\/#primaryimage\"},\"datePublished\":\"2020-07-17T12:22:46+00:00\",\"dateModified\":\"2020-09-07T08:42:05+00:00\",\"inLanguage\":\"tr\",\"potentialAction\":[{\"@type\":\"ReadAction\",\"target\":[\"https:\/\/www.karpatov.com\/tr\/yumurta-tavukculugu\/\"]}]}]}<\/script>\n<!-- \/ Yoast SEO Premium plugin. -->","_links":{"self":[{"href":"https:\/\/www.karpatov.com\/tr\/wp-json\/wp\/v2\/pages\/6554","targetHints":{"allow":["GET"]}}],"collection":[{"href":"https:\/\/www.karpatov.com\/tr\/wp-json\/wp\/v2\/pages"}],"about":[{"href":"https:\/\/www.karpatov.com\/tr\/wp-json\/wp\/v2\/types\/page"}],"author":[{"embeddable":true,"href":"https:\/\/www.karpatov.com\/tr\/wp-json\/wp\/v2\/users\/1"}],"replies":[{"embeddable":true,"href":"https:\/\/www.karpatov.com\/tr\/wp-json\/wp\/v2\/comments?post=6554"}],"version-history":[{"count":13,"href":"https:\/\/www.karpatov.com\/tr\/wp-json\/wp\/v2\/pages\/6554\/revisions"}],"predecessor-version":[{"id":7408,"href":"https:\/\/www.karpatov.com\/tr\/wp-json\/wp\/v2\/pages\/6554\/revisions\/7408"}],"wp:featuredmedia":[{"embeddable":true,"href":"https:\/\/www.karpatov.com\/tr\/wp-json\/wp\/v2\/media\/7383"}],"wp:attachment":[{"href":"https:\/\/www.karpatov.com\/tr\/wp-json\/wp\/v2\/media?parent=6554"}],"curies":[{"name":"wp","href":"https:\/\/api.w.org\/{rel}","templated":true}]}}