{"id":6552,"date":"2020-07-17T15:22:15","date_gmt":"2020-07-17T12:22:15","guid":{"rendered":"http:\/\/karpatov.com\/?page_id=6552"},"modified":"2020-09-07T11:43:21","modified_gmt":"2020-09-07T08:43:21","slug":"tarim-makinalari","status":"publish","type":"page","link":"https:\/\/www.karpatov.com\/tr\/tarim-makinalari\/","title":{"rendered":"Tar\u0131m Makinalar\u0131"},"content":{"rendered":"<p>[vc_row css=&#8221;.vc_custom_1452687555475{margin-bottom: 100px !important;}&#8221;][vc_column offset=&#8221;vc_col-lg-9 vc_col-md-9&#8243;][vc_custom_heading source=&#8221;post_title&#8221; use_theme_fonts=&#8221;yes&#8221; css=&#8221;.vc_custom_1596531574438{margin-bottom: 30px !important;}&#8221;][vc_row_inner css=&#8221;.vc_custom_1453271494452{margin-bottom: 50px !important;}&#8221;][vc_column_inner][vc_single_image source=&#8221;featured_image&#8221; img_size=&#8221;full&#8221;][\/vc_column_inner][\/vc_row_inner][vc_separator color=&#8221;custom&#8221; accent_color=&#8221;#dddddd&#8221; css=&#8221;.vc_custom_1453271595991{margin-bottom: 21px !important;}&#8221;][vc_row_inner css=&#8221;.vc_custom_1453271763899{margin-bottom: 33px !important;}&#8221;][vc_column_inner width=&#8221;1\/4&#8243; css=&#8221;.vc_custom_1453272656287{padding-right: 45px !important;}&#8221;][vc_custom_heading text=&#8221;MAK\u0130NE \u00c7E\u015e\u0130TLER\u0130&#8221; font_container=&#8221;tag:h3|font_size:24px|text_align:right|color:%23222222|line_height:30px&#8221; use_theme_fonts=&#8221;yes&#8221; css_animation=&#8221;fadeInUp&#8221;][\/vc_column_inner][vc_column_inner width=&#8221;3\/4&#8243; css=&#8221;.vc_custom_1453271259318{padding-top: 18px !important;}&#8221;][vc_column_text css_animation=&#8221;none&#8221;]<\/p>\n<ul>\n<li><strong>EK\u0130M VE D\u0130K\u0130M MAK\u0130NELER\u0130<\/strong><\/li>\n<li><strong>G\u00dcBRELEME VE \u0130LA\u00c7LAMA MAK\u0130NELER\u0130<\/strong><\/li>\n<li><strong>TOPRAK HAZIRLIK MAK\u0130NELER\u0130<\/strong><\/li>\n<li><strong>B\u0130\u00c7ME MAK\u0130NELER\u0130 VE B\u0130\u00c7ERD\u00d6VERLER<\/strong><\/li>\n<li><strong>S\u0130LAJ MAK\u0130NELER\u0130<\/strong><\/li>\n<li><strong>TRAKT\u00d6RLER<\/strong><\/li>\n<li><strong>D\u0130\u011eER MAK\u0130NELER<\/strong><\/li>\n<\/ul>\n<p>[\/vc_column_text][\/vc_column_inner][\/vc_row_inner][\/vc_column][vc_column width=&#8221;1\/4&#8243; offset=&#8221;vc_hidden-sm vc_hidden-xs&#8221;][stm_sidebar sidebar=&#8221;311&#8243;][\/vc_column][\/vc_row]<\/p>\n","protected":false},"excerpt":{"rendered":"<p>[vc_row css=&#8221;.vc_custom_1452687555475{margin-bottom: 100px !important;}&#8221;][vc_column offset=&#8221;vc_col-lg-9 vc_col-md-9&#8243;][vc_custom_heading source=&#8221;post_title&#8221; use_theme_fonts=&#8221;yes&#8221; css=&#8221;.vc_custom_1596531574438{margin-bottom: 30px !important;}&#8221;][vc_row_inner css=&#8221;.vc_custom_1453271494452{margin-bottom: 50px !important;}&#8221;][vc_column_inner][vc_single_image source=&#8221;featured_image&#8221; img_size=&#8221;full&#8221;][\/vc_column_inner][\/vc_row_inner][vc_separator color=&#8221;custom&#8221; accent_color=&#8221;#dddddd&#8221; css=&#8221;.vc_custom_1453271595991{margin-bottom: 21px !important;}&#8221;][vc_row_inner css=&#8221;.vc_custom_1453271763899{margin-bottom: 33px !important;}&#8221;][vc_column_inner width=&#8221;1\/4&#8243; css=&#8221;.vc_custom_1453272656287{padding-right: 45px !important;}&#8221;][vc_custom_heading text=&#8221;MAK\u0130NE \u00c7E\u015e\u0130TLER\u0130&#8221; font_container=&#8221;tag:h3|font_size:24px|text_align:right|color:%23222222|line_height:30px&#8221; use_theme_fonts=&#8221;yes&#8221; css_animation=&#8221;fadeInUp&#8221;][\/vc_column_inner][vc_column_inner width=&#8221;3\/4&#8243; css=&#8221;.vc_custom_1453271259318{padding-top: 18px !important;}&#8221;][vc_column_text css_animation=&#8221;none&#8221;] EK\u0130M VE D\u0130K\u0130M MAK\u0130NELER\u0130 G\u00dcBRELEME VE \u0130LA\u00c7LAMA MAK\u0130NELER\u0130 TOPRAK HAZIRLIK MAK\u0130NELER\u0130 B\u0130\u00c7ME MAK\u0130NELER\u0130 VE B\u0130\u00c7ERD\u00d6VERLER S\u0130LAJ MAK\u0130NELER\u0130<\/p>\n","protected":false},"author":1,"featured_media":7409,"parent":0,"menu_order":0,"comment_status":"closed","ping_status":"closed","template":"","meta":{"footnotes":""},"class_list":["post-6552","page","type-page","status-publish","has-post-thumbnail","hentry"],"yoast_head":"<!-- This site is optimized with the Yoast SEO Premium plugin v14.9 - https:\/\/yoast.com\/wordpress\/plugins\/seo\/ -->\n<title>Tar\u0131m Makinalar\u0131 - Karpatov Technology<\/title>\n<meta name=\"robots\" content=\"index, follow, max-snippet:-1, max-image-preview:large, max-video-preview:-1\" \/>\n<link rel=\"canonical\" href=\"https:\/\/www.karpatov.com\/tr\/tarim-makinalari\/\" \/>\n<meta property=\"og:locale\" content=\"tr_TR\" \/>\n<meta property=\"og:type\" content=\"article\" \/>\n<meta property=\"og:title\" content=\"Tar\u0131m Makinalar\u0131 - Karpatov Technology\" \/>\n<meta property=\"og:description\" content=\"[vc_row css=&#8221;.vc_custom_1452687555475{margin-bottom: 100px !important;}&#8221;][vc_column offset=&#8221;vc_col-lg-9 vc_col-md-9&#8243;][vc_custom_heading source=&#8221;post_title&#8221; use_theme_fonts=&#8221;yes&#8221; css=&#8221;.vc_custom_1596531574438{margin-bottom: 30px !important;}&#8221;][vc_row_inner css=&#8221;.vc_custom_1453271494452{margin-bottom: 50px !important;}&#8221;][vc_column_inner][vc_single_image source=&#8221;featured_image&#8221; img_size=&#8221;full&#8221;][\/vc_column_inner][\/vc_row_inner][vc_separator color=&#8221;custom&#8221; accent_color=&#8221;#dddddd&#8221; css=&#8221;.vc_custom_1453271595991{margin-bottom: 21px !important;}&#8221;][vc_row_inner css=&#8221;.vc_custom_1453271763899{margin-bottom: 33px !important;}&#8221;][vc_column_inner width=&#8221;1\/4&#8243; css=&#8221;.vc_custom_1453272656287{padding-right: 45px !important;}&#8221;][vc_custom_heading text=&#8221;MAK\u0130NE \u00c7E\u015e\u0130TLER\u0130&#8221; font_container=&#8221;tag:h3|font_size:24px|text_align:right|color:%23222222|line_height:30px&#8221; use_theme_fonts=&#8221;yes&#8221; css_animation=&#8221;fadeInUp&#8221;][\/vc_column_inner][vc_column_inner width=&#8221;3\/4&#8243; css=&#8221;.vc_custom_1453271259318{padding-top: 18px !important;}&#8221;][vc_column_text css_animation=&#8221;none&#8221;] EK\u0130M VE D\u0130K\u0130M MAK\u0130NELER\u0130 G\u00dcBRELEME VE \u0130LA\u00c7LAMA MAK\u0130NELER\u0130 TOPRAK HAZIRLIK MAK\u0130NELER\u0130 B\u0130\u00c7ME MAK\u0130NELER\u0130 VE B\u0130\u00c7ERD\u00d6VERLER S\u0130LAJ MAK\u0130NELER\u0130\" \/>\n<meta property=\"og:url\" content=\"https:\/\/www.karpatov.com\/tr\/tarim-makinalari\/\" \/>\n<meta property=\"og:site_name\" content=\"Karpatov Technology\" \/>\n<meta property=\"article:modified_time\" content=\"2020-09-07T08:43:21+00:00\" \/>\n<meta property=\"og:image\" content=\"https:\/\/www.karpatov.com\/wp-content\/uploads\/2020\/09\/tar\u0131m-makineleri.jpg\" \/>\n\t<meta property=\"og:image:width\" content=\"1920\" \/>\n\t<meta property=\"og:image:height\" content=\"1080\" \/>\n<meta name=\"twitter:card\" content=\"summary_large_image\" \/>\n<script type=\"application\/ld+json\" class=\"yoast-schema-graph\">{\"@context\":\"https:\/\/schema.org\",\"@graph\":[{\"@type\":\"WebSite\",\"@id\":\"https:\/\/www.karpatov.com\/tr\/#website\",\"url\":\"https:\/\/www.karpatov.com\/tr\/\",\"name\":\"Karpatov Technology\",\"description\":\"Karpatov Teknoloji\",\"potentialAction\":[{\"@type\":\"SearchAction\",\"target\":\"https:\/\/www.karpatov.com\/tr\/?s={search_term_string}\",\"query-input\":\"required name=search_term_string\"}],\"inLanguage\":\"tr\"},{\"@type\":\"ImageObject\",\"@id\":\"https:\/\/www.karpatov.com\/tr\/tarim-makinalari\/#primaryimage\",\"inLanguage\":\"tr\",\"url\":\"https:\/\/www.karpatov.com\/wp-content\/uploads\/2020\/09\/tar\\u0131m-makineleri.jpg\",\"width\":1920,\"height\":1080},{\"@type\":\"WebPage\",\"@id\":\"https:\/\/www.karpatov.com\/tr\/tarim-makinalari\/#webpage\",\"url\":\"https:\/\/www.karpatov.com\/tr\/tarim-makinalari\/\",\"name\":\"Tar\\u0131m Makinalar\\u0131 - Karpatov Technology\",\"isPartOf\":{\"@id\":\"https:\/\/www.karpatov.com\/tr\/#website\"},\"primaryImageOfPage\":{\"@id\":\"https:\/\/www.karpatov.com\/tr\/tarim-makinalari\/#primaryimage\"},\"datePublished\":\"2020-07-17T12:22:15+00:00\",\"dateModified\":\"2020-09-07T08:43:21+00:00\",\"inLanguage\":\"tr\",\"potentialAction\":[{\"@type\":\"ReadAction\",\"target\":[\"https:\/\/www.karpatov.com\/tr\/tarim-makinalari\/\"]}]}]}<\/script>\n<!-- \/ Yoast SEO Premium plugin. -->","_links":{"self":[{"href":"https:\/\/www.karpatov.com\/tr\/wp-json\/wp\/v2\/pages\/6552","targetHints":{"allow":["GET"]}}],"collection":[{"href":"https:\/\/www.karpatov.com\/tr\/wp-json\/wp\/v2\/pages"}],"about":[{"href":"https:\/\/www.karpatov.com\/tr\/wp-json\/wp\/v2\/types\/page"}],"author":[{"embeddable":true,"href":"https:\/\/www.karpatov.com\/tr\/wp-json\/wp\/v2\/users\/1"}],"replies":[{"embeddable":true,"href":"https:\/\/www.karpatov.com\/tr\/wp-json\/wp\/v2\/comments?post=6552"}],"version-history":[{"count":4,"href":"https:\/\/www.karpatov.com\/tr\/wp-json\/wp\/v2\/pages\/6552\/revisions"}],"predecessor-version":[{"id":7023,"href":"https:\/\/www.karpatov.com\/tr\/wp-json\/wp\/v2\/pages\/6552\/revisions\/7023"}],"wp:featuredmedia":[{"embeddable":true,"href":"https:\/\/www.karpatov.com\/tr\/wp-json\/wp\/v2\/media\/7409"}],"wp:attachment":[{"href":"https:\/\/www.karpatov.com\/tr\/wp-json\/wp\/v2\/media?parent=6552"}],"curies":[{"name":"wp","href":"https:\/\/api.w.org\/{rel}","templated":true}]}}