{"id":6550,"date":"2020-07-17T15:21:51","date_gmt":"2020-07-17T12:21:51","guid":{"rendered":"http:\/\/karpatov.com\/?page_id=6550"},"modified":"2021-01-18T12:06:02","modified_gmt":"2021-01-18T09:06:02","slug":"sulama-sistemleri","status":"publish","type":"page","link":"https:\/\/www.karpatov.com\/tr\/sulama-sistemleri\/","title":{"rendered":"Sulama Sistemleri"},"content":{"rendered":"<p>[vc_row css=&#8221;.vc_custom_1452687555475{margin-bottom: 100px !important;}&#8221;][vc_column offset=&#8221;vc_col-lg-9 vc_col-md-9&#8243;][vc_custom_heading source=&#8221;post_title&#8221; use_theme_fonts=&#8221;yes&#8221; css=&#8221;.vc_custom_1596523036738{margin-bottom: 30px !important;}&#8221;][vc_row_inner css=&#8221;.vc_custom_1453271494452{margin-bottom: 50px !important;}&#8221;][vc_column_inner][vc_single_image source=&#8221;featured_image&#8221; img_size=&#8221;full&#8221;][\/vc_column_inner][\/vc_row_inner][vc_row_inner css=&#8221;.vc_custom_1453271494452{margin-bottom: 50px !important;}&#8221;][vc_column_inner][vc_custom_heading text=&#8221;Su, yery\u00fcz\u00fcnde hayat\u0131n kayna\u011f\u0131d\u0131r. B\u00fct\u00fcn canl\u0131lar hayatlar\u0131n\u0131 devam ettirebilmeleri i\u00e7in mutlak suya ihtiya\u00e7 duyarlar.&#8221; font_container=&#8221;tag:div|font_size:16px|text_align:left|color:%23444444|line_height:26px&#8221; google_fonts=&#8221;font_family:Poppins%3A300%2Cregular%2C500%2C600%2C700|font_style:600%20semi-bold%3A600%3Anormal&#8221; css=&#8221;.vc_custom_1596521964114{margin-bottom: 18px !important;}&#8221;][\/vc_column_inner][\/vc_row_inner][vc_separator color=&#8221;custom&#8221; accent_color=&#8221;#dddddd&#8221; css=&#8221;.vc_custom_1453271595991{margin-bottom: 21px !important;}&#8221;][vc_row_inner css=&#8221;.vc_custom_1453271763899{margin-bottom: 33px !important;}&#8221;][vc_column_inner width=&#8221;1\/4&#8243; css=&#8221;.vc_custom_1453272656287{padding-right: 45px !important;}&#8221;][vc_custom_heading text=&#8221;PROJELEND\u0130RME VE PROJE DANI\u015eMANLI\u011eI&#8221; font_container=&#8221;tag:h3|font_size:24px|text_align:right|color:%23222222|line_height:30px&#8221; use_theme_fonts=&#8221;yes&#8221; css_animation=&#8221;fadeInUp&#8221;][\/vc_column_inner][vc_column_inner width=&#8221;3\/4&#8243; css=&#8221;.vc_custom_1453271259318{padding-top: 18px !important;}&#8221;][vc_column_text css_animation=&#8221;none&#8221;]<strong>Tar\u0131mda Sulaman\u0131n \u00d6nemi<\/strong> :<\/p>\n<p>Su, yery\u00fcz\u00fcnde hayat\u0131n kayna\u011f\u0131d\u0131r. B\u00fct\u00fcn canl\u0131lar hayatlar\u0131n\u0131 devam ettirebilmeleri i\u00e7in mutlak suya ihtiya\u00e7 duyarlar. Bitkiler, t\u00fcre ba\u011fl\u0131 olarak % 90 \u2013 95 varan oranlarda sudan olu\u015fmaktad\u0131rlar. Toprakta mevcut bulunan besin elementlerinin do\u011fal d\u00f6ng\u00fcs\u00fcn\u00fc tamamlayabilmeleri tamamen su d\u00f6ng\u00fcs\u00fcne ba\u011fl\u0131d\u0131r. Su d\u00f6ng\u00fcs\u00fc, ya\u011f\u0131\u015flarla topra\u011fa d\u00fc\u015fen suyun buharla\u015fma (evaporasyon) ve terleme (transprasyonla) ile tekrar havaya iletilmesi olay\u0131d\u0131r. Bitkiler terleme ile\u00a0 \u00f6nemli miktarda suyu topraktan al\u0131p su buhar\u0131 \u015feklinde havaya verirler. Bu olay esnas\u0131nda bir \u00e7ok besin elementi de suda \u00e7\u00f6z\u00fcnm\u00fc\u015f olarak bitki b\u00fcnyesine girer ve buradaki iletim demetleri arac\u0131l\u0131\u011f\u0131 ile ta\u015f\u0131n\u0131rlar.<\/p>\n<p>Tar\u0131msal sulamalarda su, topra\u011fa de\u011fi\u015fik y\u00f6ntem ve sistemlerle verilebilir. G\u00fcn\u00fcm\u00fczde daha az sulama suyu, az i\u015f\u00e7ilik, derenaj ve tuzluluk sorunu yaratmayacak, verim ve kaliteyi artt\u0131racak sulama sistemlerinin kullan\u0131m\u0131n\u0131n \u00f6nemi her ge\u00e7en g\u00fcn artmaktad\u0131r.<\/p>\n<p>Son y\u0131llarda d\u00fcnyada, \u00f6zellikle plastik ve makine end\u00fcstrisinde ki geli\u015fmeler ile su ve enerjiden daha fazla tasarruf yap\u0131lm\u0131\u015ft\u0131r. B\u00f6ylece daha ekonomik ve daha etkin yeni sulama teknolojileri geli\u015ftirilmi\u015ftir.<\/p>\n<p>Tar\u0131mda sulama, bitkinin ihtiya\u00e7 duydu\u011fu ve ya\u011f\u0131\u015flarla kar\u015f\u0131lanamayan suyun toprakta bitkinin k\u00f6k b\u00f6lgesine gereken miktar ve zamanda verilmesidir.<\/p>\n<p>Tar\u0131msal \u00fcrerimde sulamada birinci kural tarla ba\u015f\u0131na kadar getirilmi\u015f suyun, en az kay\u0131pla b\u00fct\u00fcn tarlaya e\u015fit bir \u015fekilde yay\u0131lmas\u0131d\u0131r. Sulama konusunda pek \u00e7ok sistem vard\u0131r. Bu sistemlerden sulamada birinin se\u00e7ilmesi tarlan\u0131n tesviyesinin d\u00fczg\u00fcn olup olmamas\u0131na, yeti\u015ftirilen mahsul\u00fcn cinsine, topra\u011f\u0131n kimyasal ve fiziksel \u00f6zelliklerine, sulama suyunun miktar\u0131na ve kalitesine, \u00e7ift\u00e7i al\u0131\u015fkanl\u0131klar\u0131na, baz\u0131 sulama y\u00f6ntemlerinin ek yat\u0131r\u0131m\u0131 gerektirmesi nedeniyle oradaki \u00e7ift\u00e7ilerin ekonomik durumuna ve b\u00f6lgenin r\u00fczgar, s\u0131cakl\u0131k, oransal nem, ya\u011f\u0131\u015f gibi iklim ko\u015fullar\u0131na ba\u011fl\u0131d\u0131r.<\/p>\n<p><strong>SULAMA S\u0130STEM\u0130 KURULMADAN \u00d6NCE B\u0130L\u0130NMES\u0130 GEREKENLER:<\/strong><\/p>\n<ol>\n<li>Arazinin eni ve boyu, boyutlar\u0131 nedir?<\/li>\n<li>Bu arazinin tamam\u0131na ekim yap\u0131lacak m\u0131?<\/li>\n<li>Yap\u0131lacak ekim b\u00fct\u00fcn m\u00fc yoksa par\u00e7al\u0131 m\u0131 olacak?(Yani tarlan\u0131n tamam\u0131 \u00f6rne\u011fin m\u0131s\u0131r m\u0131 olacak yoksa bir k\u0131sm\u0131na bu\u011fday,bir k\u0131sm\u0131na m\u0131s\u0131r veya patates m\u0131 ekilecek?)(\u00dcr\u00fcnler \u00f6rnek olsun diye verilmi\u015ftir)<\/li>\n<li>Sulamas\u0131 yap\u0131lacak \u00fcr\u00fcn i\u00e7in m2\/litre cinsinden istenen su miktar\u0131 nedir? (Bu bilgiyi tohum satan firmadan alabilirler)<\/li>\n<li>\u00dcr\u00fcn\u00fcn sulamas\u0131n\u0131n ka\u00e7 g\u00fcnde bitirilmesi isteniyor? Hangi g\u00fcnler,g\u00fcnde ka\u00e7 defa,ka\u00e7 saat vs.(Sulama d\u00f6ng\u00fcs\u00fc)(Bu bilgi de tohum satan yerden al\u0131nabilir)<\/li>\n<li>\u00dcr\u00fcnler farkl\u0131 ama t\u00fcr ve \u00e7e\u015fitler farkl\u0131 oldu\u011fu i\u00e7in her \u00fcr\u00fcn i\u00e7in t\u00fcr ve \u00e7e\u015fit de\u011fi\u015ftik\u00e7e sulama \u015fekli ve zaman\u0131 da de\u011fi\u015febilir.Bu y\u00fczden bu bilgiler \u00f6nemlidir ve yap\u0131lacak makine ve sistem tercihi de buna g\u00f6re yap\u0131lacakt\u0131r.<\/li>\n<\/ol>\n<p>[\/vc_column_text][\/vc_column_inner][\/vc_row_inner][vc_separator color=&#8221;custom&#8221; accent_color=&#8221;#dddddd&#8221; css=&#8221;.vc_custom_1453271595991{margin-bottom: 21px !important;}&#8221;][vc_row_inner css=&#8221;.vc_custom_1453272927441{margin-bottom: 33px !important;}&#8221;][vc_column_inner width=&#8221;1\/4&#8243; css=&#8221;.vc_custom_1453270747989{padding-right: 45px !important;}&#8221;][vc_custom_heading text=&#8221;DAMLA SULAMA S\u0130STEMLER\u0130&#8221; font_container=&#8221;tag:h3|font_size:24px|text_align:right|color:%23222222|line_height:30px&#8221; use_theme_fonts=&#8221;yes&#8221; css_animation=&#8221;fadeInUp&#8221;][\/vc_column_inner][vc_column_inner width=&#8221;3\/4&#8243; css=&#8221;.vc_custom_1453271259318{padding-top: 18px !important;}&#8221;][vc_single_image image=&#8221;6668&#8243; img_size=&#8221;full&#8221; alignment=&#8221;center&#8221; style=&#8221;vc_box_rounded&#8221;][vc_column_text]<strong>Damla sulama<\/strong><\/p>\n<p>bitkileri yeti\u015ftirmek i\u00e7in en verimli su ve besin maddesi da\u011f\u0131t\u0131m sistemidir. Su ve besinleri, do\u011fru zamanda ve direkt, bitkinin k\u00f6k b\u00f6lgesine teslim eder. B\u00f6ylelikle, her bir bitkinin ihtiya\u00e7 duydu\u011fu su ve besin \u00f6\u011felerini, do\u011fru zamanda almas\u0131n\u0131 sa\u011flar ve bitkilerin optimum seviyede b\u00fcy\u00fcmelerine yard\u0131mc\u0131 olur.<\/p>\n<p><strong>Faydalar\u0131 :<\/strong> Damla sulama sayesinde \u00e7ift\u00e7iler, sudan, g\u00fcbrelerden, enerji ve hatta bitki koruma \u00fcr\u00fcnlerinden tasarruf ederken daha y\u00fcksek verim elde edebilirler.<\/p>\n<p><strong>Toprak Alt\u0131 Damla Sulama <\/strong><\/p>\n<p>Bas\u0131n\u00e7l\u0131 sulama sistemleri aras\u0131nda su ve enerji kayb\u0131 en az olan sulama metodudur. Su kayna\u011f\u0131ndan al\u0131narak uygun filtreden ge\u00e7irilen suyu ta\u015f\u0131yan sistem, bu noktadan itibaren ana boru, parsel vanalar\u0131, manifold, toprak alt\u0131 damla sulama borusu ve re-manifold dahil t\u00fcm sistem tam sabit olarak topra\u011f\u0131n alt\u0131ndad\u0131r.<\/p>\n<p><strong>Faydalar\u0131 :<\/strong> Toprak alt\u0131 sistemi sayesinde enerji ve su maliyetlerinde %40 tasarruf, sa\u011flan\u0131rken i\u015f\u00e7ilik maliyetleride minimum seviyelere d\u00fc\u015fer.<\/p>\n<p>&nbsp;<\/p>\n<p><strong>DAMLA SULAMA S\u0130STEM\u0130 BA\u015eLICA 4 GRUPTAN MEYDANA GELMEKTED\u0130R:<\/strong><\/p>\n<ol>\n<li><strong>Pompa \u0130stasyonu <\/strong><\/li>\n<li><strong> Filtrasyon Sistemi<\/strong><\/li>\n<li><strong> Ana hat ve manifold borular\u0131 <\/strong><\/li>\n<li><strong> Damla sulama hortum da\u011f\u0131t\u0131m \u015febekesi ve ek par\u00e7alar <\/strong><\/li>\n<\/ol>\n<p>[\/vc_column_text][\/vc_column_inner][\/vc_row_inner][vc_separator color=&#8221;custom&#8221; accent_color=&#8221;#dddddd&#8221; css=&#8221;.vc_custom_1453271595991{margin-bottom: 21px !important;}&#8221;][vc_row_inner][vc_column_inner width=&#8221;1\/4&#8243; css=&#8221;.vc_custom_1453270747989{padding-right: 45px !important;}&#8221;][vc_custom_heading text=&#8221;YA\u011eMURLAMA SULAMA S\u0130STEMLER\u0130&#8221; font_container=&#8221;tag:h3|font_size:24px|text_align:right|color:%23222222|line_height:30px&#8221; use_theme_fonts=&#8221;yes&#8221;][\/vc_column_inner][vc_column_inner width=&#8221;3\/4&#8243; css=&#8221;.vc_custom_1453271259318{padding-top: 18px !important;}&#8221;][vc_images_carousel images=&#8221;7374,7378&#8243; img_size=&#8221;full&#8221;][vc_column_text]<strong>Ya\u011fmurlama Sulama<\/strong><\/p>\n<p>Suyu toprak y\u00fczeyine belirli bir bas\u0131n\u00e7 alt\u0131nda ince damlac\u0131klar halinde, ya\u011fmur \u015feklinde p\u00fcsk\u00fcrten meme veya ba\u015fl\u0131klar\u0131n yer ald\u0131\u011f\u0131 borulardan olu\u015fan sisteme denir.<\/p>\n<p><strong>Faydalar\u0131 :<\/strong> Arazi tesviyesine gerek yoktur. Yapraklardaki tuz ve kal\u0131nt\u0131 kolayca y\u0131kan\u0131r.<\/p>\n<p><strong>Makine Avantajlar\u0131:<\/strong><\/p>\n<ul>\n<li>D\u00fczensiz \u015fekillere sahip alanlar\u0131n sulanmas\u0131 i\u00e7in uygun<\/li>\n<li>K\u00fc\u00e7\u00fck ve b\u00fcy\u00fck alanlar\u0131n sulanmas\u0131 i\u00e7in uygun<\/li>\n<li>Bomlu cihazlarda Liner ve Center Pivot y\u00f6ntemlerine benzer p\u00fcsk\u00fcrtme mekanizmas\u0131<\/li>\n<li>R\u00fczgarl\u0131 ve y\u00fcksek buharla\u015fma alanlar\u0131 i\u00e7in daha verimli sulama<\/li>\n<li>Borunun \u00e7ap\u0131n\u0131 ve uzunlu\u011funu se\u00e7me imkan\u0131<\/li>\n<li>Ger\u00e7ek sulama verimlili\u011fi% 85<\/li>\n<li>Ayarlanabilir p\u00fcsk\u00fcrtme y\u00fcksekli\u011fi<\/li>\n<li>Sistemin ta\u015f\u0131nabilirli\u011fi<\/li>\n<li>Zorlu \u00e7evre ko\u015fullar\u0131na sahip alanlarda uygulanabilir hareket i\u00e7in g\u00fc\u00e7l\u00fc \u015fanz\u0131man ve t\u00fcrbin<\/li>\n<li>Engelleri a\u015fmak i\u00e7in bom d\u00f6n\u00fc\u015f kabiliyeti<\/li>\n<li>Hortum makaras\u0131n\u0131n 180 dereceye kadar d\u00f6n\u00fc\u015f kabiliyeti.<\/li>\n<li>Bir y\u0131l garanti ve on y\u0131l sat\u0131\u015f sonras\u0131 hizmetleri<\/li>\n<li>D\u00fc\u015f\u00fck bak\u0131m maliyeti<\/li>\n<li>Uygun p\u00fcsk\u00fcrt\u00fcc\u00fcler ve hareketli sulama sistemi sayesinde \u00e7iftliklerde su da\u011f\u0131l\u0131m\u0131n\u0131n en y\u00fcksek homojenli\u011fi<\/li>\n<li>Yap\u0131y\u0131 g\u00fc\u00e7lendirmek i\u00e7in galvanizli kaplama<\/li>\n<\/ul>\n<p>[\/vc_column_text][vc_empty_space][\/vc_column_inner][\/vc_row_inner][vc_row_inner][vc_column_inner width=&#8221;1\/4&#8243; css=&#8221;.vc_custom_1453270747989{padding-right: 45px !important;}&#8221;][vc_custom_heading text=&#8221;P\u0130VOT SULAMA S\u0130STEMLER\u0130&#8221; font_container=&#8221;tag:h3|font_size:24px|text_align:right|color:%23222222|line_height:30px&#8221; use_theme_fonts=&#8221;yes&#8221;][\/vc_column_inner][vc_column_inner width=&#8221;3\/4&#8243; css=&#8221;.vc_custom_1453271259318{padding-top: 18px !important;}&#8221;][vc_single_image image=&#8221;6674&#8243; img_size=&#8221;full&#8221; alignment=&#8221;center&#8221; style=&#8221;vc_box_rounded&#8221;][vc_column_text]<strong>Pivot Sulama Sistemleri (Center, Lineer)<\/strong><\/p>\n<p><strong>Center :<\/strong> Betonarme bir platformun \u00fczerinde dairesel d\u00f6n\u00fc\u015f yaparak hareket eder. Sulamay\u0131 otomatik olarak el de\u011fmeden yapar.<\/p>\n<p><strong>Lineer :<\/strong> Bir hat boyunca hareket ederek sulama yapan sisteme verilen add\u0131r.<\/p>\n<p><strong>Faydalar\u0131 :<\/strong> Di\u011fer sulama sistemleriyle kar\u015f\u0131la\u015ft\u0131r\u0131ld\u0131\u011f\u0131nda uzun \u00f6m\u00fcrl\u00fc olu\u015fu i\u015fletme ve bak\u0131m maliyetlerinin d\u00fc\u015f\u00fck olu\u015fundan dolay\u0131 tercih edilmektedir.[\/vc_column_text][vc_empty_space][\/vc_column_inner][\/vc_row_inner][\/vc_column][vc_column width=&#8221;1\/4&#8243; offset=&#8221;vc_hidden-sm vc_hidden-xs&#8221;][stm_sidebar sidebar=&#8221;311&#8243;][\/vc_column][\/vc_row][vc_row full_width=&#8221;stretch_row&#8221; el_class=&#8221;third_bg_color&#8221; css=&#8221;.vc_custom_1451889219674{margin-bottom: -60px !important;}&#8221;][vc_column][vc_cta h2=&#8221;Anahtar teslim proje yap\u0131m\u0131 ve bah\u00e7e kurulumu&#8221; h2_font_container=&#8221;font_size:20px|color:%23000000|line_height:24px&#8221; h2_use_theme_fonts=&#8221;yes&#8221; shape=&#8221;square&#8221; style=&#8221;flat&#8221; add_button=&#8221;right&#8221; btn_title=&#8221;\u0130LET\u0130\u015e\u0130M&#8221; btn_style=&#8221;flat&#8221; btn_color=&#8221;theme_style_2&#8243; btn_align=&#8221;right&#8221; btn_i_align=&#8221;right&#8221; btn_i_icon_fontawesome=&#8221;stm-phone_13_2&#8243; use_custom_fonts_h2=&#8221;true&#8221; btn_button_block=&#8221;true&#8221; btn_add_icon=&#8221;true&#8221; el_class=&#8221;third_bg_color&#8221; css=&#8221;.vc_custom_1610960760123{margin-bottom: 0px !important;}&#8221; btn_link=&#8221;url:%2Ftr%2Filetisim|||&#8221;]Siz karar verin. Biz sizin i\u00e7in en ba\u015far\u0131l\u0131 y\u00f6ntemi size \u00f6nerip kurulumu anahtar teslim olarak ger\u00e7ekle\u015ftirece\u011fiz.[\/vc_cta][\/vc_column][\/vc_row]<\/p>\n","protected":false},"excerpt":{"rendered":"<p>[vc_row css=&#8221;.vc_custom_1452687555475{margin-bottom: 100px !important;}&#8221;][vc_column offset=&#8221;vc_col-lg-9 vc_col-md-9&#8243;][vc_custom_heading source=&#8221;post_title&#8221; use_theme_fonts=&#8221;yes&#8221; css=&#8221;.vc_custom_1596523036738{margin-bottom: 30px !important;}&#8221;][vc_row_inner css=&#8221;.vc_custom_1453271494452{margin-bottom: 50px !important;}&#8221;][vc_column_inner][vc_single_image source=&#8221;featured_image&#8221; img_size=&#8221;full&#8221;][\/vc_column_inner][\/vc_row_inner][vc_row_inner css=&#8221;.vc_custom_1453271494452{margin-bottom: 50px !important;}&#8221;][vc_column_inner][vc_custom_heading text=&#8221;Su, yery\u00fcz\u00fcnde hayat\u0131n kayna\u011f\u0131d\u0131r. B\u00fct\u00fcn canl\u0131lar hayatlar\u0131n\u0131 devam ettirebilmeleri i\u00e7in mutlak suya ihtiya\u00e7 duyarlar.&#8221; font_container=&#8221;tag:div|font_size:16px|text_align:left|color:%23444444|line_height:26px&#8221; google_fonts=&#8221;font_family:Poppins%3A300%2Cregular%2C500%2C600%2C700|font_style:600%20semi-bold%3A600%3Anormal&#8221; css=&#8221;.vc_custom_1596521964114{margin-bottom: 18px !important;}&#8221;][\/vc_column_inner][\/vc_row_inner][vc_separator color=&#8221;custom&#8221; accent_color=&#8221;#dddddd&#8221; css=&#8221;.vc_custom_1453271595991{margin-bottom: 21px !important;}&#8221;][vc_row_inner css=&#8221;.vc_custom_1453271763899{margin-bottom: 33px !important;}&#8221;][vc_column_inner width=&#8221;1\/4&#8243; css=&#8221;.vc_custom_1453272656287{padding-right: 45px !important;}&#8221;][vc_custom_heading text=&#8221;PROJELEND\u0130RME VE PROJE DANI\u015eMANLI\u011eI&#8221; font_container=&#8221;tag:h3|font_size:24px|text_align:right|color:%23222222|line_height:30px&#8221;<\/p>\n","protected":false},"author":1,"featured_media":6974,"parent":0,"menu_order":0,"comment_status":"closed","ping_status":"closed","template":"","meta":{"footnotes":""},"class_list":["post-6550","page","type-page","status-publish","has-post-thumbnail","hentry"],"yoast_head":"<!-- This site is optimized with the Yoast SEO Premium plugin v14.9 - https:\/\/yoast.com\/wordpress\/plugins\/seo\/ -->\n<title>Sulama Sistemleri - Karpatov Technology<\/title>\n<meta name=\"robots\" content=\"index, follow, max-snippet:-1, max-image-preview:large, max-video-preview:-1\" \/>\n<link rel=\"canonical\" href=\"https:\/\/www.karpatov.com\/tr\/sulama-sistemleri\/\" \/>\n<meta property=\"og:locale\" content=\"tr_TR\" \/>\n<meta property=\"og:type\" content=\"article\" \/>\n<meta property=\"og:title\" content=\"Sulama Sistemleri - Karpatov Technology\" \/>\n<meta property=\"og:description\" content=\"[vc_row css=&#8221;.vc_custom_1452687555475{margin-bottom: 100px !important;}&#8221;][vc_column offset=&#8221;vc_col-lg-9 vc_col-md-9&#8243;][vc_custom_heading source=&#8221;post_title&#8221; use_theme_fonts=&#8221;yes&#8221; css=&#8221;.vc_custom_1596523036738{margin-bottom: 30px !important;}&#8221;][vc_row_inner css=&#8221;.vc_custom_1453271494452{margin-bottom: 50px !important;}&#8221;][vc_column_inner][vc_single_image source=&#8221;featured_image&#8221; img_size=&#8221;full&#8221;][\/vc_column_inner][\/vc_row_inner][vc_row_inner css=&#8221;.vc_custom_1453271494452{margin-bottom: 50px !important;}&#8221;][vc_column_inner][vc_custom_heading text=&#8221;Su, yery\u00fcz\u00fcnde hayat\u0131n kayna\u011f\u0131d\u0131r. B\u00fct\u00fcn canl\u0131lar hayatlar\u0131n\u0131 devam ettirebilmeleri i\u00e7in mutlak suya ihtiya\u00e7 duyarlar.&#8221; font_container=&#8221;tag:div|font_size:16px|text_align:left|color:%23444444|line_height:26px&#8221; google_fonts=&#8221;font_family:Poppins%3A300%2Cregular%2C500%2C600%2C700|font_style:600%20semi-bold%3A600%3Anormal&#8221; css=&#8221;.vc_custom_1596521964114{margin-bottom: 18px !important;}&#8221;][\/vc_column_inner][\/vc_row_inner][vc_separator color=&#8221;custom&#8221; accent_color=&#8221;#dddddd&#8221; css=&#8221;.vc_custom_1453271595991{margin-bottom: 21px !important;}&#8221;][vc_row_inner css=&#8221;.vc_custom_1453271763899{margin-bottom: 33px !important;}&#8221;][vc_column_inner width=&#8221;1\/4&#8243; css=&#8221;.vc_custom_1453272656287{padding-right: 45px !important;}&#8221;][vc_custom_heading text=&#8221;PROJELEND\u0130RME VE PROJE DANI\u015eMANLI\u011eI&#8221; font_container=&#8221;tag:h3|font_size:24px|text_align:right|color:%23222222|line_height:30px&#8221;\" \/>\n<meta property=\"og:url\" content=\"https:\/\/www.karpatov.com\/tr\/sulama-sistemleri\/\" \/>\n<meta property=\"og:site_name\" content=\"Karpatov Technology\" \/>\n<meta property=\"article:modified_time\" content=\"2021-01-18T09:06:02+00:00\" \/>\n<meta property=\"og:image\" content=\"https:\/\/www.karpatov.com\/wp-content\/uploads\/2020\/08\/sulama.jpg\" \/>\n\t<meta property=\"og:image:width\" content=\"1222\" \/>\n\t<meta property=\"og:image:height\" content=\"814\" \/>\n<meta name=\"twitter:card\" content=\"summary_large_image\" \/>\n<script type=\"application\/ld+json\" class=\"yoast-schema-graph\">{\"@context\":\"https:\/\/schema.org\",\"@graph\":[{\"@type\":\"WebSite\",\"@id\":\"https:\/\/www.karpatov.com\/tr\/#website\",\"url\":\"https:\/\/www.karpatov.com\/tr\/\",\"name\":\"Karpatov Technology\",\"description\":\"Karpatov Teknoloji\",\"potentialAction\":[{\"@type\":\"SearchAction\",\"target\":\"https:\/\/www.karpatov.com\/tr\/?s={search_term_string}\",\"query-input\":\"required name=search_term_string\"}],\"inLanguage\":\"tr\"},{\"@type\":\"ImageObject\",\"@id\":\"https:\/\/www.karpatov.com\/tr\/sulama-sistemleri\/#primaryimage\",\"inLanguage\":\"tr\",\"url\":\"https:\/\/www.karpatov.com\/wp-content\/uploads\/2020\/08\/sulama.jpg\",\"width\":1222,\"height\":814},{\"@type\":\"WebPage\",\"@id\":\"https:\/\/www.karpatov.com\/tr\/sulama-sistemleri\/#webpage\",\"url\":\"https:\/\/www.karpatov.com\/tr\/sulama-sistemleri\/\",\"name\":\"Sulama Sistemleri - Karpatov Technology\",\"isPartOf\":{\"@id\":\"https:\/\/www.karpatov.com\/tr\/#website\"},\"primaryImageOfPage\":{\"@id\":\"https:\/\/www.karpatov.com\/tr\/sulama-sistemleri\/#primaryimage\"},\"datePublished\":\"2020-07-17T12:21:51+00:00\",\"dateModified\":\"2021-01-18T09:06:02+00:00\",\"inLanguage\":\"tr\",\"potentialAction\":[{\"@type\":\"ReadAction\",\"target\":[\"https:\/\/www.karpatov.com\/tr\/sulama-sistemleri\/\"]}]}]}<\/script>\n<!-- \/ Yoast SEO Premium plugin. -->","_links":{"self":[{"href":"https:\/\/www.karpatov.com\/tr\/wp-json\/wp\/v2\/pages\/6550","targetHints":{"allow":["GET"]}}],"collection":[{"href":"https:\/\/www.karpatov.com\/tr\/wp-json\/wp\/v2\/pages"}],"about":[{"href":"https:\/\/www.karpatov.com\/tr\/wp-json\/wp\/v2\/types\/page"}],"author":[{"embeddable":true,"href":"https:\/\/www.karpatov.com\/tr\/wp-json\/wp\/v2\/users\/1"}],"replies":[{"embeddable":true,"href":"https:\/\/www.karpatov.com\/tr\/wp-json\/wp\/v2\/comments?post=6550"}],"version-history":[{"count":14,"href":"https:\/\/www.karpatov.com\/tr\/wp-json\/wp\/v2\/pages\/6550\/revisions"}],"predecessor-version":[{"id":8634,"href":"https:\/\/www.karpatov.com\/tr\/wp-json\/wp\/v2\/pages\/6550\/revisions\/8634"}],"wp:featuredmedia":[{"embeddable":true,"href":"https:\/\/www.karpatov.com\/tr\/wp-json\/wp\/v2\/media\/6974"}],"wp:attachment":[{"href":"https:\/\/www.karpatov.com\/tr\/wp-json\/wp\/v2\/media?parent=6550"}],"curies":[{"name":"wp","href":"https:\/\/api.w.org\/{rel}","templated":true}]}}