{"id":6548,"date":"2020-07-17T15:18:02","date_gmt":"2020-07-17T12:18:02","guid":{"rendered":"http:\/\/karpatov.com\/?page_id=6548"},"modified":"2020-09-29T11:39:21","modified_gmt":"2020-09-29T08:39:21","slug":"fidancilik-ve-bahce-kurulumu","status":"publish","type":"page","link":"https:\/\/www.karpatov.com\/tr\/fidancilik-ve-bahce-kurulumu\/","title":{"rendered":"Fidanc\u0131l\u0131k ve Bah\u00e7e Kurulumu"},"content":{"rendered":"<p>[vc_row css=&#8221;.vc_custom_1452687555475{margin-bottom: 100px !important;}&#8221;][vc_column offset=&#8221;vc_col-lg-9 vc_col-md-9&#8243;][vc_custom_heading source=&#8221;post_title&#8221; use_theme_fonts=&#8221;yes&#8221; css=&#8221;.vc_custom_1596528834701{margin-bottom: 30px !important;}&#8221;][vc_row_inner css=&#8221;.vc_custom_1453271494452{margin-bottom: 50px !important;}&#8221;][vc_column_inner][vc_single_image source=&#8221;featured_image&#8221; img_size=&#8221;full&#8221;][\/vc_column_inner][\/vc_row_inner][vc_separator color=&#8221;custom&#8221; accent_color=&#8221;#dddddd&#8221; css=&#8221;.vc_custom_1453271595991{margin-bottom: 21px !important;}&#8221;][vc_row_inner css=&#8221;.vc_custom_1453271763899{margin-bottom: 33px !important;}&#8221;][vc_column_inner width=&#8221;1\/4&#8243; css=&#8221;.vc_custom_1453272656287{padding-right: 45px !important;}&#8221;][vc_custom_heading text=&#8221;PROJELEND\u0130RME VE PROJE DANI\u015eMANLI\u011eI&#8221; font_container=&#8221;tag:h3|font_size:24px|text_align:right|color:%23222222|line_height:30px&#8221; use_theme_fonts=&#8221;yes&#8221; css_animation=&#8221;fadeInUp&#8221;][\/vc_column_inner][vc_column_inner width=&#8221;3\/4&#8243; css=&#8221;.vc_custom_1453271259318{padding-top: 18px !important;}&#8221;][vc_column_text css_animation=&#8221;none&#8221;]Fidan \u00fcretiminde kaliteli, sa\u011fl\u0131kl\u0131 fidan \u00fcretimi b\u00fcy\u00fck \u00f6nem ta\u015f\u0131maktad\u0131r. Bu nedenle, yaln\u0131z miktar olarak fidan \u00fcretmek yeterli de\u011fildir. Gerek a\u011fa\u00e7land\u0131rma \u00e7al\u0131\u015fmalar\u0131nda gerekse bah\u00e7e d\u00fczenlemelerinde ba\u015far\u0131l\u0131 olabilmek i\u00e7in mutlak surette standartlara uygun fidan \u00fcretmek \u00f6n \u015fart olmal\u0131d\u0131r.<\/p>\n<p><img loading=\"lazy\" decoding=\"async\" class=\"alignnone wp-image-7032 size-full\" src=\"http:\/\/karpatov.com\/wp-content\/uploads\/2020\/08\/napolyon-kiraz.jpg\" alt=\"\" width=\"1280\" height=\"1280\" srcset=\"https:\/\/www.karpatov.com\/wp-content\/uploads\/2020\/08\/napolyon-kiraz.jpg 1280w, https:\/\/www.karpatov.com\/wp-content\/uploads\/2020\/08\/napolyon-kiraz-300x300.jpg 300w, https:\/\/www.karpatov.com\/wp-content\/uploads\/2020\/08\/napolyon-kiraz-1024x1024.jpg 1024w, https:\/\/www.karpatov.com\/wp-content\/uploads\/2020\/08\/napolyon-kiraz-150x150.jpg 150w, https:\/\/www.karpatov.com\/wp-content\/uploads\/2020\/08\/napolyon-kiraz-768x768.jpg 768w, https:\/\/www.karpatov.com\/wp-content\/uploads\/2020\/08\/napolyon-kiraz-50x50.jpg 50w, https:\/\/www.karpatov.com\/wp-content\/uploads\/2020\/08\/napolyon-kiraz-320x320.jpg 320w, https:\/\/www.karpatov.com\/wp-content\/uploads\/2020\/08\/napolyon-kiraz-600x600.jpg 600w, https:\/\/www.karpatov.com\/wp-content\/uploads\/2020\/08\/napolyon-kiraz-100x100.jpg 100w\" sizes=\"auto, (max-width: 1280px) 100vw, 1280px\" \/><\/p>\n<p>\u00d6ncelikle fidanl\u0131k yeri, yeti\u015ftirilmesi istenen t\u00fcrlerin do\u011fal yeti\u015fme ortam\u0131 isteklerine uygun olmal\u0131d\u0131r. E\u011fer se\u00e7ilecek fidanl\u0131k sahas\u0131nda ve \u00e7evrede do\u011fal olarak yeti\u015fen veya \u00e7ok uzun y\u0131llardan beri orada bulunan t\u00fcrlerin fidanlar\u0131 yeti\u015ftirilecek ise se\u00e7imde \u00f6nemli bir risk yoktur. Fakat o y\u00f6rede hi\u00e7 yeti\u015ftirilmemi\u015f t\u00fcrlerin fidan\u0131n\u0131n yeti\u015ftirilmesi \u00f6ng\u00f6r\u00fcl\u00fcyorsa bu takdirde fidan\u0131 yeti\u015ftirilecek t\u00fcrlerin yeti\u015fme ortam\u0131 istekleri ile aday fidanl\u0131k sahas\u0131n\u0131n yeti\u015fme ortam\u0131 \u015fartlar\u0131n\u0131n iyi et\u00fcd edilmesi ve \u00e7ok y\u00f6nl\u00fc kar\u015f\u0131la\u015ft\u0131r\u0131lmalar\u0131 gerekir.<\/p>\n<p><strong>Fidanl\u0131k yeri se\u00e7ilirken dikkat edilmesi gerekli en \u00f6nemli hususlar \u015funlard\u0131r:<\/strong><\/p>\n<p><strong>Mevki ve Arazi \u015eekli:<\/strong> Fidanl\u0131k sahas\u0131 fidan\u0131n kullan\u0131m yerlerine yak\u0131n yaz k\u0131\u015f ula\u015f\u0131ma a\u00e7\u0131k, elektrik enerjisi ve haberle\u015fme imkan\u0131 olan yerlerde kurulmal\u0131, makineli \u00e7al\u0131\u015fmaya uygun olmal\u0131d\u0131r.<\/p>\n<p><strong>\u0130klim:<\/strong> Il\u0131man, vejetasyon d\u00f6nemi uzun, ya\u011f\u0131\u015flar\u0131 arzulanan miktarda olmal\u0131d\u0131r.<\/p>\n<p><strong>Toprak:<\/strong> En az 120 cm derinlikte, pH 5.0-6.0 dereceleri aras\u0131nda olmal\u0131d\u0131r. Bu de\u011ferler bazen 7-8 pH derecelerine kadar \u00e7\u0131kabilir.<\/p>\n<p><strong>Su Durumu:<\/strong> Ekim sahalar\u0131 i\u00e7in dekara kurak m\u0131nt\u0131kalarda g\u00fcnde 10 ton, rutubetli m\u0131nt\u0131kalarda g\u00fcnde 5 ton su d\u00fc\u015f\u00fcn\u00fclmelidir.<\/p>\n<p><strong>Fidanl\u0131k Alan\u0131n\u0131n D\u00fczenlenmesi: <\/strong>Fidanl\u0131k alan\u0131n\u0131n d\u00fczenlenmesinden maksat; fidanl\u0131\u011f\u0131n parselasyonunun yap\u0131lmas\u0131, toprak tesviyesi, drenaj, topra\u011f\u0131n i\u015flenmesi ve \u0131slah\u0131 ile fidan \u00fcretim planlar\u0131n\u0131n yap\u0131lmas\u0131d\u0131r.<\/p>\n<p><strong>Parselasyon: <\/strong>Fidanl\u0131k alan\u0131n\u0131n parsellere b\u00f6l\u00fcnmesinde; makineli \u00e7al\u0131\u015fmaya uygun olmas\u0131, bitkiye yararl\u0131 olacak \u015fekilde \u0131\u015f\u0131k ve g\u00fcne\u015fin da\u011f\u0131l\u0131\u015f\u0131, ekim yast\u0131klar\u0131 ve repikaj s\u0131ralar\u0131n\u0131n kuzeyden g\u00fcneye uzanacak \u015fekilde olmas\u0131na dikkat edilmelidir. Fidanl\u0131k alan\u0131 e\u015fit \u015fekilde b\u00f6l\u00fcnmeye uygun ise, her parsel 1 hektar(100 m x100 m) olacak \u015fekilde olu\u015fturulur.<\/p>\n<p><strong>Yollar: <\/strong>Fidanl\u0131\u011f\u0131n parsel ve \u00e7evre yollar\u0131, mevcut makine, ekipman ve ara\u00e7lar\u0131n her zaman girebilece\u011fi geni\u015flikte olmal\u0131d\u0131r. Genellikle 3.5-4.0 metre geni\u015fli\u011finde yollar yeterli olmaktad\u0131r. Ancak tesislerin yollar\u0131 daha geni\u015f(6.0m) b\u0131rak\u0131lmal\u0131d\u0131r. Arazi kayb\u0131n\u0131 \u00f6nlemek i\u00e7in gerekti\u011finden daha geni\u015f yol yap\u0131lmamal\u0131d\u0131r.<\/p>\n<p><img loading=\"lazy\" decoding=\"async\" class=\"alignnone wp-image-7035 size-full\" src=\"http:\/\/karpatov.com\/wp-content\/uploads\/2020\/08\/tuplu-asili-yari-bodur-ziraat-sekerparesi-kayisi-fidani__0574359339239460.jpg\" alt=\"\" width=\"1024\" height=\"1024\" srcset=\"https:\/\/www.karpatov.com\/wp-content\/uploads\/2020\/08\/tuplu-asili-yari-bodur-ziraat-sekerparesi-kayisi-fidani__0574359339239460.jpg 1024w, https:\/\/www.karpatov.com\/wp-content\/uploads\/2020\/08\/tuplu-asili-yari-bodur-ziraat-sekerparesi-kayisi-fidani__0574359339239460-300x300.jpg 300w, https:\/\/www.karpatov.com\/wp-content\/uploads\/2020\/08\/tuplu-asili-yari-bodur-ziraat-sekerparesi-kayisi-fidani__0574359339239460-150x150.jpg 150w, https:\/\/www.karpatov.com\/wp-content\/uploads\/2020\/08\/tuplu-asili-yari-bodur-ziraat-sekerparesi-kayisi-fidani__0574359339239460-768x768.jpg 768w, https:\/\/www.karpatov.com\/wp-content\/uploads\/2020\/08\/tuplu-asili-yari-bodur-ziraat-sekerparesi-kayisi-fidani__0574359339239460-50x50.jpg 50w, https:\/\/www.karpatov.com\/wp-content\/uploads\/2020\/08\/tuplu-asili-yari-bodur-ziraat-sekerparesi-kayisi-fidani__0574359339239460-320x320.jpg 320w, https:\/\/www.karpatov.com\/wp-content\/uploads\/2020\/08\/tuplu-asili-yari-bodur-ziraat-sekerparesi-kayisi-fidani__0574359339239460-600x600.jpg 600w, https:\/\/www.karpatov.com\/wp-content\/uploads\/2020\/08\/tuplu-asili-yari-bodur-ziraat-sekerparesi-kayisi-fidani__0574359339239460-100x100.jpg 100w\" sizes=\"auto, (max-width: 1024px) 100vw, 1024px\" \/><\/p>\n<p>Fidanl\u0131k yollar\u0131; fidanl\u0131k sahas\u0131n\u0131n ortalama %25\u2019i olarak d\u00fc\u015f\u00fcn\u00fclmelidir.<\/p>\n<p><strong>Tesviye: <\/strong>Fidanl\u0131kta rahat bir makineli \u00e7al\u0131\u015fma yapabilmek, sulamada kolayl\u0131k ve yeknesakl\u0131k sa\u011flamak, y\u00fczeysel su birikintilerine meydan vermemek i\u00e7in fidanl\u0131k sahas\u0131 tesviye edilmelidir. Tesviye yap\u0131l\u0131rken tabii ak\u0131\u015f meyli y\u00f6n\u00fcnde ve %1-2 meyilde olmal\u0131d\u0131r. Repikaj parsellerinde bu meyil %5\u2019i ge\u00e7memelidir.<\/p>\n<p><strong>Drenaj: <\/strong>Drenaj y\u00fczey sular\u0131n\u0131n fidanl\u0131k alan\u0131ndan uzakla\u015ft\u0131r\u0131lmas\u0131 ve y\u00fcksek taban suyunun bitki geli\u015fmesine engel olmayacak bir bi\u00e7imde kontrol alt\u0131na al\u0131nmas\u0131d\u0131r.<\/p>\n<p>Bitkilerin \u00e7o\u011fu, toprak y\u00fczeyindeki su g\u00f6llenmelerine ve k\u00f6k \u00e7evresindeki serbest suya belirli bir s\u00fcre dayanabilirler. Durgun suyun i\u00e7inde yeterli oksijenin bulunmamas\u0131 sonucunda bitki \u00f6l\u00fcr. Bu nedenle drenaj problemi olan yerlerde fidanl\u0131k kurulu\u015fu tavsiye edilmemesine ra\u011fmen mecbur kal\u0131nd\u0131\u011f\u0131 takdirde topraktaki fazla suyun uzakla\u015ft\u0131r\u0131lmas\u0131 i\u00e7in drenaj zorunlu hale gelir.[\/vc_column_text][\/vc_column_inner][\/vc_row_inner][vc_separator color=&#8221;custom&#8221; accent_color=&#8221;#dddddd&#8221; css=&#8221;.vc_custom_1453271595991{margin-bottom: 21px !important;}&#8221;][vc_row_inner css=&#8221;.vc_custom_1453272927441{margin-bottom: 33px !important;}&#8221;][vc_column_inner width=&#8221;1\/4&#8243; css=&#8221;.vc_custom_1453270747989{padding-right: 45px !important;}&#8221;][vc_custom_heading text=&#8221;SA\u011eLIKLI,A\u015eILI VE SERT\u0130F\u0130KALI F\u0130DAN TEM\u0130N\u0130&#8221; font_container=&#8221;tag:h3|font_size:24px|text_align:right|color:%23222222|line_height:30px&#8221; use_theme_fonts=&#8221;yes&#8221; css_animation=&#8221;fadeInUp&#8221;][\/vc_column_inner][vc_column_inner width=&#8221;3\/4&#8243; css=&#8221;.vc_custom_1453271259318{padding-top: 18px !important;}&#8221;][vc_images_carousel images=&#8221;7001,7004,7007,7010&#8243; img_size=&#8221;600&#215;400&#8243; speed=&#8221;2000&#8243; autoplay=&#8221;yes&#8221; wrap=&#8221;yes&#8221;][vc_column_text]<\/p>\n<ul>\n<li>\u00dcr\u00fcnlerimiz sertifikal\u0131 ve a\u015f\u0131l\u0131d\u0131r.<\/li>\n<li>Fidanlar\u0131m\u0131z mevsimine g\u00f6re t\u00fcpl\u00fc ve a\u00e7\u0131k k\u00f6k olarak sat\u0131\u015fa sunulmaktad\u0131r.<\/li>\n<li>Fidanlar\u0131m\u0131z\u0131 sat\u0131n ald\u0131\u011f\u0131n\u0131zda, yeti\u015ftirici bilgileri size \u00fccretsiz olarak aktar\u0131lacakt\u0131r.<\/li>\n<li>M\u00fc\u015fteri memnuniyeti ilkemiz gere\u011fi sat\u0131\u015f\u0131n\u0131 yapt\u0131\u011f\u0131m\u0131z fidanlar\u0131n takibi Uzman Ekibimiz taraf\u0131ndan yap\u0131lmaktad\u0131r.<\/li>\n<li>Fidan dikim \u00f6ncesi istenildi\u011finde bah\u00e7e analizlerinizde taraf\u0131m\u0131zdan yap\u0131labilmektedir.<\/li>\n<\/ul>\n<p>[\/vc_column_text][\/vc_column_inner][\/vc_row_inner][vc_separator color=&#8221;custom&#8221; accent_color=&#8221;#dddddd&#8221; css=&#8221;.vc_custom_1453271595991{margin-bottom: 21px !important;}&#8221;][vc_row_inner][vc_column_inner width=&#8221;1\/4&#8243; css=&#8221;.vc_custom_1453270747989{padding-right: 45px !important;}&#8221;][vc_custom_heading text=&#8221;\u00dcRET\u0130M VE \u0130\u015eLETME DANI\u015eMANLIK H\u0130ZMETLER\u0130&#8221; font_container=&#8221;tag:h3|font_size:24px|text_align:right|color:%23222222|line_height:30px&#8221; use_theme_fonts=&#8221;yes&#8221;][\/vc_column_inner][vc_column_inner width=&#8221;3\/4&#8243; css=&#8221;.vc_custom_1453271259318{padding-top: 18px !important;}&#8221;][vc_column_text]<strong>D\u0130K\u0130M:<\/strong><\/p>\n<p><strong>Fidan dikim alanlar\u0131ndaki haz\u0131rl\u0131klar fidan \u00e7e\u015fidine ve arazi yap\u0131s\u0131na g\u00f6re de\u011fi\u015fiklik g\u00f6sterir.<\/strong><\/p>\n<ul>\n<li>Y\u00fczeyde diri \u00f6rt\u00fc temizli\u011fini (ormans\u0131 bitkiler)yap\u0131n\u0131z.<\/li>\n<li>Kuyu yerlerini nizami bir \u015fekilde i\u015faretleyiniz.<\/li>\n<li>Kuyu derinlikleri, fidan\u0131n \u00e7e\u015fidi, ta\u00e7 yap\u0131s\u0131 ve arazinin \u00f6zelliklerine g\u00f6re de\u011fi\u015fiklik g\u00f6sterir mutlaka bilgi al\u0131n\u0131z.<\/li>\n<li>Kuyular\u0131n\u0131z\u0131 i\u015f makinalar\u0131yla verilen \u00f6l\u00e7\u00fclerde a\u00e7\u0131n\u0131z<\/li>\n<li>\u00c7\u0131kan topra\u011f\u0131n \u00f6zelliklerine g\u00f6re mutlaka ilave kar\u0131\u015f\u0131mlar\u0131 veriniz<\/li>\n<li>Kuyular\u0131n\u0131z\u0131 dikimden en az 3 ay \u00f6nce a\u00e7maya \u00e7al\u0131\u015f\u0131n\u0131z<\/li>\n<li>Geni\u015f arazilerde \u00f6l\u00e7\u00fcm \u00e7ihazlar\u0131yla \u00e7al\u0131\u015f\u0131n\u0131z<\/li>\n<li>kuyu mesafe ve \u00e7al\u0131\u015fma aral\u0131klar\u0131n\u0131 nizami bir \u015fekilde i\u015faretleyiniz<\/li>\n<li>Tozlay\u0131c\u0131lar\u0131n yerlerini mutlaka belirleyiniz.<\/li>\n<li>K\u00f6kleri dikmeden \u00f6nce \u0131slat\u0131n\u0131z<\/li>\n<li>Kuyunun \u00fcst\u00fcnde \u00f6l\u00e7\u00fcm mastar\u0131 kullan\u0131n\u0131z(A\u015f\u0131lar toprak alt\u0131nda kalmas\u0131n)<\/li>\n<li>Topra\u011f\u0131 nizami bir \u015fekilde kapat\u0131n\u0131z<\/li>\n<li>\u0130htiyac\u0131 olan g\u00fcbreyi cansuyuyla veya manuel olarak uygulay\u0131n\u0131z<\/li>\n<li>K\u0131\u015f\u0131 sert ge\u00e7en yerlerde mutlaka dikimden sonra mantolama yap\u0131n\u0131z<\/li>\n<\/ul>\n<p>&nbsp;<\/p>\n<p><strong>SULAMA:<\/strong><\/p>\n<p>Sulama program\u0131n\u0131n amac\u0131, do\u011fru zamanda yeterli miktarda sulama suyu uygulamakt\u0131r. Meyve bah\u00e7eleri i\u00e7in sulama programlar\u0131 yeti\u015ftirme b\u00f6lgesine, kullan\u0131lan sto\u011fa, a\u011fa\u00e7lar\u0131n ya\u015f\u0131na, verime ve toprak yap\u0131s\u0131na g\u00f6re de\u011fi\u015fiklik g\u00f6sterir. Sulama program\u0131 yapabilmek i\u00e7in \u00f6nce yeti\u015ftirilen meyveler i\u00e7in su ihtiyac\u0131n\u0131, ard\u0131ndan sulama zaman\u0131n\u0131 belirlemek gerekir. Sulama programlar\u0131n\u0131n temel amac\u0131, topraktaki nem i\u00e7eri\u011fi meyve a\u011fa\u00e7lar\u0131 i\u00e7in tan\u0131mlanan kritik nem d\u00fczeyine d\u00fc\u015fmeden sulaman\u0131n yap\u0131lmas\u0131n\u0131 sa\u011flamakt\u0131r. Sulama program\u0131 haz\u0131rlamak i\u00e7in meyvelerin yeti\u015ftirilmesinde kullan\u0131lan rizomlann kurakl\u0131k direncini bilmeniz gerekir. Farkl\u0131 ta\u00e7 geni\u015fli\u011fine (etkili k\u00f6k derinli\u011fi vb.) Sahip a\u011fa\u00e7lar\u0131n farkl\u0131 k\u00f6k sistemlerine ve geli\u015fimlerine sahip olduklar\u0131 da unutulmamal\u0131d\u0131r.<\/p>\n<p><strong>G\u00dcBRELEME:<\/strong><\/p>\n<p>Kullan\u0131lacak g\u00fcbrenin \u00e7e\u015fidini, miktar\u0131n\u0131, zaman\u0131n\u0131 neye g\u00f6re belirlemek gerekir: G\u00fcbreleme topraktan al\u0131nacak Text\u00fcr analizlerine g\u00f6re, topra\u011f\u0131n ihtiyac\u0131na, a\u011fac\u0131n ya\u015f\u0131na ve bitkinin geli\u015fim periyoduna g\u00f6re belirlenecektir.<\/p>\n<p><strong>BUDAMA:<\/strong><\/p>\n<p>Meyve a\u011fa\u00e7lar\u0131n\u0131n d\u00fczg\u00fcn ve kuvvetli bir ta\u00e7 olu\u015fturmalar\u0131n\u0131, uzun zaman iyi ve bol \u00fcr\u00fcn vermelerini, verimden d\u00fc\u015fen a\u011fa\u00e7lar\u0131n tekrar verimli hale getirilmeleri i\u00e7in a\u011fa\u00e7lar\u0131n toprak \u00fcst\u00fc organlar\u0131na uygulanan kesme, b\u00fckme, tomurcuk, s\u00fcrg\u00fcn ve yaprak alma i\u015flemlerinin t\u00fcm\u00fcne budama denir.<\/p>\n<p><strong>Budaman\u0131n Faydalar\u0131:<\/strong><\/p>\n<ul>\n<li>G\u00f6vde \u00fczerinde ana dallar\u0131n say\u0131lar\u0131 ve da\u011f\u0131l\u0131\u015flar\u0131 d\u00fczenlenerek meyve a\u011fa\u00e7lar\u0131n\u0131n sa\u011flam, d\u00fczenli ve dengeli bir ta\u00e7 olu\u015fturmalar\u0131 sa\u011flan\u0131r.<\/li>\n<li>Meyve a\u011fa\u00e7lar\u0131n\u0131n en k\u0131sa s\u00fcrede \u00fcr\u00fcn vermesine yard\u0131mc\u0131 olunur.<\/li>\n<li>G\u00fcne\u015f \u0131\u015f\u0131\u011f\u0131ndan a\u011fac\u0131n iyi bir \u015fekilde faydalanmas\u0131 sa\u011flanm\u0131\u015f olur.<\/li>\n<li>Budama ile meyve irili\u011fi, meyve kalitesi ve meyve kabuk renklenmesi artar.<\/li>\n<li>A\u011fa\u00e7 b\u00fcy\u00fckl\u00fc\u011f\u00fc ve dallar\u0131n s\u0131kl\u0131\u011f\u0131 direk kontrol alt\u0131na al\u0131n\u0131r.<\/li>\n<li>P\u00fcsk\u00fcrt\u00fclerek yap\u0131lan ila\u00e7laman\u0131n etkinli\u011fi art\u0131rabilir.<\/li>\n<li>Hastal\u0131kl\u0131 ve kuru dallar al\u0131narak m\u00fccadeleye yard\u0131mc\u0131 olunur.<\/li>\n<li>Alet ve ekipmanlar\u0131n \u00e7al\u0131\u015fabilmesi i\u00e7in gerekli bo\u015fluklar olu\u015fturulmu\u015f olur.<\/li>\n<li>Verimden d\u00fc\u015fen a\u011fa\u00e7lar budama ile gen\u00e7le\u015ftirilerek yeniden verimli a\u011fa\u00e7lara d\u00f6n\u00fc\u015fmeleri sa\u011flan\u0131r<\/li>\n<li>Meyve tutma ve meyve verme oran\u0131 her y\u0131l artarak devam eder.<\/li>\n<li>Hasat daha kolay yap\u0131l\u0131r.<\/li>\n<\/ul>\n<p>[\/vc_column_text][vc_empty_space][\/vc_column_inner][\/vc_row_inner][vc_separator color=&#8221;custom&#8221; accent_color=&#8221;#dddddd&#8221; css=&#8221;.vc_custom_1453271595991{margin-bottom: 21px !important;}&#8221;][vc_row_inner][vc_column_inner width=&#8221;1\/4&#8243; css=&#8221;.vc_custom_1453270747989{padding-right: 45px !important;}&#8221;][vc_custom_heading text=&#8221;HASTALIKLARLA M\u00dcCADELE DESTEK H\u0130ZMETLER\u0130&#8221; font_container=&#8221;tag:h3|font_size:24px|text_align:right|color:%23222222|line_height:30px&#8221; use_theme_fonts=&#8221;yes&#8221;][\/vc_column_inner][vc_column_inner width=&#8221;3\/4&#8243; css=&#8221;.vc_custom_1453271259318{padding-top: 18px !important;}&#8221;][vc_column_text]Ceviz ve di\u011fer meyve fidanlar\u0131 ve a\u011fa\u00e7lar\u0131n\u0131z\u0131n herhangi bir hastal\u0131\u011fa yakalanmamas\u0131 i\u00e7in siz devaml\u0131 olarak bizden \u00fccretsiz olarak bilgi deste\u011fi alacaks\u0131n\u0131z.<\/p>\n<p>Herhangi bir hastal\u0131k meydana geldi\u011finde de tedavi y\u00f6ntemleri ve gerekli uygulamalar\u0131 yine \u00fccretsiz olarak size vermeye haz\u0131r\u0131z.[\/vc_column_text][vc_empty_space][\/vc_column_inner][\/vc_row_inner][vc_separator color=&#8221;custom&#8221; accent_color=&#8221;#dddddd&#8221; css=&#8221;.vc_custom_1453271595991{margin-bottom: 21px !important;}&#8221;][vc_row_inner][vc_column_inner width=&#8221;1\/4&#8243; css=&#8221;.vc_custom_1453270747989{padding-right: 45px !important;}&#8221;][vc_custom_heading text=&#8221;ANAHTAR TESL\u0130M PROJE YAPIMI VE BAH\u00c7E KURULUMU&#8221; font_container=&#8221;tag:h3|font_size:24px|text_align:right|color:%23222222|line_height:30px&#8221; use_theme_fonts=&#8221;yes&#8221;][\/vc_column_inner][vc_column_inner width=&#8221;3\/4&#8243; css=&#8221;.vc_custom_1453271259318{padding-top: 18px !important;}&#8221;][vc_column_text]Siz karar verin. Biz sizin i\u00e7in en ba\u015far\u0131l\u0131 y\u00f6ntemi size \u00f6nerip kurulumu anahtar teslim olarak ger\u00e7ekle\u015ftirece\u011fiz.[\/vc_column_text][vc_empty_space][\/vc_column_inner][\/vc_row_inner][\/vc_column][vc_column width=&#8221;1\/4&#8243; offset=&#8221;vc_hidden-sm vc_hidden-xs&#8221;][stm_sidebar sidebar=&#8221;311&#8243;][\/vc_column][\/vc_row]<\/p>\n","protected":false},"excerpt":{"rendered":"<p>[vc_row css=&#8221;.vc_custom_1452687555475{margin-bottom: 100px !important;}&#8221;][vc_column offset=&#8221;vc_col-lg-9 vc_col-md-9&#8243;][vc_custom_heading source=&#8221;post_title&#8221; use_theme_fonts=&#8221;yes&#8221; css=&#8221;.vc_custom_1596528834701{margin-bottom: 30px !important;}&#8221;][vc_row_inner css=&#8221;.vc_custom_1453271494452{margin-bottom: 50px !important;}&#8221;][vc_column_inner][vc_single_image source=&#8221;featured_image&#8221; img_size=&#8221;full&#8221;][\/vc_column_inner][\/vc_row_inner][vc_separator color=&#8221;custom&#8221; accent_color=&#8221;#dddddd&#8221; css=&#8221;.vc_custom_1453271595991{margin-bottom: 21px !important;}&#8221;][vc_row_inner css=&#8221;.vc_custom_1453271763899{margin-bottom: 33px !important;}&#8221;][vc_column_inner width=&#8221;1\/4&#8243; css=&#8221;.vc_custom_1453272656287{padding-right: 45px !important;}&#8221;][vc_custom_heading text=&#8221;PROJELEND\u0130RME VE PROJE DANI\u015eMANLI\u011eI&#8221; font_container=&#8221;tag:h3|font_size:24px|text_align:right|color:%23222222|line_height:30px&#8221; use_theme_fonts=&#8221;yes&#8221; css_animation=&#8221;fadeInUp&#8221;][\/vc_column_inner][vc_column_inner width=&#8221;3\/4&#8243; css=&#8221;.vc_custom_1453271259318{padding-top: 18px !important;}&#8221;][vc_column_text css_animation=&#8221;none&#8221;]Fidan \u00fcretiminde kaliteli, sa\u011fl\u0131kl\u0131 fidan \u00fcretimi b\u00fcy\u00fck \u00f6nem ta\u015f\u0131maktad\u0131r. Bu nedenle, yaln\u0131z miktar olarak fidan \u00fcretmek<\/p>\n","protected":false},"author":1,"featured_media":6980,"parent":0,"menu_order":0,"comment_status":"closed","ping_status":"closed","template":"","meta":{"footnotes":""},"class_list":["post-6548","page","type-page","status-publish","has-post-thumbnail","hentry"],"yoast_head":"<!-- This site is optimized with the Yoast SEO Premium plugin v14.9 - https:\/\/yoast.com\/wordpress\/plugins\/seo\/ -->\n<title>Fidanc\u0131l\u0131k ve Bah\u00e7e Kurulumu - Karpatov Technology<\/title>\n<meta name=\"robots\" content=\"index, follow, max-snippet:-1, max-image-preview:large, max-video-preview:-1\" \/>\n<link rel=\"canonical\" href=\"https:\/\/www.karpatov.com\/tr\/fidancilik-ve-bahce-kurulumu\/\" \/>\n<meta property=\"og:locale\" content=\"tr_TR\" \/>\n<meta property=\"og:type\" content=\"article\" \/>\n<meta property=\"og:title\" content=\"Fidanc\u0131l\u0131k ve Bah\u00e7e Kurulumu - Karpatov Technology\" \/>\n<meta property=\"og:description\" content=\"[vc_row css=&#8221;.vc_custom_1452687555475{margin-bottom: 100px !important;}&#8221;][vc_column offset=&#8221;vc_col-lg-9 vc_col-md-9&#8243;][vc_custom_heading source=&#8221;post_title&#8221; use_theme_fonts=&#8221;yes&#8221; css=&#8221;.vc_custom_1596528834701{margin-bottom: 30px !important;}&#8221;][vc_row_inner css=&#8221;.vc_custom_1453271494452{margin-bottom: 50px !important;}&#8221;][vc_column_inner][vc_single_image source=&#8221;featured_image&#8221; img_size=&#8221;full&#8221;][\/vc_column_inner][\/vc_row_inner][vc_separator color=&#8221;custom&#8221; accent_color=&#8221;#dddddd&#8221; css=&#8221;.vc_custom_1453271595991{margin-bottom: 21px !important;}&#8221;][vc_row_inner css=&#8221;.vc_custom_1453271763899{margin-bottom: 33px !important;}&#8221;][vc_column_inner width=&#8221;1\/4&#8243; css=&#8221;.vc_custom_1453272656287{padding-right: 45px !important;}&#8221;][vc_custom_heading text=&#8221;PROJELEND\u0130RME VE PROJE DANI\u015eMANLI\u011eI&#8221; font_container=&#8221;tag:h3|font_size:24px|text_align:right|color:%23222222|line_height:30px&#8221; use_theme_fonts=&#8221;yes&#8221; css_animation=&#8221;fadeInUp&#8221;][\/vc_column_inner][vc_column_inner width=&#8221;3\/4&#8243; css=&#8221;.vc_custom_1453271259318{padding-top: 18px !important;}&#8221;][vc_column_text css_animation=&#8221;none&#8221;]Fidan \u00fcretiminde kaliteli, sa\u011fl\u0131kl\u0131 fidan \u00fcretimi b\u00fcy\u00fck \u00f6nem ta\u015f\u0131maktad\u0131r. Bu nedenle, yaln\u0131z miktar olarak fidan \u00fcretmek\" \/>\n<meta property=\"og:url\" content=\"https:\/\/www.karpatov.com\/tr\/fidancilik-ve-bahce-kurulumu\/\" \/>\n<meta property=\"og:site_name\" content=\"Karpatov Technology\" \/>\n<meta property=\"article:modified_time\" content=\"2020-09-29T08:39:21+00:00\" \/>\n<meta property=\"og:image\" content=\"https:\/\/www.karpatov.com\/wp-content\/uploads\/2020\/08\/fidanc\u0131l\u0131k-1.jpg\" \/>\n\t<meta property=\"og:image:width\" content=\"1222\" \/>\n\t<meta property=\"og:image:height\" content=\"732\" \/>\n<meta name=\"twitter:card\" content=\"summary_large_image\" \/>\n<script type=\"application\/ld+json\" class=\"yoast-schema-graph\">{\"@context\":\"https:\/\/schema.org\",\"@graph\":[{\"@type\":\"WebSite\",\"@id\":\"https:\/\/www.karpatov.com\/tr\/#website\",\"url\":\"https:\/\/www.karpatov.com\/tr\/\",\"name\":\"Karpatov Technology\",\"description\":\"Karpatov Teknoloji\",\"potentialAction\":[{\"@type\":\"SearchAction\",\"target\":\"https:\/\/www.karpatov.com\/tr\/?s={search_term_string}\",\"query-input\":\"required name=search_term_string\"}],\"inLanguage\":\"tr\"},{\"@type\":\"ImageObject\",\"@id\":\"https:\/\/www.karpatov.com\/tr\/fidancilik-ve-bahce-kurulumu\/#primaryimage\",\"inLanguage\":\"tr\",\"url\":\"https:\/\/www.karpatov.com\/wp-content\/uploads\/2020\/08\/fidanc\\u0131l\\u0131k-1.jpg\",\"width\":1222,\"height\":732},{\"@type\":\"WebPage\",\"@id\":\"https:\/\/www.karpatov.com\/tr\/fidancilik-ve-bahce-kurulumu\/#webpage\",\"url\":\"https:\/\/www.karpatov.com\/tr\/fidancilik-ve-bahce-kurulumu\/\",\"name\":\"Fidanc\\u0131l\\u0131k ve Bah\\u00e7e Kurulumu - Karpatov Technology\",\"isPartOf\":{\"@id\":\"https:\/\/www.karpatov.com\/tr\/#website\"},\"primaryImageOfPage\":{\"@id\":\"https:\/\/www.karpatov.com\/tr\/fidancilik-ve-bahce-kurulumu\/#primaryimage\"},\"datePublished\":\"2020-07-17T12:18:02+00:00\",\"dateModified\":\"2020-09-29T08:39:21+00:00\",\"inLanguage\":\"tr\",\"potentialAction\":[{\"@type\":\"ReadAction\",\"target\":[\"https:\/\/www.karpatov.com\/tr\/fidancilik-ve-bahce-kurulumu\/\"]}]}]}<\/script>\n<!-- \/ Yoast SEO Premium plugin. -->","_links":{"self":[{"href":"https:\/\/www.karpatov.com\/tr\/wp-json\/wp\/v2\/pages\/6548","targetHints":{"allow":["GET"]}}],"collection":[{"href":"https:\/\/www.karpatov.com\/tr\/wp-json\/wp\/v2\/pages"}],"about":[{"href":"https:\/\/www.karpatov.com\/tr\/wp-json\/wp\/v2\/types\/page"}],"author":[{"embeddable":true,"href":"https:\/\/www.karpatov.com\/tr\/wp-json\/wp\/v2\/users\/1"}],"replies":[{"embeddable":true,"href":"https:\/\/www.karpatov.com\/tr\/wp-json\/wp\/v2\/comments?post=6548"}],"version-history":[{"count":12,"href":"https:\/\/www.karpatov.com\/tr\/wp-json\/wp\/v2\/pages\/6548\/revisions"}],"predecessor-version":[{"id":7981,"href":"https:\/\/www.karpatov.com\/tr\/wp-json\/wp\/v2\/pages\/6548\/revisions\/7981"}],"wp:featuredmedia":[{"embeddable":true,"href":"https:\/\/www.karpatov.com\/tr\/wp-json\/wp\/v2\/media\/6980"}],"wp:attachment":[{"href":"https:\/\/www.karpatov.com\/tr\/wp-json\/wp\/v2\/media?parent=6548"}],"curies":[{"name":"wp","href":"https:\/\/api.w.org\/{rel}","templated":true}]}}