{"id":1184,"date":"2017-02-08T09:59:59","date_gmt":"2017-02-08T09:59:59","guid":{"rendered":"http:\/\/consulting.stylemixthemes.com\/demo\/?page_id=1184"},"modified":"2026-02-28T13:56:44","modified_gmt":"2026-02-28T10:56:44","slug":"iletisim","status":"publish","type":"page","link":"https:\/\/www.karpatov.com\/tr\/iletisim\/","title":{"rendered":"\u0130leti\u015fim"},"content":{"rendered":"<p>[vc_row full_height=&#8221;yes&#8221; columns_placement=&#8221;top&#8221; equal_height=&#8221;yes&#8221;][vc_column offset=&#8221;vc_col-lg-8&#8243; css=&#8221;.vc_custom_1485439524000{padding-top: 58px !important;}&#8221;][vc_custom_heading text=&#8221;\u0130leti\u015fim Bilgileri&#8221; google_fonts=&#8221;font_family:Poppins%3A300%2Cregular%2C500%2C600%2C700|font_style:700%20bold%3A700%3Anormal&#8221; css=&#8221;.vc_custom_1600091054729{margin-bottom: 51px !important;}&#8221;][vc_column_text css=&#8221;.vc_custom_1600091103562{margin-bottom: 30px !important;}&#8221;]<span style=\"font-family: Montserrat; color: #444444; font-size: 16px; letter-spacing: -0.4px;\">Bize ileti\u015fim formumuz arac\u0131l\u0131\u011f\u0131 ile 7\/24 ula\u015fabilirsiniz.<\/span>[\/vc_column_text][vc_custom_heading stripe_pos=&#8221;hide&#8221; text=&#8221;Merkez Ofis&#8221; font_container=&#8221;tag:h3|font_size:20px|text_align:left|color:%23222222|line_height:45px&#8221; google_fonts=&#8221;font_family:Montserrat%3Aregular%2C700|font_style:700%20bold%20regular%3A700%3Anormal&#8221; el_class=&#8221;border_base_color&#8221; css=&#8221;.vc_custom_1600091119572{margin-top: -5px !important;margin-bottom: -22px !important;border-top-width: 3px !important;padding-top: 0px !important;padding-bottom: 10px !important;border-top-style: solid !important;}&#8221;][vc_row_inner][vc_column_inner width=&#8221;1\/2&#8243; css=&#8221;.vc_custom_1485495966997{margin-bottom: 5px !important;}&#8221;][stm_contacts_widget style=&#8221;style_4&#8243; address=&#8221;\u0130n\u00f6n\u00fc Caddesi No:672 D:13<br \/>\n\u0130ZM\u0130R\/T\u00dcRK\u0130YE&#8221; phone=&#8221;+90 532 276 4277&#8243; phone_two=&#8221;+90 532 276 4277&#8243;][\/vc_column_inner][vc_column_inner width=&#8221;1\/2&#8243; css=&#8221;.vc_custom_1485495976629{margin-bottom: 5px !important;}&#8221;][stm_contacts_widget style=&#8221;style_4&#8243; facebook=&#8221;#&#8221; twitter=&#8221;#&#8221; linkedin=&#8221;#&#8221; google_plus=&#8221;#&#8221; skype=&#8221;#&#8221; schedule=&#8221;Pazartesi\u2013Cumartesi: 08:00\u201318:00<br \/>\nPazar: Kapal\u0131&#8221; email=&#8221;info@karpatov.com&#8221;][\/vc_column_inner][\/vc_row_inner][vc_row_inner css=&#8221;.vc_custom_1485437972924{margin-bottom: 30px !important;}&#8221;][vc_column_inner width=&#8221;1\/3&#8243; css=&#8221;.vc_custom_1485495786512{margin-bottom: 20px !important;}&#8221;][vc_single_image image=&#8221;8772&#8243; img_size=&#8221;full&#8221;][vc_custom_heading stripe_pos=&#8221;hide&#8221; text=&#8221;Genel M\u00fcd\u00fcr&#8221; font_container=&#8221;tag:h3|font_size:20px|text_align:left|color:%23222222|line_height:45px&#8221; google_fonts=&#8221;font_family:Montserrat%3Aregular%2C700|font_style:700%20bold%20regular%3A700%3Anormal&#8221; el_class=&#8221;border_base_color&#8221; css=&#8221;.vc_custom_1601286421858{margin-top: -7px !important;margin-bottom: -22px !important;border-top-width: 3px !important;padding-top: 0px !important;padding-bottom: 16px !important;border-top-style: solid !important;}&#8221;][vc_column_text]<\/p>\n<h5 class=\"\"><strong>TU\u011eRUL G\u00dcR\u0130\u015e<\/strong><\/h5>\n<div class=\"stm_contact_row\"><i class=\"fa fa-phone\"><\/i>Tel:(+90) 532 276 4277<\/div>\n<div class=\"stm_contact_row\"><i class=\"fa fa-envelope\"><\/i><a href=\"mailto:tugrul@karpatov.com\">tugrul@karpatov.com<\/a><\/div>\n<p>[\/vc_column_text][\/vc_column_inner][vc_column_inner width=&#8221;1\/3&#8243; css=&#8221;.vc_custom_1485495781846{margin-bottom: 20px !important;}&#8221;][vc_single_image image=&#8221;8778&#8243; img_size=&#8221;full&#8221;][vc_custom_heading stripe_pos=&#8221;hide&#8221; text=&#8221;Rusya Federasyonu \u015eubesi&#8221; font_container=&#8221;tag:h3|font_size:20px|text_align:left|color:%23222222|line_height:45px&#8221; google_fonts=&#8221;font_family:Montserrat%3Aregular%2C700|font_style:700%20bold%20regular%3A700%3Anormal&#8221; el_class=&#8221;border_base_color&#8221; css=&#8221;.vc_custom_1730364839036{margin-top: -7px !important;margin-bottom: -22px !important;border-top-width: 3px !important;padding-top: 0px !important;padding-bottom: 16px !important;border-top-style: solid !important;}&#8221;][vc_column_text]<\/p>\n<h5><strong>ANDREY ALMEKAEV<\/strong><\/h5>\n<div class=\"stm_contact_job\">Limited Liability Company \u00abINTA\u00bb<br \/>\nEkaterinburg\/Russia<\/div>\n<div class=\"stm_contact_row\"><i class=\"fa fa-phone\"><\/i>Tel:+7 (912) 653 28 80<\/div>\n<div class=\"stm_contact_row\"><i class=\"fa fa-envelope\"><\/i><a href=\"mailto:andrey@karpatov.com\">andrey@karpatov.com<\/a><\/div>\n<p>[\/vc_column_text][\/vc_column_inner][\/vc_row_inner][vc_row_inner css=&#8221;.vc_custom_1485437972924{margin-bottom: 30px !important;}&#8221;][vc_column_inner width=&#8221;1\/3&#8243; css=&#8221;.vc_custom_1485495781846{margin-bottom: 20px !important;}&#8221;][\/vc_column_inner][vc_column_inner width=&#8221;1\/3&#8243;][\/vc_column_inner][\/vc_row_inner][\/vc_column][vc_column css=&#8221;.vc_custom_1485496553792{padding-top: 20px !important;padding-bottom: 40px !important;background-color: #f2f2f2 !important;}&#8221; offset=&#8221;vc_col-lg-4&#8243; el_class=&#8221;form_full-right_width&#8221;][vc_custom_heading text=&#8221;\u0130leti\u015fim Formu&#8221; font_container=&#8221;tag:h4|text_align:left&#8221; google_fonts=&#8221;font_family:Montserrat%3Aregular%2C700|font_style:700%20bold%20regular%3A700%3Anormal&#8221;]\n<div class=\"wpcf7 no-js\" id=\"wpcf7-f1178-o1\" lang=\"en-US\" dir=\"ltr\" data-wpcf7-id=\"1178\">\n<div class=\"screen-reader-response\"><p role=\"status\" aria-live=\"polite\" aria-atomic=\"true\"><\/p> <ul><\/ul><\/div>\n<form action=\"\/tr\/wp-json\/wp\/v2\/pages\/1184#wpcf7-f1178-o1\" method=\"post\" class=\"wpcf7-form init\" aria-label=\"Contact form\" novalidate=\"novalidate\" data-status=\"init\">\n<fieldset class=\"hidden-fields-container\"><input type=\"hidden\" name=\"_wpcf7\" value=\"1178\" \/><input type=\"hidden\" name=\"_wpcf7_version\" value=\"6.1.4\" \/><input type=\"hidden\" name=\"_wpcf7_locale\" value=\"en_US\" \/><input type=\"hidden\" name=\"_wpcf7_unit_tag\" value=\"wpcf7-f1178-o1\" \/><input type=\"hidden\" name=\"_wpcf7_container_post\" value=\"0\" \/><input type=\"hidden\" name=\"_wpcf7_posted_data_hash\" value=\"\" \/>\n<\/fieldset>\n<div class=\"request_callback\">\n\t<div class=\"input-group\">\n\t\t<p><span class=\"wpcf7-form-control-wrap\" data-name=\"message\"><textarea cols=\"40\" rows=\"10\" maxlength=\"2000\" class=\"wpcf7-form-control wpcf7-textarea wpcf7-validates-as-required height147\" aria-required=\"true\" aria-invalid=\"false\" placeholder=\"Mesaj *\" name=\"message\"><\/textarea><\/span>\n\t\t<\/p>\n\t<\/div>\n\t<div class=\"input-group\">\n\t\t<p><span class=\"wpcf7-form-control-wrap\" data-name=\"text-name\"><input size=\"40\" maxlength=\"400\" class=\"wpcf7-form-control wpcf7-text wpcf7-validates-as-required\" aria-required=\"true\" aria-invalid=\"false\" placeholder=\"Ad soyad *\" value=\"\" type=\"text\" name=\"text-name\" \/><\/span>\n\t\t<\/p>\n\t<\/div>\n\t<div class=\"input-group\">\n\t\t<p><span class=\"wpcf7-form-control-wrap\" data-name=\"email\"><input size=\"40\" maxlength=\"400\" class=\"wpcf7-form-control wpcf7-email wpcf7-validates-as-required wpcf7-text wpcf7-validates-as-email\" aria-required=\"true\" aria-invalid=\"false\" placeholder=\"E-mail *\" value=\"\" type=\"email\" name=\"email\" \/><\/span>\n\t\t<\/p>\n\t<\/div>\n\t<div class=\"input-group\">\n\t\t<p><span class=\"wpcf7-form-control-wrap\" data-name=\"subject\"><input size=\"40\" maxlength=\"400\" class=\"wpcf7-form-control wpcf7-text wpcf7-validates-as-required\" aria-required=\"true\" aria-invalid=\"false\" placeholder=\"Konu *\" value=\"\" type=\"text\" name=\"subject\" \/><\/span>\n\t\t<\/p>\n\t<\/div>\n\t<div class=\"input-group\">\n\t\t<p><button type=\"submit\" class=\"button size-lg icon_right\">G\u00f6nder <i class=\"fa fa-chevron-right\"><\/i><\/button>\n\t\t<\/p>\n\t<\/div>\n<\/div><div class=\"wpcf7-response-output\" aria-hidden=\"true\"><\/div>\n<\/form>\n<\/div>\n[\/vc_column][\/vc_row]<\/p>\n","protected":false},"excerpt":{"rendered":"<p>[vc_row full_height=&#8221;yes&#8221; columns_placement=&#8221;top&#8221; equal_height=&#8221;yes&#8221;][vc_column offset=&#8221;vc_col-lg-8&#8243; css=&#8221;.vc_custom_1485439524000{padding-top: 58px !important;}&#8221;][vc_custom_heading text=&#8221;\u0130leti\u015fim Bilgileri&#8221; google_fonts=&#8221;font_family:Poppins%3A300%2Cregular%2C500%2C600%2C700|font_style:700%20bold%3A700%3Anormal&#8221; css=&#8221;.vc_custom_1600091054729{margin-bottom: 51px !important;}&#8221;][vc_column_text css=&#8221;.vc_custom_1600091103562{margin-bottom: 30px !important;}&#8221;]Bize ileti\u015fim formumuz arac\u0131l\u0131\u011f\u0131 ile 7\/24 ula\u015fabilirsiniz.[\/vc_column_text][vc_custom_heading stripe_pos=&#8221;hide&#8221; text=&#8221;Merkez Ofis&#8221; font_container=&#8221;tag:h3|font_size:20px|text_align:left|color:%23222222|line_height:45px&#8221; google_fonts=&#8221;font_family:Montserrat%3Aregular%2C700|font_style:700%20bold%20regular%3A700%3Anormal&#8221; el_class=&#8221;border_base_color&#8221; css=&#8221;.vc_custom_1600091119572{margin-top: -5px !important;margin-bottom: -22px !important;border-top-width: 3px !important;padding-top: 0px !important;padding-bottom: 10px !important;border-top-style: solid !important;}&#8221;][vc_row_inner][vc_column_inner width=&#8221;1\/2&#8243; css=&#8221;.vc_custom_1485495966997{margin-bottom: 5px !important;}&#8221;][stm_contacts_widget style=&#8221;style_4&#8243; address=&#8221;\u0130n\u00f6n\u00fc Caddesi No:672 D:13 \u0130ZM\u0130R\/T\u00dcRK\u0130YE&#8221; phone=&#8221;+90 532 276<\/p>\n","protected":false},"author":1,"featured_media":0,"parent":0,"menu_order":0,"comment_status":"closed","ping_status":"closed","template":"","meta":{"footnotes":""},"class_list":["post-1184","page","type-page","status-publish","hentry"],"yoast_head":"<!-- This site is optimized with the Yoast SEO Premium plugin v14.9 - https:\/\/yoast.com\/wordpress\/plugins\/seo\/ -->\n<title>\u0130leti\u015fim - Karpatov Technology<\/title>\n<meta name=\"robots\" content=\"index, follow, max-snippet:-1, max-image-preview:large, max-video-preview:-1\" \/>\n<link rel=\"canonical\" href=\"https:\/\/www.karpatov.com\/tr\/iletisim\/\" \/>\n<meta property=\"og:locale\" content=\"tr_TR\" \/>\n<meta property=\"og:type\" content=\"article\" \/>\n<meta property=\"og:title\" content=\"\u0130leti\u015fim - Karpatov Technology\" \/>\n<meta property=\"og:description\" content=\"[vc_row full_height=&#8221;yes&#8221; columns_placement=&#8221;top&#8221; equal_height=&#8221;yes&#8221;][vc_column offset=&#8221;vc_col-lg-8&#8243; css=&#8221;.vc_custom_1485439524000{padding-top: 58px !important;}&#8221;][vc_custom_heading text=&#8221;\u0130leti\u015fim Bilgileri&#8221; google_fonts=&#8221;font_family:Poppins%3A300%2Cregular%2C500%2C600%2C700|font_style:700%20bold%3A700%3Anormal&#8221; css=&#8221;.vc_custom_1600091054729{margin-bottom: 51px !important;}&#8221;][vc_column_text css=&#8221;.vc_custom_1600091103562{margin-bottom: 30px !important;}&#8221;]Bize ileti\u015fim formumuz arac\u0131l\u0131\u011f\u0131 ile 7\/24 ula\u015fabilirsiniz.[\/vc_column_text][vc_custom_heading stripe_pos=&#8221;hide&#8221; text=&#8221;Merkez Ofis&#8221; font_container=&#8221;tag:h3|font_size:20px|text_align:left|color:%23222222|line_height:45px&#8221; google_fonts=&#8221;font_family:Montserrat%3Aregular%2C700|font_style:700%20bold%20regular%3A700%3Anormal&#8221; el_class=&#8221;border_base_color&#8221; css=&#8221;.vc_custom_1600091119572{margin-top: -5px !important;margin-bottom: -22px !important;border-top-width: 3px !important;padding-top: 0px !important;padding-bottom: 10px !important;border-top-style: solid !important;}&#8221;][vc_row_inner][vc_column_inner width=&#8221;1\/2&#8243; css=&#8221;.vc_custom_1485495966997{margin-bottom: 5px !important;}&#8221;][stm_contacts_widget style=&#8221;style_4&#8243; address=&#8221;\u0130n\u00f6n\u00fc Caddesi No:672 D:13 \u0130ZM\u0130R\/T\u00dcRK\u0130YE&#8221; phone=&#8221;+90 532 276\" \/>\n<meta property=\"og:url\" content=\"https:\/\/www.karpatov.com\/tr\/iletisim\/\" \/>\n<meta property=\"og:site_name\" content=\"Karpatov Technology\" \/>\n<meta property=\"article:modified_time\" content=\"2026-02-28T10:56:44+00:00\" \/>\n<meta name=\"twitter:card\" content=\"summary_large_image\" \/>\n<script type=\"application\/ld+json\" class=\"yoast-schema-graph\">{\"@context\":\"https:\/\/schema.org\",\"@graph\":[{\"@type\":\"WebSite\",\"@id\":\"https:\/\/www.karpatov.com\/tr\/#website\",\"url\":\"https:\/\/www.karpatov.com\/tr\/\",\"name\":\"Karpatov Technology\",\"description\":\"Karpatov Teknoloji\",\"potentialAction\":[{\"@type\":\"SearchAction\",\"target\":\"https:\/\/www.karpatov.com\/tr\/?s={search_term_string}\",\"query-input\":\"required name=search_term_string\"}],\"inLanguage\":\"tr\"},{\"@type\":\"WebPage\",\"@id\":\"https:\/\/www.karpatov.com\/tr\/iletisim\/#webpage\",\"url\":\"https:\/\/www.karpatov.com\/tr\/iletisim\/\",\"name\":\"\\u0130leti\\u015fim - Karpatov Technology\",\"isPartOf\":{\"@id\":\"https:\/\/www.karpatov.com\/tr\/#website\"},\"datePublished\":\"2017-02-08T09:59:59+00:00\",\"dateModified\":\"2026-02-28T10:56:44+00:00\",\"inLanguage\":\"tr\",\"potentialAction\":[{\"@type\":\"ReadAction\",\"target\":[\"https:\/\/www.karpatov.com\/tr\/iletisim\/\"]}]}]}<\/script>\n<!-- \/ Yoast SEO Premium plugin. -->","_links":{"self":[{"href":"https:\/\/www.karpatov.com\/tr\/wp-json\/wp\/v2\/pages\/1184","targetHints":{"allow":["GET"]}}],"collection":[{"href":"https:\/\/www.karpatov.com\/tr\/wp-json\/wp\/v2\/pages"}],"about":[{"href":"https:\/\/www.karpatov.com\/tr\/wp-json\/wp\/v2\/types\/page"}],"author":[{"embeddable":true,"href":"https:\/\/www.karpatov.com\/tr\/wp-json\/wp\/v2\/users\/1"}],"replies":[{"embeddable":true,"href":"https:\/\/www.karpatov.com\/tr\/wp-json\/wp\/v2\/comments?post=1184"}],"version-history":[{"count":31,"href":"https:\/\/www.karpatov.com\/tr\/wp-json\/wp\/v2\/pages\/1184\/revisions"}],"predecessor-version":[{"id":9033,"href":"https:\/\/www.karpatov.com\/tr\/wp-json\/wp\/v2\/pages\/1184\/revisions\/9033"}],"wp:attachment":[{"href":"https:\/\/www.karpatov.com\/tr\/wp-json\/wp\/v2\/media?parent=1184"}],"curies":[{"name":"wp","href":"https:\/\/api.w.org\/{rel}","templated":true}]}}