{"id":1024,"date":"2015-12-14T07:14:55","date_gmt":"2015-12-14T07:14:55","guid":{"rendered":"http:\/\/consulting.stylemixthemes.com\/demo\/?page_id=2"},"modified":"2021-01-18T12:01:28","modified_gmt":"2021-01-18T09:01:28","slug":"sample-page-2","status":"publish","type":"page","link":"https:\/\/www.karpatov.com\/tr\/","title":{"rendered":"Anasayfa"},"content":{"rendered":"<p>[vc_row css=&#8221;.vc_custom_1450677977665{margin-bottom: 0px !important;}&#8221;][vc_column][rev_slider_vc alias=&#8221;fullscreen-main-slider&#8221;][\/vc_column][\/vc_row][vc_row full_width=&#8221;stretch_row&#8221; el_class=&#8221;third_bg_color&#8221;][vc_column][vc_cta h2=&#8221;Profesyonel dan\u0131\u015fmanl\u0131k hizmeti almak ister misiniz?&#8221; h2_font_container=&#8221;font_size:20px|color:%23000000|line_height:24px&#8221; h2_use_theme_fonts=&#8221;yes&#8221; shape=&#8221;square&#8221; style=&#8221;flat&#8221; add_button=&#8221;right&#8221; btn_title=&#8221;\u0130leti\u015fim Bilgileri&#8221; btn_style=&#8221;flat&#8221; btn_color=&#8221;theme_style_2&#8243; btn_align=&#8221;right&#8221; btn_i_align=&#8221;right&#8221; btn_i_icon_fontawesome=&#8221;stm-online-address&#8221; use_custom_fonts_h2=&#8221;true&#8221; btn_button_block=&#8221;true&#8221; btn_add_icon=&#8221;true&#8221; el_class=&#8221;third_bg_color&#8221; css=&#8221;.vc_custom_1610960105682{margin-bottom: 0px !important;}&#8221; btn_link=&#8221;url:%2Ftr%2Filetisim|||&#8221;][\/vc_cta][\/vc_column][\/vc_row][vc_row full_width=&#8221;stretch_row&#8221; css=&#8221;.vc_custom_1451476985704{padding-top: 53px !important;padding-bottom: 70px !important;background-color: #f2f2f2 !important;}&#8221;][vc_column][vc_custom_heading text=&#8221;Hizmetlerimiz&#8221; font_container=&#8221;tag:h3|font_size:45px|text_align:center|line_height:60px&#8221; use_theme_fonts=&#8221;yes&#8221; el_class=&#8221;base_font_color&#8221; css=&#8221;.vc_custom_1593701658827{margin-bottom: 28px !important;}&#8221;][vc_row_inner css=&#8221;.vc_custom_1455871593995{margin-bottom: 30px !important;}&#8221;][vc_column_inner width=&#8221;1\/3&#8243;][stm_icon_box hide_title_line=&#8221;hide_title_line&#8221; enable_hexagon=&#8221;enable&#8221; enable_hexagon_animation=&#8221;enable&#8221; add_link=&#8221;enable&#8221; icon=&#8221;stm-stm14_quote&#8221; style=&#8221;icon_left&#8221; icon_size=&#8221;15&#8243; icon_width=&#8221;78&#8243; title=&#8221;Serac\u0131l\u0131k&#8221; link=&#8221;url:%2Ftr%2Fseracilik%2F|||&#8221;]Anahtar teslim sera kurulumu. Toprakl\u0131 ve Modern seralar. Kaliteli \u00fcretim, \u00fcst\u00fcn verim.[\/stm_icon_box][\/vc_column_inner][vc_column_inner width=&#8221;1\/3&#8243;][stm_icon_box hide_title_line=&#8221;hide_title_line&#8221; enable_hexagon=&#8221;enable&#8221; enable_hexagon_animation=&#8221;enable&#8221; add_link=&#8221;enable&#8221; icon=&#8221;stm-stm14_quote&#8221; style=&#8221;icon_left&#8221; icon_size=&#8221;22&#8243; icon_width=&#8221;78&#8243; title=&#8221;Tar\u0131m Makineleri&#8221; link=&#8221;url:%2Ftr%2Ftarim-makinalari%2F|||&#8221;]\u0130\u015finizi kolayla\u015ft\u0131racak ve \u00fcretiminizi verimli hale getirecek makineler.[\/stm_icon_box][\/vc_column_inner][vc_column_inner width=&#8221;1\/3&#8243;][stm_icon_box hide_title_line=&#8221;hide_title_line&#8221; enable_hexagon=&#8221;enable&#8221; enable_hexagon_animation=&#8221;enable&#8221; add_link=&#8221;enable&#8221; icon=&#8221;stm-stm14_quote&#8221; style=&#8221;icon_left&#8221; icon_size=&#8221;22&#8243; icon_width=&#8221;78&#8243; title=&#8221;Fidanc\u0131l\u0131k&#8221; link=&#8221;url:%2Ftr%2Ffidancilik-ve-bahce-kurulumu%2F|||&#8221;]Uzmanlar g\u00f6zetiminde bah\u00e7e kurulumunuzu yap\u0131yoruz, sa\u011fl\u0131kl\u0131 ve a\u015f\u0131l\u0131 fidan temin ediyoruz. Dikimden hasata kadar uzman deste\u011fi veriyoruz.[\/stm_icon_box][\/vc_column_inner][\/vc_row_inner][vc_row_inner][vc_column_inner width=&#8221;1\/3&#8243;][stm_icon_box hide_title_line=&#8221;hide_title_line&#8221; enable_hexagon=&#8221;enable&#8221; enable_hexagon_animation=&#8221;enable&#8221; add_link=&#8221;enable&#8221; icon=&#8221;stm-quote8&#8243; style=&#8221;icon_left&#8221; icon_size=&#8221;24&#8243; icon_width=&#8221;78&#8243; title=&#8221;So\u011fuk Hava<br \/>\nDepolar\u0131&#8221; link=&#8221;url:%2Ftr%2Fsogutma-teknigi-ve-soguk-hava-depolari%2F|||&#8221;]Ekonomik ve verimli \u00e7\u00f6z\u00fcmler. Paran\u0131z\u0131 bo\u015fa harcamay\u0131n. Bize dan\u0131\u015f\u0131n..[\/stm_icon_box][\/vc_column_inner][vc_column_inner width=&#8221;1\/3&#8243;][stm_icon_box hide_title_line=&#8221;hide_title_line&#8221; enable_hexagon=&#8221;enable&#8221; enable_hexagon_animation=&#8221;enable&#8221; add_link=&#8221;enable&#8221; icon=&#8221;stm-stm14_quote&#8221; style=&#8221;icon_left&#8221; icon_size=&#8221;28&#8243; icon_width=&#8221;78&#8243; title=&#8221;B\u00fcy\u00fckba\u015f S\u00fct ve<br \/>\nBesi hayvanc\u0131l\u0131\u011f\u0131&#8221; link=&#8221;url:%2Ftr%2Fbuyukbas-sut-ve-besi-hayvanciligi%2F|||&#8221;]<\/p>\n<div class=\"page\" title=\"Page 7\">\n<div class=\"section\">\n<div class=\"layoutArea\">\n<div class=\"column\">\n<p>Hayvanc\u0131l\u0131k sekt\u00f6r\u00fcnde en yeni geli\u015fmeleri ve en do\u011fru \u00e7\u00f6z\u00fcmleri sizinle payla\u015f\u0131yoruz.<\/p>\n<\/div>\n<\/div>\n<\/div>\n<\/div>\n<p>[\/stm_icon_box][\/vc_column_inner][vc_column_inner width=&#8221;1\/3&#8243;][stm_icon_box hide_title_line=&#8221;hide_title_line&#8221; enable_hexagon=&#8221;enable&#8221; enable_hexagon_animation=&#8221;enable&#8221; add_link=&#8221;enable&#8221; icon=&#8221;stm-stm14_quote&#8221; style=&#8221;icon_left&#8221; icon_size=&#8221;20&#8243; icon_width=&#8221;78&#8243; title=&#8221;Yumurta ve<br \/>\nBroiler Tavuk\u00e7uluk&#8221; link=&#8221;url:%2Ftr%2Fyumurta-tavukculugu%2F|||&#8221;]Tesislerinizi anahtar teslim kuruyoruz, \u00fcretimden sat\u0131\u015fa kadar olan her safhada i\u015finizi projelendiriyoruz.[\/stm_icon_box][\/vc_column_inner][\/vc_row_inner][\/vc_column][\/vc_row][vc_row full_width=&#8221;stretch_row&#8221; el_class=&#8221;overlay fixed_bg&#8221; css=&#8221;.vc_custom_1593702016080{margin-bottom: 53px !important;padding-top: 110px !important;padding-bottom: 81px !important;background-image: url(http:\/\/karpatov.com\/wp-content\/uploads\/2020\/07\/karpatov-food-technologies.jpg?id=6477) !important;background-position: center !important;background-repeat: no-repeat !important;background-size: cover !important;}&#8221;][vc_column][vc_row_inner][vc_column_inner][vc_custom_heading icon=&#8221;stm-check&#8221; icon_size=&#8221;67&#8243; text=&#8221;<mark>Do\u011fru zamanda<\/mark><br \/>\n, Do\u011fru firma ile \u00e7al\u0131\u015f\u0131n !&#8221; font_container=&#8221;tag:h4|font_size:45px|text_align:left|color:%23ffffff|line_height:45px&#8221; google_fonts=&#8221;font_family:Poppins%3A300%2Cregular%2C500%2C600%2C700|font_style:700%20bold%3A700%3Anormal&#8221; custom_icon=&#8221;stm-check&#8221; css=&#8221;.vc_custom_1593701857856{margin-bottom: 61px !important;}&#8221; el_class=&#8221;no_stripe&#8221;][\/vc_column_inner][\/vc_row_inner][vc_row_inner][vc_column_inner width=&#8221;1\/6&#8243; offset=&#8221;vc_col-lg-offset-1&#8243;][stm_stats_counter counter_value=&#8221;321&#8243; title=&#8221;Agro Projesi&#8221;][\/vc_column_inner][vc_column_inner width=&#8221;1\/6&#8243;][stm_stats_counter counter_value=&#8221;27&#8243; title=&#8221;G\u0131da Projesi&#8221;][\/vc_column_inner][vc_column_inner width=&#8221;1\/6&#8243;][stm_stats_counter counter_value=&#8221;35&#8243; title=&#8221;Deneyimli \u00c7al\u0131\u015fan&#8221;][\/vc_column_inner][vc_column_inner width=&#8221;1\/6&#8243;][stm_stats_counter counter_value=&#8221;100&#8243; counter_value_suf=&#8221;%&#8221; title=&#8221;M\u00fc\u015fteri Memnuniyeti&#8221;][\/vc_column_inner][\/vc_row_inner][\/vc_column][\/vc_row][vc_row css=&#8221;.vc_custom_1450960276268{margin-bottom: 73px !important;}&#8221;][vc_column][vc_custom_heading text=&#8221;M\u00fc\u015fteri G\u00f6r\u00fc\u015fleri&#8221; font_container=&#8221;tag:h4|font_size:45px|text_align:center|line_height:60px&#8221; use_theme_fonts=&#8221;yes&#8221; el_class=&#8221;base_font_color&#8221; css=&#8221;.vc_custom_1593702067345{margin-bottom: 76px !important;}&#8221;][stm_testimonials_carousel count=&#8221;6&#8243; per_row=&#8221;2&#8243; link=&#8221;|||&#8221;][\/vc_column][\/vc_row][vc_row full_width=&#8221;stretch_row&#8221; css=&#8221;.vc_custom_1450961224119{padding-top: 41px !important;padding-bottom: 42px !important;background-color: #f2f2f2 !important;}&#8221;][vc_column][stm_image_carousel grayscale=&#8221;yes&#8221; img_size=&#8221;180&#215;96&#8243; images=&#8221;1021,115,114,113,112,111,110&#8243; el_class=&#8221;no_paddings&#8221; link=&#8221;url:%2Fcompany-overview%2Four-partners%2F||&#8221;][\/vc_column][\/vc_row][vc_row full_width=&#8221;stretch_row&#8221; el_class=&#8221;overlay_2 fixed_bg&#8221; css=&#8221;.vc_custom_1593703773138{margin-bottom: 42px !important;padding-top: 66px !important;padding-bottom: 66px !important;background-image: url(http:\/\/karpatov.com\/wp-content\/uploads\/2019\/09\/565.jpg?id=6470) !important;background-position: center !important;background-repeat: no-repeat !important;background-size: cover !important;}&#8221;][vc_column][vc_custom_heading text=&#8221;Bize dan\u0131\u015f\u0131n, <mark>karl\u0131l\u0131\u011f\u0131n\u0131z\u0131 birlikte artt\u0131ral\u0131m.<\/mark>&#8221; font_container=&#8221;tag:div|font_size:28px|text_align:center|color:%23ffffff|line_height:34px&#8221; google_fonts=&#8221;font_family:Poppins%3A300%2Cregular%2C500%2C600%2C700|font_style:700%20bold%3A700%3Anormal&#8221;][\/vc_column][\/vc_row][vc_row css=&#8221;.vc_custom_1451479401686{margin-bottom: 31px !important;}&#8221;][vc_column][vc_custom_heading text=&#8221;Blog&#8221; font_container=&#8221;tag:h4|font_size:45px|text_align:center&#8221; use_theme_fonts=&#8221;yes&#8221;][\/vc_column][\/vc_row][vc_row css=&#8221;.vc_custom_1451043728133{margin-bottom: 32px !important;}&#8221;][vc_column][stm_news posts_per_row=&#8221;4&#8243;][\/vc_column][\/vc_row][vc_row full_width=&#8221;stretch_row&#8221; css=&#8221;.vc_custom_1451300723020{margin-bottom: 0px !important;padding-top: 96px !important;padding-bottom: 80px !important;background-color: #222222 !important;}&#8221;][vc_column width=&#8221;1\/3&#8243;][vc_custom_heading text=&#8221;Bize hemen ula\u015fabilirsiniz&#8221; font_container=&#8221;tag:div|font_size:36px|text_align:left|color:%23ffffff|line_height:38px&#8221; google_fonts=&#8221;font_family:Poppins%3A300%2Cregular%2C500%2C600%2C700|font_style:700%20bold%3A700%3Anormal&#8221; css=&#8221;.vc_custom_1593705301173{margin-bottom: 19px !important;}&#8221;][vc_column_text]<span style=\"color: #ffffff; font-size: 13px; line-height: 22px;\">Dan\u0131\u015fmanlar\u0131m\u0131zdan biriyle g\u00f6r\u00fc\u015fmek ister misiniz? Sadece bilgilerinizi g\u00f6nderin, k\u0131sa s\u00fcre i\u00e7inde sizinle ileti\u015fime ge\u00e7elim. \u0130sterseniz bize e-posta da g\u00f6nderebilirsiniz.<\/span>[\/vc_column_text][\/vc_column][vc_column width=&#8221;2\/3&#8243;]\n<div class=\"wpcf7 no-js\" id=\"wpcf7-f1284-o1\" lang=\"en-US\" dir=\"ltr\" data-wpcf7-id=\"1284\">\n<div class=\"screen-reader-response\"><p role=\"status\" aria-live=\"polite\" aria-atomic=\"true\"><\/p> <ul><\/ul><\/div>\n<form action=\"\/tr\/wp-json\/wp\/v2\/pages\/1024#wpcf7-f1284-o1\" method=\"post\" class=\"wpcf7-form init\" aria-label=\"Contact form\" novalidate=\"novalidate\" data-status=\"init\">\n<fieldset class=\"hidden-fields-container\"><input type=\"hidden\" name=\"_wpcf7\" value=\"1284\" \/><input type=\"hidden\" name=\"_wpcf7_version\" value=\"6.1.4\" \/><input type=\"hidden\" name=\"_wpcf7_locale\" value=\"en_US\" \/><input type=\"hidden\" name=\"_wpcf7_unit_tag\" value=\"wpcf7-f1284-o1\" \/><input type=\"hidden\" name=\"_wpcf7_container_post\" value=\"0\" \/><input type=\"hidden\" name=\"_wpcf7_posted_data_hash\" value=\"\" \/>\n<\/fieldset>\n<div class=\"request_callback\">\n\t<p>Size nas\u0131l yard\u0131mc\u0131 olabiliriz ?\n\t<\/p>\n\t<div class=\"row\">\n\t\t<div class=\"col-lg-6 col-md-6 col-sm-6 col-xs-12\">\n\t\t\t<div class=\"input-group\">\n\t\t\t\t<p><span class=\"wpcf7-form-control-wrap\" data-name=\"text-name\"><input size=\"40\" maxlength=\"400\" class=\"wpcf7-form-control wpcf7-text wpcf7-validates-as-required\" aria-required=\"true\" aria-invalid=\"false\" placeholder=\"Ad Soyad\" value=\"\" type=\"text\" name=\"text-name\" \/><\/span>\n\t\t\t\t<\/p>\n\t\t\t<\/div>\n\t\t<\/div>\n\t\t<div class=\"col-lg-6 col-md-6 col-sm-6 col-xs-12\">\n\t\t\t<div class=\"input-group\">\n\t\t\t\t<p><span class=\"wpcf7-form-control-wrap\" data-name=\"phone\"><input size=\"40\" maxlength=\"400\" class=\"wpcf7-form-control wpcf7-tel wpcf7-validates-as-required wpcf7-text wpcf7-validates-as-tel\" aria-required=\"true\" aria-invalid=\"false\" placeholder=\"Telefon\" value=\"\" type=\"tel\" name=\"phone\" \/><\/span>\n\t\t\t\t<\/p>\n\t\t\t<\/div>\n\t\t<\/div>\n\t\t<div class=\"col-lg-6 col-md-6 col-sm-6 col-xs-12\">\n\t\t\t<div class=\"input-group\">\n\t\t\t\t<p><span class=\"wpcf7-form-control-wrap\" data-name=\"text-mail\"><input size=\"40\" maxlength=\"400\" class=\"wpcf7-form-control wpcf7-text wpcf7-validates-as-required\" aria-required=\"true\" aria-invalid=\"false\" placeholder=\"E-posta\" value=\"\" type=\"text\" name=\"text-mail\" \/><\/span>\n\t\t\t\t<\/p>\n\t\t\t<\/div>\n\t\t<\/div>\n\t\t<div class=\"col-lg-6 col-md-6 col-sm-6 col-xs-12\">\n\t\t\t<div class=\"input-group\">\n\t\t\t\t<p><span class=\"wpcf7-form-control-wrap\" data-name=\"text-mesaj\"><input size=\"40\" maxlength=\"400\" class=\"wpcf7-form-control wpcf7-text wpcf7-validates-as-required\" aria-required=\"true\" aria-invalid=\"false\" placeholder=\"Mesaj\" value=\"\" type=\"text\" name=\"text-mesaj\" \/><\/span>\n\t\t\t\t<\/p>\n\t\t\t<\/div>\n\t\t<\/div>\n\t\t<div class=\"col-lg-6 col-md-6 col-sm-6 col-xs-12\">\n\t\t\t<div class=\"input-group\">\n\t\t\t\t<p><button type=\"submit\" class=\"button size-lg icon_right\">G\u00f6nder <i class=\"fa fa-chevron-right\"><\/i><\/button>\n\t\t\t\t<\/p>\n\t\t\t<\/div>\n\t\t<\/div>\n\t<\/div>\n<\/div><div class=\"wpcf7-response-output\" aria-hidden=\"true\"><\/div>\n<\/form>\n<\/div>\n[\/vc_column][\/vc_row]<\/p>\n","protected":false},"excerpt":{"rendered":"<p>[vc_row css=&#8221;.vc_custom_1450677977665{margin-bottom: 0px !important;}&#8221;][vc_column][rev_slider_vc alias=&#8221;fullscreen-main-slider&#8221;][\/vc_column][\/vc_row][vc_row full_width=&#8221;stretch_row&#8221; el_class=&#8221;third_bg_color&#8221;][vc_column][vc_cta h2=&#8221;Profesyonel dan\u0131\u015fmanl\u0131k hizmeti almak ister misiniz?&#8221; h2_font_container=&#8221;font_size:20px|color:%23000000|line_height:24px&#8221; h2_use_theme_fonts=&#8221;yes&#8221; shape=&#8221;square&#8221; style=&#8221;flat&#8221; add_button=&#8221;right&#8221; btn_title=&#8221;\u0130leti\u015fim Bilgileri&#8221; btn_style=&#8221;flat&#8221; btn_color=&#8221;theme_style_2&#8243; btn_align=&#8221;right&#8221; btn_i_align=&#8221;right&#8221; btn_i_icon_fontawesome=&#8221;stm-online-address&#8221; use_custom_fonts_h2=&#8221;true&#8221; btn_button_block=&#8221;true&#8221; btn_add_icon=&#8221;true&#8221; el_class=&#8221;third_bg_color&#8221; css=&#8221;.vc_custom_1610960105682{margin-bottom: 0px !important;}&#8221; btn_link=&#8221;url:%2Ftr%2Filetisim|||&#8221;][\/vc_cta][\/vc_column][\/vc_row][vc_row full_width=&#8221;stretch_row&#8221; css=&#8221;.vc_custom_1451476985704{padding-top: 53px !important;padding-bottom: 70px !important;background-color: #f2f2f2 !important;}&#8221;][vc_column][vc_custom_heading text=&#8221;Hizmetlerimiz&#8221; font_container=&#8221;tag:h3|font_size:45px|text_align:center|line_height:60px&#8221; use_theme_fonts=&#8221;yes&#8221; el_class=&#8221;base_font_color&#8221; css=&#8221;.vc_custom_1593701658827{margin-bottom: 28px !important;}&#8221;][vc_row_inner css=&#8221;.vc_custom_1455871593995{margin-bottom: 30px !important;}&#8221;][vc_column_inner width=&#8221;1\/3&#8243;][stm_icon_box hide_title_line=&#8221;hide_title_line&#8221; enable_hexagon=&#8221;enable&#8221; enable_hexagon_animation=&#8221;enable&#8221;<\/p>\n","protected":false},"author":1,"featured_media":0,"parent":0,"menu_order":0,"comment_status":"closed","ping_status":"closed","template":"","meta":{"footnotes":""},"class_list":["post-1024","page","type-page","status-publish","hentry"],"yoast_head":"<!-- This site is optimized with the Yoast SEO Premium plugin v14.9 - https:\/\/yoast.com\/wordpress\/plugins\/seo\/ -->\n<title>Anasayfa - Karpatov Technology<\/title>\n<meta name=\"robots\" content=\"index, follow, max-snippet:-1, max-image-preview:large, max-video-preview:-1\" \/>\n<link rel=\"canonical\" href=\"https:\/\/www.karpatov.com\/tr\/\" \/>\n<meta property=\"og:locale\" content=\"tr_TR\" \/>\n<meta property=\"og:type\" content=\"article\" \/>\n<meta property=\"og:title\" content=\"Anasayfa - Karpatov Technology\" \/>\n<meta property=\"og:description\" content=\"[vc_row css=&#8221;.vc_custom_1450677977665{margin-bottom: 0px !important;}&#8221;][vc_column][rev_slider_vc alias=&#8221;fullscreen-main-slider&#8221;][\/vc_column][\/vc_row][vc_row full_width=&#8221;stretch_row&#8221; el_class=&#8221;third_bg_color&#8221;][vc_column][vc_cta h2=&#8221;Profesyonel dan\u0131\u015fmanl\u0131k hizmeti almak ister misiniz?&#8221; h2_font_container=&#8221;font_size:20px|color:%23000000|line_height:24px&#8221; h2_use_theme_fonts=&#8221;yes&#8221; shape=&#8221;square&#8221; style=&#8221;flat&#8221; add_button=&#8221;right&#8221; btn_title=&#8221;\u0130leti\u015fim Bilgileri&#8221; btn_style=&#8221;flat&#8221; btn_color=&#8221;theme_style_2&#8243; btn_align=&#8221;right&#8221; btn_i_align=&#8221;right&#8221; btn_i_icon_fontawesome=&#8221;stm-online-address&#8221; use_custom_fonts_h2=&#8221;true&#8221; btn_button_block=&#8221;true&#8221; btn_add_icon=&#8221;true&#8221; el_class=&#8221;third_bg_color&#8221; css=&#8221;.vc_custom_1610960105682{margin-bottom: 0px !important;}&#8221; btn_link=&#8221;url:%2Ftr%2Filetisim|||&#8221;][\/vc_cta][\/vc_column][\/vc_row][vc_row full_width=&#8221;stretch_row&#8221; css=&#8221;.vc_custom_1451476985704{padding-top: 53px !important;padding-bottom: 70px !important;background-color: #f2f2f2 !important;}&#8221;][vc_column][vc_custom_heading text=&#8221;Hizmetlerimiz&#8221; font_container=&#8221;tag:h3|font_size:45px|text_align:center|line_height:60px&#8221; use_theme_fonts=&#8221;yes&#8221; el_class=&#8221;base_font_color&#8221; css=&#8221;.vc_custom_1593701658827{margin-bottom: 28px !important;}&#8221;][vc_row_inner css=&#8221;.vc_custom_1455871593995{margin-bottom: 30px !important;}&#8221;][vc_column_inner width=&#8221;1\/3&#8243;][stm_icon_box hide_title_line=&#8221;hide_title_line&#8221; enable_hexagon=&#8221;enable&#8221; enable_hexagon_animation=&#8221;enable&#8221;\" \/>\n<meta property=\"og:url\" content=\"https:\/\/www.karpatov.com\/tr\/\" \/>\n<meta property=\"og:site_name\" content=\"Karpatov Technology\" \/>\n<meta property=\"article:modified_time\" content=\"2021-01-18T09:01:28+00:00\" \/>\n<meta name=\"twitter:card\" content=\"summary_large_image\" \/>\n<script type=\"application\/ld+json\" class=\"yoast-schema-graph\">{\"@context\":\"https:\/\/schema.org\",\"@graph\":[{\"@type\":\"WebSite\",\"@id\":\"https:\/\/www.karpatov.com\/tr\/#website\",\"url\":\"https:\/\/www.karpatov.com\/tr\/\",\"name\":\"Karpatov Technology\",\"description\":\"Karpatov Teknoloji\",\"potentialAction\":[{\"@type\":\"SearchAction\",\"target\":\"https:\/\/www.karpatov.com\/tr\/?s={search_term_string}\",\"query-input\":\"required name=search_term_string\"}],\"inLanguage\":\"tr\"},{\"@type\":\"WebPage\",\"@id\":\"https:\/\/www.karpatov.com\/tr\/#webpage\",\"url\":\"https:\/\/www.karpatov.com\/tr\/\",\"name\":\"Anasayfa - Karpatov Technology\",\"isPartOf\":{\"@id\":\"https:\/\/www.karpatov.com\/tr\/#website\"},\"datePublished\":\"2015-12-14T07:14:55+00:00\",\"dateModified\":\"2021-01-18T09:01:28+00:00\",\"inLanguage\":\"tr\",\"potentialAction\":[{\"@type\":\"ReadAction\",\"target\":[\"https:\/\/www.karpatov.com\/tr\/\"]}]}]}<\/script>\n<!-- \/ Yoast SEO Premium plugin. -->","_links":{"self":[{"href":"https:\/\/www.karpatov.com\/tr\/wp-json\/wp\/v2\/pages\/1024","targetHints":{"allow":["GET"]}}],"collection":[{"href":"https:\/\/www.karpatov.com\/tr\/wp-json\/wp\/v2\/pages"}],"about":[{"href":"https:\/\/www.karpatov.com\/tr\/wp-json\/wp\/v2\/types\/page"}],"author":[{"embeddable":true,"href":"https:\/\/www.karpatov.com\/tr\/wp-json\/wp\/v2\/users\/1"}],"replies":[{"embeddable":true,"href":"https:\/\/www.karpatov.com\/tr\/wp-json\/wp\/v2\/comments?post=1024"}],"version-history":[{"count":39,"href":"https:\/\/www.karpatov.com\/tr\/wp-json\/wp\/v2\/pages\/1024\/revisions"}],"predecessor-version":[{"id":8632,"href":"https:\/\/www.karpatov.com\/tr\/wp-json\/wp\/v2\/pages\/1024\/revisions\/8632"}],"wp:attachment":[{"href":"https:\/\/www.karpatov.com\/tr\/wp-json\/wp\/v2\/media?parent=1024"}],"curies":[{"name":"wp","href":"https:\/\/api.w.org\/{rel}","templated":true}]}}