{"id":7619,"date":"2017-02-08T09:59:59","date_gmt":"2017-02-08T06:59:59","guid":{"rendered":"http:\/\/karpatov.com\/iletisim\/"},"modified":"2026-02-28T13:56:20","modified_gmt":"2026-02-28T10:56:20","slug":"iletisim","status":"publish","type":"page","link":"https:\/\/www.karpatov.com\/ru\/iletisim\/","title":{"rendered":"\u041a\u043e\u043d\u0442\u0430\u043a\u0442"},"content":{"rendered":"<p>[vc_row full_height=&#187;yes&#187; columns_placement=&#187;top&#187; equal_height=&#187;yes&#187;][vc_column offset=&#187;vc_col-lg-8&#8243; css=&#187;.vc_custom_1485439524000{padding-top: 58px !important;}&#187;][vc_custom_heading text=&#187;\u041a\u043e\u043d\u0442\u0430\u043a\u0442\u043d\u0430\u044f \u0438\u043d\u0444\u043e\u0440\u043c\u0430\u0446\u0438\u044f&#187; google_fonts=&#187;font_family:Montserrat%3Aregular%2C700|font_style:700%20bold%20regular%3A700%3Anormal&#187; css=&#187;.vc_custom_1605513727153{margin-bottom: 51px !important;}&#187;][vc_column_text css=&#187;.vc_custom_1603461317744{margin-bottom: 30px !important;}&#187;]\u0412\u044b \u043c\u043e\u0436\u0435\u0442\u0435 \u0441\u0432\u044f\u0437\u0430\u0442\u044c\u0441\u044f \u0441 \u043d\u0430\u043c\u0438 24\/7 \u0447\u0435\u0440\u0435\u0437 \u043a\u043e\u043d\u0442\u0430\u043a\u0442\u043d\u0443\u044e \u0444\u043e\u0440\u043c\u0443.[\/vc_column_text][vc_custom_heading stripe_pos=&#187;hide&#187; text=&#187;\u0426\u0435\u043d\u0442\u0440\u0430\u043b\u044c\u043d\u044b\u0439 \u043e\u0444\u0438\u0441&#187; font_container=&#187;tag:h3|font_size:20px|text_align:left|color:%23222222|line_height:45px&#187; google_fonts=&#187;font_family:Montserrat%3Aregular%2C700|font_style:700%20bold%20regular%3A700%3Anormal&#187; el_class=&#187;border_base_color&#187; css=&#187;.vc_custom_1603461348101{margin-top: -5px !important;margin-bottom: -22px !important;border-top-width: 3px !important;padding-top: 0px !important;padding-bottom: 10px !important;border-top-style: solid !important;}&#187;][vc_row_inner][vc_column_inner width=&#187;1\/2&#8243; css=&#187;.vc_custom_1485495966997{margin-bottom: 5px !important;}&#187;][stm_contacts_widget style=&#187;style_4&#8243; address=&#187;\u0130n\u00f6n\u00fc Caddesi No:672 D:13<br \/>\n\u0130ZM\u0130R\/T\u00dcRK\u0130YE&#187; phone=&#187;+90 532 276 4277&#8243; phone_two=&#187;+90 532 276 4277&#8243;][\/vc_column_inner][vc_column_inner width=&#187;1\/2&#8243; css=&#187;.vc_custom_1485495976629{margin-bottom: 5px !important;}&#187;][stm_contacts_widget style=&#187;style_4&#8243; facebook=&#187;#&#187; twitter=&#187;#&#187; linkedin=&#187;#&#187; google_plus=&#187;#&#187; skype=&#187;#&#187; schedule=&#187;\u041f\u043e\u043d\u0435\u0434\u0435\u043b\u044c\u043d\u0438\u043a &#8212; \u0441\u0443\u0431\u0431\u043e\u0442\u0430: 08:00 &#8212; 18:00<br \/>\n\u0412\u043e\u0441\u043a\u0440\u0435\u0441\u0435\u043d\u044c\u0435: \u0432\u044b\u0445\u043e\u0434\u043d\u043e\u0439&#187; email=&#187;info@karpatov.com&#187;][\/vc_column_inner][\/vc_row_inner][vc_row_inner css=&#187;.vc_custom_1485437972924{margin-bottom: 30px !important;}&#187;][vc_column_inner width=&#187;1\/3&#8243; css=&#187;.vc_custom_1485495786512{margin-bottom: 20px !important;}&#187;][vc_single_image image=&#187;8770&#8243; img_size=&#187;full&#187;][vc_custom_heading stripe_pos=&#187;hide&#187; text=&#187;\u0413\u0435\u043d\u0435\u0440\u0430\u043b\u044c\u043d\u044b\u0439 \u0434\u0438\u0440\u0435\u043a\u0442\u043e\u0440&#187; font_container=&#187;tag:h3|font_size:20px|text_align:left|color:%23222222|line_height:45px&#187; google_fonts=&#187;font_family:Montserrat%3Aregular%2C700|font_style:700%20bold%20regular%3A700%3Anormal&#187; el_class=&#187;border_base_color&#187; css=&#187;.vc_custom_1603461408704{margin-top: -7px !important;margin-bottom: -22px !important;border-top-width: 3px !important;padding-top: 0px !important;padding-bottom: 16px !important;border-top-style: solid !important;}&#187;][vc_column_text]<\/p>\n<h5 class=\"\">TU\u011eRUL G\u00dcRI\u015e<\/h5>\n<div class=\"stm_contact_row\"><i class=\"fa fa-phone\"><\/i>Tel:(+90) 532 276 4277<\/div>\n<div class=\"stm_contact_row\"><i class=\"fa fa-envelope\"><\/i><a href=\"mailto:tugrul@karpatov.com\">tugrul@karpatov.com<\/a><\/div>\n<p>[\/vc_column_text][\/vc_column_inner][vc_column_inner width=&#187;1\/3&#8243; css=&#187;.vc_custom_1485495781846{margin-bottom: 20px !important;}&#187;][vc_single_image image=&#187;8776&#8243; img_size=&#187;full&#187;][vc_custom_heading stripe_pos=&#187;hide&#187; text=&#187;\u041e\u0442\u0434\u0435\u043b\u0435\u043d\u0438\u044f \u0420\u043e\u0441\u0441\u0438\u0439\u0441\u043a\u043e\u0439 \u0424\u0435\u0434\u0435\u0440\u0430\u0446\u0438\u0438&#187; font_container=&#187;tag:h3|font_size:20px|text_align:left|color:%23222222|line_height:45px&#187; google_fonts=&#187;font_family:Montserrat%3Aregular%2C700|font_style:700%20bold%20regular%3A700%3Anormal&#187; el_class=&#187;border_base_color&#187; css=&#187;.vc_custom_1730364489780{margin-top: -7px !important;margin-bottom: -22px !important;border-top-width: 3px !important;padding-top: 0px !important;padding-bottom: 16px !important;border-top-style: solid !important;}&#187;][vc_column_text]<\/p>\n<h5 class=\"\">\u0410\u041d\u0414\u0420\u0415\u0419 \u0410\u041b\u042c\u041c\u0415\u041a\u0410\u0415\u0412<\/h5>\n<div class=\"stm_contact_job\">OOO &#171;\u0418\u041d\u0422\u0410&#187;<br \/>\n\u0415\u043a\u0430\u0442\u0435\u0440\u0438\u043d\u0431\u0443\u0440\u0433\/\u0420\u043e\u0441\u0441\u0438\u044f<\/div>\n<div class=\"stm_contact_row\"><i class=\"fa fa-phone\"><\/i>Tel:+7 (912) 653 28 80<\/div>\n<div class=\"stm_contact_row\"><i class=\"fa fa-envelope\"><\/i><a href=\"mailto:andrey@karpatov.com\">andrey@karpatov.com<\/a><\/div>\n<p>[\/vc_column_text][\/vc_column_inner][\/vc_row_inner][vc_row_inner css=&#187;.vc_custom_1485437972924{margin-bottom: 30px !important;}&#187;][vc_column_inner width=&#187;1\/3&#8243; css=&#187;.vc_custom_1485495781846{margin-bottom: 20px !important;}&#187;][\/vc_column_inner][vc_column_inner width=&#187;1\/3&#8243;][\/vc_column_inner][\/vc_row_inner][\/vc_column][vc_column css=&#187;.vc_custom_1485496553792{padding-top: 20px !important;padding-bottom: 40px !important;background-color: #f2f2f2 !important;}&#187; offset=&#187;vc_col-lg-4&#8243; el_class=&#187;form_full-right_width&#187;][vc_custom_heading text=&#187;\u0424\u043e\u0440\u043c\u0430 \u043e\u0431\u0440\u0430\u0442\u043d\u043e\u0439 \u0441\u0432\u044f\u0437\u0438&#187; font_container=&#187;tag:h4|text_align:left&#187; google_fonts=&#187;font_family:Montserrat%3Aregular%2C700|font_style:700%20bold%20regular%3A700%3Anormal&#187;]\n<div class=\"wpcf7 no-js\" id=\"wpcf7-f8326-o1\" lang=\"en-US\" dir=\"ltr\" data-wpcf7-id=\"8326\">\n<div class=\"screen-reader-response\"><p role=\"status\" aria-live=\"polite\" aria-atomic=\"true\"><\/p> <ul><\/ul><\/div>\n<form action=\"\/ru\/wp-json\/wp\/v2\/pages\/7619#wpcf7-f8326-o1\" method=\"post\" class=\"wpcf7-form init\" aria-label=\"Contact form\" novalidate=\"novalidate\" data-status=\"init\">\n<fieldset class=\"hidden-fields-container\"><input type=\"hidden\" name=\"_wpcf7\" value=\"8326\" \/><input type=\"hidden\" name=\"_wpcf7_version\" value=\"6.1.4\" \/><input type=\"hidden\" name=\"_wpcf7_locale\" value=\"en_US\" \/><input type=\"hidden\" name=\"_wpcf7_unit_tag\" value=\"wpcf7-f8326-o1\" \/><input type=\"hidden\" name=\"_wpcf7_container_post\" value=\"0\" \/><input type=\"hidden\" name=\"_wpcf7_posted_data_hash\" value=\"\" \/>\n<\/fieldset>\n<div class=\"request_callback\">\n\t<div class=\"input-group\">\n\t\t<p><span class=\"wpcf7-form-control-wrap\" data-name=\"message\"><textarea cols=\"40\" rows=\"10\" maxlength=\"2000\" class=\"wpcf7-form-control wpcf7-textarea wpcf7-validates-as-required height147\" aria-required=\"true\" aria-invalid=\"false\" placeholder=\"\u0421\u043e\u043e\u0431\u0449\u0435\u043d\u0438\u0435 *\" name=\"message\"><\/textarea><\/span>\n\t\t<\/p>\n\t<\/div>\n\t<div class=\"input-group\">\n\t\t<p><span class=\"wpcf7-form-control-wrap\" data-name=\"text-name\"><input size=\"40\" maxlength=\"400\" class=\"wpcf7-form-control wpcf7-text wpcf7-validates-as-required\" aria-required=\"true\" aria-invalid=\"false\" placeholder=\"\u0418\u043c\u044f-\u0444\u0430\u043c\u0438\u043b\u0438\u044f *\" value=\"\" type=\"text\" name=\"text-name\" \/><\/span>\n\t\t<\/p>\n\t<\/div>\n\t<div class=\"input-group\">\n\t\t<p><span class=\"wpcf7-form-control-wrap\" data-name=\"email\"><input size=\"40\" maxlength=\"400\" class=\"wpcf7-form-control wpcf7-email wpcf7-validates-as-required wpcf7-text wpcf7-validates-as-email\" aria-required=\"true\" aria-invalid=\"false\" placeholder=\"\u042d\u043b. \u041f\u043e\u0447\u0442\u0430 *\" value=\"\" type=\"email\" name=\"email\" \/><\/span>\n\t\t<\/p>\n\t<\/div>\n\t<div class=\"input-group\">\n\t\t<p><span class=\"wpcf7-form-control-wrap\" data-name=\"subject\"><input size=\"40\" maxlength=\"400\" class=\"wpcf7-form-control wpcf7-text wpcf7-validates-as-required\" aria-required=\"true\" aria-invalid=\"false\" placeholder=\"\u0422\u0435\u043c\u0430 *\" value=\"\" type=\"text\" name=\"subject\" \/><\/span>\n\t\t<\/p>\n\t<\/div>\n\t<div class=\"input-group\">\n\t\t<p><button type=\"submit\" class=\"button size-lg icon_right\">\u041e\u0442\u043f\u0440\u0430\u0432\u0438\u0442\u044c <i class=\"fa fa-chevron-right\"><\/i><\/button>\n\t\t<\/p>\n\t<\/div>\n<\/div><div class=\"wpcf7-response-output\" aria-hidden=\"true\"><\/div>\n<\/form>\n<\/div>\n[\/vc_column][\/vc_row]<\/p>\n","protected":false},"excerpt":{"rendered":"<p>[vc_row full_height=&#187;yes&#187; columns_placement=&#187;top&#187; equal_height=&#187;yes&#187;][vc_column offset=&#187;vc_col-lg-8&#8243; css=&#187;.vc_custom_1485439524000{padding-top: 58px !important;}&#187;][vc_custom_heading text=&#187;\u041a\u043e\u043d\u0442\u0430\u043a\u0442\u043d\u0430\u044f \u0438\u043d\u0444\u043e\u0440\u043c\u0430\u0446\u0438\u044f&#187; google_fonts=&#187;font_family:Montserrat%3Aregular%2C700|font_style:700%20bold%20regular%3A700%3Anormal&#187; css=&#187;.vc_custom_1605513727153{margin-bottom: 51px !important;}&#187;][vc_column_text css=&#187;.vc_custom_1603461317744{margin-bottom: 30px !important;}&#187;]\u0412\u044b \u043c\u043e\u0436\u0435\u0442\u0435 \u0441\u0432\u044f\u0437\u0430\u0442\u044c\u0441\u044f \u0441 \u043d\u0430\u043c\u0438 24\/7 \u0447\u0435\u0440\u0435\u0437 \u043a\u043e\u043d\u0442\u0430\u043a\u0442\u043d\u0443\u044e \u0444\u043e\u0440\u043c\u0443.[\/vc_column_text][vc_custom_heading stripe_pos=&#187;hide&#187; text=&#187;\u0426\u0435\u043d\u0442\u0440\u0430\u043b\u044c\u043d\u044b\u0439 \u043e\u0444\u0438\u0441&#187; font_container=&#187;tag:h3|font_size:20px|text_align:left|color:%23222222|line_height:45px&#187; google_fonts=&#187;font_family:Montserrat%3Aregular%2C700|font_style:700%20bold%20regular%3A700%3Anormal&#187; el_class=&#187;border_base_color&#187; css=&#187;.vc_custom_1603461348101{margin-top: -5px !important;margin-bottom: -22px !important;border-top-width: 3px !important;padding-top: 0px !important;padding-bottom: 10px !important;border-top-style: solid !important;}&#187;][vc_row_inner][vc_column_inner width=&#187;1\/2&#8243; css=&#187;.vc_custom_1485495966997{margin-bottom: 5px !important;}&#187;][stm_contacts_widget style=&#187;style_4&#8243; address=&#187;\u0130n\u00f6n\u00fc Caddesi No:672 D:13 \u0130ZM\u0130R\/T\u00dcRK\u0130YE&#187; phone=&#187;+90<\/p>\n","protected":false},"author":1,"featured_media":0,"parent":0,"menu_order":0,"comment_status":"closed","ping_status":"closed","template":"","meta":{"footnotes":""},"class_list":["post-7619","page","type-page","status-publish","hentry"],"yoast_head":"<!-- This site is optimized with the Yoast SEO Premium plugin v14.9 - https:\/\/yoast.com\/wordpress\/plugins\/seo\/ -->\n<title>\u041a\u043e\u043d\u0442\u0430\u043a\u0442 - Karpatov Technology<\/title>\n<meta name=\"robots\" content=\"index, follow, max-snippet:-1, max-image-preview:large, max-video-preview:-1\" \/>\n<link rel=\"canonical\" href=\"https:\/\/www.karpatov.com\/ru\/iletisim\/\" \/>\n<meta property=\"og:locale\" content=\"ru_RU\" \/>\n<meta property=\"og:type\" content=\"article\" \/>\n<meta property=\"og:title\" content=\"\u041a\u043e\u043d\u0442\u0430\u043a\u0442 - Karpatov Technology\" \/>\n<meta property=\"og:description\" content=\"[vc_row full_height=&#187;yes&#187; columns_placement=&#187;top&#187; equal_height=&#187;yes&#187;][vc_column offset=&#187;vc_col-lg-8&#8243; css=&#187;.vc_custom_1485439524000{padding-top: 58px !important;}&#187;][vc_custom_heading text=&#187;\u041a\u043e\u043d\u0442\u0430\u043a\u0442\u043d\u0430\u044f \u0438\u043d\u0444\u043e\u0440\u043c\u0430\u0446\u0438\u044f&#187; google_fonts=&#187;font_family:Montserrat%3Aregular%2C700|font_style:700%20bold%20regular%3A700%3Anormal&#187; css=&#187;.vc_custom_1605513727153{margin-bottom: 51px !important;}&#187;][vc_column_text css=&#187;.vc_custom_1603461317744{margin-bottom: 30px !important;}&#187;]\u0412\u044b \u043c\u043e\u0436\u0435\u0442\u0435 \u0441\u0432\u044f\u0437\u0430\u0442\u044c\u0441\u044f \u0441 \u043d\u0430\u043c\u0438 24\/7 \u0447\u0435\u0440\u0435\u0437 \u043a\u043e\u043d\u0442\u0430\u043a\u0442\u043d\u0443\u044e \u0444\u043e\u0440\u043c\u0443.[\/vc_column_text][vc_custom_heading stripe_pos=&#187;hide&#187; text=&#187;\u0426\u0435\u043d\u0442\u0440\u0430\u043b\u044c\u043d\u044b\u0439 \u043e\u0444\u0438\u0441&#187; font_container=&#187;tag:h3|font_size:20px|text_align:left|color:%23222222|line_height:45px&#187; google_fonts=&#187;font_family:Montserrat%3Aregular%2C700|font_style:700%20bold%20regular%3A700%3Anormal&#187; el_class=&#187;border_base_color&#187; css=&#187;.vc_custom_1603461348101{margin-top: -5px !important;margin-bottom: -22px !important;border-top-width: 3px !important;padding-top: 0px !important;padding-bottom: 10px !important;border-top-style: solid !important;}&#187;][vc_row_inner][vc_column_inner width=&#187;1\/2&#8243; css=&#187;.vc_custom_1485495966997{margin-bottom: 5px !important;}&#187;][stm_contacts_widget style=&#187;style_4&#8243; address=&#187;\u0130n\u00f6n\u00fc Caddesi No:672 D:13 \u0130ZM\u0130R\/T\u00dcRK\u0130YE&#187; phone=&#187;+90\" \/>\n<meta property=\"og:url\" content=\"https:\/\/www.karpatov.com\/ru\/iletisim\/\" \/>\n<meta property=\"og:site_name\" content=\"Karpatov Technology\" \/>\n<meta property=\"article:modified_time\" content=\"2026-02-28T10:56:20+00:00\" \/>\n<meta name=\"twitter:card\" content=\"summary_large_image\" \/>\n<script type=\"application\/ld+json\" class=\"yoast-schema-graph\">{\"@context\":\"https:\/\/schema.org\",\"@graph\":[{\"@type\":\"WebSite\",\"@id\":\"https:\/\/www.karpatov.com\/ru\/#website\",\"url\":\"https:\/\/www.karpatov.com\/ru\/\",\"name\":\"Karpatov Technology\",\"description\":\"Karpatov Teknoloji\",\"potentialAction\":[{\"@type\":\"SearchAction\",\"target\":\"https:\/\/www.karpatov.com\/ru\/?s={search_term_string}\",\"query-input\":\"required name=search_term_string\"}],\"inLanguage\":\"ru-RU\"},{\"@type\":\"WebPage\",\"@id\":\"https:\/\/www.karpatov.com\/ru\/iletisim\/#webpage\",\"url\":\"https:\/\/www.karpatov.com\/ru\/iletisim\/\",\"name\":\"\\u041a\\u043e\\u043d\\u0442\\u0430\\u043a\\u0442 - Karpatov Technology\",\"isPartOf\":{\"@id\":\"https:\/\/www.karpatov.com\/ru\/#website\"},\"datePublished\":\"2017-02-08T06:59:59+00:00\",\"dateModified\":\"2026-02-28T10:56:20+00:00\",\"inLanguage\":\"ru-RU\",\"potentialAction\":[{\"@type\":\"ReadAction\",\"target\":[\"https:\/\/www.karpatov.com\/ru\/iletisim\/\"]}]}]}<\/script>\n<!-- \/ Yoast SEO Premium plugin. -->","_links":{"self":[{"href":"https:\/\/www.karpatov.com\/ru\/wp-json\/wp\/v2\/pages\/7619","targetHints":{"allow":["GET"]}}],"collection":[{"href":"https:\/\/www.karpatov.com\/ru\/wp-json\/wp\/v2\/pages"}],"about":[{"href":"https:\/\/www.karpatov.com\/ru\/wp-json\/wp\/v2\/types\/page"}],"author":[{"embeddable":true,"href":"https:\/\/www.karpatov.com\/ru\/wp-json\/wp\/v2\/users\/1"}],"replies":[{"embeddable":true,"href":"https:\/\/www.karpatov.com\/ru\/wp-json\/wp\/v2\/comments?post=7619"}],"version-history":[{"count":22,"href":"https:\/\/www.karpatov.com\/ru\/wp-json\/wp\/v2\/pages\/7619\/revisions"}],"predecessor-version":[{"id":9031,"href":"https:\/\/www.karpatov.com\/ru\/wp-json\/wp\/v2\/pages\/7619\/revisions\/9031"}],"wp:attachment":[{"href":"https:\/\/www.karpatov.com\/ru\/wp-json\/wp\/v2\/media?parent=7619"}],"curies":[{"name":"wp","href":"https:\/\/api.w.org\/{rel}","templated":true}]}}