{"id":7710,"date":"2020-07-17T15:22:46","date_gmt":"2020-07-17T12:22:46","guid":{"rendered":"http:\/\/karpatov.com\/yumurta-tavukculugu\/"},"modified":"2020-10-28T09:44:53","modified_gmt":"2020-10-28T06:44:53","slug":"yumurta-tavukculugu","status":"publish","type":"page","link":"https:\/\/www.karpatov.com\/es\/yumurta-tavukculugu\/","title":{"rendered":"Crianza de gallinas ponedoras"},"content":{"rendered":"<p>[vc_row css=\u00bb.vc_custom_1452687555475{margin-bottom: 100px !important;}\u00bb][vc_column offset=\u00bbvc_col-lg-9 vc_col-md-9&#8243;][vc_custom_heading source=\u00bbpost_title\u00bb use_theme_fonts=\u00bbyes\u00bb css=\u00bb.vc_custom_1596526677937{margin-bottom: 30px !important;}\u00bb][vc_row_inner css=\u00bb.vc_custom_1453271494452{margin-bottom: 50px !important;}\u00bb][vc_column_inner][vc_single_image source=\u00bbfeatured_image\u00bb img_size=\u00bbfull\u00bb][\/vc_column_inner][\/vc_row_inner][vc_separator color=\u00bbcustom\u00bb accent_color=\u00bb#dddddd\u00bb css=\u00bb.vc_custom_1453271595991{margin-bottom: 21px !important;}\u00bb][vc_row_inner css=\u00bb.vc_custom_1453271763899{margin-bottom: 33px !important;}\u00bb][vc_column_inner width=\u00bb1\/4&#8243; css=\u00bb.vc_custom_1453272656287{padding-right: 45px !important;}\u00bb][vc_custom_heading text=\u00bbDISE\u00d1O Y CONSULTACI\u00d3N DE PROYECTOS\u00bb font_container=\u00bbtag:h3|font_size:24px|text_align:right|color:%23222222|line_height:30px\u00bb use_theme_fonts=\u00bbyes\u00bb css_animation=\u00bbfadeInUp\u00bb][\/vc_column_inner][vc_column_inner width=\u00bb3\/4&#8243; css=\u00bb.vc_custom_1453271259318{padding-top: 18px !important;}\u00bb][vc_column_text css_animation=\u00bbnone\u00bb]Avicultura de puesta es una actividad reproductora muy importante en t\u00e9rminos de la producci\u00f3n de huevo, que es un excelente alimento en la nutrici\u00f3n humana. Porque, despu\u00e9s de la leche materna, el huevo es la \u00fanica fuente de alimento que contiene todos los nutrientes que el ser humano necesita. El huevo contiene la prote\u00edna m\u00e1s valiosa entre todos los alimentos. El huevo contiene principalmente vitaminas del grupo A, D, E y B y cantidades significativas de otras vitaminas tambi\u00e9n.<\/p>\n<p>El Equipo de Viabilidad de la Tecnolog\u00eda de Avicultura, que fue establecido para determinar todas las necesidades de infraestructura y factores ambientales necesarios para la producci\u00f3n de huevos, examina la instalaci\u00f3n de nuestro valioso cliente en el lugar y prepara el informe de viabilidad.[\/vc_column_text][\/vc_column_inner][\/vc_row_inner][vc_separator color=\u00bbcustom\u00bb accent_color=\u00bb#dddddd\u00bb css=\u00bb.vc_custom_1453271595991{margin-bottom: 21px !important;}\u00bb][vc_row_inner css=\u00bb.vc_custom_1453272927441{margin-bottom: 33px !important;}\u00bb][vc_column_inner width=\u00bb1\/4&#8243; css=\u00bb.vc_custom_1453270747989{padding-right: 45px !important;}\u00bb][vc_custom_heading text=\u00bbCONSTRUCCI\u00d3N DE PROYECTOS LLAVE EN MANO\u00bb font_container=\u00bbtag:h3|font_size:24px|text_align:right|color:%23222222|line_height:30px\u00bb use_theme_fonts=\u00bbyes\u00bb css_animation=\u00bbfadeInUp\u00bb][\/vc_column_inner][vc_column_inner width=\u00bb3\/4&#8243; css=\u00bb.vc_custom_1453271259318{padding-top: 18px !important;}\u00bb][vc_column_text]Para satisfacer las necesidades y expectativas de nuestros clientes al m\u00e1s alto nivel, los an\u00e1lisis realizados por nuestro equipo de viabilidad se presentan a nuestros dise\u00f1adores. Todas nuestras jaulas de pollo y jaulas de pollitos est\u00e1n dise\u00f1adas de acuerdo con el espacio y las necesidades de nuestros clientes.<\/p>\n<p>Las instalaciones de jaulas son llevadas a cabo por equipos de instalaci\u00f3n expertos que trabajan en nuestra empresa asociada. Despu\u00e9s de realizar la instalaci\u00f3n de la jaula, le dan informaci\u00f3n al personal de la granja av\u00edcola sobre todos los detalles del sistema operativo .<\/p>\n<p>El montaje de la jaula, servicio y mantenimiento post-venta de nuestras jaulas que vendemos son realizados por nuestro Departamento T\u00e9cnico profesional.[\/vc_column_text][\/vc_column_inner][\/vc_row_inner][vc_separator color=\u00bbcustom\u00bb accent_color=\u00bb#dddddd\u00bb css=\u00bb.vc_custom_1453271595991{margin-bottom: 21px !important;}\u00bb][vc_row_inner][vc_column_inner width=\u00bb1\/4&#8243; css=\u00bb.vc_custom_1453270747989{padding-right: 45px !important;}\u00bb][vc_custom_heading text=\u00bbSISTEMAS DE JAULAS MODERNOS\u00bb font_container=\u00bbtag:h3|font_size:24px|text_align:right|color:%23222222|line_height:30px\u00bb use_theme_fonts=\u00bbyes\u00bb][\/vc_column_inner][vc_column_inner width=\u00bb3\/4&#8243; css=\u00bb.vc_custom_1453271259318{padding-top: 18px !important;}\u00bb][vc_single_image image=\u00bb6696&#8243; img_size=\u00bbfull\u00bb alignment=\u00bbcenter\u00bb style=\u00bbvc_box_rounded\u00bb][vc_column_text]<\/p>\n<ul>\n<li>JAULAS PARA GALLINAS PONEDORAS<\/li>\n<li>JAULAS PARA CRIAR POLL\u0130TOS<\/li>\n<li>JAULAS PARA POLLOS DE ENGORDES<\/li>\n<\/ul>\n<p>&nbsp;<\/p>\n<p>Los componentes principales de los sistemas de jaula consisten en chapa galvanizada y material de alambre galvanizado. Estas chapas galvanizadas y los alambres utilizados en la construcci\u00f3n de nuestras jaulas y en las secciones de la jaula est\u00e1n certificados ISO 9001; los recubrimientos superficiales de las chapas y alambres utilizados son de altos est\u00e1ndares.<\/p>\n<p>El sistema de jaulas est\u00e1 dise\u00f1ado para no verse afectado por los movimientos del suelo. En la construcci\u00f3n principal del sistema de jaula, hay una pata de jaula cada 60 cm y hay asideros de suela ancha colocados debajo de estas patas. De esta manera, el sistema, que obtiene la m\u00e1xima resistencia, se puede instalar sin problemas hasta 8 plantas sin plataforma y hasta 12 plantas con una plataforma.<\/p>\n<p>&nbsp;<\/p>\n<p><strong>LOS SISTEMAS DE JAULAS CONSISTEN EN ESTOS COMPONENTES<\/strong><\/p>\n<ul>\n<li>Compartimientos de Jaula<\/li>\n<li>Sistema de Alimentaci\u00f3n<\/li>\n<li>Sistema de Agua Potable<\/li>\n<li>Sistema de Entrega de Fertilizantes<\/li>\n<li>Sistema Autom\u00e1tico de Recogida de Huevos<\/li>\n<li>Sistema de Distribuci\u00f3n y Stock de los Alimentos<\/li>\n<li>Aire Acondicionado Totalmente Autom\u00e1tico<\/li>\n<li>Sistema de Calefacci\u00f3n (para pollo de engorde y pollito)<\/li>\n<li>Sistema de Iluminaci\u00f3n<\/li>\n<\/ul>\n<p>[\/vc_column_text][vc_empty_space][\/vc_column_inner][\/vc_row_inner][vc_separator color=\u00bbcustom\u00bb accent_color=\u00bb#dddddd\u00bb css=\u00bb.vc_custom_1453271595991{margin-bottom: 21px !important;}\u00bb][vc_row_inner][vc_column_inner width=\u00bb1\/4&#8243; css=\u00bb.vc_custom_1453270747989{padding-right: 45px !important;}\u00bb][vc_custom_heading text=\u00bbSERVICIOS VETERINARIOS \u00bb font_container=\u00bbtag:h3|font_size:24px|text_align:right|color:%23222222|line_height:30px\u00bb use_theme_fonts=\u00bbyes\u00bb][\/vc_column_inner][vc_column_inner width=\u00bb3\/4&#8243; css=\u00bb.vc_custom_1453271259318{padding-top: 18px !important;}\u00bb][vc_single_image image=\u00bb7404&#8243; img_size=\u00bbfull\u00bb alignment=\u00bbcenter\u00bb style=\u00bbvc_box_rounded\u00bb][vc_column_text]Suministro de todo tipo de consultor\u00eda, zoot\u00e9cnicos y veterinarios para su negocioicos y veterinarios para su negocio.[\/vc_column_text][vc_empty_space][\/vc_column_inner][\/vc_row_inner][\/vc_column][vc_column width=\u00bb1\/4&#8243; offset=\u00bbvc_hidden-sm vc_hidden-xs\u00bb][stm_sidebar sidebar=\u00bb311&#8243;][\/vc_column][\/vc_row]<\/p>\n","protected":false},"excerpt":{"rendered":"<p>[vc_row css=\u00bb.vc_custom_1452687555475{margin-bottom: 100px !important;}\u00bb][vc_column offset=\u00bbvc_col-lg-9 vc_col-md-9&#8243;][vc_custom_heading source=\u00bbpost_title\u00bb use_theme_fonts=\u00bbyes\u00bb css=\u00bb.vc_custom_1596526677937{margin-bottom: 30px !important;}\u00bb][vc_row_inner css=\u00bb.vc_custom_1453271494452{margin-bottom: 50px !important;}\u00bb][vc_column_inner][vc_single_image source=\u00bbfeatured_image\u00bb img_size=\u00bbfull\u00bb][\/vc_column_inner][\/vc_row_inner][vc_separator color=\u00bbcustom\u00bb accent_color=\u00bb#dddddd\u00bb css=\u00bb.vc_custom_1453271595991{margin-bottom: 21px !important;}\u00bb][vc_row_inner css=\u00bb.vc_custom_1453271763899{margin-bottom: 33px !important;}\u00bb][vc_column_inner width=\u00bb1\/4&#8243; css=\u00bb.vc_custom_1453272656287{padding-right: 45px !important;}\u00bb][vc_custom_heading text=\u00bbDISE\u00d1O Y CONSULTACI\u00d3N DE PROYECTOS\u00bb font_container=\u00bbtag:h3|font_size:24px|text_align:right|color:%23222222|line_height:30px\u00bb use_theme_fonts=\u00bbyes\u00bb css_animation=\u00bbfadeInUp\u00bb][\/vc_column_inner][vc_column_inner width=\u00bb3\/4&#8243; css=\u00bb.vc_custom_1453271259318{padding-top: 18px !important;}\u00bb][vc_column_text css_animation=\u00bbnone\u00bb]Avicultura de puesta es una actividad reproductora muy importante en t\u00e9rminos de la producci\u00f3n de<\/p>\n","protected":false},"author":1,"featured_media":7386,"parent":0,"menu_order":0,"comment_status":"closed","ping_status":"closed","template":"","meta":{"footnotes":""},"class_list":["post-7710","page","type-page","status-publish","has-post-thumbnail","hentry"],"yoast_head":"<!-- This site is optimized with the Yoast SEO Premium plugin v14.9 - https:\/\/yoast.com\/wordpress\/plugins\/seo\/ -->\n<title>Crianza de gallinas ponedoras - Karpatov Technology<\/title>\n<meta name=\"robots\" content=\"index, follow, max-snippet:-1, max-image-preview:large, max-video-preview:-1\" \/>\n<link rel=\"canonical\" href=\"https:\/\/www.karpatov.com\/es\/yumurta-tavukculugu\/\" \/>\n<meta property=\"og:locale\" content=\"es_ES\" \/>\n<meta property=\"og:type\" content=\"article\" \/>\n<meta property=\"og:title\" content=\"Crianza de gallinas ponedoras - Karpatov Technology\" \/>\n<meta property=\"og:description\" content=\"[vc_row css=\u00bb.vc_custom_1452687555475{margin-bottom: 100px !important;}\u00bb][vc_column offset=\u00bbvc_col-lg-9 vc_col-md-9&#8243;][vc_custom_heading source=\u00bbpost_title\u00bb use_theme_fonts=\u00bbyes\u00bb css=\u00bb.vc_custom_1596526677937{margin-bottom: 30px !important;}\u00bb][vc_row_inner css=\u00bb.vc_custom_1453271494452{margin-bottom: 50px !important;}\u00bb][vc_column_inner][vc_single_image source=\u00bbfeatured_image\u00bb img_size=\u00bbfull\u00bb][\/vc_column_inner][\/vc_row_inner][vc_separator color=\u00bbcustom\u00bb accent_color=\u00bb#dddddd\u00bb css=\u00bb.vc_custom_1453271595991{margin-bottom: 21px !important;}\u00bb][vc_row_inner css=\u00bb.vc_custom_1453271763899{margin-bottom: 33px !important;}\u00bb][vc_column_inner width=\u00bb1\/4&#8243; css=\u00bb.vc_custom_1453272656287{padding-right: 45px !important;}\u00bb][vc_custom_heading text=\u00bbDISE\u00d1O Y CONSULTACI\u00d3N DE PROYECTOS\u00bb font_container=\u00bbtag:h3|font_size:24px|text_align:right|color:%23222222|line_height:30px\u00bb use_theme_fonts=\u00bbyes\u00bb css_animation=\u00bbfadeInUp\u00bb][\/vc_column_inner][vc_column_inner width=\u00bb3\/4&#8243; css=\u00bb.vc_custom_1453271259318{padding-top: 18px !important;}\u00bb][vc_column_text css_animation=\u00bbnone\u00bb]Avicultura de puesta es una actividad reproductora muy importante en t\u00e9rminos de la producci\u00f3n de\" \/>\n<meta property=\"og:url\" content=\"https:\/\/www.karpatov.com\/es\/yumurta-tavukculugu\/\" \/>\n<meta property=\"og:site_name\" content=\"Karpatov Technology\" \/>\n<meta property=\"article:modified_time\" content=\"2020-10-28T06:44:53+00:00\" \/>\n<meta property=\"og:image\" content=\"https:\/\/www.karpatov.com\/wp-content\/uploads\/2020\/09\/yumurta-tavukc\u0327ulug\u0306u.jpg\" \/>\n\t<meta property=\"og:image:width\" content=\"1650\" \/>\n\t<meta property=\"og:image:height\" content=\"930\" \/>\n<meta name=\"twitter:card\" content=\"summary_large_image\" \/>\n<script type=\"application\/ld+json\" class=\"yoast-schema-graph\">{\"@context\":\"https:\/\/schema.org\",\"@graph\":[{\"@type\":\"WebSite\",\"@id\":\"https:\/\/www.karpatov.com\/es\/#website\",\"url\":\"https:\/\/www.karpatov.com\/es\/\",\"name\":\"Karpatov Technology\",\"description\":\"Karpatov Teknoloji\",\"potentialAction\":[{\"@type\":\"SearchAction\",\"target\":\"https:\/\/www.karpatov.com\/es\/?s={search_term_string}\",\"query-input\":\"required name=search_term_string\"}],\"inLanguage\":\"es\"},{\"@type\":\"ImageObject\",\"@id\":\"https:\/\/www.karpatov.com\/es\/yumurta-tavukculugu\/#primaryimage\",\"inLanguage\":\"es\",\"url\":\"https:\/\/www.karpatov.com\/wp-content\/uploads\/2020\/09\/yumurta-tavukc\\u0327ulug\\u0306u.jpg\",\"width\":1650,\"height\":930},{\"@type\":\"WebPage\",\"@id\":\"https:\/\/www.karpatov.com\/es\/yumurta-tavukculugu\/#webpage\",\"url\":\"https:\/\/www.karpatov.com\/es\/yumurta-tavukculugu\/\",\"name\":\"Crianza de gallinas ponedoras - Karpatov Technology\",\"isPartOf\":{\"@id\":\"https:\/\/www.karpatov.com\/es\/#website\"},\"primaryImageOfPage\":{\"@id\":\"https:\/\/www.karpatov.com\/es\/yumurta-tavukculugu\/#primaryimage\"},\"datePublished\":\"2020-07-17T12:22:46+00:00\",\"dateModified\":\"2020-10-28T06:44:53+00:00\",\"inLanguage\":\"es\",\"potentialAction\":[{\"@type\":\"ReadAction\",\"target\":[\"https:\/\/www.karpatov.com\/es\/yumurta-tavukculugu\/\"]}]}]}<\/script>\n<!-- \/ Yoast SEO Premium plugin. -->","_links":{"self":[{"href":"https:\/\/www.karpatov.com\/es\/wp-json\/wp\/v2\/pages\/7710","targetHints":{"allow":["GET"]}}],"collection":[{"href":"https:\/\/www.karpatov.com\/es\/wp-json\/wp\/v2\/pages"}],"about":[{"href":"https:\/\/www.karpatov.com\/es\/wp-json\/wp\/v2\/types\/page"}],"author":[{"embeddable":true,"href":"https:\/\/www.karpatov.com\/es\/wp-json\/wp\/v2\/users\/1"}],"replies":[{"embeddable":true,"href":"https:\/\/www.karpatov.com\/es\/wp-json\/wp\/v2\/comments?post=7710"}],"version-history":[{"count":2,"href":"https:\/\/www.karpatov.com\/es\/wp-json\/wp\/v2\/pages\/7710\/revisions"}],"predecessor-version":[{"id":8431,"href":"https:\/\/www.karpatov.com\/es\/wp-json\/wp\/v2\/pages\/7710\/revisions\/8431"}],"wp:featuredmedia":[{"embeddable":true,"href":"https:\/\/www.karpatov.com\/es\/wp-json\/wp\/v2\/media\/7386"}],"wp:attachment":[{"href":"https:\/\/www.karpatov.com\/es\/wp-json\/wp\/v2\/media?parent=7710"}],"curies":[{"name":"wp","href":"https:\/\/api.w.org\/{rel}","templated":true}]}}