{"id":7687,"date":"2020-07-17T15:38:18","date_gmt":"2020-07-17T12:38:18","guid":{"rendered":"http:\/\/karpatov.com\/sut-isleme-tesisleri\/"},"modified":"2020-10-28T09:59:05","modified_gmt":"2020-10-28T06:59:05","slug":"sut-isleme-tesisleri","status":"publish","type":"page","link":"https:\/\/www.karpatov.com\/es\/sut-isleme-tesisleri\/","title":{"rendered":"Plantas de Procesamiento de Leche"},"content":{"rendered":"<p>[vc_row css=\u00bb.vc_custom_1452687555475{margin-bottom: 100px !important;}\u00bb][vc_column offset=\u00bbvc_col-lg-9 vc_col-md-9&#8243;][vc_custom_heading source=\u00bbpost_title\u00bb use_theme_fonts=\u00bbyes\u00bb css=\u00bb.vc_custom_1596533265656{margin-bottom: 30px !important;}\u00bb][vc_row_inner css=\u00bb.vc_custom_1453271494452{margin-bottom: 50px !important;}\u00bb][vc_column_inner][vc_single_image source=\u00bbfeatured_image\u00bb img_size=\u00bbfull\u00bb][\/vc_column_inner][\/vc_row_inner][vc_separator color=\u00bbcustom\u00bb accent_color=\u00bb#dddddd\u00bb css=\u00bb.vc_custom_1453271595991{margin-bottom: 21px !important;}\u00bb][vc_row_inner css=\u00bb.vc_custom_1453271763899{margin-bottom: 33px !important;}\u00bb][vc_column_inner width=\u00bb1\/4&#8243; css=\u00bb.vc_custom_1453272656287{padding-right: 45px !important;}\u00bb][vc_custom_heading text=\u00bbDISE\u00d1O Y CONSULTAR\u00cdA DE PROYECTOS\u00bb font_container=\u00bbtag:h3|font_size:24px|text_align:right|color:%23222222|line_height:30px\u00bb use_theme_fonts=\u00bbyes\u00bb css_animation=\u00bbfadeInUp\u00bb][\/vc_column_inner][vc_column_inner width=\u00bb3\/4&#8243; css=\u00bb.vc_custom_1453271259318{padding-top: 18px !important;}\u00bb][vc_column_text css_animation=\u00bbnone\u00bb]La leche es un alimento que contiene casi todas las sustancias necesarias para el desarrollo, viabilidad y eficiencia del ser vivo en su composici\u00f3n de forma casi completa y equilibrada. La leche de vaca es 86,9% agua, 3,54% de prote\u00edna, 3,92% de grasa, 4,93% de carbohidratos (lactosa), 0,71% sustancias minerales y la parte restante es otras sustancias. Otras sustancias son los gases (ox\u00edgeno, nitr\u00f3geno, di\u00f3xido de carbono), vitaminas y enzimas. Las sustancias minerales se pueden contar como f\u00f3sforo (19%), potasio (18%), calcio (17%), cloro (14%), sodio (10%), magnesio (2%) y hierro (2 por mil).<\/p>\n<p>Estos desempe\u00f1an un papel importante en la formaci\u00f3n de huesos, dientes, sangre y algunas hormonas en el cuerpo, en el sistema nervioso y en las actividades digestivas.<\/p>\n<p>Leche; es un elemento de alimento que puede ser procesada sin estropear su composici\u00f3n y propiedad, o puede ser utilizada para producir leche, queso, yogur y mantequilla pasteurizados diariamente, esterilizados y resistentes, cambiando su composici\u00f3n, concentraci\u00f3n o fermentaci\u00f3n. Seg\u00fan la clasificaci\u00f3n sectorial del Ministerio de Desarrollo, la producci\u00f3n de leche y productos l\u00e1cteos est\u00e1 incluida en la industria manufacturera, dentro del sector alimentario en la subdivisi\u00f3n de leche y productos l\u00e1cteos.[\/vc_column_text][\/vc_column_inner][\/vc_row_inner][vc_separator color=\u00bbcustom\u00bb accent_color=\u00bb#dddddd\u00bb css=\u00bb.vc_custom_1453271595991{margin-bottom: 21px !important;}\u00bb][vc_row_inner css=\u00bb.vc_custom_1453272927441{margin-bottom: 33px !important;}\u00bb][vc_column_inner width=\u00bb1\/4&#8243; css=\u00bb.vc_custom_1453270747989{padding-right: 45px !important;}\u00bb][vc_custom_heading text=\u00bbCONSTRUCCI\u00d3N DE PROYECTOS LLAVE EN MANO\u00bb font_container=\u00bbtag:h3|font_size:24px|text_align:right|color:%23222222|line_height:30px\u00bb use_theme_fonts=\u00bbyes\u00bb css_animation=\u00bbfadeInUp\u00bb][\/vc_column_inner][vc_column_inner width=\u00bb3\/4&#8243; css=\u00bb.vc_custom_1453271259318{padding-top: 18px !important;}\u00bb][vc_single_image image=\u00bb6955&#8243; img_size=\u00bbfull\u00bb alignment=\u00bbcenter\u00bb style=\u00bbvc_box_rounded\u00bb][vc_column_text]Le ofrecemos un servicio completo de ingenier\u00eda y soporte en cada etapa del procesamiento de leche. Ofrecemos una experiencia de cliente \u00fanica, desde la planificaci\u00f3n de su negocio hasta la selecci\u00f3n de m\u00e1quinas, desde la aplicaci\u00f3n hasta el soporte de consumibles.<\/p>\n<p>&nbsp;<\/p>\n<ul>\n<li>Centros de colecci\u00f3n y refrigeraci\u00f3n de leche<\/li>\n<li>Instalaciones de leche embalada pasteurizada<\/li>\n<li>Producci\u00f3n de queso blanco<\/li>\n<li>Producci\u00f3n de quesos derivados de Cheddar, Mozarella, Gouda<\/li>\n<li>Producci\u00f3n de mantequilla y mantequilla clarificada<\/li>\n<li>Producci\u00f3n de yogur<\/li>\n<li>Producci\u00f3n de ayran y k\u00e9fir<\/li>\n<li>Queso de tulum y quesos locales<\/li>\n<li>Producci\u00f3n de tipos de queso fundido<\/li>\n<li>Instalaci\u00f3n de lecher\u00eda en la escala peque\u00f1a<\/li>\n<\/ul>\n<p>[\/vc_column_text][\/vc_column_inner][\/vc_row_inner][\/vc_column][vc_column width=\u00bb1\/4&#8243; offset=\u00bbvc_hidden-sm vc_hidden-xs\u00bb][stm_sidebar sidebar=\u00bb311&#8243;][\/vc_column][\/vc_row]<\/p>\n","protected":false},"excerpt":{"rendered":"<p>[vc_row css=\u00bb.vc_custom_1452687555475{margin-bottom: 100px !important;}\u00bb][vc_column offset=\u00bbvc_col-lg-9 vc_col-md-9&#8243;][vc_custom_heading source=\u00bbpost_title\u00bb use_theme_fonts=\u00bbyes\u00bb css=\u00bb.vc_custom_1596533265656{margin-bottom: 30px !important;}\u00bb][vc_row_inner css=\u00bb.vc_custom_1453271494452{margin-bottom: 50px !important;}\u00bb][vc_column_inner][vc_single_image source=\u00bbfeatured_image\u00bb img_size=\u00bbfull\u00bb][\/vc_column_inner][\/vc_row_inner][vc_separator color=\u00bbcustom\u00bb accent_color=\u00bb#dddddd\u00bb css=\u00bb.vc_custom_1453271595991{margin-bottom: 21px !important;}\u00bb][vc_row_inner css=\u00bb.vc_custom_1453271763899{margin-bottom: 33px !important;}\u00bb][vc_column_inner width=\u00bb1\/4&#8243; css=\u00bb.vc_custom_1453272656287{padding-right: 45px !important;}\u00bb][vc_custom_heading text=\u00bbDISE\u00d1O Y CONSULTAR\u00cdA DE PROYECTOS\u00bb font_container=\u00bbtag:h3|font_size:24px|text_align:right|color:%23222222|line_height:30px\u00bb use_theme_fonts=\u00bbyes\u00bb css_animation=\u00bbfadeInUp\u00bb][\/vc_column_inner][vc_column_inner width=\u00bb3\/4&#8243; css=\u00bb.vc_custom_1453271259318{padding-top: 18px !important;}\u00bb][vc_column_text css_animation=\u00bbnone\u00bb]La leche es un alimento que contiene casi todas las sustancias necesarias para el desarrollo,<\/p>\n","protected":false},"author":1,"featured_media":7689,"parent":0,"menu_order":0,"comment_status":"closed","ping_status":"closed","template":"","meta":{"footnotes":""},"class_list":["post-7687","page","type-page","status-publish","has-post-thumbnail","hentry"],"yoast_head":"<!-- This site is optimized with the Yoast SEO Premium plugin v14.9 - https:\/\/yoast.com\/wordpress\/plugins\/seo\/ -->\n<title>Plantas de Procesamiento de Leche - Karpatov Technology<\/title>\n<meta name=\"robots\" content=\"index, follow, max-snippet:-1, max-image-preview:large, max-video-preview:-1\" \/>\n<link rel=\"canonical\" href=\"https:\/\/www.karpatov.com\/es\/sut-isleme-tesisleri\/\" \/>\n<meta property=\"og:locale\" content=\"es_ES\" \/>\n<meta property=\"og:type\" content=\"article\" \/>\n<meta property=\"og:title\" content=\"Plantas de Procesamiento de Leche - Karpatov Technology\" \/>\n<meta property=\"og:description\" content=\"[vc_row css=\u00bb.vc_custom_1452687555475{margin-bottom: 100px !important;}\u00bb][vc_column offset=\u00bbvc_col-lg-9 vc_col-md-9&#8243;][vc_custom_heading source=\u00bbpost_title\u00bb use_theme_fonts=\u00bbyes\u00bb css=\u00bb.vc_custom_1596533265656{margin-bottom: 30px !important;}\u00bb][vc_row_inner css=\u00bb.vc_custom_1453271494452{margin-bottom: 50px !important;}\u00bb][vc_column_inner][vc_single_image source=\u00bbfeatured_image\u00bb img_size=\u00bbfull\u00bb][\/vc_column_inner][\/vc_row_inner][vc_separator color=\u00bbcustom\u00bb accent_color=\u00bb#dddddd\u00bb css=\u00bb.vc_custom_1453271595991{margin-bottom: 21px !important;}\u00bb][vc_row_inner css=\u00bb.vc_custom_1453271763899{margin-bottom: 33px !important;}\u00bb][vc_column_inner width=\u00bb1\/4&#8243; css=\u00bb.vc_custom_1453272656287{padding-right: 45px !important;}\u00bb][vc_custom_heading text=\u00bbDISE\u00d1O Y CONSULTAR\u00cdA DE PROYECTOS\u00bb font_container=\u00bbtag:h3|font_size:24px|text_align:right|color:%23222222|line_height:30px\u00bb use_theme_fonts=\u00bbyes\u00bb css_animation=\u00bbfadeInUp\u00bb][\/vc_column_inner][vc_column_inner width=\u00bb3\/4&#8243; css=\u00bb.vc_custom_1453271259318{padding-top: 18px !important;}\u00bb][vc_column_text css_animation=\u00bbnone\u00bb]La leche es un alimento que contiene casi todas las sustancias necesarias para el desarrollo,\" \/>\n<meta property=\"og:url\" content=\"https:\/\/www.karpatov.com\/es\/sut-isleme-tesisleri\/\" \/>\n<meta property=\"og:site_name\" content=\"Karpatov Technology\" \/>\n<meta property=\"article:modified_time\" content=\"2020-10-28T06:59:05+00:00\" \/>\n<meta property=\"og:image\" content=\"https:\/\/www.karpatov.com\/wp-content\/uploads\/2020\/08\/milk-production.jpg\" \/>\n\t<meta property=\"og:image:width\" content=\"700\" \/>\n\t<meta property=\"og:image:height\" content=\"526\" \/>\n<meta name=\"twitter:card\" content=\"summary_large_image\" \/>\n<script type=\"application\/ld+json\" class=\"yoast-schema-graph\">{\"@context\":\"https:\/\/schema.org\",\"@graph\":[{\"@type\":\"WebSite\",\"@id\":\"https:\/\/www.karpatov.com\/es\/#website\",\"url\":\"https:\/\/www.karpatov.com\/es\/\",\"name\":\"Karpatov Technology\",\"description\":\"Karpatov Teknoloji\",\"potentialAction\":[{\"@type\":\"SearchAction\",\"target\":\"https:\/\/www.karpatov.com\/es\/?s={search_term_string}\",\"query-input\":\"required name=search_term_string\"}],\"inLanguage\":\"es\"},{\"@type\":\"ImageObject\",\"@id\":\"https:\/\/www.karpatov.com\/es\/sut-isleme-tesisleri\/#primaryimage\",\"inLanguage\":\"es\",\"url\":\"https:\/\/www.karpatov.com\/wp-content\/uploads\/2020\/08\/milk-production.jpg\",\"width\":700,\"height\":526},{\"@type\":\"WebPage\",\"@id\":\"https:\/\/www.karpatov.com\/es\/sut-isleme-tesisleri\/#webpage\",\"url\":\"https:\/\/www.karpatov.com\/es\/sut-isleme-tesisleri\/\",\"name\":\"Plantas de Procesamiento de Leche - Karpatov Technology\",\"isPartOf\":{\"@id\":\"https:\/\/www.karpatov.com\/es\/#website\"},\"primaryImageOfPage\":{\"@id\":\"https:\/\/www.karpatov.com\/es\/sut-isleme-tesisleri\/#primaryimage\"},\"datePublished\":\"2020-07-17T12:38:18+00:00\",\"dateModified\":\"2020-10-28T06:59:05+00:00\",\"inLanguage\":\"es\",\"potentialAction\":[{\"@type\":\"ReadAction\",\"target\":[\"https:\/\/www.karpatov.com\/es\/sut-isleme-tesisleri\/\"]}]}]}<\/script>\n<!-- \/ Yoast SEO Premium plugin. -->","_links":{"self":[{"href":"https:\/\/www.karpatov.com\/es\/wp-json\/wp\/v2\/pages\/7687","targetHints":{"allow":["GET"]}}],"collection":[{"href":"https:\/\/www.karpatov.com\/es\/wp-json\/wp\/v2\/pages"}],"about":[{"href":"https:\/\/www.karpatov.com\/es\/wp-json\/wp\/v2\/types\/page"}],"author":[{"embeddable":true,"href":"https:\/\/www.karpatov.com\/es\/wp-json\/wp\/v2\/users\/1"}],"replies":[{"embeddable":true,"href":"https:\/\/www.karpatov.com\/es\/wp-json\/wp\/v2\/comments?post=7687"}],"version-history":[{"count":2,"href":"https:\/\/www.karpatov.com\/es\/wp-json\/wp\/v2\/pages\/7687\/revisions"}],"predecessor-version":[{"id":8446,"href":"https:\/\/www.karpatov.com\/es\/wp-json\/wp\/v2\/pages\/7687\/revisions\/8446"}],"wp:featuredmedia":[{"embeddable":true,"href":"https:\/\/www.karpatov.com\/es\/wp-json\/wp\/v2\/media\/7689"}],"wp:attachment":[{"href":"https:\/\/www.karpatov.com\/es\/wp-json\/wp\/v2\/media?parent=7687"}],"curies":[{"name":"wp","href":"https:\/\/api.w.org\/{rel}","templated":true}]}}