{"id":7682,"date":"2020-07-17T15:21:51","date_gmt":"2020-07-17T12:21:51","guid":{"rendered":"http:\/\/karpatov.com\/sulama-sistemleri\/"},"modified":"2020-10-28T09:34:22","modified_gmt":"2020-10-28T06:34:22","slug":"sulama-sistemleri","status":"publish","type":"page","link":"https:\/\/www.karpatov.com\/es\/sulama-sistemleri\/","title":{"rendered":"Los sistemas de irrigaci\u00f3n"},"content":{"rendered":"<p>[vc_row css=\u00bb.vc_custom_1452687555475{margin-bottom: 100px !important;}\u00bb][vc_column offset=\u00bbvc_col-lg-9 vc_col-md-9&#8243;][vc_custom_heading source=\u00bbpost_title\u00bb use_theme_fonts=\u00bbyes\u00bb css=\u00bb.vc_custom_1596523036738{margin-bottom: 30px !important;}\u00bb][vc_row_inner css=\u00bb.vc_custom_1453271494452{margin-bottom: 50px !important;}\u00bb][vc_column_inner][vc_single_image source=\u00bbfeatured_image\u00bb img_size=\u00bbfull\u00bb][\/vc_column_inner][\/vc_row_inner][vc_row_inner css=\u00bb.vc_custom_1453271494452{margin-bottom: 50px !important;}\u00bb][vc_column_inner][vc_custom_heading text=\u00bbEl agua es la fuente de vida en la tierra. Todos los seres vivos necesitan agua para sobrevivir.\u00bb font_container=\u00bbtag:div|font_size:16px|text_align:left|color:%23444444|line_height:26px\u00bb google_fonts=\u00bbfont_family:Poppins%3A300%2Cregular%2C500%2C600%2C700|font_style:600%20semi-bold%3A600%3Anormal\u00bb css=\u00bb.vc_custom_1603820559901{margin-bottom: 18px !important;}\u00bb][\/vc_column_inner][\/vc_row_inner][vc_separator color=\u00bbcustom\u00bb accent_color=\u00bb#dddddd\u00bb css=\u00bb.vc_custom_1453271595991{margin-bottom: 21px !important;}\u00bb][vc_row_inner css=\u00bb.vc_custom_1453271763899{margin-bottom: 33px !important;}\u00bb][vc_column_inner width=\u00bb1\/4&#8243; css=\u00bb.vc_custom_1453272656287{padding-right: 45px !important;}\u00bb][vc_custom_heading text=\u00bbDISE\u00d1O Y CONSULTAC\u0130\u00d3N DE PROYECTOS\u00bb font_container=\u00bbtag:h3|font_size:24px|text_align:right|color:%23222222|line_height:30px\u00bb use_theme_fonts=\u00bbyes\u00bb css_animation=\u00bbfadeInUp\u00bb][\/vc_column_inner][vc_column_inner width=\u00bb3\/4&#8243; css=\u00bb.vc_custom_1453271259318{padding-top: 18px !important;}\u00bb][vc_column_text css_animation=\u00bbnone\u00bb]<strong>La importancia de la irrigaci\u00f3n en la agricultura<\/strong><\/p>\n<p>El agua es la fuente de vida en la tierra. Todos los seres vivos necesitan agua para sobrevivir. Las plantas consisten en 90 &#8211; 95% de agua dependiendo de la especie. La capacidad de los nutrientes presentes en el suelo para completar su ciclo natural depende enteramente del ciclo del agua. El ciclo del agua es el caso de que el agua que cae en el suelo debido a las lluvias se transfiere de vuelta al aire por evaporaci\u00f3n y transpiraci\u00f3n. Las plantas toman una cantidad significativa de agua del suelo por transpiraci\u00f3n y la liberan al aire en forma de vapor de agua. Durante este evento, muchos nutrientes tambi\u00e9n entran en la planta como disueltos en agua y se transportan a trav\u00e9s de los tejidos vasculares.<\/p>\n<p>En la irrigaci\u00f3n agr\u00edcola, el agua se puede dar al suelo por diferentes m\u00e9todos y sistemas. Hoy en d\u00eda, la importancia del uso de sistemas de irrigaci\u00f3n que no causar\u00e1n menos agua de irrigaci\u00f3n, menos problemas de mano de obra, drenaje y salinidad y aumentar\u00e1n la eficiencia y la calidad est\u00e1 aumentando d\u00eda a d\u00eda.<\/p>\n<p>En los \u00faltimos a\u00f1os, especialmente con los desarrollos en la industria del pl\u00e1stico y la maquinaria, se han logrado m\u00e1s ahorros de agua y energ\u00eda. Por lo tanto, se han desarrollado nuevas tecnolog\u00edas de irrigaci\u00f3n m\u00e1s econ\u00f3micas y eficaces.<\/p>\n<p>La irrigaci\u00f3n en la agricultura es la entrega del agua que la planta necesita y no puede ser encontrada por precipitaciones al \u00e1rea de la ra\u00edz de la planta en la cantidad y el tiempo requeridos.<\/p>\n<p>La primera regla en la irrigaci\u00f3n en la producci\u00f3n agr\u00edcola es extender el agua tra\u00edda hasta del campo por igual a todo el campo con la menor p\u00e9rdida. <u>Hay muchos sistemas para la irrigaci\u00f3n. <\/u><u>La elecci\u00f3n de uno de estos sistemas en el riego depende de si la nivelaci\u00f3n del campo es suave, el tipo de productos cultivados, las propiedades qu\u00edmicas y f\u00edsicas del suelo, la cantidad y calidad del agua de riego, los h\u00e1bitos de los agricultores, ya que algunos m\u00e9todos de riego requieren inversi\u00f3n adicional la situaci\u00f3n econ\u00f3mica de los agricultores y depende de las condiciones clim\u00e1ticas como el viento de la regi\u00f3n , temperatura, humedad relativa, precipitaci\u00f3n.<\/u><\/p>\n<p>&nbsp;<\/p>\n<p><strong>COSAS QUE DEBE SABER ANTES DE INSTALAR EL SISTEMA DE RIEGO:<\/strong><\/p>\n<p>1-\u00bfCu\u00e1les son la anchura, la longitud y las dimensiones de la tierra?<\/p>\n<p>2- \u00bfSe plantar\u00e1 toda la tierra?<\/p>\n<p>3-\u00bfLa plantaci\u00f3n ser\u00e1 entera o fragmentada? (En otras palabras, \u00bftodo el campo ser\u00e1 ma\u00edz, por ejemplo, o se plantar\u00e1 un poco de trigo, y un poco de ma\u00edz o papas?) (Los productos se dan para que sea ejemplo)<\/p>\n<p>4- \u00bfCu\u00e1l es la cantidad requerida del agua en m2 \/ litro para el producto ser\u00e1 irrigado? (Pueden obtener esta informaci\u00f3n del vendedor de semillas)<\/p>\n<p>5- \u00bfEn cu\u00e1ntos d\u00edas se requiere que se complete la irrigaci\u00f3n del producto? Qu\u00e9 d\u00edas, cu\u00e1ntas veces al d\u00eda, cu\u00e1ntas horas, etc. (Ciclo de irrigaci\u00f3n) (Esta informaci\u00f3n se puede obtener del vendedor de semillas tambi\u00e9n.)<\/p>\n<p>6- Los productos pueden ser los mismos, pero las especies y variedades pueden ser diferentes, el tipo y el tiempo de irrigaci\u00f3n pueden cambiar depende el tipo y la variedad para cada producto. Por lo tanto, esta informaci\u00f3n es importante y la elecci\u00f3n de la m\u00e1quina y el sistema se har\u00e1 en consecuencia.[\/vc_column_text][\/vc_column_inner][\/vc_row_inner][vc_separator color=\u00bbcustom\u00bb accent_color=\u00bb#dddddd\u00bb css=\u00bb.vc_custom_1453271595991{margin-bottom: 21px !important;}\u00bb][vc_row_inner css=\u00bb.vc_custom_1453272927441{margin-bottom: 33px !important;}\u00bb][vc_column_inner width=\u00bb1\/4&#8243; css=\u00bb.vc_custom_1453270747989{padding-right: 45px !important;}\u00bb][vc_custom_heading text=\u00bbLOS SISTEMAS DE RIEGO POR GOTEO\u00bb font_container=\u00bbtag:h3|font_size:24px|text_align:right|color:%23222222|line_height:30px\u00bb use_theme_fonts=\u00bbyes\u00bb css_animation=\u00bbfadeInUp\u00bb][\/vc_column_inner][vc_column_inner width=\u00bb3\/4&#8243; css=\u00bb.vc_custom_1453271259318{padding-top: 18px !important;}\u00bb][vc_single_image image=\u00bb6668&#8243; img_size=\u00bbfull\u00bb alignment=\u00bbcenter\u00bb style=\u00bbvc_box_rounded\u00bb][vc_column_text]<strong>Riego por goteo<\/strong><\/p>\n<p>Es el sistema de distribuci\u00f3n de agua y nutrientes m\u00e1s eficiente para cultivos. Suministra agua y nutrientes directamente a la zona de la ra\u00edz de la planta de the en el momento adecuado. De esta manera, asegura que cada planta reciba el agua y los nutrientes que necesita en el momento adecuado y ayuda a las plantas a crecer al nivel \u00f3ptimo.<\/p>\n<p><strong>Beneficios:<\/strong> Con el riego por goteo, los agricultores pueden lograr mayores rendimientos mientras ahorran agua, fertilizantes, energ\u00eda e incluso productos de protecci\u00f3n de cultivos.<\/p>\n<p><strong>Riego enterrado<\/strong><\/p>\n<p>Es el m\u00e9todo de riego con la menor p\u00e9rdida de agua y energ\u00eda entre los sistemas de riego presurizado. El sistema, que transporta el agua tomada de la fuente de agua y que pasa a trav\u00e9s de un filtro adecuado, a partir de este punto, todo el sistema, incluyendo la tuber\u00eda principal, las v\u00e1lvulas de las parcelas, el colector, la tuber\u00eda de riego por goteo subterr\u00e1nea y el re-colector, est\u00e1 completamente bajo el suelo.<\/p>\n<p><strong>Beneficios:<\/strong> Gracias al sistema subterr\u00e1neo, se logra un ahorro del 40% en los costes de energ\u00eda y agua y los costes laborales se reducen a niveles m\u00ednimos.<\/p>\n<p><strong>EL SISTEMA DE RIEGO POR GOTEO TIENE 4 GRUPOS PRINCIPALES:<\/strong><\/p>\n<ol>\n<li><strong> Estaci\u00f3n de bomba <\/strong><\/li>\n<li><strong> Sistema de filtraci\u00f3n <\/strong><\/li>\n<li><strong> Tubos de l\u00ednea principal y colectores <\/strong><\/li>\n<li><strong> Red de distribuci\u00f3n de mangueras de riego por goteo y piezas adicionales<\/strong><\/li>\n<\/ol>\n<p>[\/vc_column_text][\/vc_column_inner][\/vc_row_inner][vc_separator color=\u00bbcustom\u00bb accent_color=\u00bb#dddddd\u00bb css=\u00bb.vc_custom_1453271595991{margin-bottom: 21px !important;}\u00bb][vc_row_inner][vc_column_inner width=\u00bb1\/4&#8243; css=\u00bb.vc_custom_1453270747989{padding-right: 45px !important;}\u00bb][vc_custom_heading text=\u00bbEL SISTEMA DE RIEGO POR ASPERSI\u00d3N\u00bb font_container=\u00bbtag:h3|font_size:24px|text_align:right|color:%23222222|line_height:30px\u00bb use_theme_fonts=\u00bbyes\u00bb][\/vc_column_inner][vc_column_inner width=\u00bb3\/4&#8243; css=\u00bb.vc_custom_1453271259318{padding-top: 18px !important;}\u00bb][vc_images_carousel images=\u00bb7374,7378&#8243; img_size=\u00bbfull\u00bb][vc_column_text]<strong>Riego por aspersi\u00f3n<\/strong><\/p>\n<p>Es un sistema que consiste en tuber\u00edas con boquillas que pulverizan agua a la superficie del suelo en forma de lluvia en forma de gotas finas con una cierta presi\u00f3n.<\/p>\n<p><strong>Beneficios:<\/strong> No hay necesidad de nivelaci\u00f3n de la tierra. La sal y los residuos en las hojas se lavan f\u00e1cilmente.<\/p>\n<p><strong>Ventajas de la m\u00e1quina:<\/strong><\/p>\n<ul>\n<li>Adecuado para el riego de \u00e1reas de forma irregular<\/li>\n<li>Apto para riego de peque\u00f1as y grandes superficies<\/li>\n<li>Mecanismo de pulverizaci\u00f3n similar a los m\u00e9todos Liner y Center Pivot en dispositivos de pluma<\/li>\n<li>Adecuado para riego ligero (al inicio del crecimiento) a intenso (en pico de consumo).<\/li>\n<li>Riego m\u00e1s eficiente para \u00e1reas con mucho viento y alta evaporaci\u00f3n<\/li>\n<li>Velocidad de desplazamiento de 10 a 100 metros por hora.<\/li>\n<li>Posibilidad de elegir el di\u00e1metro y la longitud de la tuber\u00eda seg\u00fan el modelo de recorte.<\/li>\n<li>Eficiencia de riego real 85%<\/li>\n<li>Altura de pulverizaci\u00f3n ajustable<\/li>\n<li>Portabilidad del sistema<\/li>\n<li>Potente transmisi\u00f3n y turbina para movimiento aplicable en \u00e1reas con duras condiciones ambientales<\/li>\n<li>Capacidad de giro de la pluma para superar obst\u00e1culos<\/li>\n<li>Capacidad de rotaci\u00f3n del carrete de manguera hasta 180 grados.<\/li>\n<li>Garant\u00eda de un a\u00f1o y servicio postventa de diez a\u00f1os<\/li>\n<li>Bajo costo de mantenimiento<\/li>\n<li>M\u00e1xima homogeneidad de la distribuci\u00f3n del agua en las granjas gracias a los pulverizadores adecuados y al sistema de riego m\u00f3vil<\/li>\n<li>Recubrimiento galvanizado para fortalecer la estructura<\/li>\n<\/ul>\n<p>[\/vc_column_text][vc_empty_space][\/vc_column_inner][\/vc_row_inner][vc_row_inner][vc_column_inner width=\u00bb1\/4&#8243; css=\u00bb.vc_custom_1453270747989{padding-right: 45px !important;}\u00bb][vc_custom_heading text=\u00bbEL RIEGO POR PIVOTE\u00bb font_container=\u00bbtag:h3|font_size:24px|text_align:right|color:%23222222|line_height:30px\u00bb use_theme_fonts=\u00bbyes\u00bb][\/vc_column_inner][vc_column_inner width=\u00bb3\/4&#8243; css=\u00bb.vc_custom_1453271259318{padding-top: 18px !important;}\u00bb][vc_single_image image=\u00bb6674&#8243; img_size=\u00bbfull\u00bb alignment=\u00bbcenter\u00bb style=\u00bbvc_box_rounded\u00bb][vc_column_text]<strong>Los sistemas de Riego por Pivotes (Central, Linear)<\/strong><\/p>\n<p><strong>Central:<\/strong> Se mueve en rotaci\u00f3n circular sobre una plataforma de hormig\u00f3n armado. Hace el riego autom\u00e1ticamente sin el tacto humano.<\/p>\n<p><strong>Linear:<\/strong> Es el nombre dado al sistema que hace el riego mientras se mueve a lo largo de una l\u00ednea.<\/p>\n<p><strong>Beneficios:<\/strong> En comparaci\u00f3n con otros sistemas de riego, se prefiere debido a su larga vida \u00fatil y bajos costos de operaci\u00f3n y mantenimiento.[\/vc_column_text][vc_empty_space][\/vc_column_inner][\/vc_row_inner][\/vc_column][vc_column width=\u00bb1\/4&#8243; offset=\u00bbvc_hidden-sm vc_hidden-xs\u00bb][stm_sidebar sidebar=\u00bb311&#8243;][\/vc_column][\/vc_row]<\/p>\n","protected":false},"excerpt":{"rendered":"<p>[vc_row css=\u00bb.vc_custom_1452687555475{margin-bottom: 100px !important;}\u00bb][vc_column offset=\u00bbvc_col-lg-9 vc_col-md-9&#8243;][vc_custom_heading source=\u00bbpost_title\u00bb use_theme_fonts=\u00bbyes\u00bb css=\u00bb.vc_custom_1596523036738{margin-bottom: 30px !important;}\u00bb][vc_row_inner css=\u00bb.vc_custom_1453271494452{margin-bottom: 50px !important;}\u00bb][vc_column_inner][vc_single_image source=\u00bbfeatured_image\u00bb img_size=\u00bbfull\u00bb][\/vc_column_inner][\/vc_row_inner][vc_row_inner css=\u00bb.vc_custom_1453271494452{margin-bottom: 50px !important;}\u00bb][vc_column_inner][vc_custom_heading text=\u00bbEl agua es la fuente de vida en la tierra. Todos los seres vivos necesitan agua para sobrevivir.\u00bb font_container=\u00bbtag:div|font_size:16px|text_align:left|color:%23444444|line_height:26px\u00bb google_fonts=\u00bbfont_family:Poppins%3A300%2Cregular%2C500%2C600%2C700|font_style:600%20semi-bold%3A600%3Anormal\u00bb css=\u00bb.vc_custom_1603820559901{margin-bottom: 18px !important;}\u00bb][\/vc_column_inner][\/vc_row_inner][vc_separator color=\u00bbcustom\u00bb accent_color=\u00bb#dddddd\u00bb css=\u00bb.vc_custom_1453271595991{margin-bottom: 21px !important;}\u00bb][vc_row_inner css=\u00bb.vc_custom_1453271763899{margin-bottom: 33px !important;}\u00bb][vc_column_inner width=\u00bb1\/4&#8243; css=\u00bb.vc_custom_1453272656287{padding-right: 45px !important;}\u00bb][vc_custom_heading text=\u00bbDISE\u00d1O<\/p>\n","protected":false},"author":1,"featured_media":7684,"parent":0,"menu_order":0,"comment_status":"closed","ping_status":"closed","template":"","meta":{"footnotes":""},"class_list":["post-7682","page","type-page","status-publish","has-post-thumbnail","hentry"],"yoast_head":"<!-- This site is optimized with the Yoast SEO Premium plugin v14.9 - https:\/\/yoast.com\/wordpress\/plugins\/seo\/ -->\n<title>Los sistemas de irrigaci\u00f3n - Karpatov Technology<\/title>\n<meta name=\"robots\" content=\"index, follow, max-snippet:-1, max-image-preview:large, max-video-preview:-1\" \/>\n<link rel=\"canonical\" href=\"https:\/\/www.karpatov.com\/es\/sulama-sistemleri\/\" \/>\n<meta property=\"og:locale\" content=\"es_ES\" \/>\n<meta property=\"og:type\" content=\"article\" \/>\n<meta property=\"og:title\" content=\"Los sistemas de irrigaci\u00f3n - Karpatov Technology\" \/>\n<meta property=\"og:description\" content=\"[vc_row css=\u00bb.vc_custom_1452687555475{margin-bottom: 100px !important;}\u00bb][vc_column offset=\u00bbvc_col-lg-9 vc_col-md-9&#8243;][vc_custom_heading source=\u00bbpost_title\u00bb use_theme_fonts=\u00bbyes\u00bb css=\u00bb.vc_custom_1596523036738{margin-bottom: 30px !important;}\u00bb][vc_row_inner css=\u00bb.vc_custom_1453271494452{margin-bottom: 50px !important;}\u00bb][vc_column_inner][vc_single_image source=\u00bbfeatured_image\u00bb img_size=\u00bbfull\u00bb][\/vc_column_inner][\/vc_row_inner][vc_row_inner css=\u00bb.vc_custom_1453271494452{margin-bottom: 50px !important;}\u00bb][vc_column_inner][vc_custom_heading text=\u00bbEl agua es la fuente de vida en la tierra. Todos los seres vivos necesitan agua para sobrevivir.\u00bb font_container=\u00bbtag:div|font_size:16px|text_align:left|color:%23444444|line_height:26px\u00bb google_fonts=\u00bbfont_family:Poppins%3A300%2Cregular%2C500%2C600%2C700|font_style:600%20semi-bold%3A600%3Anormal\u00bb css=\u00bb.vc_custom_1603820559901{margin-bottom: 18px !important;}\u00bb][\/vc_column_inner][\/vc_row_inner][vc_separator color=\u00bbcustom\u00bb accent_color=\u00bb#dddddd\u00bb css=\u00bb.vc_custom_1453271595991{margin-bottom: 21px !important;}\u00bb][vc_row_inner css=\u00bb.vc_custom_1453271763899{margin-bottom: 33px !important;}\u00bb][vc_column_inner width=\u00bb1\/4&#8243; css=\u00bb.vc_custom_1453272656287{padding-right: 45px !important;}\u00bb][vc_custom_heading text=\u00bbDISE\u00d1O\" \/>\n<meta property=\"og:url\" content=\"https:\/\/www.karpatov.com\/es\/sulama-sistemleri\/\" \/>\n<meta property=\"og:site_name\" content=\"Karpatov Technology\" \/>\n<meta property=\"article:modified_time\" content=\"2020-10-28T06:34:22+00:00\" \/>\n<meta property=\"og:image\" content=\"https:\/\/www.karpatov.com\/wp-content\/uploads\/2020\/08\/sulama.jpg\" \/>\n\t<meta property=\"og:image:width\" content=\"1222\" \/>\n\t<meta property=\"og:image:height\" content=\"814\" \/>\n<meta name=\"twitter:card\" content=\"summary_large_image\" \/>\n<script type=\"application\/ld+json\" class=\"yoast-schema-graph\">{\"@context\":\"https:\/\/schema.org\",\"@graph\":[{\"@type\":\"WebSite\",\"@id\":\"https:\/\/www.karpatov.com\/es\/#website\",\"url\":\"https:\/\/www.karpatov.com\/es\/\",\"name\":\"Karpatov Technology\",\"description\":\"Karpatov Teknoloji\",\"potentialAction\":[{\"@type\":\"SearchAction\",\"target\":\"https:\/\/www.karpatov.com\/es\/?s={search_term_string}\",\"query-input\":\"required name=search_term_string\"}],\"inLanguage\":\"es\"},{\"@type\":\"ImageObject\",\"@id\":\"https:\/\/www.karpatov.com\/es\/sulama-sistemleri\/#primaryimage\",\"inLanguage\":\"es\",\"url\":\"https:\/\/www.karpatov.com\/wp-content\/uploads\/2020\/08\/sulama.jpg\",\"width\":1222,\"height\":814},{\"@type\":\"WebPage\",\"@id\":\"https:\/\/www.karpatov.com\/es\/sulama-sistemleri\/#webpage\",\"url\":\"https:\/\/www.karpatov.com\/es\/sulama-sistemleri\/\",\"name\":\"Los sistemas de irrigaci\\u00f3n - Karpatov Technology\",\"isPartOf\":{\"@id\":\"https:\/\/www.karpatov.com\/es\/#website\"},\"primaryImageOfPage\":{\"@id\":\"https:\/\/www.karpatov.com\/es\/sulama-sistemleri\/#primaryimage\"},\"datePublished\":\"2020-07-17T12:21:51+00:00\",\"dateModified\":\"2020-10-28T06:34:22+00:00\",\"inLanguage\":\"es\",\"potentialAction\":[{\"@type\":\"ReadAction\",\"target\":[\"https:\/\/www.karpatov.com\/es\/sulama-sistemleri\/\"]}]}]}<\/script>\n<!-- \/ Yoast SEO Premium plugin. -->","_links":{"self":[{"href":"https:\/\/www.karpatov.com\/es\/wp-json\/wp\/v2\/pages\/7682","targetHints":{"allow":["GET"]}}],"collection":[{"href":"https:\/\/www.karpatov.com\/es\/wp-json\/wp\/v2\/pages"}],"about":[{"href":"https:\/\/www.karpatov.com\/es\/wp-json\/wp\/v2\/types\/page"}],"author":[{"embeddable":true,"href":"https:\/\/www.karpatov.com\/es\/wp-json\/wp\/v2\/users\/1"}],"replies":[{"embeddable":true,"href":"https:\/\/www.karpatov.com\/es\/wp-json\/wp\/v2\/comments?post=7682"}],"version-history":[{"count":4,"href":"https:\/\/www.karpatov.com\/es\/wp-json\/wp\/v2\/pages\/7682\/revisions"}],"predecessor-version":[{"id":8424,"href":"https:\/\/www.karpatov.com\/es\/wp-json\/wp\/v2\/pages\/7682\/revisions\/8424"}],"wp:featuredmedia":[{"embeddable":true,"href":"https:\/\/www.karpatov.com\/es\/wp-json\/wp\/v2\/media\/7684"}],"wp:attachment":[{"href":"https:\/\/www.karpatov.com\/es\/wp-json\/wp\/v2\/media?parent=7682"}],"curies":[{"name":"wp","href":"https:\/\/api.w.org\/{rel}","templated":true}]}}