{"id":7664,"date":"2020-07-17T15:17:36","date_gmt":"2020-07-17T12:17:36","guid":{"rendered":"http:\/\/karpatov.com\/seracilik\/"},"modified":"2020-10-27T20:20:59","modified_gmt":"2020-10-27T17:20:59","slug":"seracilik","status":"publish","type":"page","link":"https:\/\/www.karpatov.com\/es\/seracilik\/","title":{"rendered":"Negocio de invernadero"},"content":{"rendered":"<p>[vc_row css=\u00bb.vc_custom_1452687555475{margin-bottom: 100px !important;}\u00bb][vc_column offset=\u00bbvc_col-lg-9 vc_col-md-9&#8243;][vc_custom_heading source=\u00bbpost_title\u00bb use_theme_fonts=\u00bbyes\u00bb css=\u00bb.vc_custom_1602680676409{margin-bottom: 30px !important;}\u00bb][vc_row_inner css=\u00bb.vc_custom_1453271494452{margin-bottom: 50px !important;}\u00bb][vc_column_inner][vc_single_image source=\u00bbfeatured_image\u00bb img_size=\u00bbfull\u00bb][\/vc_column_inner][\/vc_row_inner][vc_row_inner css=\u00bb.vc_custom_1453271494452{margin-bottom: 50px !important;}\u00bb][vc_column_inner][vc_custom_heading text=\u00bbEl prop\u00f3sito de la planificaci\u00f3n en la industria del invernadero es crear artificialmente las condiciones de desarrollo de plantas m\u00e1s adecuadas en condiciones ambientales que no son adecuadas para la cultivaci\u00f3n, crecimiento y desarrollo de plantas.\u00bb font_container=\u00bbtag:div|font_size:16px|text_align:left|color:%23444444|line_height:26px\u00bb google_fonts=\u00bbfont_family:Poppins%3A300%2Cregular%2C500%2C600%2C700|font_style:600%20semi-bold%3A600%3Anormal\u00bb css=\u00bb.vc_custom_1603818856787{margin-bottom: 18px !important;}\u00bb][\/vc_column_inner][\/vc_row_inner][vc_separator color=\u00bbcustom\u00bb accent_color=\u00bb#dddddd\u00bb css=\u00bb.vc_custom_1453271595991{margin-bottom: 21px !important;}\u00bb][vc_row_inner css=\u00bb.vc_custom_1453271763899{margin-bottom: 33px !important;}\u00bb][vc_column_inner width=\u00bb1\/4&#8243; css=\u00bb.vc_custom_1453272656287{padding-right: 45px !important;}\u00bb][vc_custom_heading text=\u00bbD\u0130SE\u00d1O Y CONSULTORIA DE PROYECTO\u00bb font_container=\u00bbtag:h3|font_size:24px|text_align:right|color:%23222222|line_height:30px\u00bb use_theme_fonts=\u00bbyes\u00bb css_animation=\u00bbfadeInUp\u00bb][\/vc_column_inner][vc_column_inner width=\u00bb3\/4&#8243; css=\u00bb.vc_custom_1453271259318{padding-top: 18px !important;}\u00bb][vc_column_text css_animation=\u00bbnone\u00bb]<strong>COMPONENTES EFECTIVOS EN LA SELECCI\u00d3N DEL TIPO DE INVERNADERO:<\/strong><\/p>\n<ul>\n<li><strong> Prop\u00f3sito del uso,<\/strong><\/li>\n<\/ul>\n<p>El prop\u00f3sito esperado del invernadero es uno de los factores m\u00e1s importantes que afecta el tipo de invernadero. El invernadero puede ser para aficionados, investigaci\u00f3n, semiprofesionales u objetivos completamente comerciales.<\/p>\n<ul>\n<li><strong>Tama\u00f1o necesario del invernadero,<\/strong><\/li>\n<\/ul>\n<p>En una empresa de un propietario del invernadero los tama\u00f1os de las unidades del invernadero, individualmente o en total, depende de la cantidad y tipo de mano de obra de la empresa. Si hay un gran n\u00famero de herramientas y equipos que se puede utilizar en la empresa, los invernaderos se pueden planificar m\u00e1s grandes y las unidades se pueden planificar en mayores cantidades.<\/p>\n<ul>\n<li><strong>Las condiciones clim\u00e1ticas de los alrededores,<\/strong><\/li>\n<\/ul>\n<p>Varios factores como los valores de temperatura m\u00e1s altos y m\u00e1s bajos de una regi\u00f3n, las condiciones del viento, el tipo de la precipitaci\u00f3n, la intensidad y la duraci\u00f3n de la precipitaci\u00f3n, el tomar el sol y el n\u00famero de d\u00edas nublados y la latitud, son efectivos en la selecci\u00f3n del tipo de invernadero.<\/p>\n<ul>\n<li><strong>Caracter\u00edsticas fisiogr\u00e1ficas y ecol\u00f3gicas del asentamiento,<\/strong><\/li>\n<\/ul>\n<p>Se tienen en cuenta las condiciones ecol\u00f3gicas del lugar donde se quiere establecer el invernadero, como la topograf\u00eda, la pendiente del suelo, las condiciones microclim\u00e1ticas, ubicaci\u00f3n en el valle interior o abierto.<\/p>\n<ul>\n<li><strong>El fondo asignado para la empresa,<\/strong><\/li>\n<\/ul>\n<p>El poder econ\u00f3mico de la empresa y el tama\u00f1o del fondo asignado al invernadero es uno de los factores m\u00e1s importantes en la selecci\u00f3n del tipo de invernadero que se aplicar\u00e1.<\/p>\n<ul>\n<li><strong>Oportunidades de utilizar herramientas y equipos, <\/strong><strong>\u2022 Tipos de plantas que se van a cultivar y t\u00e9cnicas de cultivaci\u00f3n, <\/strong>\n<p><strong>\u2022 El plan de desarrollo de la empresa del invernadero,<\/strong><\/li>\n<\/ul>\n<p>Considerando la expansi\u00f3n del invernadero en el tiempo en la empresa, este crecimiento y desarrollo que se producir\u00e1 con el tiempo debe mantenerse a la vista en la planificaci\u00f3n y ubicaci\u00f3n de la selecci\u00f3n del tipo de invernadero.<\/p>\n<ul>\n<li><strong> Las solicitudes del empresario,<\/strong><\/li>\n<\/ul>\n<p>Las solicitudes y el gusto del empresario y el aspecto est\u00e9tico del invernadero tambi\u00e9n son efectivos en la selecci\u00f3n del tipo de invernadero. Pero la apariencia est\u00e9tica solo tiene un significado cuando se combina con la funcionalidad y la utilidad.<\/p>\n<p>En lugar de elegir un invernadero que se adapte a las necesidades, los cultivadores a menudo quieren el mismo tipo de uno que ven y les gusta en las inmediaciones.[\/vc_column_text][\/vc_column_inner][\/vc_row_inner][vc_separator color=\u00bbcustom\u00bb accent_color=\u00bb#dddddd\u00bb css=\u00bb.vc_custom_1453271595991{margin-bottom: 21px !important;}\u00bb][vc_row_inner css=\u00bb.vc_custom_1453272927441{margin-bottom: 33px !important;}\u00bb][vc_column_inner width=\u00bb1\/4&#8243; css=\u00bb.vc_custom_1453270747989{padding-right: 45px !important;}\u00bb][vc_custom_heading text=\u00bbINVERNADORES CON SUELO\u00bb font_container=\u00bbtag:h3|font_size:24px|text_align:right|color:%23222222|line_height:30px\u00bb use_theme_fonts=\u00bbyes\u00bb css_animation=\u00bbfadeInUp\u00bb][\/vc_column_inner][vc_column_inner width=\u00bb3\/4&#8243; css=\u00bb.vc_custom_1453271259318{padding-top: 18px !important;}\u00bb][vc_single_image image=\u00bb6635&#8243; img_size=\u00bbfull\u00bb alignment=\u00bbcenter\u00bb style=\u00bbvc_box_rounded\u00bb][vc_column_text]Estos son los invernaderos establecidos con el fin de cultivar el producto a cultivar en invernadero independientemente de las condiciones clim\u00e1ticas externas y sin ser afectados por estas condiciones. Dado que la planta crecer\u00e1 en el suelo, la estructura del suelo de la zona de instalaci\u00f3n se vuelve importante.<\/p>\n<p><strong>PROBLEMAS QUE SE ENCUENTRAN EN LAS APLICACIONES DE INVERNADERO CON SUELO:<\/strong><\/p>\n<p><strong>Agotamiento del suelo:<\/strong><\/p>\n<p>Cultivar el mismo producto durante muchos a\u00f1os consecutivos en invernaderos del suelo causa fatiga en el suelo, lo que reduce la productividad. Aunque soluciones como cambiar el suelo y cambiar el cultivo (rotaci\u00f3n de cultivos) se pueden utilizar para la fatiga del suelo; tales aplicaciones no son muy pr\u00e1cticas para los fabricantes y tampoco demasiado econ\u00f3micas. Adem\u00e1s, a pesar de todas las precauciones adoptadas en la agricultura moderna, no se puede alcanzar el aumento deseado de los cultivos y la calidad.<\/p>\n<p><strong>Problema de enfermedad y maleza:<\/strong><\/p>\n<p>Aunque ha habido progresos en la agricultura moderna con la lucha contra la enfermedad y las malezas que son inmunes y causan problemas significativos en la producci\u00f3n en lugares donde se hace la agricultura intensiva y donde el mismo producto se cultiva constantemente incluso no se puede lograr un control completo, el uso de drogas nocivas para la salud causa problemas especialmente en la exportaci\u00f3n del producto.<\/p>\n<p><strong>Consumo excesivo de agua:<\/strong><\/p>\n<p>En las zonas donde se realiza el cultivo del suelo, debido a las dificultades para determinar la cantidad de agua utilizada por las plantas (como resultado de la fuga en las profundidades del suelo y la evaporaci\u00f3n del suelo y las plantas) el consumo de agua utilizado para regar las plantas puede ser 4-5 veces m\u00e1s que el utilizado para la hidropon\u00eda.[\/vc_column_text][\/vc_column_inner][\/vc_row_inner][vc_separator color=\u00bbcustom\u00bb accent_color=\u00bb#dddddd\u00bb css=\u00bb.vc_custom_1453271595991{margin-bottom: 21px !important;}\u00bb][vc_row_inner][vc_column_inner width=\u00bb1\/4&#8243; css=\u00bb.vc_custom_1453270747989{padding-right: 45px !important;}\u00bb][vc_custom_heading text=\u00bbLOS INVERNADEROS HIDROP\u00d3NICOS MODERNOS \u00bb font_container=\u00bbtag:h3|font_size:24px|text_align:right|color:%23222222|line_height:30px\u00bb use_theme_fonts=\u00bbyes\u00bb][\/vc_column_inner][vc_column_inner width=\u00bb3\/4&#8243; css=\u00bb.vc_custom_1453271259318{padding-top: 18px !important;}\u00bb][vc_single_image image=\u00bb6655&#8243; img_size=\u00bbfull\u00bb alignment=\u00bbcenter\u00bb style=\u00bbvc_box_rounded\u00bb][vc_column_text]Los invernaderos sin suelo, por definici\u00f3n, son un m\u00e9todo de cultivo de plantas en una soluci\u00f3n a base de agua y rica en nutrientes. No utiliza suelo, sino que su sistema radicular se apoya mediante el uso de un entorno como cocopita, perlita, lana de roca. La base principal es asegurar que las ra\u00edces de las plantas entren en contacto directo con la soluci\u00f3n nutritiva y al mismo tiempo proporcionar acceso al ox\u00edgeno necesario para un crecimiento adecuado.<\/p>\n<p>Con la instalaci\u00f3n correcta, sus plantas madurar\u00e1n 25% m\u00e1s r\u00e1pido que las mismas plantas cultivadas en el suelo y producir\u00e1n hasta 30% m\u00e1s. Sus plantas crecen m\u00e1s r\u00e1pido porque no tienen que trabajar mucho para obtener nutrientes. Incluso un peque\u00f1o sistema radicular proporcionar\u00e1 a la planta exactamente lo que necesita, de modo que la planta se centrar\u00e1 en su crecimiento en lugar de expandir el sistema radicular hacia abajo.<\/p>\n<p><strong>VENTAJAS<\/strong><\/p>\n<ul>\n<li>Dado que no requiere suelos f\u00e9rtiles, se utilizan suelos improductivos.<\/li>\n<li>El valor nutricional y el equilibrio PH de los productos se pueden ajustar f\u00e1cilmente. Mediante la realizaci\u00f3n de aplicaciones de soluci\u00f3n de nutrientes de manera controlada, se equilibra el nivel \u00f3ptimo de macro y micro elementos. Las plantas se alimentan de manera controlada.<\/li>\n<li>Se ofrece oportunidad de agricultura controlada. Permite la reutilizaci\u00f3n de enzimas esterilizadas. Por eso, no hay necesidad de rotaci\u00f3n del producto. Proporciona una buena ventilaci\u00f3n del sistema radicular. As\u00ed que, se pueden exponer menos enfermedades radiculares.<\/li>\n<li>Requiere menos \u00e1rea y agua en comparaci\u00f3n con la agricultura con suelo. Es posible reutilizar el agua con sistema cerrado. Por lo tanto, mientras se proporciona menos agua y el uso de fertilizantes, tambi\u00e9n se evita la contaminaci\u00f3n ambiental. El riego se hace m\u00e1s f\u00e1cil, la planta no experimenta estr\u00e9s h\u00eddrico.<\/li>\n<li>Se proporcionan ahorros de energ\u00eda y mano de obra. Se requiere mano de obra para todas las pr\u00e1cticas culturales en la agricultura del suelo. El requisito de mano de obra es alto debido a procesos tales como el cultivo del suelo, preparaci\u00f3n para la siembra, azada, riego, esterilizaci\u00f3n, fertilizaci\u00f3n de plantas, control de la maleza.Se necesita mucha energ\u00eda para operar muchas herramientas y equipos, especialmente tractores y equipos de acoplamiento.<\/li>\n<li>Se proporciona una mejor calidad de la fruta y el producto atrae a los consumidores con su apariencia. La ausencia de trazas de insectos en el producto hidrop\u00f3nico tambi\u00e9n lo hace confiable. Proporciona una alta calidad de producto comercial (tama\u00f1o, homogeneidad, dureza, color, brillo y producci\u00f3n de fruta limpia) Proporciona alta calidad interna (az\u00facar, vitamina, mineral, contenido de materia seca).<\/li>\n<li>Se obtiene alta producci\u00f3n\/ingresos. El n\u00famero de plantas plantadas por unidad de \u00e1rea aumenta y, por lo tanto, el rendimiento de la superficie de unidad tambi\u00e9n aumenta. Se acorta el tiempo entre la cosecha del cultivo anterior y la cosecha del siguiente cultivo. Permite la producci\u00f3n durante todo el a\u00f1o con un largo per\u00edodo de crecimiento. Debido al hecho de que se trata de la agricultura controlada, se proporciona la oreja.<\/li>\n<li>El uso de pesticidas es menos.<\/li>\n<\/ul>\n<p>[\/vc_column_text][vc_empty_space][\/vc_column_inner][\/vc_row_inner][vc_row_inner][vc_column_inner width=\u00bb1\/4&#8243; css=\u00bb.vc_custom_1453270747989{padding-right: 45px !important;}\u00bb][vc_custom_heading text=\u00bbCOMPONENTES PRINCIPALES DEL INVERNADERO\u00bb font_container=\u00bbtag:h3|font_size:24px|text_align:right|color:%23222222|line_height:30px\u00bb use_theme_fonts=\u00bbyes\u00bb][\/vc_column_inner][vc_column_inner width=\u00bb3\/4&#8243; css=\u00bb.vc_custom_1453271259318{padding-top: 18px !important;}\u00bb][vc_raw_html]JTVCZGZsaXAlMjBpZCUzRCUyMjczNTklMjIlNUQlNUIlMkZkZmxpcCU1RCUwQQ==[\/vc_raw_html][\/vc_column_inner][\/vc_row_inner][vc_row_inner][vc_column_inner width=\u00bb1\/4&#8243; css=\u00bb.vc_custom_1596021952305{padding-right: 45px !important;}\u00bb][\/vc_column_inner][vc_column_inner width=\u00bb1\/3&#8243; css=\u00bb.vc_custom_1453271259318{padding-top: 18px !important;}\u00bb][vc_column_text]<\/p>\n<ul>\n<li>CONSTRUCCI\u00d3N Y LAS PUERTAS<\/li>\n<li>CUB\u0130ERTA POLIETILENO<\/li>\n<li>PAREDES DE POLICARBONATOS<\/li>\n<li>MOSQUITERA<\/li>\n<li>CUB\u0130ERTAS DEL SUELO<\/li>\n<li>VENT\u0130LACI\u00d3N Y EL SISTEMA DE EL\u00c9CTRICO<\/li>\n<li>CORT\u0130NA T\u00c9RMICA<\/li>\n<li>EL SISTEMA DE CALEFACCI\u00d3N<\/li>\n<\/ul>\n<p>[\/vc_column_text][\/vc_column_inner][vc_column_inner width=\u00bb1\/3&#8243;][vc_column_text]<\/p>\n<ul>\n<li>EL SISTEMA DE CO2<\/li>\n<li>EL SISTEMA DE PURIFICADOR AUGA OSMOSIS<\/li>\n<li>EL SISTEMA DE REFRIGERACI\u00d3N<\/li>\n<li>EL SISTEMA DE \u0130RR\u0130GACI\u00d3N-FERTILIZACI\u00d3N Y DRENAJE<\/li>\n<li>EL SISTEMA DE CLIMAT\u0130ZACI\u00d3N Y AUTOMATIZACI\u00d3N DE INVERNADERO<\/li>\n<li>EL SISTEMA DE NEBLINA<\/li>\n<li>EL SISTEMA DE ENTUTORADO<\/li>\n<li>OTROS EQUIPAMIENTOS UTILIZADOS EN LA PRODUCCI\u00d3N<\/li>\n<\/ul>\n<p>[\/vc_column_text][\/vc_column_inner][\/vc_row_inner][vc_row_inner][vc_column_inner width=\u00bb1\/4&#8243; css=\u00bb.vc_custom_1453270747989{padding-right: 45px !important;}\u00bb][vc_custom_heading text=\u00bbCULTIVACI\u00d3N DE RETO\u00d1O \u00bb font_container=\u00bbtag:h3|font_size:24px|text_align:right|color:%23222222|line_height:30px\u00bb use_theme_fonts=\u00bbyes\u00bb][\/vc_column_inner][vc_column_inner width=\u00bb3\/4&#8243; css=\u00bb.vc_custom_1453271259318{padding-top: 18px !important;}\u00bb][vc_single_image image=\u00bb7039&#8243; img_size=\u00bbfull\u00bb alignment=\u00bbcenter\u00bb style=\u00bbvc_box_rounded\u00bb][vc_column_text]Construcci\u00f3n de invernadero adecuada para la cultivaci\u00f3n del reto\u00f1o.<\/p>\n<div id=\"gtx-trans\" style=\"position: absolute; left: 147px; top: 38px;\">\n<div class=\"gtx-trans-icon\"><\/div>\n<\/div>\n<p>[\/vc_column_text][\/vc_column_inner][\/vc_row_inner][vc_row_inner][vc_column_inner width=\u00bb1\/4&#8243; css=\u00bb.vc_custom_1453270747989{padding-right: 45px !important;}\u00bb][vc_custom_heading text=\u00bbSUMINISTRO DE SEMILLAS-FERTILIZANTES Y RETO\u00d1O \u00bb font_container=\u00bbtag:h3|font_size:24px|text_align:right|color:%23222222|line_height:30px\u00bb use_theme_fonts=\u00bbyes\u00bb][\/vc_column_inner][vc_column_inner width=\u00bb3\/4&#8243; css=\u00bb.vc_custom_1453271259318{padding-top: 18px !important;}\u00bb][vc_single_image image=\u00bb6788&#8243; img_size=\u00bbfull\u00bb alignment=\u00bbcenter\u00bb style=\u00bbvc_box_rounded\u00bb][vc_column_text]Las semillas y plantas de semilleros necesarios son suministrados por nosotros para cualquier producto que desee cultivar en su invernadero.[\/vc_column_text][\/vc_column_inner][\/vc_row_inner][vc_row_inner][vc_column_inner width=\u00bb1\/4&#8243; css=\u00bb.vc_custom_1453270747989{padding-right: 45px !important;}\u00bb][vc_custom_heading text=\u00bbSUMINISTRO DE MATERIAL Y EQUIPAMIENTO DE POSCOSECHA\u00bb font_container=\u00bbtag:h3|font_size:24px|text_align:right|color:%23222222|line_height:30px\u00bb use_theme_fonts=\u00bbyes\u00bb][\/vc_column_inner][vc_column_inner width=\u00bb3\/4&#8243; css=\u00bb.vc_custom_1453271259318{padding-top: 18px !important;}\u00bb][vc_column_text]Suministro de cajas, m\u00e1quinas de embalaje y otros equipamientos que puedan ser necesarios durante la recogida del producto.[\/vc_column_text][vc_images_carousel images=\u00bb6804,6807,7350,7354&#8243; img_size=\u00bbfull\u00bb speed=\u00bb2000&#8243; autoplay=\u00bbyes\u00bb wrap=\u00bbyes\u00bb][\/vc_column_inner][\/vc_row_inner][vc_row_inner][vc_column_inner width=\u00bb1\/4&#8243; css=\u00bb.vc_custom_1453270747989{padding-right: 45px !important;}\u00bb][vc_custom_heading text=\u00bbSERVICIOS DE CONSULTACI\u00d3N DE PRODUCCI\u00d3N Y OPERACI\u00d3N \u00bb font_container=\u00bbtag:h3|font_size:24px|text_align:right|color:%23222222|line_height:30px\u00bb use_theme_fonts=\u00bbyes\u00bb][\/vc_column_inner][vc_column_inner width=\u00bb3\/4&#8243; css=\u00bb.vc_custom_1453271259318{padding-top: 18px !important;}\u00bb][vc_column_text]Consultaci\u00f3n de negocios para cualquier producto que usted produzca en su invernadero, suministro agron\u00f3mico.[\/vc_column_text][vc_single_image image=\u00bb6791&#8243; img_size=\u00bbfull\u00bb alignment=\u00bbcenter\u00bb style=\u00bbvc_box_rounded\u00bb][\/vc_column_inner][\/vc_row_inner][vc_row_inner][vc_column_inner width=\u00bb1\/4&#8243; css=\u00bb.vc_custom_1453270747989{padding-right: 45px !important;}\u00bb][vc_custom_heading text=\u00bbINVERNADEROS DE FRESA Y PL\u00c1TANO\u00bb font_container=\u00bbtag:h3|font_size:24px|text_align:right|color:%23222222|line_height:30px\u00bb use_theme_fonts=\u00bbyes\u00bb][\/vc_column_inner][vc_column_inner width=\u00bb3\/4&#8243; css=\u00bb.vc_custom_1453271259318{padding-top: 18px !important;}\u00bb][vc_images_carousel images=\u00bb7341,7345&#8243; img_size=\u00bbfull\u00bb speed=\u00bb2000&#8243; autoplay=\u00bbyes\u00bb wrap=\u00bbyes\u00bb][vc_empty_space][\/vc_column_inner][\/vc_row_inner][\/vc_column][vc_column width=\u00bb1\/4&#8243; offset=\u00bbvc_hidden-sm vc_hidden-xs\u00bb][stm_sidebar sidebar=\u00bb311&#8243;][\/vc_column][\/vc_row][vc_row full_width=\u00bbstretch_row\u00bb el_class=\u00bbthird_bg_color\u00bb css=\u00bb.vc_custom_1451889219674{margin-bottom: -60px !important;}\u00bb][vc_column][vc_cta h2=\u00bbConstrucc\u0131\u00f3n del proyecto de llave en mano e \u0131nstalac\u0131\u00f3n del \u0131nvernadero \u00bb h2_font_container=\u00bbfont_size:20px|color:%23000000|line_height:24px\u00bb h2_use_theme_fonts=\u00bbyes\u00bb shape=\u00bbsquare\u00bb style=\u00bbflat\u00bb add_button=\u00bbright\u00bb btn_title=\u00bbCONTACTO\u00bb btn_style=\u00bbflat\u00bb btn_color=\u00bbtheme_style_2&#8243; btn_align=\u00bbright\u00bb btn_i_align=\u00bbright\u00bb btn_i_icon_fontawesome=\u00bbstm-phone_13_2&#8243; use_custom_fonts_h2=\u00bbtrue\u00bb btn_button_block=\u00bbtrue\u00bb btn_add_icon=\u00bbtrue\u00bb el_class=\u00bbthird_bg_color\u00bb css=\u00bb.vc_custom_1603819253643{margin-bottom: 0px !important;}\u00bb btn_link=\u00bburl:%2Fes%2Filetisim|||\u00bb]Usted decide. Le sugeriremos el m\u00e9todo m\u00e1s exitoso para usted y realizaremos la instalaci\u00f3n llave en mano.[\/vc_cta][\/vc_column][\/vc_row]<\/p>\n","protected":false},"excerpt":{"rendered":"<p>[vc_row css=\u00bb.vc_custom_1452687555475{margin-bottom: 100px !important;}\u00bb][vc_column offset=\u00bbvc_col-lg-9 vc_col-md-9&#8243;][vc_custom_heading source=\u00bbpost_title\u00bb use_theme_fonts=\u00bbyes\u00bb css=\u00bb.vc_custom_1602680676409{margin-bottom: 30px !important;}\u00bb][vc_row_inner css=\u00bb.vc_custom_1453271494452{margin-bottom: 50px !important;}\u00bb][vc_column_inner][vc_single_image source=\u00bbfeatured_image\u00bb img_size=\u00bbfull\u00bb][\/vc_column_inner][\/vc_row_inner][vc_row_inner css=\u00bb.vc_custom_1453271494452{margin-bottom: 50px !important;}\u00bb][vc_column_inner][vc_custom_heading text=\u00bbEl prop\u00f3sito de la planificaci\u00f3n en la industria del invernadero es crear artificialmente las condiciones de desarrollo de plantas m\u00e1s adecuadas en condiciones ambientales que no son adecuadas para la cultivaci\u00f3n, crecimiento y desarrollo de plantas.\u00bb<\/p>\n","protected":false},"author":1,"featured_media":7666,"parent":0,"menu_order":0,"comment_status":"closed","ping_status":"closed","template":"","meta":{"footnotes":""},"class_list":["post-7664","page","type-page","status-publish","has-post-thumbnail","hentry"],"yoast_head":"<!-- This site is optimized with the Yoast SEO Premium plugin v14.9 - https:\/\/yoast.com\/wordpress\/plugins\/seo\/ -->\n<title>Negocio de invernadero - Karpatov Technology<\/title>\n<meta name=\"robots\" content=\"index, follow, max-snippet:-1, max-image-preview:large, max-video-preview:-1\" \/>\n<link rel=\"canonical\" href=\"https:\/\/www.karpatov.com\/es\/seracilik\/\" \/>\n<meta property=\"og:locale\" content=\"es_ES\" \/>\n<meta property=\"og:type\" content=\"article\" \/>\n<meta property=\"og:title\" content=\"Negocio de invernadero - Karpatov Technology\" \/>\n<meta property=\"og:description\" content=\"[vc_row css=\u00bb.vc_custom_1452687555475{margin-bottom: 100px !important;}\u00bb][vc_column offset=\u00bbvc_col-lg-9 vc_col-md-9&#8243;][vc_custom_heading source=\u00bbpost_title\u00bb use_theme_fonts=\u00bbyes\u00bb css=\u00bb.vc_custom_1602680676409{margin-bottom: 30px !important;}\u00bb][vc_row_inner css=\u00bb.vc_custom_1453271494452{margin-bottom: 50px !important;}\u00bb][vc_column_inner][vc_single_image source=\u00bbfeatured_image\u00bb img_size=\u00bbfull\u00bb][\/vc_column_inner][\/vc_row_inner][vc_row_inner css=\u00bb.vc_custom_1453271494452{margin-bottom: 50px !important;}\u00bb][vc_column_inner][vc_custom_heading text=\u00bbEl prop\u00f3sito de la planificaci\u00f3n en la industria del invernadero es crear artificialmente las condiciones de desarrollo de plantas m\u00e1s adecuadas en condiciones ambientales que no son adecuadas para la cultivaci\u00f3n, crecimiento y desarrollo de plantas.\u00bb\" \/>\n<meta property=\"og:url\" content=\"https:\/\/www.karpatov.com\/es\/seracilik\/\" \/>\n<meta property=\"og:site_name\" content=\"Karpatov Technology\" \/>\n<meta property=\"article:modified_time\" content=\"2020-10-27T17:20:59+00:00\" \/>\n<meta property=\"og:image\" content=\"https:\/\/www.karpatov.com\/wp-content\/uploads\/2020\/08\/seracilik.jpg\" \/>\n\t<meta property=\"og:image:width\" content=\"1444\" \/>\n\t<meta property=\"og:image:height\" content=\"962\" \/>\n<meta name=\"twitter:card\" content=\"summary_large_image\" \/>\n<script type=\"application\/ld+json\" class=\"yoast-schema-graph\">{\"@context\":\"https:\/\/schema.org\",\"@graph\":[{\"@type\":\"WebSite\",\"@id\":\"https:\/\/www.karpatov.com\/es\/#website\",\"url\":\"https:\/\/www.karpatov.com\/es\/\",\"name\":\"Karpatov Technology\",\"description\":\"Karpatov Teknoloji\",\"potentialAction\":[{\"@type\":\"SearchAction\",\"target\":\"https:\/\/www.karpatov.com\/es\/?s={search_term_string}\",\"query-input\":\"required name=search_term_string\"}],\"inLanguage\":\"es\"},{\"@type\":\"ImageObject\",\"@id\":\"https:\/\/www.karpatov.com\/es\/seracilik\/#primaryimage\",\"inLanguage\":\"es\",\"url\":\"https:\/\/www.karpatov.com\/wp-content\/uploads\/2020\/08\/seracilik.jpg\",\"width\":1444,\"height\":962},{\"@type\":\"WebPage\",\"@id\":\"https:\/\/www.karpatov.com\/es\/seracilik\/#webpage\",\"url\":\"https:\/\/www.karpatov.com\/es\/seracilik\/\",\"name\":\"Negocio de invernadero - Karpatov Technology\",\"isPartOf\":{\"@id\":\"https:\/\/www.karpatov.com\/es\/#website\"},\"primaryImageOfPage\":{\"@id\":\"https:\/\/www.karpatov.com\/es\/seracilik\/#primaryimage\"},\"datePublished\":\"2020-07-17T12:17:36+00:00\",\"dateModified\":\"2020-10-27T17:20:59+00:00\",\"inLanguage\":\"es\",\"potentialAction\":[{\"@type\":\"ReadAction\",\"target\":[\"https:\/\/www.karpatov.com\/es\/seracilik\/\"]}]}]}<\/script>\n<!-- \/ Yoast SEO Premium plugin. -->","_links":{"self":[{"href":"https:\/\/www.karpatov.com\/es\/wp-json\/wp\/v2\/pages\/7664","targetHints":{"allow":["GET"]}}],"collection":[{"href":"https:\/\/www.karpatov.com\/es\/wp-json\/wp\/v2\/pages"}],"about":[{"href":"https:\/\/www.karpatov.com\/es\/wp-json\/wp\/v2\/types\/page"}],"author":[{"embeddable":true,"href":"https:\/\/www.karpatov.com\/es\/wp-json\/wp\/v2\/users\/1"}],"replies":[{"embeddable":true,"href":"https:\/\/www.karpatov.com\/es\/wp-json\/wp\/v2\/comments?post=7664"}],"version-history":[{"count":6,"href":"https:\/\/www.karpatov.com\/es\/wp-json\/wp\/v2\/pages\/7664\/revisions"}],"predecessor-version":[{"id":8419,"href":"https:\/\/www.karpatov.com\/es\/wp-json\/wp\/v2\/pages\/7664\/revisions\/8419"}],"wp:featuredmedia":[{"embeddable":true,"href":"https:\/\/www.karpatov.com\/es\/wp-json\/wp\/v2\/media\/7666"}],"wp:attachment":[{"href":"https:\/\/www.karpatov.com\/es\/wp-json\/wp\/v2\/media?parent=7664"}],"curies":[{"name":"wp","href":"https:\/\/api.w.org\/{rel}","templated":true}]}}