{"id":7641,"date":"2020-07-17T15:39:13","date_gmt":"2020-07-17T12:39:13","guid":{"rendered":"http:\/\/karpatov.com\/meyve-isleme-ve-recel-marmelat-salca-tesisleri\/"},"modified":"2020-10-28T10:08:46","modified_gmt":"2020-10-28T07:08:46","slug":"meyve-isleme-ve-recel-marmelat-salca-tesisleri","status":"publish","type":"page","link":"https:\/\/www.karpatov.com\/es\/meyve-isleme-ve-recel-marmelat-salca-tesisleri\/","title":{"rendered":"Plantas de mermelada, pasta de tomate y procesamiento de frutas"},"content":{"rendered":"<p>[vc_row css=\u00bb.vc_custom_1452687555475{margin-bottom: 100px !important;}\u00bb][vc_column offset=\u00bbvc_col-lg-9 vc_col-md-9&#8243;][vc_custom_heading source=\u00bbpost_title\u00bb use_theme_fonts=\u00bbyes\u00bb css=\u00bb.vc_custom_1596533265656{margin-bottom: 30px !important;}\u00bb][vc_row_inner css=\u00bb.vc_custom_1453271494452{margin-bottom: 50px !important;}\u00bb][vc_column_inner][vc_single_image source=\u00bbfeatured_image\u00bb img_size=\u00bbfull\u00bb][\/vc_column_inner][\/vc_row_inner][vc_separator color=\u00bbcustom\u00bb accent_color=\u00bb#dddddd\u00bb css=\u00bb.vc_custom_1453271595991{margin-bottom: 21px !important;}\u00bb][vc_row_inner css=\u00bb.vc_custom_1453271763899{margin-bottom: 33px !important;}\u00bb][vc_column_inner width=\u00bb1\/4&#8243; css=\u00bb.vc_custom_1453272656287{padding-right: 45px !important;}\u00bb][vc_custom_heading text=\u00bbDISE\u00d1O Y CONSULTAR\u00cdA DE PROYECTOS\u00bb font_container=\u00bbtag:h3|font_size:24px|text_align:right|color:%23222222|line_height:30px\u00bb use_theme_fonts=\u00bbyes\u00bb css_animation=\u00bbfadeInUp\u00bb][\/vc_column_inner][vc_column_inner width=\u00bb3\/4&#8243; css=\u00bb.vc_custom_1453271259318{padding-top: 18px !important;}\u00bb][vc_single_image image=\u00bb7994&#8243; img_size=\u00bbfull\u00bb alignment=\u00bbcenter\u00bb style=\u00bbvc_box_rounded\u00bb][vc_column_text]Los tomates, pimientos y todas las frutas son productos que no se pueden conservar a largo plazo.<\/p>\n<p>Gracias al procesamiento industrial, se aumentan las posibilidades de uso y la duraci\u00f3n de estos productos.<\/p>\n<p>As\u00ed, al aumentar la elasticidad de la oferta, contribuye al cambio de precios en favor del productor agr\u00edcola, y al mismo tiempo proporciona una soluci\u00f3n importante para evitar el desperdicio del producto que no se puede consumir en el per\u00edodo de producci\u00f3n normal.<\/p>\n<p>Gracias al procesamiento de productos agr\u00edcolas, adem\u00e1s de responder a desarrollo y cambio de preferencias del consumidor, las alternativas facilitadoras surgen en condiciones de vida r\u00e1pidas y dif\u00edciles, y esto proporciona ventajas importantes sobre todo a mujeres trabajadoras.[\/vc_column_text][\/vc_column_inner][\/vc_row_inner][vc_separator color=\u00bbcustom\u00bb accent_color=\u00bb#dddddd\u00bb css=\u00bb.vc_custom_1453271595991{margin-bottom: 21px !important;}\u00bb][vc_row_inner css=\u00bb.vc_custom_1453272927441{margin-bottom: 33px !important;}\u00bb][vc_column_inner width=\u00bb1\/4&#8243; css=\u00bb.vc_custom_1453270747989{padding-right: 45px !important;}\u00bb][vc_custom_heading text=\u00bbCONSTRUCCI\u00d3N DE PROYECTOS LLAVE EN MANO\u00bb font_container=\u00bbtag:h3|font_size:24px|text_align:right|color:%23222222|line_height:30px\u00bb use_theme_fonts=\u00bbyes\u00bb css_animation=\u00bbfadeInUp\u00bb][\/vc_column_inner][vc_column_inner width=\u00bb3\/4&#8243; css=\u00bb.vc_custom_1453271259318{padding-top: 18px !important;}\u00bb][vc_single_image image=\u00bb6880&#8243; img_size=\u00bbfull\u00bb alignment=\u00bbcenter\u00bb style=\u00bbvc_box_rounded\u00bb][vc_column_text]INSTALACI\u00d3N DE LA LINEA DE LA PRODUCCI\u00d3N DE MERMELADA, logrando un producto de alta calidad preservando su valor nutricional, color y sabor de fruta.<\/p>\n<p>INSTALACI\u00d3N DE LA LINEA DE PRODUCCI\u00d3N DE PASTA DE TOMATE con los m\u00e1s altos est\u00e1ndares de acuerdo con criterios internacionales, desde tomates frescos hasta etapa de llenado autom\u00e1tico en tarros o latas.[\/vc_column_text][\/vc_column_inner][\/vc_row_inner][\/vc_column][vc_column width=\u00bb1\/4&#8243; offset=\u00bbvc_hidden-sm vc_hidden-xs\u00bb][stm_sidebar sidebar=\u00bb311&#8243;][\/vc_column][\/vc_row]<\/p>\n","protected":false},"excerpt":{"rendered":"<p>[vc_row css=\u00bb.vc_custom_1452687555475{margin-bottom: 100px !important;}\u00bb][vc_column offset=\u00bbvc_col-lg-9 vc_col-md-9&#8243;][vc_custom_heading source=\u00bbpost_title\u00bb use_theme_fonts=\u00bbyes\u00bb css=\u00bb.vc_custom_1596533265656{margin-bottom: 30px !important;}\u00bb][vc_row_inner css=\u00bb.vc_custom_1453271494452{margin-bottom: 50px !important;}\u00bb][vc_column_inner][vc_single_image source=\u00bbfeatured_image\u00bb img_size=\u00bbfull\u00bb][\/vc_column_inner][\/vc_row_inner][vc_separator color=\u00bbcustom\u00bb accent_color=\u00bb#dddddd\u00bb css=\u00bb.vc_custom_1453271595991{margin-bottom: 21px !important;}\u00bb][vc_row_inner css=\u00bb.vc_custom_1453271763899{margin-bottom: 33px !important;}\u00bb][vc_column_inner width=\u00bb1\/4&#8243; css=\u00bb.vc_custom_1453272656287{padding-right: 45px !important;}\u00bb][vc_custom_heading text=\u00bbDISE\u00d1O Y CONSULTAR\u00cdA DE PROYECTOS\u00bb font_container=\u00bbtag:h3|font_size:24px|text_align:right|color:%23222222|line_height:30px\u00bb use_theme_fonts=\u00bbyes\u00bb css_animation=\u00bbfadeInUp\u00bb][\/vc_column_inner][vc_column_inner width=\u00bb3\/4&#8243; css=\u00bb.vc_custom_1453271259318{padding-top: 18px !important;}\u00bb][vc_single_image image=\u00bb7994&#8243; img_size=\u00bbfull\u00bb alignment=\u00bbcenter\u00bb style=\u00bbvc_box_rounded\u00bb][vc_column_text]Los tomates, pimientos y todas las frutas son productos que no se<\/p>\n","protected":false},"author":1,"featured_media":7642,"parent":0,"menu_order":0,"comment_status":"closed","ping_status":"closed","template":"","meta":{"footnotes":""},"class_list":["post-7641","page","type-page","status-publish","has-post-thumbnail","hentry"],"yoast_head":"<!-- This site is optimized with the Yoast SEO Premium plugin v14.9 - https:\/\/yoast.com\/wordpress\/plugins\/seo\/ -->\n<title>Plantas de mermelada, pasta de tomate y procesamiento de frutas - Karpatov Technology<\/title>\n<meta name=\"robots\" content=\"index, follow, max-snippet:-1, max-image-preview:large, max-video-preview:-1\" \/>\n<link rel=\"canonical\" href=\"https:\/\/www.karpatov.com\/es\/meyve-isleme-ve-recel-marmelat-salca-tesisleri\/\" \/>\n<meta property=\"og:locale\" content=\"es_ES\" \/>\n<meta property=\"og:type\" content=\"article\" \/>\n<meta property=\"og:title\" content=\"Plantas de mermelada, pasta de tomate y procesamiento de frutas - Karpatov Technology\" \/>\n<meta property=\"og:description\" content=\"[vc_row css=\u00bb.vc_custom_1452687555475{margin-bottom: 100px !important;}\u00bb][vc_column offset=\u00bbvc_col-lg-9 vc_col-md-9&#8243;][vc_custom_heading source=\u00bbpost_title\u00bb use_theme_fonts=\u00bbyes\u00bb css=\u00bb.vc_custom_1596533265656{margin-bottom: 30px !important;}\u00bb][vc_row_inner css=\u00bb.vc_custom_1453271494452{margin-bottom: 50px !important;}\u00bb][vc_column_inner][vc_single_image source=\u00bbfeatured_image\u00bb img_size=\u00bbfull\u00bb][\/vc_column_inner][\/vc_row_inner][vc_separator color=\u00bbcustom\u00bb accent_color=\u00bb#dddddd\u00bb css=\u00bb.vc_custom_1453271595991{margin-bottom: 21px !important;}\u00bb][vc_row_inner css=\u00bb.vc_custom_1453271763899{margin-bottom: 33px !important;}\u00bb][vc_column_inner width=\u00bb1\/4&#8243; css=\u00bb.vc_custom_1453272656287{padding-right: 45px !important;}\u00bb][vc_custom_heading text=\u00bbDISE\u00d1O Y CONSULTAR\u00cdA DE PROYECTOS\u00bb font_container=\u00bbtag:h3|font_size:24px|text_align:right|color:%23222222|line_height:30px\u00bb use_theme_fonts=\u00bbyes\u00bb css_animation=\u00bbfadeInUp\u00bb][\/vc_column_inner][vc_column_inner width=\u00bb3\/4&#8243; css=\u00bb.vc_custom_1453271259318{padding-top: 18px !important;}\u00bb][vc_single_image image=\u00bb7994&#8243; img_size=\u00bbfull\u00bb alignment=\u00bbcenter\u00bb style=\u00bbvc_box_rounded\u00bb][vc_column_text]Los tomates, pimientos y todas las frutas son productos que no se\" \/>\n<meta property=\"og:url\" content=\"https:\/\/www.karpatov.com\/es\/meyve-isleme-ve-recel-marmelat-salca-tesisleri\/\" \/>\n<meta property=\"og:site_name\" content=\"Karpatov Technology\" \/>\n<meta property=\"article:modified_time\" content=\"2020-10-28T07:08:46+00:00\" \/>\n<meta property=\"og:image\" content=\"https:\/\/www.karpatov.com\/wp-content\/uploads\/2020\/08\/jam-production.jpg\" \/>\n\t<meta property=\"og:image:width\" content=\"1222\" \/>\n\t<meta property=\"og:image:height\" content=\"815\" \/>\n<meta name=\"twitter:card\" content=\"summary_large_image\" \/>\n<script type=\"application\/ld+json\" class=\"yoast-schema-graph\">{\"@context\":\"https:\/\/schema.org\",\"@graph\":[{\"@type\":\"WebSite\",\"@id\":\"https:\/\/www.karpatov.com\/es\/#website\",\"url\":\"https:\/\/www.karpatov.com\/es\/\",\"name\":\"Karpatov Technology\",\"description\":\"Karpatov Teknoloji\",\"potentialAction\":[{\"@type\":\"SearchAction\",\"target\":\"https:\/\/www.karpatov.com\/es\/?s={search_term_string}\",\"query-input\":\"required name=search_term_string\"}],\"inLanguage\":\"es\"},{\"@type\":\"ImageObject\",\"@id\":\"https:\/\/www.karpatov.com\/es\/meyve-isleme-ve-recel-marmelat-salca-tesisleri\/#primaryimage\",\"inLanguage\":\"es\",\"url\":\"https:\/\/www.karpatov.com\/wp-content\/uploads\/2020\/08\/jam-production.jpg\",\"width\":1222,\"height\":815},{\"@type\":\"WebPage\",\"@id\":\"https:\/\/www.karpatov.com\/es\/meyve-isleme-ve-recel-marmelat-salca-tesisleri\/#webpage\",\"url\":\"https:\/\/www.karpatov.com\/es\/meyve-isleme-ve-recel-marmelat-salca-tesisleri\/\",\"name\":\"Plantas de mermelada, pasta de tomate y procesamiento de frutas - Karpatov Technology\",\"isPartOf\":{\"@id\":\"https:\/\/www.karpatov.com\/es\/#website\"},\"primaryImageOfPage\":{\"@id\":\"https:\/\/www.karpatov.com\/es\/meyve-isleme-ve-recel-marmelat-salca-tesisleri\/#primaryimage\"},\"datePublished\":\"2020-07-17T12:39:13+00:00\",\"dateModified\":\"2020-10-28T07:08:46+00:00\",\"inLanguage\":\"es\",\"potentialAction\":[{\"@type\":\"ReadAction\",\"target\":[\"https:\/\/www.karpatov.com\/es\/meyve-isleme-ve-recel-marmelat-salca-tesisleri\/\"]}]}]}<\/script>\n<!-- \/ Yoast SEO Premium plugin. -->","_links":{"self":[{"href":"https:\/\/www.karpatov.com\/es\/wp-json\/wp\/v2\/pages\/7641","targetHints":{"allow":["GET"]}}],"collection":[{"href":"https:\/\/www.karpatov.com\/es\/wp-json\/wp\/v2\/pages"}],"about":[{"href":"https:\/\/www.karpatov.com\/es\/wp-json\/wp\/v2\/types\/page"}],"author":[{"embeddable":true,"href":"https:\/\/www.karpatov.com\/es\/wp-json\/wp\/v2\/users\/1"}],"replies":[{"embeddable":true,"href":"https:\/\/www.karpatov.com\/es\/wp-json\/wp\/v2\/comments?post=7641"}],"version-history":[{"count":2,"href":"https:\/\/www.karpatov.com\/es\/wp-json\/wp\/v2\/pages\/7641\/revisions"}],"predecessor-version":[{"id":8455,"href":"https:\/\/www.karpatov.com\/es\/wp-json\/wp\/v2\/pages\/7641\/revisions\/8455"}],"wp:featuredmedia":[{"embeddable":true,"href":"https:\/\/www.karpatov.com\/es\/wp-json\/wp\/v2\/media\/7642"}],"wp:attachment":[{"href":"https:\/\/www.karpatov.com\/es\/wp-json\/wp\/v2\/media?parent=7641"}],"curies":[{"name":"wp","href":"https:\/\/api.w.org\/{rel}","templated":true}]}}