{"id":7635,"date":"2020-09-14T15:51:23","date_gmt":"2020-09-14T12:51:23","guid":{"rendered":"http:\/\/karpatov.com\/kuluckahaneler\/"},"modified":"2020-10-28T09:41:29","modified_gmt":"2020-10-28T06:41:29","slug":"kuluckahaneler","status":"publish","type":"page","link":"https:\/\/www.karpatov.com\/es\/kuluckahaneler\/","title":{"rendered":"Incubadora"},"content":{"rendered":"<p>[vc_row css=\u00bb.vc_custom_1452687555475{margin-bottom: 100px !important;}\u00bb][vc_column offset=\u00bbvc_col-lg-9 vc_col-md-9&#8243;][vc_custom_heading source=\u00bbpost_title\u00bb use_theme_fonts=\u00bbyes\u00bb css=\u00bb.vc_custom_1600087851775{margin-bottom: 30px !important;}\u00bb][vc_row_inner css=\u00bb.vc_custom_1453271494452{margin-bottom: 50px !important;}\u00bb][vc_column_inner][vc_single_image source=\u00bbfeatured_image\u00bb img_size=\u00bbfull\u00bb][\/vc_column_inner][\/vc_row_inner][vc_separator color=\u00bbcustom\u00bb accent_color=\u00bb#dddddd\u00bb css=\u00bb.vc_custom_1453271595991{margin-bottom: 21px !important;}\u00bb][vc_row_inner css=\u00bb.vc_custom_1453272927441{margin-bottom: 33px !important;}\u00bb][vc_column_inner width=\u00bb1\/4&#8243; css=\u00bb.vc_custom_1453270747989{padding-right: 45px !important;}\u00bb][vc_custom_heading text=\u00bbINCUBADORA\u00bb font_container=\u00bbtag:h3|font_size:24px|text_align:right|color:%23222222|line_height:30px\u00bb use_theme_fonts=\u00bbyes\u00bb css_animation=\u00bbfadeInUp\u00bb][\/vc_column_inner][vc_column_inner width=\u00bb3\/4&#8243; css=\u00bb.vc_custom_1453271259318{padding-top: 18px !important;}\u00bb][vc_column_text]<strong>Nuestros productos<\/strong><\/p>\n<p>La m\u00e1quina de crianza&amp;salida 9600<\/p>\n<p>La m\u00e1quina de crianza&amp;salida 19200<\/p>\n<p>La m\u00e1quina de crianza&amp;salida 38400<\/p>\n<p>La m\u00e1quina de crianza 57600<\/p>\n<p>La m\u00e1quina de crianza 115200<strong>\u00a0<\/strong><\/p>\n<p><strong>M\u00c1QUINA DE TRANSFERENCIA DE HUEVOS<\/strong><\/p>\n<p>Nuestras incubadoras se producen de acuerdo con el n\u00famero de estantes y huevos, y transfiere 150 huevos r\u00e1pidamente sin agitar. Las velocidades de aspirado y elevaci\u00f3n de huevos se pueden ajustar. El sistema est\u00e1 totalmente controlado por el programa PLC. En todo tipo de emergencias, se presiona el bot\u00f3n de parada de emergencia para garantizar que los huevos permanezcan fijos en su ubicaci\u00f3n.[\/vc_column_text][\/vc_column_inner][\/vc_row_inner][\/vc_column][vc_column width=\u00bb1\/4&#8243; offset=\u00bbvc_hidden-sm vc_hidden-xs\u00bb][stm_sidebar sidebar=\u00bb311&#8243;][\/vc_column][\/vc_row]<\/p>\n","protected":false},"excerpt":{"rendered":"<p>[vc_row css=\u00bb.vc_custom_1452687555475{margin-bottom: 100px !important;}\u00bb][vc_column offset=\u00bbvc_col-lg-9 vc_col-md-9&#8243;][vc_custom_heading source=\u00bbpost_title\u00bb use_theme_fonts=\u00bbyes\u00bb css=\u00bb.vc_custom_1600087851775{margin-bottom: 30px !important;}\u00bb][vc_row_inner css=\u00bb.vc_custom_1453271494452{margin-bottom: 50px !important;}\u00bb][vc_column_inner][vc_single_image source=\u00bbfeatured_image\u00bb img_size=\u00bbfull\u00bb][\/vc_column_inner][\/vc_row_inner][vc_separator color=\u00bbcustom\u00bb accent_color=\u00bb#dddddd\u00bb css=\u00bb.vc_custom_1453271595991{margin-bottom: 21px !important;}\u00bb][vc_row_inner css=\u00bb.vc_custom_1453272927441{margin-bottom: 33px !important;}\u00bb][vc_column_inner width=\u00bb1\/4&#8243; css=\u00bb.vc_custom_1453270747989{padding-right: 45px !important;}\u00bb][vc_custom_heading text=\u00bbINCUBADORA\u00bb font_container=\u00bbtag:h3|font_size:24px|text_align:right|color:%23222222|line_height:30px\u00bb use_theme_fonts=\u00bbyes\u00bb css_animation=\u00bbfadeInUp\u00bb][\/vc_column_inner][vc_column_inner width=\u00bb3\/4&#8243; css=\u00bb.vc_custom_1453271259318{padding-top: 18px !important;}\u00bb][vc_column_text]Nuestros productos La m\u00e1quina de crianza&amp;salida 9600 La m\u00e1quina de crianza&amp;salida 19200 La m\u00e1quina de crianza&amp;salida 38400 La m\u00e1quina de<\/p>\n","protected":false},"author":1,"featured_media":7434,"parent":0,"menu_order":0,"comment_status":"closed","ping_status":"closed","template":"","meta":{"footnotes":""},"class_list":["post-7635","page","type-page","status-publish","has-post-thumbnail","hentry"],"yoast_head":"<!-- This site is optimized with the Yoast SEO Premium plugin v14.9 - https:\/\/yoast.com\/wordpress\/plugins\/seo\/ -->\n<title>Incubadora - Karpatov Technology<\/title>\n<meta name=\"robots\" content=\"index, follow, max-snippet:-1, max-image-preview:large, max-video-preview:-1\" \/>\n<link rel=\"canonical\" href=\"https:\/\/www.karpatov.com\/es\/kuluckahaneler\/\" \/>\n<meta property=\"og:locale\" content=\"es_ES\" \/>\n<meta property=\"og:type\" content=\"article\" \/>\n<meta property=\"og:title\" content=\"Incubadora - Karpatov Technology\" \/>\n<meta property=\"og:description\" content=\"[vc_row css=\u00bb.vc_custom_1452687555475{margin-bottom: 100px !important;}\u00bb][vc_column offset=\u00bbvc_col-lg-9 vc_col-md-9&#8243;][vc_custom_heading source=\u00bbpost_title\u00bb use_theme_fonts=\u00bbyes\u00bb css=\u00bb.vc_custom_1600087851775{margin-bottom: 30px !important;}\u00bb][vc_row_inner css=\u00bb.vc_custom_1453271494452{margin-bottom: 50px !important;}\u00bb][vc_column_inner][vc_single_image source=\u00bbfeatured_image\u00bb img_size=\u00bbfull\u00bb][\/vc_column_inner][\/vc_row_inner][vc_separator color=\u00bbcustom\u00bb accent_color=\u00bb#dddddd\u00bb css=\u00bb.vc_custom_1453271595991{margin-bottom: 21px !important;}\u00bb][vc_row_inner css=\u00bb.vc_custom_1453272927441{margin-bottom: 33px !important;}\u00bb][vc_column_inner width=\u00bb1\/4&#8243; css=\u00bb.vc_custom_1453270747989{padding-right: 45px !important;}\u00bb][vc_custom_heading text=\u00bbINCUBADORA\u00bb font_container=\u00bbtag:h3|font_size:24px|text_align:right|color:%23222222|line_height:30px\u00bb use_theme_fonts=\u00bbyes\u00bb css_animation=\u00bbfadeInUp\u00bb][\/vc_column_inner][vc_column_inner width=\u00bb3\/4&#8243; css=\u00bb.vc_custom_1453271259318{padding-top: 18px !important;}\u00bb][vc_column_text]Nuestros productos La m\u00e1quina de crianza&amp;salida 9600 La m\u00e1quina de crianza&amp;salida 19200 La m\u00e1quina de crianza&amp;salida 38400 La m\u00e1quina de\" \/>\n<meta property=\"og:url\" content=\"https:\/\/www.karpatov.com\/es\/kuluckahaneler\/\" \/>\n<meta property=\"og:site_name\" content=\"Karpatov Technology\" \/>\n<meta property=\"article:modified_time\" content=\"2020-10-28T06:41:29+00:00\" \/>\n<meta property=\"og:image\" content=\"https:\/\/www.karpatov.com\/wp-content\/uploads\/2020\/09\/KULUC\u0327KAHANELER.jpg\" \/>\n\t<meta property=\"og:image:width\" content=\"992\" \/>\n\t<meta property=\"og:image:height\" content=\"491\" \/>\n<meta name=\"twitter:card\" content=\"summary_large_image\" \/>\n<script type=\"application\/ld+json\" class=\"yoast-schema-graph\">{\"@context\":\"https:\/\/schema.org\",\"@graph\":[{\"@type\":\"WebSite\",\"@id\":\"https:\/\/www.karpatov.com\/es\/#website\",\"url\":\"https:\/\/www.karpatov.com\/es\/\",\"name\":\"Karpatov Technology\",\"description\":\"Karpatov Teknoloji\",\"potentialAction\":[{\"@type\":\"SearchAction\",\"target\":\"https:\/\/www.karpatov.com\/es\/?s={search_term_string}\",\"query-input\":\"required name=search_term_string\"}],\"inLanguage\":\"es\"},{\"@type\":\"ImageObject\",\"@id\":\"https:\/\/www.karpatov.com\/es\/kuluckahaneler\/#primaryimage\",\"inLanguage\":\"es\",\"url\":\"https:\/\/www.karpatov.com\/wp-content\/uploads\/2020\/09\/KULUC\\u0327KAHANELER.jpg\",\"width\":992,\"height\":491},{\"@type\":\"WebPage\",\"@id\":\"https:\/\/www.karpatov.com\/es\/kuluckahaneler\/#webpage\",\"url\":\"https:\/\/www.karpatov.com\/es\/kuluckahaneler\/\",\"name\":\"Incubadora - Karpatov Technology\",\"isPartOf\":{\"@id\":\"https:\/\/www.karpatov.com\/es\/#website\"},\"primaryImageOfPage\":{\"@id\":\"https:\/\/www.karpatov.com\/es\/kuluckahaneler\/#primaryimage\"},\"datePublished\":\"2020-09-14T12:51:23+00:00\",\"dateModified\":\"2020-10-28T06:41:29+00:00\",\"inLanguage\":\"es\",\"potentialAction\":[{\"@type\":\"ReadAction\",\"target\":[\"https:\/\/www.karpatov.com\/es\/kuluckahaneler\/\"]}]}]}<\/script>\n<!-- \/ Yoast SEO Premium plugin. -->","_links":{"self":[{"href":"https:\/\/www.karpatov.com\/es\/wp-json\/wp\/v2\/pages\/7635","targetHints":{"allow":["GET"]}}],"collection":[{"href":"https:\/\/www.karpatov.com\/es\/wp-json\/wp\/v2\/pages"}],"about":[{"href":"https:\/\/www.karpatov.com\/es\/wp-json\/wp\/v2\/types\/page"}],"author":[{"embeddable":true,"href":"https:\/\/www.karpatov.com\/es\/wp-json\/wp\/v2\/users\/1"}],"replies":[{"embeddable":true,"href":"https:\/\/www.karpatov.com\/es\/wp-json\/wp\/v2\/comments?post=7635"}],"version-history":[{"count":1,"href":"https:\/\/www.karpatov.com\/es\/wp-json\/wp\/v2\/pages\/7635\/revisions"}],"predecessor-version":[{"id":8428,"href":"https:\/\/www.karpatov.com\/es\/wp-json\/wp\/v2\/pages\/7635\/revisions\/8428"}],"wp:featuredmedia":[{"embeddable":true,"href":"https:\/\/www.karpatov.com\/es\/wp-json\/wp\/v2\/media\/7434"}],"wp:attachment":[{"href":"https:\/\/www.karpatov.com\/es\/wp-json\/wp\/v2\/media?parent=7635"}],"curies":[{"name":"wp","href":"https:\/\/api.w.org\/{rel}","templated":true}]}}