{"id":7620,"date":"2017-02-08T09:59:59","date_gmt":"2017-02-08T06:59:59","guid":{"rendered":"http:\/\/karpatov.com\/iletisim\/"},"modified":"2026-02-28T13:56:32","modified_gmt":"2026-02-28T10:56:32","slug":"iletisim","status":"publish","type":"page","link":"https:\/\/www.karpatov.com\/es\/iletisim\/","title":{"rendered":"Contacto"},"content":{"rendered":"<p>[vc_row full_height=\u00bbyes\u00bb columns_placement=\u00bbtop\u00bb equal_height=\u00bbyes\u00bb][vc_column offset=\u00bbvc_col-lg-8&#8243; css=\u00bb.vc_custom_1485439524000{padding-top: 58px !important;}\u00bb][vc_custom_heading text=\u00bbInformaci\u00f3n de contacto\u00bb google_fonts=\u00bbfont_family:Poppins%3A300%2Cregular%2C500%2C600%2C700|font_style:700%20bold%3A700%3Anormal\u00bb css=\u00bb.vc_custom_1604303380497{margin-bottom: 51px !important;}\u00bb][vc_column_text css=\u00bb.vc_custom_1605513666947{margin-bottom: 30px !important;}\u00bb]<\/p>\n<div>Puede comunicarse con nosotros 24\/7 a trav\u00e9s de nuestro formulario de contacto.<\/div>\n<p>[\/vc_column_text][vc_custom_heading stripe_pos=\u00bbhide\u00bb text=\u00bbOficina Central\u00bb font_container=\u00bbtag:h3|font_size:20px|text_align:left|color:%23222222|line_height:45px\u00bb google_fonts=\u00bbfont_family:Montserrat%3Aregular%2C700|font_style:700%20bold%20regular%3A700%3Anormal\u00bb el_class=\u00bbborder_base_color\u00bb css=\u00bb.vc_custom_1604303399436{margin-top: -5px !important;margin-bottom: -22px !important;border-top-width: 3px !important;padding-top: 0px !important;padding-bottom: 10px !important;border-top-style: solid !important;}\u00bb][vc_row_inner][vc_column_inner width=\u00bb1\/2&#8243; css=\u00bb.vc_custom_1485495966997{margin-bottom: 5px !important;}\u00bb][stm_contacts_widget style=\u00bbstyle_4&#8243; address=\u00bbAvenida \u0130n\u00f6n\u00fc No:672 D:13<br \/>\n\u0130ZM\u0130R\/TURQU\u00cdA\u00bb phone=\u00bb+90 532 276 4277&#8243; phone_two=\u00bb+90 532 276 4277&#8243;][\/vc_column_inner][vc_column_inner width=\u00bb1\/2&#8243; css=\u00bb.vc_custom_1485495976629{margin-bottom: 5px !important;}\u00bb][stm_contacts_widget style=\u00bbstyle_4&#8243; facebook=\u00bb#\u00bb twitter=\u00bb#\u00bb linkedin=\u00bb#\u00bb google_plus=\u00bb#\u00bb skype=\u00bb#\u00bb schedule=\u00bbLunes\u2013S\u00e1bado: 08:00\u201318:00<br \/>\nDomingo: Cerrado\u00bb email=\u00bbinfo@karpatov.com\u00bb][\/vc_column_inner][\/vc_row_inner][vc_row_inner css=\u00bb.vc_custom_1485437972924{margin-bottom: 30px !important;}\u00bb][vc_column_inner width=\u00bb1\/3&#8243; css=\u00bb.vc_custom_1485495781846{margin-bottom: 20px !important;}\u00bb][vc_single_image image=\u00bb8771&#8243; img_size=\u00bbfull\u00bb][vc_custom_heading stripe_pos=\u00bbhide\u00bb text=\u00bbDirector General\u00bb font_container=\u00bbtag:h3|font_size:20px|text_align:left|color:%23222222|line_height:45px\u00bb google_fonts=\u00bbfont_family:Montserrat%3Aregular%2C700|font_style:700%20bold%20regular%3A700%3Anormal\u00bb el_class=\u00bbborder_base_color\u00bb css=\u00bb.vc_custom_1604303525001{margin-top: -7px !important;margin-bottom: -22px !important;border-top-width: 3px !important;padding-top: 0px !important;padding-bottom: 16px !important;border-top-style: solid !important;}\u00bb][vc_column_text]<\/p>\n<h5 class=\"\">TU\u011eRUL G\u00dcRI\u015e<\/h5>\n<div class=\"stm_contact_row\"><i class=\"fa fa-phone\"><\/i>Tel:(+90) 532 276 4277<\/div>\n<div class=\"stm_contact_row\"><i class=\"fa fa-envelope\"><\/i><a href=\"mailto:tugrul@karpatov.com\">tugrul@karpatov.com<\/a><\/div>\n<p>[\/vc_column_text][\/vc_column_inner][vc_column_inner width=\u00bb1\/3&#8243; css=\u00bb.vc_custom_1485495786512{margin-bottom: 20px !important;}\u00bb][vc_single_image image=\u00bb8777&#8243; img_size=\u00bbfull\u00bb][vc_custom_heading stripe_pos=\u00bbhide\u00bb text=\u00bbSucursal de la Federaci\u00f3n Rusa\u00bb font_container=\u00bbtag:h3|font_size:20px|text_align:left|color:%23222222|line_height:45px\u00bb google_fonts=\u00bbfont_family:Montserrat%3Aregular%2C700|font_style:700%20bold%20regular%3A700%3Anormal\u00bb el_class=\u00bbborder_base_color\u00bb css=\u00bb.vc_custom_1730364657698{margin-top: -7px !important;margin-bottom: -22px !important;border-top-width: 3px !important;padding-top: 0px !important;padding-bottom: 16px !important;border-top-style: solid !important;}\u00bb][vc_column_text]<\/p>\n<h5 class=\"\">ANDREY ALMEKAEV<\/h5>\n<div class=\"stm_contact_job\">Limited Liability Company \u00abINTA\u00bb<br \/>\nEkaterinburg\/Russia<\/div>\n<div class=\"stm_contact_row\"><i class=\"fa fa-phone\"><\/i>Tel:+7 (912) 653 28 80<\/div>\n<div class=\"stm_contact_row\"><i class=\"fa fa-envelope\"><\/i><a href=\"mailto:andrey@karpatov.com\">andrey@karpatov.com<\/a><\/div>\n<p>[\/vc_column_text][\/vc_column_inner][\/vc_row_inner][vc_row_inner css=\u00bb.vc_custom_1485437972924{margin-bottom: 30px !important;}\u00bb][vc_column_inner width=\u00bb1\/3&#8243; css=\u00bb.vc_custom_1485495786512{margin-bottom: 20px !important;}\u00bb][\/vc_column_inner][vc_column_inner width=\u00bb1\/3&#8243;][\/vc_column_inner][\/vc_row_inner][vc_row_inner css=\u00bb.vc_custom_1485437972924{margin-bottom: 30px !important;}\u00bb][vc_column_inner width=\u00bb1\/3&#8243; css=\u00bb.vc_custom_1485495781846{margin-bottom: 20px !important;}\u00bb][\/vc_column_inner][vc_column_inner width=\u00bb1\/3&#8243; css=\u00bb.vc_custom_1485495786512{margin-bottom: 20px !important;}\u00bb][\/vc_column_inner][vc_column_inner width=\u00bb1\/3&#8243;][\/vc_column_inner][\/vc_row_inner][\/vc_column][vc_column css=\u00bb.vc_custom_1485496553792{padding-top: 20px !important;padding-bottom: 40px !important;background-color: #f2f2f2 !important;}\u00bb offset=\u00bbvc_col-lg-4&#8243; el_class=\u00bbform_full-right_width\u00bb][vc_custom_heading text=\u00bbFormulario de contacto\u00bb font_container=\u00bbtag:h4|text_align:left\u00bb google_fonts=\u00bbfont_family:Montserrat%3Aregular%2C700|font_style:700%20bold%20regular%3A700%3Anormal\u00bb]\n<div class=\"wpcf7 no-js\" id=\"wpcf7-f8345-o1\" lang=\"en-US\" dir=\"ltr\" data-wpcf7-id=\"8345\">\n<div class=\"screen-reader-response\"><p role=\"status\" aria-live=\"polite\" aria-atomic=\"true\"><\/p> <ul><\/ul><\/div>\n<form action=\"\/es\/wp-json\/wp\/v2\/pages\/7620#wpcf7-f8345-o1\" method=\"post\" class=\"wpcf7-form init\" aria-label=\"Contact form\" novalidate=\"novalidate\" data-status=\"init\">\n<fieldset class=\"hidden-fields-container\"><input type=\"hidden\" name=\"_wpcf7\" value=\"8345\" \/><input type=\"hidden\" name=\"_wpcf7_version\" value=\"6.1.4\" \/><input type=\"hidden\" name=\"_wpcf7_locale\" value=\"en_US\" \/><input type=\"hidden\" name=\"_wpcf7_unit_tag\" value=\"wpcf7-f8345-o1\" \/><input type=\"hidden\" name=\"_wpcf7_container_post\" value=\"0\" \/><input type=\"hidden\" name=\"_wpcf7_posted_data_hash\" value=\"\" \/>\n<\/fieldset>\n<div class=\"request_callback\">\n\t<div class=\"input-group\">\n\t\t<p><span class=\"wpcf7-form-control-wrap\" data-name=\"message\"><textarea cols=\"40\" rows=\"10\" maxlength=\"2000\" class=\"wpcf7-form-control wpcf7-textarea wpcf7-validates-as-required height147\" aria-required=\"true\" aria-invalid=\"false\" placeholder=\"Mensaje *\" name=\"message\"><\/textarea><\/span>\n\t\t<\/p>\n\t<\/div>\n\t<div class=\"input-group\">\n\t\t<p><span class=\"wpcf7-form-control-wrap\" data-name=\"text-name\"><input size=\"40\" maxlength=\"400\" class=\"wpcf7-form-control wpcf7-text wpcf7-validates-as-required\" aria-required=\"true\" aria-invalid=\"false\" placeholder=\"Nombre-Apellido *\" value=\"\" type=\"text\" name=\"text-name\" \/><\/span>\n\t\t<\/p>\n\t<\/div>\n\t<div class=\"input-group\">\n\t\t<p><span class=\"wpcf7-form-control-wrap\" data-name=\"email\"><input size=\"40\" maxlength=\"400\" class=\"wpcf7-form-control wpcf7-email wpcf7-validates-as-required wpcf7-text wpcf7-validates-as-email\" aria-required=\"true\" aria-invalid=\"false\" placeholder=\"Correo electr\u00f3nico *\" value=\"\" type=\"email\" name=\"email\" \/><\/span>\n\t\t<\/p>\n\t<\/div>\n\t<div class=\"input-group\">\n\t\t<p><span class=\"wpcf7-form-control-wrap\" data-name=\"subject\"><input size=\"40\" maxlength=\"400\" class=\"wpcf7-form-control wpcf7-text wpcf7-validates-as-required\" aria-required=\"true\" aria-invalid=\"false\" placeholder=\"tema *\" value=\"\" type=\"text\" name=\"subject\" \/><\/span>\n\t\t<\/p>\n\t<\/div>\n\t<div class=\"input-group\">\n\t\t<p><button type=\"submit\" class=\"button size-lg icon_right\">Enviar <i class=\"fa fa-chevron-right\"><\/i><\/button>\n\t\t<\/p>\n\t<\/div>\n<\/div><div class=\"wpcf7-response-output\" aria-hidden=\"true\"><\/div>\n<\/form>\n<\/div>\n[\/vc_column][\/vc_row]<\/p>\n","protected":false},"excerpt":{"rendered":"<p>[vc_row full_height=\u00bbyes\u00bb columns_placement=\u00bbtop\u00bb equal_height=\u00bbyes\u00bb][vc_column offset=\u00bbvc_col-lg-8&#8243; css=\u00bb.vc_custom_1485439524000{padding-top: 58px !important;}\u00bb][vc_custom_heading text=\u00bbInformaci\u00f3n de contacto\u00bb google_fonts=\u00bbfont_family:Poppins%3A300%2Cregular%2C500%2C600%2C700|font_style:700%20bold%3A700%3Anormal\u00bb css=\u00bb.vc_custom_1604303380497{margin-bottom: 51px !important;}\u00bb][vc_column_text css=\u00bb.vc_custom_1605513666947{margin-bottom: 30px !important;}\u00bb] Puede comunicarse con nosotros 24\/7 a trav\u00e9s de nuestro formulario de contacto. [\/vc_column_text][vc_custom_heading stripe_pos=\u00bbhide\u00bb text=\u00bbOficina Central\u00bb font_container=\u00bbtag:h3|font_size:20px|text_align:left|color:%23222222|line_height:45px\u00bb google_fonts=\u00bbfont_family:Montserrat%3Aregular%2C700|font_style:700%20bold%20regular%3A700%3Anormal\u00bb el_class=\u00bbborder_base_color\u00bb css=\u00bb.vc_custom_1604303399436{margin-top: -5px !important;margin-bottom: -22px !important;border-top-width: 3px !important;padding-top: 0px !important;padding-bottom: 10px !important;border-top-style: solid !important;}\u00bb][vc_row_inner][vc_column_inner width=\u00bb1\/2&#8243; css=\u00bb.vc_custom_1485495966997{margin-bottom: 5px !important;}\u00bb][stm_contacts_widget style=\u00bbstyle_4&#8243;<\/p>\n","protected":false},"author":1,"featured_media":0,"parent":0,"menu_order":0,"comment_status":"closed","ping_status":"closed","template":"","meta":{"footnotes":""},"class_list":["post-7620","page","type-page","status-publish","hentry"],"yoast_head":"<!-- This site is optimized with the Yoast SEO Premium plugin v14.9 - https:\/\/yoast.com\/wordpress\/plugins\/seo\/ -->\n<title>Contacto - Karpatov Technology<\/title>\n<meta name=\"robots\" content=\"index, follow, max-snippet:-1, max-image-preview:large, max-video-preview:-1\" \/>\n<link rel=\"canonical\" href=\"https:\/\/www.karpatov.com\/es\/iletisim\/\" \/>\n<meta property=\"og:locale\" content=\"es_ES\" \/>\n<meta property=\"og:type\" content=\"article\" \/>\n<meta property=\"og:title\" content=\"Contacto - Karpatov Technology\" \/>\n<meta property=\"og:description\" content=\"[vc_row full_height=\u00bbyes\u00bb columns_placement=\u00bbtop\u00bb equal_height=\u00bbyes\u00bb][vc_column offset=\u00bbvc_col-lg-8&#8243; css=\u00bb.vc_custom_1485439524000{padding-top: 58px !important;}\u00bb][vc_custom_heading text=\u00bbInformaci\u00f3n de contacto\u00bb google_fonts=\u00bbfont_family:Poppins%3A300%2Cregular%2C500%2C600%2C700|font_style:700%20bold%3A700%3Anormal\u00bb css=\u00bb.vc_custom_1604303380497{margin-bottom: 51px !important;}\u00bb][vc_column_text css=\u00bb.vc_custom_1605513666947{margin-bottom: 30px !important;}\u00bb] Puede comunicarse con nosotros 24\/7 a trav\u00e9s de nuestro formulario de contacto. [\/vc_column_text][vc_custom_heading stripe_pos=\u00bbhide\u00bb text=\u00bbOficina Central\u00bb font_container=\u00bbtag:h3|font_size:20px|text_align:left|color:%23222222|line_height:45px\u00bb google_fonts=\u00bbfont_family:Montserrat%3Aregular%2C700|font_style:700%20bold%20regular%3A700%3Anormal\u00bb el_class=\u00bbborder_base_color\u00bb css=\u00bb.vc_custom_1604303399436{margin-top: -5px !important;margin-bottom: -22px !important;border-top-width: 3px !important;padding-top: 0px !important;padding-bottom: 10px !important;border-top-style: solid !important;}\u00bb][vc_row_inner][vc_column_inner width=\u00bb1\/2&#8243; css=\u00bb.vc_custom_1485495966997{margin-bottom: 5px !important;}\u00bb][stm_contacts_widget style=\u00bbstyle_4&#8243;\" \/>\n<meta property=\"og:url\" content=\"https:\/\/www.karpatov.com\/es\/iletisim\/\" \/>\n<meta property=\"og:site_name\" content=\"Karpatov Technology\" \/>\n<meta property=\"article:modified_time\" content=\"2026-02-28T10:56:32+00:00\" \/>\n<meta name=\"twitter:card\" content=\"summary_large_image\" \/>\n<script type=\"application\/ld+json\" class=\"yoast-schema-graph\">{\"@context\":\"https:\/\/schema.org\",\"@graph\":[{\"@type\":\"WebSite\",\"@id\":\"https:\/\/www.karpatov.com\/es\/#website\",\"url\":\"https:\/\/www.karpatov.com\/es\/\",\"name\":\"Karpatov Technology\",\"description\":\"Karpatov Teknoloji\",\"potentialAction\":[{\"@type\":\"SearchAction\",\"target\":\"https:\/\/www.karpatov.com\/es\/?s={search_term_string}\",\"query-input\":\"required name=search_term_string\"}],\"inLanguage\":\"es\"},{\"@type\":\"WebPage\",\"@id\":\"https:\/\/www.karpatov.com\/es\/iletisim\/#webpage\",\"url\":\"https:\/\/www.karpatov.com\/es\/iletisim\/\",\"name\":\"Contacto - Karpatov Technology\",\"isPartOf\":{\"@id\":\"https:\/\/www.karpatov.com\/es\/#website\"},\"datePublished\":\"2017-02-08T06:59:59+00:00\",\"dateModified\":\"2026-02-28T10:56:32+00:00\",\"inLanguage\":\"es\",\"potentialAction\":[{\"@type\":\"ReadAction\",\"target\":[\"https:\/\/www.karpatov.com\/es\/iletisim\/\"]}]}]}<\/script>\n<!-- \/ Yoast SEO Premium plugin. -->","_links":{"self":[{"href":"https:\/\/www.karpatov.com\/es\/wp-json\/wp\/v2\/pages\/7620","targetHints":{"allow":["GET"]}}],"collection":[{"href":"https:\/\/www.karpatov.com\/es\/wp-json\/wp\/v2\/pages"}],"about":[{"href":"https:\/\/www.karpatov.com\/es\/wp-json\/wp\/v2\/types\/page"}],"author":[{"embeddable":true,"href":"https:\/\/www.karpatov.com\/es\/wp-json\/wp\/v2\/users\/1"}],"replies":[{"embeddable":true,"href":"https:\/\/www.karpatov.com\/es\/wp-json\/wp\/v2\/comments?post=7620"}],"version-history":[{"count":22,"href":"https:\/\/www.karpatov.com\/es\/wp-json\/wp\/v2\/pages\/7620\/revisions"}],"predecessor-version":[{"id":9032,"href":"https:\/\/www.karpatov.com\/es\/wp-json\/wp\/v2\/pages\/7620\/revisions\/9032"}],"wp:attachment":[{"href":"https:\/\/www.karpatov.com\/es\/wp-json\/wp\/v2\/media?parent=7620"}],"curies":[{"name":"wp","href":"https:\/\/api.w.org\/{rel}","templated":true}]}}