{"id":7603,"date":"2015-12-15T07:37:33","date_gmt":"2015-12-15T04:37:33","guid":{"rendered":"http:\/\/karpatov.com\/hakkimizda\/"},"modified":"2020-11-11T15:10:49","modified_gmt":"2020-11-11T12:10:49","slug":"hakkimizda","status":"publish","type":"page","link":"https:\/\/www.karpatov.com\/es\/hakkimizda\/","title":{"rendered":"Sobre Nosotros"},"content":{"rendered":"<p>[vc_row css=\u00bb.vc_custom_1451991003825{margin-bottom: 100px !important;}\u00bb][vc_column offset=\u00bbvc_col-lg-9 vc_col-md-9&#8243;][vc_column_text css=\u00bb.vc_custom_1603810264297{margin-top: 40px !important;}\u00bb]<\/p>\n<p class=\"p1\"><b>Soluc\u0131ones exitosas para inversores<\/b><\/p>\n<p class=\"p2\">TECNOLOG\u00cdA KARPATOV; Junto con sus SOCIOS DE SOLUCI\u00d3N que han demostrado su \u00e9xito en el \u00e1mbito internacional, es un ejemplo de una combinaci\u00f3n orientada al \u00e9xito que se dirige principalmente a la satisfacci\u00f3n del cliente en el \u00e1mbito internacional.<span class=\"Apple-converted-space\">\u00a0<\/span><\/p>\n<p class=\"p3\">TECNOLOG\u00cdA KARPATOV; es un equipo profesional que se compromete a realizar sus proyectos e inversiones con usted de la manera m\u00e1s realista, f\u00e1cil y econ\u00f3mica.<\/p>\n<p class=\"p3\">TECNOLOG\u00cdA KARPATOV; Transmite toda la informaci\u00f3n que necesita junto con las compa\u00f1\u00edas que son SOCIOS DE SOLUCI\u00d3N de la manera m\u00e1s correcta. Le transfiere su conocimiento y experiencia a trav\u00e9s de Expertos Consultores de Proyectos, y le permite realizar el proyecto m\u00e1s preciso de la manera m\u00e1s econ\u00f3mica.<\/p>\n<p>[\/vc_column_text][vc_column_text css=\u00bb.vc_custom_1603810285217{margin-bottom: 34px !important;}\u00bb]<\/p>\n<blockquote><p>CONSULTA,SOLUCIONA,GANA ..<\/p><\/blockquote>\n<p>[\/vc_column_text][vc_row_inner][vc_column_inner width=\u00bb1\/2&#8243;][vc_custom_heading text=\u00bbPara inversores\u00bb font_container=\u00bbtag:h4|text_align:left|color:%23222222&#8243; use_theme_fonts=\u00bbyes\u00bb css=\u00bb.vc_custom_1605096646111{margin-bottom: 15px !important;}\u00bb el_class=\u00bbno_stripe\u00bb][vc_column_text]<\/p>\n<ul class=\"ul1\">\n<li class=\"li1\"><b>Informacion correcta<\/b><\/li>\n<li class=\"li1\"><b>Direcc\u0131\u00f3n correcta<\/b><\/li>\n<li class=\"li1\"><b>Enfoque consistente<\/b><\/li>\n<li class=\"li1\"><b>Soluci\u00f3n inteligente<\/b><\/li>\n<li class=\"li1\"><b>Buena ganancia<\/b><\/li>\n<\/ul>\n<div id=\"gtx-trans\" style=\"position: absolute; left: 131px; top: 38px;\">\n<div class=\"gtx-trans-icon\"><\/div>\n<\/div>\n<p>[\/vc_column_text][\/vc_column_inner][vc_column_inner width=\u00bb1\/2&#8243;][vc_single_image image=\u00bb7513&#8243; img_size=\u00bbfull\u00bb alignment=\u00bbcenter\u00bb style=\u00bbvc_box_rounded\u00bb css_animation=\u00bbfadeInRight\u00bb][\/vc_column_inner][\/vc_row_inner][vc_column_text css=\u00bb.vc_custom_1603810360038{margin-top: 40px !important;}\u00bb]<\/p>\n<p class=\"p1\"><b>Proyecto de entrega llave<\/b><\/p>\n<p class=\"p2\">Con el fin de satisfacer las necesidades y expectativas de nuestros clientes al m\u00e1s alto nivel, los an\u00e1lisis previos de nuestro equipo de viabilidad se presentan a nuestros expertos que preparar\u00e1n el proyecto. Todos los proyectos est\u00e1n dise\u00f1ados de acuerdo con el espacio y las necesidades de nuestros clientes.<\/p>\n<p class=\"p2\">Los proyectos son llevados a cabo por equipos de instalaci\u00f3n expertos que trabajan en nuestra estructura y, una vez completada la instalaci\u00f3n, se brinda capacitaci\u00f3n sobre todos los detalles del sistema operativo.<\/p>\n<p class=\"p2\">La gesti\u00f3n de calidad se basa en crear conciencia de calidad en todos los procesos comerciales. Nuestro sistema de gesti\u00f3n de calidad est\u00e1 estructurado para garantizar que las necesidades y expectativas de nuestros clientes se cumplan de la manera m\u00e1s efectiva y precisa.<\/p>\n<p class=\"p2\">Adoptamos un enfoque de trabajo coordinado con nuestros clientes en nuestros servicios de dise\u00f1o y contrataci\u00f3n de proyectos. Nuestro experimentado equipo de proyectos le informa sobre cuestiones importantes como la idoneidad f\u00edsica, el an\u00e1lisis de factibilidad, el costo del borrador del proyecto y el costo operativo.<\/p>\n<p class=\"p2\">El dise\u00f1o de sus proyectos, la transferencia de referencias similares a sus proyectos y la realizaci\u00f3n de nuevos estudios espec\u00edficos para usted se encuentran entre los temas principales de nuestro equipo de proyecto.<\/p>\n<p class=\"p2\">Como todos sabemos, los proyectos industriales son inversiones irreversibles. Conforme a su solicitud; Estamos con usted con nuestro equipo experimentado y experto en sus proyectos que puede utilizar con cero errores y de forma segura.<\/p>\n<div id=\"gtx-trans\" style=\"position: absolute; left: 125px; top: -10px;\">\n<div class=\"gtx-trans-icon\"><\/div>\n<\/div>\n<p>[\/vc_column_text][\/vc_column][vc_column width=\u00bb1\/4&#8243; offset=\u00bbvc_hidden-sm vc_hidden-xs\u00bb][stm_sidebar sidebar=\u00bb311&#8243;][\/vc_column][\/vc_row][vc_row full_width=\u00bbstretch_row\u00bb el_class=\u00bbthird_bg_color\u00bb css=\u00bb.vc_custom_1451889219674{margin-bottom: -60px !important;}\u00bb][vc_column][vc_cta h2=\u00bb\u00bfLe gustar\u00eda comunicarse con nuestro representante m\u00e1s cercano?\u00bb h2_font_container=\u00bbfont_size:20px|color:%23000000|line_height:24px\u00bb h2_use_theme_fonts=\u00bbyes\u00bb shape=\u00bbsquare\u00bb style=\u00bbflat\u00bb add_button=\u00bbright\u00bb btn_title=\u00bbContacto\u00bb btn_style=\u00bbflat\u00bb btn_color=\u00bbtheme_style_2&#8243; btn_align=\u00bbright\u00bb btn_i_align=\u00bbright\u00bb btn_i_icon_fontawesome=\u00bbstm-online-address\u00bb use_custom_fonts_h2=\u00bbtrue\u00bb btn_button_block=\u00bbtrue\u00bb btn_add_icon=\u00bbtrue\u00bb el_class=\u00bbthird_bg_color\u00bb css=\u00bb.vc_custom_1603810399910{margin-bottom: 0px !important;}\u00bb btn_link=\u00bburl:%2Fes%2Filetisim|||\u00bb][\/vc_cta][\/vc_column][\/vc_row]<\/p>\n","protected":false},"excerpt":{"rendered":"<p>[vc_row css=\u00bb.vc_custom_1451991003825{margin-bottom: 100px !important;}\u00bb][vc_column offset=\u00bbvc_col-lg-9 vc_col-md-9&#8243;][vc_column_text css=\u00bb.vc_custom_1603810264297{margin-top: 40px !important;}\u00bb] Soluc\u0131ones exitosas para inversores TECNOLOG\u00cdA KARPATOV; Junto con sus SOCIOS DE SOLUCI\u00d3N que han demostrado su \u00e9xito en el \u00e1mbito internacional, es un ejemplo de una combinaci\u00f3n orientada al \u00e9xito que se dirige principalmente a la satisfacci\u00f3n del cliente en el \u00e1mbito internacional.\u00a0 TECNOLOG\u00cdA KARPATOV; es<\/p>\n","protected":false},"author":1,"featured_media":0,"parent":0,"menu_order":0,"comment_status":"closed","ping_status":"closed","template":"","meta":{"footnotes":""},"class_list":["post-7603","page","type-page","status-publish","hentry"],"yoast_head":"<!-- This site is optimized with the Yoast SEO Premium plugin v14.9 - https:\/\/yoast.com\/wordpress\/plugins\/seo\/ -->\n<title>Sobre Nosotros - Karpatov Technology<\/title>\n<meta name=\"robots\" content=\"index, follow, max-snippet:-1, max-image-preview:large, max-video-preview:-1\" \/>\n<link rel=\"canonical\" href=\"https:\/\/www.karpatov.com\/es\/hakkimizda\/\" \/>\n<meta property=\"og:locale\" content=\"es_ES\" \/>\n<meta property=\"og:type\" content=\"article\" \/>\n<meta property=\"og:title\" content=\"Sobre Nosotros - Karpatov Technology\" \/>\n<meta property=\"og:description\" content=\"[vc_row css=\u00bb.vc_custom_1451991003825{margin-bottom: 100px !important;}\u00bb][vc_column offset=\u00bbvc_col-lg-9 vc_col-md-9&#8243;][vc_column_text css=\u00bb.vc_custom_1603810264297{margin-top: 40px !important;}\u00bb] Soluc\u0131ones exitosas para inversores TECNOLOG\u00cdA KARPATOV; Junto con sus SOCIOS DE SOLUCI\u00d3N que han demostrado su \u00e9xito en el \u00e1mbito internacional, es un ejemplo de una combinaci\u00f3n orientada al \u00e9xito que se dirige principalmente a la satisfacci\u00f3n del cliente en el \u00e1mbito internacional.\u00a0 TECNOLOG\u00cdA KARPATOV; es\" \/>\n<meta property=\"og:url\" content=\"https:\/\/www.karpatov.com\/es\/hakkimizda\/\" \/>\n<meta property=\"og:site_name\" content=\"Karpatov Technology\" \/>\n<meta property=\"article:modified_time\" content=\"2020-11-11T12:10:49+00:00\" \/>\n<meta name=\"twitter:card\" content=\"summary_large_image\" \/>\n<script type=\"application\/ld+json\" class=\"yoast-schema-graph\">{\"@context\":\"https:\/\/schema.org\",\"@graph\":[{\"@type\":\"WebSite\",\"@id\":\"https:\/\/www.karpatov.com\/es\/#website\",\"url\":\"https:\/\/www.karpatov.com\/es\/\",\"name\":\"Karpatov Technology\",\"description\":\"Karpatov Teknoloji\",\"potentialAction\":[{\"@type\":\"SearchAction\",\"target\":\"https:\/\/www.karpatov.com\/es\/?s={search_term_string}\",\"query-input\":\"required name=search_term_string\"}],\"inLanguage\":\"es\"},{\"@type\":\"WebPage\",\"@id\":\"https:\/\/www.karpatov.com\/es\/hakkimizda\/#webpage\",\"url\":\"https:\/\/www.karpatov.com\/es\/hakkimizda\/\",\"name\":\"Sobre Nosotros - Karpatov Technology\",\"isPartOf\":{\"@id\":\"https:\/\/www.karpatov.com\/es\/#website\"},\"datePublished\":\"2015-12-15T04:37:33+00:00\",\"dateModified\":\"2020-11-11T12:10:49+00:00\",\"inLanguage\":\"es\",\"potentialAction\":[{\"@type\":\"ReadAction\",\"target\":[\"https:\/\/www.karpatov.com\/es\/hakkimizda\/\"]}]}]}<\/script>\n<!-- \/ Yoast SEO Premium plugin. -->","_links":{"self":[{"href":"https:\/\/www.karpatov.com\/es\/wp-json\/wp\/v2\/pages\/7603","targetHints":{"allow":["GET"]}}],"collection":[{"href":"https:\/\/www.karpatov.com\/es\/wp-json\/wp\/v2\/pages"}],"about":[{"href":"https:\/\/www.karpatov.com\/es\/wp-json\/wp\/v2\/types\/page"}],"author":[{"embeddable":true,"href":"https:\/\/www.karpatov.com\/es\/wp-json\/wp\/v2\/users\/1"}],"replies":[{"embeddable":true,"href":"https:\/\/www.karpatov.com\/es\/wp-json\/wp\/v2\/comments?post=7603"}],"version-history":[{"count":5,"href":"https:\/\/www.karpatov.com\/es\/wp-json\/wp\/v2\/pages\/7603\/revisions"}],"predecessor-version":[{"id":8625,"href":"https:\/\/www.karpatov.com\/es\/wp-json\/wp\/v2\/pages\/7603\/revisions\/8625"}],"wp:attachment":[{"href":"https:\/\/www.karpatov.com\/es\/wp-json\/wp\/v2\/media?parent=7603"}],"curies":[{"name":"wp","href":"https:\/\/api.w.org\/{rel}","templated":true}]}}