{"id":7582,"date":"2020-07-17T15:23:11","date_gmt":"2020-07-17T12:23:11","guid":{"rendered":"http:\/\/karpatov.com\/buyukbas-sut-ve-besi-hayvanciligi\/"},"modified":"2020-10-28T13:49:11","modified_gmt":"2020-10-28T10:49:11","slug":"buyukbas-sut-ve-besi-hayvanciligi","status":"publish","type":"page","link":"https:\/\/www.karpatov.com\/es\/buyukbas-sut-ve-besi-hayvanciligi\/","title":{"rendered":"Ganader\u00eda lechera y ganader\u00eda vacuna"},"content":{"rendered":"<p>[vc_row css=\u00bb.vc_custom_1452687555475{margin-bottom: 100px !important;}\u00bb][vc_column offset=\u00bbvc_col-lg-9 vc_col-md-9&#8243;][vc_custom_heading source=\u00bbpost_title\u00bb use_theme_fonts=\u00bbyes\u00bb css=\u00bb.vc_custom_1596530071111{margin-bottom: 30px !important;}\u00bb][vc_row_inner css=\u00bb.vc_custom_1453271494452{margin-bottom: 50px !important;}\u00bb][vc_column_inner][vc_single_image source=\u00bbfeatured_image\u00bb img_size=\u00bbfull\u00bb][\/vc_column_inner][\/vc_row_inner][vc_row_inner css=\u00bb.vc_custom_1453271494452{margin-bottom: 50px !important;}\u00bb][vc_column_inner][\/vc_column_inner][\/vc_row_inner][vc_separator color=\u00bbcustom\u00bb accent_color=\u00bb#dddddd\u00bb css=\u00bb.vc_custom_1453271595991{margin-bottom: 21px !important;}\u00bb][vc_row_inner css=\u00bb.vc_custom_1453271763899{margin-bottom: 33px !important;}\u00bb][vc_column_inner width=\u00bb1\/4&#8243; css=\u00bb.vc_custom_1453272656287{padding-right: 45px !important;}\u00bb][vc_custom_heading text=\u00bbDISE\u00d1O Y CONSULTOR\u00cdA DE PROYECTO\u00bb font_container=\u00bbtag:h3|font_size:24px|text_align:right|color:%23222222|line_height:30px\u00bb use_theme_fonts=\u00bbyes\u00bb css_animation=\u00bbfadeInUp\u00bb][\/vc_column_inner][vc_column_inner width=\u00bb3\/4&#8243; css=\u00bb.vc_custom_1453271259318{padding-top: 18px !important;}\u00bb][vc_column_text css_animation=\u00bbnone\u00bb]Es necesario llevar a cabo una investigaci\u00f3n integral y vers\u00e1til para el establecimiento de la granja ganadera, y comenzar con un personal profesional desde el inicio del establecimiento del trabajo.<\/p>\n<p>El ganader\u00eda lechera o la ganader\u00eda es un tema que requiere un enfoque serio y profesional en cada etapa, especialmente el pienso, las condiciones adecuadas para la vida sana de los ganados, los servicios veterinarios.<\/p>\n<p>Proyectar es un todo. Es un proceso que requiere determinar las temas de selecci\u00f3n de la ubicaci\u00f3n del negocio, la determinaci\u00f3n de la capacidad inicial y final, la planificaci\u00f3n del patio y la selecci\u00f3n de tecnolog\u00eda, la planificaci\u00f3n de la producci\u00f3n de forrajes y alimentos concentrados juntos y correctamente. Recopilar informaci\u00f3n y ver algunos negocios es muy \u00fatil para el inversor. Pero, tal estudio no debe realizarse sin la contribuci\u00f3n profesional.<\/p>\n<p>Las nuevas informaciones tecnologicas y biologicas surge casi todos los d\u00edas y requiere que se proyecten nuevas inversiones profesionalmente.<\/p>\n<p>El dise\u00f1o de proyecto de empresas ganader\u00edas es un estudio que estamos haciendo con \u00e9xito basado en conocimiento internacional. Nuestra experiencia traer\u00e1 enormes beneficios al establecer su negocio. Por otro lado, si ya ha realizado inversiones, estamos dispuestos a ayudarle a mejorarlas y a hacerlas crecer con el mismo conocimiento. Tambi\u00e9n puede aprovecharse de nosotros para gestionar mejor su reba\u00f1o.[\/vc_column_text][\/vc_column_inner][\/vc_row_inner][vc_separator color=\u00bbcustom\u00bb accent_color=\u00bb#dddddd\u00bb css=\u00bb.vc_custom_1453271595991{margin-bottom: 21px !important;}\u00bb][vc_row_inner css=\u00bb.vc_custom_1453272927441{margin-bottom: 33px !important;}\u00bb][vc_column_inner width=\u00bb1\/4&#8243; css=\u00bb.vc_custom_1453270747989{padding-right: 45px !important;}\u00bb][vc_custom_heading text=\u00bbCONSTRUCCI\u00d3N DEL PROYECTO DE LLAVE EN MANO\u00bb font_container=\u00bbtag:h3|font_size:24px|text_align:right|color:%23222222|line_height:30px\u00bb use_theme_fonts=\u00bbyes\u00bb css_animation=\u00bbfadeInUp\u00bb][\/vc_column_inner][vc_column_inner width=\u00bb3\/4&#8243; css=\u00bb.vc_custom_1453271259318{padding-top: 18px !important;}\u00bb][vc_column_text]<strong>Sobre la ganader\u00eda lechera o ganader\u00eda;<\/strong><\/p>\n<p>Usted decide. Le sugeriremos el m\u00e9todo m\u00e1s exitoso para usted y realizaremos la instalaci\u00f3n llave en mano.<\/p>\n<ul>\n<li>Nuestra empresa es una empresa que puede realizar proyectos cualificados y realizar aportaciones profesionales a nivel internacional.<\/li>\n<li>Mientras haciendo esto, nuestra empresa trabaja con muchas empresas extranjeras similares y se renueva siguiendo constantemente los desarrollos actuales en el mundo.<\/li>\n<li>Debido a nuestra estructura e historia, somos una organizaci\u00f3n que lleva a cabo la planificaci\u00f3n de proyectos, la formaci\u00f3n de empleados y monitorea constantemente los desarrollos en la ganader\u00eda en el mundo.<\/li>\n<\/ul>\n<p>[\/vc_column_text][\/vc_column_inner][\/vc_row_inner][vc_separator color=\u00bbcustom\u00bb accent_color=\u00bb#dddddd\u00bb css=\u00bb.vc_custom_1453271595991{margin-bottom: 21px !important;}\u00bb][vc_row_inner][vc_column_inner width=\u00bb1\/4&#8243; css=\u00bb.vc_custom_1453270747989{padding-right: 45px !important;}\u00bb][vc_custom_heading text=\u00bbPLANTACI\u00d3N Y CULTIVACI\u00d3N Y GESTI\u00d3N DE ALIMENTACI\u00d3N\u00bb font_container=\u00bbtag:h3|font_size:24px|text_align:right|color:%23222222|line_height:30px\u00bb use_theme_fonts=\u00bbyes\u00bb][\/vc_column_inner][vc_column_inner width=\u00bb3\/4&#8243; css=\u00bb.vc_custom_1453271259318{padding-top: 18px !important;}\u00bb][vc_column_text]Este es uno de los temas m\u00e1s importantes en los proyectos que se van a preparar. El problema m\u00e1s importante en la cr\u00eda de animales es cambiar los piensos que come el animal a carne o leche de la manera m\u00e1s econ\u00f3mica.<\/p>\n<p>En cuanto a la producci\u00f3n de plantas forrajes necesarias para la ganader\u00eda o la ganader\u00eda lechera, plantaci\u00f3n de plantas como el tr\u00e9bol y el ma\u00edz, la creaci\u00f3n de sistemas de irrigaci\u00f3n y el uso de piensos mixtos de estas plantas para la alimentaci\u00f3n de animales y la preparaci\u00f3n de programas de alimentaci\u00f3n deben evaluarse en su conjunto.[\/vc_column_text][vc_empty_space][\/vc_column_inner][\/vc_row_inner][vc_separator color=\u00bbcustom\u00bb accent_color=\u00bb#dddddd\u00bb css=\u00bb.vc_custom_1453271595991{margin-bottom: 21px !important;}\u00bb][vc_row_inner][vc_column_inner width=\u00bb1\/4&#8243; css=\u00bb.vc_custom_1453270747989{padding-right: 45px !important;}\u00bb][vc_custom_heading text=\u00bbINSTALACI\u00d3N DEL ESTABLO Y EQUIPAMIENTO\u00bb font_container=\u00bbtag:h3|font_size:24px|text_align:right|color:%23222222|line_height:30px\u00bb use_theme_fonts=\u00bbyes\u00bb][\/vc_column_inner][vc_column_inner width=\u00bb3\/4&#8243; css=\u00bb.vc_custom_1453271259318{padding-top: 18px !important;}\u00bb][vc_single_image image=\u00bb7452&#8243; img_size=\u00bbfull\u00bb alignment=\u00bbcenter\u00bb style=\u00bbvc_box_rounded\u00bb][vc_column_text]La instalaci\u00f3n del establo m\u00e1s econ\u00f3mico y m\u00e1s adecuado se realiza de acuerdo con el n\u00famero de animales que entrar\u00e1n al establo.[\/vc_column_text][vc_empty_space][\/vc_column_inner][\/vc_row_inner][vc_separator color=\u00bbcustom\u00bb accent_color=\u00bb#dddddd\u00bb css=\u00bb.vc_custom_1453271595991{margin-bottom: 21px !important;}\u00bb][vc_row_inner][vc_column_inner width=\u00bb1\/4&#8243; css=\u00bb.vc_custom_1453270747989{padding-right: 45px !important;}\u00bb][vc_custom_heading text=\u00bbGESTI\u00d3N DE FERTILIZANTE\u00bb font_container=\u00bbtag:h3|font_size:24px|text_align:right|color:%23222222|line_height:30px\u00bb use_theme_fonts=\u00bbyes\u00bb][\/vc_column_inner][vc_column_inner width=\u00bb3\/4&#8243; css=\u00bb.vc_custom_1453271259318{padding-top: 18px !important;}\u00bb][vc_column_text]El fertilizante animal que se acumular\u00e1 en el establo tiene gran importancia para la salud y productividad de los animales. El interior del establo debe liberarse del fertilizante con frecuencia. Los sistemas que funcionan correctamente y no funcionan mal deben instalarse dentro del establo, y el pozo de fertilizantes y el equipo necesario deben proporcionarse fuera del establo. Adem\u00e1s, ofrecemos proyectos (producci\u00f3n de fertilizantes org\u00e1nicos) para utilizar el fertilizante sacado del establo. Para ello, realizamos la instalaci\u00f3n de los sistemas necesarios.[\/vc_column_text][vc_empty_space][\/vc_column_inner][\/vc_row_inner][vc_separator color=\u00bbcustom\u00bb accent_color=\u00bb#dddddd\u00bb css=\u00bb.vc_custom_1453271595991{margin-bottom: 21px !important;}\u00bb][vc_row_inner][vc_column_inner width=\u00bb1\/4&#8243; css=\u00bb.vc_custom_1453270747989{padding-right: 45px !important;}\u00bb][vc_custom_heading text=\u00bbLOS SISTEMAS DE ORDE\u00d1O\u00bb font_container=\u00bbtag:h3|font_size:24px|text_align:right|color:%23222222|line_height:30px\u00bb use_theme_fonts=\u00bbyes\u00bb][\/vc_column_inner][vc_column_inner width=\u00bb3\/4&#8243; css=\u00bb.vc_custom_1453271259318{padding-top: 18px !important;}\u00bb][vc_single_image image=\u00bb7456&#8243; img_size=\u00bbfull\u00bb alignment=\u00bbcenter\u00bb style=\u00bbvc_box_rounded\u00bb][vc_column_text]<strong>Sala de orde\u00f1o en espina de pescado<\/strong><\/p>\n<p>Las barras de la cabina en el sistema orde\u00f1o en espina de pescado permiten a los animales ser orde\u00f1ados en un \u00e1ngulo de 30 \u00b0 en la sala de orde\u00f1o. Hay dos filas de barras en zigzag a cada lado, filtro de suciedad en cada punto de orde\u00f1o. Con las puertas regulares en la entrada y con las puertas seperadoras es adecuado para orde\u00f1o. Tambi\u00e9n tiene una cerradura corredera de la puerta de entrada y una cerradura de salida con mecanismo de tijera. De esta manera, el orde\u00f1o se realiza de forma fiable y sistem\u00e1tica.<\/p>\n<p><strong>Sala de orde\u00f1o en paralelo con salida r\u00e1pida<\/strong><\/p>\n<p>Las barras paralelas de cabinas est\u00e1n galvanizados en caliente y desmontadas. Por lo tanto, el orde\u00f1ador puede entrar y salir f\u00e1cilmente en el pozo. Hay puertas de entrada correderas, puertas de salida r\u00e1pida para 4 o 5 animales y puertas de giratorias que pueden convertirse en una posici\u00f3n cerrada sin un resorte. La carcasa y los accesorios son completamente de acero galvanizado. Hay separadores rotatorios entre las cabinas de animales. Hay un filtro de suciedad de acero inoxidable detr\u00e1s de los animales. La v\u00e1lvula de agua conectada al canal de drenaje limpia el canal cada vez que se abre la puerta.<\/p>\n<p><strong>Sala de orde\u00f1o rotativa<\/strong><\/p>\n<p>En estas salas de orde\u00f1os que se centraban en la eficiencia del trabajo, el orde\u00f1ador se para en un punto, y las vacas se mueven en la plataforma giratoria a una velocidad constante y llegan al orde\u00f1ador. El orde\u00f1ador s\u00f3lo puede enfocar el orde\u00f1o de forma m\u00e1s segura. No pierde tiempo caminando entre vacas. La velocidad de la plataforma se puede ajustar de acuerdo con el ritmo del orde\u00f1ador, el tiempo de orde\u00f1o y la productividad de las vacas. Una rutina de trabajo estandarizada crea un ambiente m\u00e1s tranquilo. Realizar procedimientos de orde\u00f1o puede ser m\u00e1s consistente y preciso. La sala de orde\u00f1o puede ir hasta 100 cabinas y la tasa de orde\u00f1o puede ser de 600 vacas \/ hora. La comodidad del animal y el orde\u00f1ador es importante en la plataforma con alta durabilidad.<\/p>\n<p><strong>Carro de orde\u00f1o port\u00e1til<\/strong><\/p>\n<p>La m\u00e1quina de orde\u00f1o con cubos, donde se pueden orde\u00f1ar una o dos vacas al mismo tiempo, es adecuada para las empresas\u00a0 que tiene 10-15 vaca lechera.<\/p>\n<p>La estacionado m\u00e1quina de orde\u00f1o con cubos se hace adecuada para orde\u00f1ar a lo largo del establo por a\u00f1adir de grifos de vac\u00edo a la l\u00ednea de vac\u00edo.[\/vc_column_text][vc_empty_space][\/vc_column_inner][\/vc_row_inner][vc_separator color=\u00bbcustom\u00bb accent_color=\u00bb#dddddd\u00bb css=\u00bb.vc_custom_1453271595991{margin-bottom: 21px !important;}\u00bb][vc_row_inner][vc_column_inner width=\u00bb1\/4&#8243; css=\u00bb.vc_custom_1453270747989{padding-right: 45px !important;}\u00bb][vc_custom_heading text=\u00bbSISTEMA DE GESTI\u00d3N DE REBA\u00d1OS Y AUTOMATIZACI\u00d3N\u00bb font_container=\u00bbtag:h3|font_size:24px|text_align:right|color:%23222222|line_height:30px\u00bb use_theme_fonts=\u00bbyes\u00bb][\/vc_column_inner][vc_column_inner width=\u00bb3\/4&#8243; css=\u00bb.vc_custom_1453271259318{padding-top: 18px !important;}\u00bb][vc_column_text]<\/p>\n<ul>\n<li><strong>AfiMilk MPC Lact\u00f3metro (Aprobado de ICAR-El Comit\u00e9 Internacional de Registro de Animales)<\/strong><\/li>\n<\/ul>\n<p>Mide el rendimiento de la leche individual con un margen de error inferior al 2%. Esta unidad realiza controles durante el orde\u00f1o del animal y mide y notifica el rendimiento de la leche, los caudales de leche relacionados con el orde\u00f1o, el tiempo de orde\u00f1o y los valores de conductividad el\u00e9ctrica de la leche. Los valores medidos se transmiten al sistema inform\u00e1tico a trav\u00e9s de la l\u00ednea de datos en l\u00ednea. Adem\u00e1s de toda esta informaci\u00f3n, los datos num\u00e9ricos como el d\u00eda del per\u00edodo de orde\u00f1o, el n\u00famero de per\u00edodo de orde\u00f1o, el n\u00famero de reba\u00f1o, el n\u00famero de grupo, los rendimientos esperados y medidos de la leche, los valores de conductividad se pueden mostrar en la pantalla del usuario.<\/p>\n<ul>\n<li><strong>Sistema de identificaci\u00f3n<\/strong><\/li>\n<\/ul>\n<p>El sistema de identificaci\u00f3n consta de la antena, la placa de control ideal, la placa de conexi\u00f3n de la antena, el pod\u00f3metro, la correa del pod\u00f3metro, la hebilla del pod\u00f3metro y la tarjeta electr\u00f3nica de ordenador, junto con el software AfiFarm donde se puede comprobar la informaci\u00f3n.<\/p>\n<ul>\n<li><strong>AfiLab analizador de leche individual en l\u00ednea<\/strong><\/li>\n<\/ul>\n<p>Conectado a cada punto de orde\u00f1o, mide el n\u00famero de grasas, prote\u00ednas, lactosa, urea, sangre y c\u00e9lulas som\u00e1ticas en su contenido analizando la leche de cada animal sin tomar muestras.<\/p>\n<ul>\n<li><strong>AfiMilk Pod\u00f3metro<\/strong><\/li>\n<\/ul>\n<p>El pod\u00f3metro (etiqueta electr\u00f3nica), que debe estar llevado puesto a cada reproductora, se utiliza para identificar al animal por el sistema y para determinar la movilidad del animal midiendo el n\u00famero y la duraci\u00f3n del sue\u00f1o durante el d\u00eda. El software AfiFarm, donde puede acceder a esta informaci\u00f3n, le da acceso a informaci\u00f3n sobre el bienestar animal.<\/p>\n<ul>\n<li><strong> Puerta Separadora y Sistema de pesaje<\/strong><\/li>\n<\/ul>\n<p><strong>AfiWeight Medici\u00f3n del peso<\/strong><\/p>\n<p>El dispositivo de pesaje AfiWeight mide autom\u00e1ticamente el peso vivo de los animales y los guarda en el software del reba\u00f1o. Especialmente en el per\u00edodo posnatal, que los cambios en el peso corporal son cr\u00edticos, proporciona el diagn\u00f3stico de cetosis.<\/p>\n<p><strong>AfiSort Puerta Separadora<\/strong><\/p>\n<p>Con el m\u00f3dulo AfiSort integrado en el programa de gesti\u00f3n de reba\u00f1os Afimilk, es posible separar los animales que cumplen los criterios especificados en la direcci\u00f3n o habitaci\u00f3n deseada. De esta manera, usted tendr\u00e1 la oportunidad de separar sus animales enfermos.[\/vc_column_text][vc_empty_space][\/vc_column_inner][\/vc_row_inner][vc_separator color=\u00bbcustom\u00bb accent_color=\u00bb#dddddd\u00bb css=\u00bb.vc_custom_1453271595991{margin-bottom: 21px !important;}\u00bb][vc_row_inner][vc_column_inner width=\u00bb1\/4&#8243; css=\u00bb.vc_custom_1453270747989{padding-right: 45px !important;}\u00bb][vc_custom_heading text=\u00bbSUMINISTRO DE VACAS EMBARAZADAS Y SELECCI\u00d3N DE RAZA\u00bb font_container=\u00bbtag:h3|font_size:24px|text_align:right|color:%23222222|line_height:30px\u00bb use_theme_fonts=\u00bbyes\u00bb][\/vc_column_inner][vc_column_inner width=\u00bb3\/4&#8243; css=\u00bb.vc_custom_1453271259318{padding-top: 18px !important;}\u00bb][vc_column_text]Para la cr\u00eda de razas negras y rojas con garant\u00eda TETA, trabajamos junto con la granja DEKKER de 103 a\u00f1os y ofrecemos novillas embarazadas de calidad seleccionadas de los exportadores de ganado m\u00e1s prestigiosos de Europa.[\/vc_column_text][vc_empty_space][\/vc_column_inner][\/vc_row_inner][vc_separator color=\u00bbcustom\u00bb accent_color=\u00bb#dddddd\u00bb css=\u00bb.vc_custom_1453271595991{margin-bottom: 21px !important;}\u00bb][vc_row_inner][vc_column_inner width=\u00bb1\/4&#8243; css=\u00bb.vc_custom_1453270747989{padding-right: 45px !important;}\u00bb][vc_custom_heading text=\u00bbSERVICIOS VETERINARIOS\u00bb font_container=\u00bbtag:h3|font_size:24px|text_align:right|color:%23222222|line_height:30px\u00bb use_theme_fonts=\u00bbyes\u00bb][\/vc_column_inner][vc_column_inner width=\u00bb3\/4&#8243; css=\u00bb.vc_custom_1453271259318{padding-top: 18px !important;}\u00bb][vc_single_image image=\u00bb7460&#8243; img_size=\u00bbfull\u00bb alignment=\u00bbcenter\u00bb style=\u00bbvc_box_rounded\u00bb][vc_column_text]Suministro de todo tipo de consultor\u00eda, zoot\u00e9cnicos y veterinarios para su negocio.[\/vc_column_text][vc_empty_space][\/vc_column_inner][\/vc_row_inner][\/vc_column][vc_column width=\u00bb1\/4&#8243; offset=\u00bbvc_hidden-sm vc_hidden-xs\u00bb][stm_sidebar sidebar=\u00bb311&#8243;][\/vc_column][\/vc_row]<\/p>\n","protected":false},"excerpt":{"rendered":"<p>[vc_row css=\u00bb.vc_custom_1452687555475{margin-bottom: 100px !important;}\u00bb][vc_column offset=\u00bbvc_col-lg-9 vc_col-md-9&#8243;][vc_custom_heading source=\u00bbpost_title\u00bb use_theme_fonts=\u00bbyes\u00bb css=\u00bb.vc_custom_1596530071111{margin-bottom: 30px !important;}\u00bb][vc_row_inner css=\u00bb.vc_custom_1453271494452{margin-bottom: 50px !important;}\u00bb][vc_column_inner][vc_single_image source=\u00bbfeatured_image\u00bb img_size=\u00bbfull\u00bb][\/vc_column_inner][\/vc_row_inner][vc_row_inner css=\u00bb.vc_custom_1453271494452{margin-bottom: 50px !important;}\u00bb][vc_column_inner][\/vc_column_inner][\/vc_row_inner][vc_separator color=\u00bbcustom\u00bb accent_color=\u00bb#dddddd\u00bb css=\u00bb.vc_custom_1453271595991{margin-bottom: 21px !important;}\u00bb][vc_row_inner css=\u00bb.vc_custom_1453271763899{margin-bottom: 33px !important;}\u00bb][vc_column_inner width=\u00bb1\/4&#8243; css=\u00bb.vc_custom_1453272656287{padding-right: 45px !important;}\u00bb][vc_custom_heading text=\u00bbDISE\u00d1O Y CONSULTOR\u00cdA DE PROYECTO\u00bb font_container=\u00bbtag:h3|font_size:24px|text_align:right|color:%23222222|line_height:30px\u00bb use_theme_fonts=\u00bbyes\u00bb css_animation=\u00bbfadeInUp\u00bb][\/vc_column_inner][vc_column_inner width=\u00bb3\/4&#8243; css=\u00bb.vc_custom_1453271259318{padding-top: 18px !important;}\u00bb][vc_column_text css_animation=\u00bbnone\u00bb]Es necesario llevar a cabo una investigaci\u00f3n integral y vers\u00e1til para el<\/p>\n","protected":false},"author":1,"featured_media":7584,"parent":0,"menu_order":0,"comment_status":"closed","ping_status":"closed","template":"","meta":{"footnotes":""},"class_list":["post-7582","page","type-page","status-publish","has-post-thumbnail","hentry"],"yoast_head":"<!-- This site is optimized with the Yoast SEO Premium plugin v14.9 - https:\/\/yoast.com\/wordpress\/plugins\/seo\/ -->\n<title>Ganader\u00eda lechera y ganader\u00eda vacuna - Karpatov Technology<\/title>\n<meta name=\"robots\" content=\"index, follow, max-snippet:-1, max-image-preview:large, max-video-preview:-1\" \/>\n<link rel=\"canonical\" href=\"https:\/\/www.karpatov.com\/es\/buyukbas-sut-ve-besi-hayvanciligi\/\" \/>\n<meta property=\"og:locale\" content=\"es_ES\" \/>\n<meta property=\"og:type\" content=\"article\" \/>\n<meta property=\"og:title\" content=\"Ganader\u00eda lechera y ganader\u00eda vacuna - Karpatov Technology\" \/>\n<meta property=\"og:description\" content=\"[vc_row css=\u00bb.vc_custom_1452687555475{margin-bottom: 100px !important;}\u00bb][vc_column offset=\u00bbvc_col-lg-9 vc_col-md-9&#8243;][vc_custom_heading source=\u00bbpost_title\u00bb use_theme_fonts=\u00bbyes\u00bb css=\u00bb.vc_custom_1596530071111{margin-bottom: 30px !important;}\u00bb][vc_row_inner css=\u00bb.vc_custom_1453271494452{margin-bottom: 50px !important;}\u00bb][vc_column_inner][vc_single_image source=\u00bbfeatured_image\u00bb img_size=\u00bbfull\u00bb][\/vc_column_inner][\/vc_row_inner][vc_row_inner css=\u00bb.vc_custom_1453271494452{margin-bottom: 50px !important;}\u00bb][vc_column_inner][\/vc_column_inner][\/vc_row_inner][vc_separator color=\u00bbcustom\u00bb accent_color=\u00bb#dddddd\u00bb css=\u00bb.vc_custom_1453271595991{margin-bottom: 21px !important;}\u00bb][vc_row_inner css=\u00bb.vc_custom_1453271763899{margin-bottom: 33px !important;}\u00bb][vc_column_inner width=\u00bb1\/4&#8243; css=\u00bb.vc_custom_1453272656287{padding-right: 45px !important;}\u00bb][vc_custom_heading text=\u00bbDISE\u00d1O Y CONSULTOR\u00cdA DE PROYECTO\u00bb font_container=\u00bbtag:h3|font_size:24px|text_align:right|color:%23222222|line_height:30px\u00bb use_theme_fonts=\u00bbyes\u00bb css_animation=\u00bbfadeInUp\u00bb][\/vc_column_inner][vc_column_inner width=\u00bb3\/4&#8243; css=\u00bb.vc_custom_1453271259318{padding-top: 18px !important;}\u00bb][vc_column_text css_animation=\u00bbnone\u00bb]Es necesario llevar a cabo una investigaci\u00f3n integral y vers\u00e1til para el\" \/>\n<meta property=\"og:url\" content=\"https:\/\/www.karpatov.com\/es\/buyukbas-sut-ve-besi-hayvanciligi\/\" \/>\n<meta property=\"og:site_name\" content=\"Karpatov Technology\" \/>\n<meta property=\"article:modified_time\" content=\"2020-10-28T10:49:11+00:00\" \/>\n<meta property=\"og:image\" content=\"https:\/\/www.karpatov.com\/wp-content\/uploads\/2020\/08\/bu\u0308yu\u0308kbas\u0327-besi.jpg\" \/>\n\t<meta property=\"og:image:width\" content=\"1222\" \/>\n\t<meta property=\"og:image:height\" content=\"833\" \/>\n<meta name=\"twitter:card\" content=\"summary_large_image\" \/>\n<script type=\"application\/ld+json\" class=\"yoast-schema-graph\">{\"@context\":\"https:\/\/schema.org\",\"@graph\":[{\"@type\":\"WebSite\",\"@id\":\"https:\/\/www.karpatov.com\/es\/#website\",\"url\":\"https:\/\/www.karpatov.com\/es\/\",\"name\":\"Karpatov Technology\",\"description\":\"Karpatov Teknoloji\",\"potentialAction\":[{\"@type\":\"SearchAction\",\"target\":\"https:\/\/www.karpatov.com\/es\/?s={search_term_string}\",\"query-input\":\"required name=search_term_string\"}],\"inLanguage\":\"es\"},{\"@type\":\"ImageObject\",\"@id\":\"https:\/\/www.karpatov.com\/es\/buyukbas-sut-ve-besi-hayvanciligi\/#primaryimage\",\"inLanguage\":\"es\",\"url\":\"https:\/\/www.karpatov.com\/wp-content\/uploads\/2020\/08\/bu\\u0308yu\\u0308kbas\\u0327-besi.jpg\",\"width\":1222,\"height\":833},{\"@type\":\"WebPage\",\"@id\":\"https:\/\/www.karpatov.com\/es\/buyukbas-sut-ve-besi-hayvanciligi\/#webpage\",\"url\":\"https:\/\/www.karpatov.com\/es\/buyukbas-sut-ve-besi-hayvanciligi\/\",\"name\":\"Ganader\\u00eda lechera y ganader\\u00eda vacuna - Karpatov Technology\",\"isPartOf\":{\"@id\":\"https:\/\/www.karpatov.com\/es\/#website\"},\"primaryImageOfPage\":{\"@id\":\"https:\/\/www.karpatov.com\/es\/buyukbas-sut-ve-besi-hayvanciligi\/#primaryimage\"},\"datePublished\":\"2020-07-17T12:23:11+00:00\",\"dateModified\":\"2020-10-28T10:49:11+00:00\",\"inLanguage\":\"es\",\"potentialAction\":[{\"@type\":\"ReadAction\",\"target\":[\"https:\/\/www.karpatov.com\/es\/buyukbas-sut-ve-besi-hayvanciligi\/\"]}]}]}<\/script>\n<!-- \/ Yoast SEO Premium plugin. -->","_links":{"self":[{"href":"https:\/\/www.karpatov.com\/es\/wp-json\/wp\/v2\/pages\/7582","targetHints":{"allow":["GET"]}}],"collection":[{"href":"https:\/\/www.karpatov.com\/es\/wp-json\/wp\/v2\/pages"}],"about":[{"href":"https:\/\/www.karpatov.com\/es\/wp-json\/wp\/v2\/types\/page"}],"author":[{"embeddable":true,"href":"https:\/\/www.karpatov.com\/es\/wp-json\/wp\/v2\/users\/1"}],"replies":[{"embeddable":true,"href":"https:\/\/www.karpatov.com\/es\/wp-json\/wp\/v2\/comments?post=7582"}],"version-history":[{"count":2,"href":"https:\/\/www.karpatov.com\/es\/wp-json\/wp\/v2\/pages\/7582\/revisions"}],"predecessor-version":[{"id":8545,"href":"https:\/\/www.karpatov.com\/es\/wp-json\/wp\/v2\/pages\/7582\/revisions\/8545"}],"wp:featuredmedia":[{"embeddable":true,"href":"https:\/\/www.karpatov.com\/es\/wp-json\/wp\/v2\/media\/7584"}],"wp:attachment":[{"href":"https:\/\/www.karpatov.com\/es\/wp-json\/wp\/v2\/media?parent=7582"}],"curies":[{"name":"wp","href":"https:\/\/api.w.org\/{rel}","templated":true}]}}