{"id":7569,"date":"2020-08-04T10:42:39","date_gmt":"2020-08-04T07:42:39","guid":{"rendered":"http:\/\/karpatov.com\/broiler-damizlik-broiler\/"},"modified":"2020-10-28T09:52:43","modified_gmt":"2020-10-28T06:52:43","slug":"broiler-damizlik-broiler","status":"publish","type":"page","link":"https:\/\/www.karpatov.com\/es\/broiler-damizlik-broiler\/","title":{"rendered":"Pollo de Engorde-Gallina Reproductora"},"content":{"rendered":"<p>[vc_row css=\u00bb.vc_custom_1452687555475{margin-bottom: 100px !important;}\u00bb][vc_column offset=\u00bbvc_col-lg-9 vc_col-md-9&#8243;][vc_custom_heading source=\u00bbpost_title\u00bb use_theme_fonts=\u00bbyes\u00bb css=\u00bb.vc_custom_1596526757127{margin-bottom: 30px !important;}\u00bb][vc_row_inner css=\u00bb.vc_custom_1453271494452{margin-bottom: 50px !important;}\u00bb][vc_column_inner][vc_single_image source=\u00bbfeatured_image\u00bb img_size=\u00bbfull\u00bb][\/vc_column_inner][\/vc_row_inner][vc_row_inner css=\u00bb.vc_custom_1453271494452{margin-bottom: 50px !important;}\u00bb][vc_column_inner][\/vc_column_inner][\/vc_row_inner][vc_separator color=\u00bbcustom\u00bb accent_color=\u00bb#dddddd\u00bb css=\u00bb.vc_custom_1453271595991{margin-bottom: 21px !important;}\u00bb][vc_row_inner css=\u00bb.vc_custom_1453271763899{margin-bottom: 33px !important;}\u00bb][vc_column_inner width=\u00bb1\/4&#8243; css=\u00bb.vc_custom_1453272656287{padding-right: 45px !important;}\u00bb][vc_custom_heading text=\u00bbD\u0130SE\u00d1O Y CONSULTACI\u00d3N DE PROYECTOS\u00bb font_container=\u00bbtag:h3|font_size:24px|text_align:right|color:%23222222|line_height:30px\u00bb use_theme_fonts=\u00bbyes\u00bb css_animation=\u00bbfadeInUp\u00bb][\/vc_column_inner][vc_column_inner width=\u00bb3\/4&#8243; css=\u00bb.vc_custom_1453271259318{padding-top: 18px !important;}\u00bb][vc_column_text css_animation=\u00bbnone\u00bb]El tiempo de producci\u00f3n en pollos de engorde es muy corto, se puede hacer una producci\u00f3n intensiva por unidad de superficie, la tasa de conversi\u00f3n de piensos en carne es alta, la mano de obra es m\u00e1s baja que otras empresas agr\u00edcolas, la carne de pollo es barata en comparaci\u00f3n con la carne roja, baja en colesterol y grasa, f\u00e1cil de digerir, buena en t\u00e9rminos de valor nutricional. Dado que es una fuente de prote\u00ednas, la producci\u00f3n de carne de engorde tiene importancia en el sector ganadero.<\/p>\n<p>Nuestro equipo de viabilidad tecnol\u00f3gica, que se estableci\u00f3 para determinar todas las necesidades de infraestructura y los factores ambientales necesarios para la producci\u00f3n de pollos de engorde, examina la instalaci\u00f3n de nuestro valioso cliente en dl lugar y prepara el informe de viabilidad.<\/p>\n<p>Despu\u00e9s de completar los procesos de an\u00e1lisis, planificaci\u00f3n y proyecci\u00f3n en su totalidad y presentarlo a su direcci\u00f3n con el fin de darle el valor exacto de su inversi\u00f3n como producto y servicio.[\/vc_column_text][\/vc_column_inner][\/vc_row_inner][vc_separator color=\u00bbcustom\u00bb accent_color=\u00bb#dddddd\u00bb css=\u00bb.vc_custom_1453271595991{margin-bottom: 21px !important;}\u00bb][vc_row_inner css=\u00bb.vc_custom_1453272927441{margin-bottom: 33px !important;}\u00bb][vc_column_inner width=\u00bb1\/4&#8243; css=\u00bb.vc_custom_1453270747989{padding-right: 45px !important;}\u00bb][vc_custom_heading text=\u00bbCONSTRUCCI\u00d3N DE PROYECTOS LLAVE EN MANO\u00bb font_container=\u00bbtag:h3|font_size:24px|text_align:right|color:%23222222|line_height:30px\u00bb use_theme_fonts=\u00bbyes\u00bb css_animation=\u00bbfadeInUp\u00bb][\/vc_column_inner][vc_column_inner width=\u00bb3\/4&#8243; css=\u00bb.vc_custom_1453271259318{padding-top: 18px !important;}\u00bb][vc_column_text]Para satisfacer las necesidades y expectativas de nuestros clientes al m\u00e1s alto nivel, los an\u00e1lisis realizados por nuestro equipo de viabilidad se presentan a nuestros dise\u00f1adores. Todas nuestras gallineros de pollos de engordes est\u00e1n dise\u00f1adas de acuerdo al espacio y las necesidades de nuestros clientes.<\/p>\n<p>Las instalaciones de los gallineros son llevados a cabo por equipos expertos de instalaci\u00f3n que trabajan dentro de nuestra organizaci\u00f3n. Despu\u00e9s de realizar la instalaci\u00f3n de los gallineros, le dan informaci\u00f3n al personal de la granja av\u00edcola sobre todos los detalles del sistema operativo .<\/p>\n<p>Los equipos de gallineros para pollos de engordes, gallinas reproductoras y pavos se producen en nuestra f\u00e1brica. El montaje, servicio y mantenimiento post-venta de todas los gallineros av\u00edcolas y equipos que vendemos son llevados a cabo por nuestro Departamento T\u00e9cnico profesional.<\/p>\n<p>La gesti\u00f3n de calidad est\u00e1 basada en la creaci\u00f3n de la conciencia de calidad de todos los procesos de negocio. Nuestro sistema de gesti\u00f3n de calidad ha sido estructurado para asegurar que las necesidades y las expectativas de nuestros clientes sean encontradas del modo m\u00e1s eficaz y correcto.[\/vc_column_text][\/vc_column_inner][\/vc_row_inner][vc_separator color=\u00bbcustom\u00bb accent_color=\u00bb#dddddd\u00bb css=\u00bb.vc_custom_1453271595991{margin-bottom: 21px !important;}\u00bb][vc_row_inner][vc_column_inner width=\u00bb1\/4&#8243; css=\u00bb.vc_custom_1453270747989{padding-right: 45px !important;}\u00bb][vc_custom_heading text=\u00bbSISTEMAS MODERNOS DE GALLINEROS DE POLLOS DE ENGORDES\u00bb font_container=\u00bbtag:h3|font_size:24px|text_align:right|color:%23222222|line_height:30px\u00bb use_theme_fonts=\u00bbyes\u00bb][\/vc_column_inner][vc_column_inner width=\u00bb3\/4&#8243; css=\u00bb.vc_custom_1453271259318{padding-top: 18px !important;}\u00bb][vc_single_image image=\u00bb7391&#8243; img_size=\u00bbfull\u00bb alignment=\u00bbcenter\u00bb style=\u00bbvc_box_rounded\u00bb][vc_column_text]CONSISTEN EN ESTOS COMPONENTES<\/p>\n<ul>\n<li>L\u00ednea de Alimentaci\u00f3n<\/li>\n<li>L\u00ednea de Agua Potable<\/li>\n<li>Silo y Sistema de Transportaci\u00f3n de Alimentos<\/li>\n<li>Sistema de Ventilaci\u00f3n<\/li>\n<li>Sistema de Refrigeraci\u00f3n<\/li>\n<li>Sistema de Calefacci\u00f3n<\/li>\n<li>Sistema de Control de Gallinero<\/li>\n<li>Sistema de Iluminaci\u00f3n<\/li>\n<li>Equipos de Pollito<\/li>\n<\/ul>\n<p>[\/vc_column_text][vc_empty_space][\/vc_column_inner][\/vc_row_inner][vc_separator color=\u00bbcustom\u00bb accent_color=\u00bb#dddddd\u00bb css=\u00bb.vc_custom_1453271595991{margin-bottom: 21px !important;}\u00bb][vc_row_inner][vc_column_inner width=\u00bb1\/4&#8243; css=\u00bb.vc_custom_1453270747989{padding-right: 45px !important;}\u00bb][vc_custom_heading text=\u00bbSISTEMAS MODERNOS DE GALLINEROS DE GALLINAS REPRODUCTORAS\u00bb font_container=\u00bbtag:h3|font_size:24px|text_align:right|color:%23222222|line_height:30px\u00bb use_theme_fonts=\u00bbyes\u00bb][\/vc_column_inner][vc_column_inner width=\u00bb3\/4&#8243; css=\u00bb.vc_custom_1453271259318{padding-top: 18px !important;}\u00bb][vc_single_image image=\u00bb7395&#8243; img_size=\u00bbfull\u00bb alignment=\u00bbcenter\u00bb style=\u00bbvc_box_rounded\u00bb][vc_column_text]<\/p>\n<ul>\n<li>L\u00ednea de Alimentaci\u00f3n Femenina<\/li>\n<li>L\u00ednea de Alimentaci\u00f3n Masculina<\/li>\n<li>L\u00ednea de Irrigaci\u00f3n<\/li>\n<li>Sistema de Silo y Transportaci\u00f3n de Alimentos<\/li>\n<li>Sistema de Ventilaci\u00f3n<\/li>\n<li>Sistema de Refrigeraci\u00f3n<\/li>\n<li>Sistema de Calefacci\u00f3n<\/li>\n<li>Sistema de Control de Gallineros<\/li>\n<li>Sistema de Iluminaci\u00f3n<\/li>\n<li>Sistema de Interruptor de Luz<\/li>\n<li>Sistema de Nido<\/li>\n<li>Equipos de Pollitos<\/li>\n<\/ul>\n<p>[\/vc_column_text][vc_empty_space][\/vc_column_inner][\/vc_row_inner][vc_separator color=\u00bbcustom\u00bb accent_color=\u00bb#dddddd\u00bb css=\u00bb.vc_custom_1453271595991{margin-bottom: 21px !important;}\u00bb][vc_row_inner][vc_column_inner width=\u00bb1\/4&#8243; css=\u00bb.vc_custom_1453270747989{padding-right: 45px !important;}\u00bb][vc_custom_heading text=\u00bbSERVICIOS VETERINARIOS \u00bb font_container=\u00bbtag:h3|font_size:24px|text_align:right|color:%23222222|line_height:30px\u00bb use_theme_fonts=\u00bbyes\u00bb][\/vc_column_inner][vc_column_inner width=\u00bb3\/4&#8243; css=\u00bb.vc_custom_1453271259318{padding-top: 18px !important;}\u00bb][vc_single_image image=\u00bb7399&#8243; img_size=\u00bbfull\u00bb alignment=\u00bbcenter\u00bb style=\u00bbvc_box_rounded\u00bb][vc_column_text]Suministro de todo tipo de consultor\u00eda, zoot\u00e9cnicos y veterinarios para su negocio.[\/vc_column_text][vc_empty_space][\/vc_column_inner][\/vc_row_inner][\/vc_column][vc_column width=\u00bb1\/4&#8243; offset=\u00bbvc_hidden-sm vc_hidden-xs\u00bb][stm_sidebar sidebar=\u00bb311&#8243;][\/vc_column][\/vc_row]<\/p>\n","protected":false},"excerpt":{"rendered":"<p>[vc_row css=\u00bb.vc_custom_1452687555475{margin-bottom: 100px !important;}\u00bb][vc_column offset=\u00bbvc_col-lg-9 vc_col-md-9&#8243;][vc_custom_heading source=\u00bbpost_title\u00bb use_theme_fonts=\u00bbyes\u00bb css=\u00bb.vc_custom_1596526757127{margin-bottom: 30px !important;}\u00bb][vc_row_inner css=\u00bb.vc_custom_1453271494452{margin-bottom: 50px !important;}\u00bb][vc_column_inner][vc_single_image source=\u00bbfeatured_image\u00bb img_size=\u00bbfull\u00bb][\/vc_column_inner][\/vc_row_inner][vc_row_inner css=\u00bb.vc_custom_1453271494452{margin-bottom: 50px !important;}\u00bb][vc_column_inner][\/vc_column_inner][\/vc_row_inner][vc_separator color=\u00bbcustom\u00bb accent_color=\u00bb#dddddd\u00bb css=\u00bb.vc_custom_1453271595991{margin-bottom: 21px !important;}\u00bb][vc_row_inner css=\u00bb.vc_custom_1453271763899{margin-bottom: 33px !important;}\u00bb][vc_column_inner width=\u00bb1\/4&#8243; css=\u00bb.vc_custom_1453272656287{padding-right: 45px !important;}\u00bb][vc_custom_heading text=\u00bbD\u0130SE\u00d1O Y CONSULTACI\u00d3N DE PROYECTOS\u00bb font_container=\u00bbtag:h3|font_size:24px|text_align:right|color:%23222222|line_height:30px\u00bb use_theme_fonts=\u00bbyes\u00bb css_animation=\u00bbfadeInUp\u00bb][\/vc_column_inner][vc_column_inner width=\u00bb3\/4&#8243; css=\u00bb.vc_custom_1453271259318{padding-top: 18px !important;}\u00bb][vc_column_text css_animation=\u00bbnone\u00bb]El tiempo de producci\u00f3n en pollos de engorde es muy corto, se<\/p>\n","protected":false},"author":1,"featured_media":7390,"parent":0,"menu_order":0,"comment_status":"closed","ping_status":"closed","template":"","meta":{"footnotes":""},"class_list":["post-7569","page","type-page","status-publish","has-post-thumbnail","hentry"],"yoast_head":"<!-- This site is optimized with the Yoast SEO Premium plugin v14.9 - https:\/\/yoast.com\/wordpress\/plugins\/seo\/ -->\n<title>Pollo de Engorde-Gallina Reproductora - Karpatov Technology<\/title>\n<meta name=\"robots\" content=\"index, follow, max-snippet:-1, max-image-preview:large, max-video-preview:-1\" \/>\n<link rel=\"canonical\" href=\"https:\/\/www.karpatov.com\/es\/broiler-damizlik-broiler\/\" \/>\n<meta property=\"og:locale\" content=\"es_ES\" \/>\n<meta property=\"og:type\" content=\"article\" \/>\n<meta property=\"og:title\" content=\"Pollo de Engorde-Gallina Reproductora - Karpatov Technology\" \/>\n<meta property=\"og:description\" content=\"[vc_row css=\u00bb.vc_custom_1452687555475{margin-bottom: 100px !important;}\u00bb][vc_column offset=\u00bbvc_col-lg-9 vc_col-md-9&#8243;][vc_custom_heading source=\u00bbpost_title\u00bb use_theme_fonts=\u00bbyes\u00bb css=\u00bb.vc_custom_1596526757127{margin-bottom: 30px !important;}\u00bb][vc_row_inner css=\u00bb.vc_custom_1453271494452{margin-bottom: 50px !important;}\u00bb][vc_column_inner][vc_single_image source=\u00bbfeatured_image\u00bb img_size=\u00bbfull\u00bb][\/vc_column_inner][\/vc_row_inner][vc_row_inner css=\u00bb.vc_custom_1453271494452{margin-bottom: 50px !important;}\u00bb][vc_column_inner][\/vc_column_inner][\/vc_row_inner][vc_separator color=\u00bbcustom\u00bb accent_color=\u00bb#dddddd\u00bb css=\u00bb.vc_custom_1453271595991{margin-bottom: 21px !important;}\u00bb][vc_row_inner css=\u00bb.vc_custom_1453271763899{margin-bottom: 33px !important;}\u00bb][vc_column_inner width=\u00bb1\/4&#8243; css=\u00bb.vc_custom_1453272656287{padding-right: 45px !important;}\u00bb][vc_custom_heading text=\u00bbD\u0130SE\u00d1O Y CONSULTACI\u00d3N DE PROYECTOS\u00bb font_container=\u00bbtag:h3|font_size:24px|text_align:right|color:%23222222|line_height:30px\u00bb use_theme_fonts=\u00bbyes\u00bb css_animation=\u00bbfadeInUp\u00bb][\/vc_column_inner][vc_column_inner width=\u00bb3\/4&#8243; css=\u00bb.vc_custom_1453271259318{padding-top: 18px !important;}\u00bb][vc_column_text css_animation=\u00bbnone\u00bb]El tiempo de producci\u00f3n en pollos de engorde es muy corto, se\" \/>\n<meta property=\"og:url\" content=\"https:\/\/www.karpatov.com\/es\/broiler-damizlik-broiler\/\" \/>\n<meta property=\"og:site_name\" content=\"Karpatov Technology\" \/>\n<meta property=\"article:modified_time\" content=\"2020-10-28T06:52:43+00:00\" \/>\n<meta property=\"og:image\" content=\"https:\/\/www.karpatov.com\/wp-content\/uploads\/2020\/09\/Broiler-\u2013-Dam\u0131zl\u0131k-Broiler-scaled.jpg\" \/>\n\t<meta property=\"og:image:width\" content=\"2560\" \/>\n\t<meta property=\"og:image:height\" content=\"2035\" \/>\n<meta name=\"twitter:card\" content=\"summary_large_image\" \/>\n<script type=\"application\/ld+json\" class=\"yoast-schema-graph\">{\"@context\":\"https:\/\/schema.org\",\"@graph\":[{\"@type\":\"WebSite\",\"@id\":\"https:\/\/www.karpatov.com\/es\/#website\",\"url\":\"https:\/\/www.karpatov.com\/es\/\",\"name\":\"Karpatov Technology\",\"description\":\"Karpatov Teknoloji\",\"potentialAction\":[{\"@type\":\"SearchAction\",\"target\":\"https:\/\/www.karpatov.com\/es\/?s={search_term_string}\",\"query-input\":\"required name=search_term_string\"}],\"inLanguage\":\"es\"},{\"@type\":\"ImageObject\",\"@id\":\"https:\/\/www.karpatov.com\/es\/broiler-damizlik-broiler\/#primaryimage\",\"inLanguage\":\"es\",\"url\":\"https:\/\/www.karpatov.com\/wp-content\/uploads\/2020\/09\/Broiler-\\u2013-Dam\\u0131zl\\u0131k-Broiler-scaled.jpg\",\"width\":2560,\"height\":2035},{\"@type\":\"WebPage\",\"@id\":\"https:\/\/www.karpatov.com\/es\/broiler-damizlik-broiler\/#webpage\",\"url\":\"https:\/\/www.karpatov.com\/es\/broiler-damizlik-broiler\/\",\"name\":\"Pollo de Engorde-Gallina Reproductora - Karpatov Technology\",\"isPartOf\":{\"@id\":\"https:\/\/www.karpatov.com\/es\/#website\"},\"primaryImageOfPage\":{\"@id\":\"https:\/\/www.karpatov.com\/es\/broiler-damizlik-broiler\/#primaryimage\"},\"datePublished\":\"2020-08-04T07:42:39+00:00\",\"dateModified\":\"2020-10-28T06:52:43+00:00\",\"inLanguage\":\"es\",\"potentialAction\":[{\"@type\":\"ReadAction\",\"target\":[\"https:\/\/www.karpatov.com\/es\/broiler-damizlik-broiler\/\"]}]}]}<\/script>\n<!-- \/ Yoast SEO Premium plugin. -->","_links":{"self":[{"href":"https:\/\/www.karpatov.com\/es\/wp-json\/wp\/v2\/pages\/7569","targetHints":{"allow":["GET"]}}],"collection":[{"href":"https:\/\/www.karpatov.com\/es\/wp-json\/wp\/v2\/pages"}],"about":[{"href":"https:\/\/www.karpatov.com\/es\/wp-json\/wp\/v2\/types\/page"}],"author":[{"embeddable":true,"href":"https:\/\/www.karpatov.com\/es\/wp-json\/wp\/v2\/users\/1"}],"replies":[{"embeddable":true,"href":"https:\/\/www.karpatov.com\/es\/wp-json\/wp\/v2\/comments?post=7569"}],"version-history":[{"count":2,"href":"https:\/\/www.karpatov.com\/es\/wp-json\/wp\/v2\/pages\/7569\/revisions"}],"predecessor-version":[{"id":8439,"href":"https:\/\/www.karpatov.com\/es\/wp-json\/wp\/v2\/pages\/7569\/revisions\/8439"}],"wp:featuredmedia":[{"embeddable":true,"href":"https:\/\/www.karpatov.com\/es\/wp-json\/wp\/v2\/media\/7390"}],"wp:attachment":[{"href":"https:\/\/www.karpatov.com\/es\/wp-json\/wp\/v2\/media?parent=7569"}],"curies":[{"name":"wp","href":"https:\/\/api.w.org\/{rel}","templated":true}]}}